{"id":401524,"date":"2026-05-15T10:57:43","date_gmt":"2026-05-15T09:57:43","guid":{"rendered":"https:\/\/cbscompany.com\/machines\/\u043d\u0435\u043a\u0430\u0442\u0435\u0433\u043e\u0440\u0438\u0437\u043e\u0432\u0430\u043d\u043e\/la-meccanica-fumagalli-cah-roll-slitter-revinder-trl-ar-godina-2003\/"},"modified":"2026-05-15T11:00:00","modified_gmt":"2026-05-15T10:00:00","slug":"la-meccanica-fumagalli-cah-roll-slitter-revinder-trl-ar-godina-2003","status":"publish","type":"product","link":"https:\/\/cbscompany.com\/sr\/machines\/cash-roll-slitter-rewinders-2-sr\/la-meccanica-fumagalli-cah-roll-slitter-revinder-trl-ar-godina-2003\/","title":{"rendered":"La Meccanica Fumagalli cah roll slitter revinder TRL-AR godina 2003"},"content":{"rendered":"<div class=\"wpb-content-wrapper\"><p>[vc_row content_placement=&#8221;top&#8221;][vc_column css=&#8221;.vc_custom_1532433256788{margin-right: 15px !important;}&#8221; offset=&#8221;vc_col-md-8&#8243;]\n\t\t<div id=\"wd-6a06ea9a4e667\" class=\"title-wrapper wd-wpb wd-set-mb reset-last-child  wd-rs-6a06ea9a4e667 wd-title-color-default wd-title-style-default text-left vc_custom_1778838176672 wd-underline-colored\">\n\t\t\t\n\t\t\t<div class=\"liner-continer\">\n\t\t\t\t<h4 class=\"woodmart-title-container title  wd-font-weight-600 wd-fontsize-m\" >La Meccanica Fumagalli cah roll slitter revinder TRL-AR godina 2003<br \/>\n<\/h4>\n\t\t\t\t\t\t\t<\/div>\n\t\t\t\n\t\t\t\n\t\t\t\n\t\t<\/div>\n\t\t\n\t\t[vc_row_inner css=&#8221;.vc_custom_1628672714565{margin-bottom: 35px !important;border-bottom-width: 0px !important;padding-bottom: 25px !important;border-bottom-color: rgba(129,129,129,0.2) !important;border-bottom-style: solid !important;}&#8221; row_reverse_mobile=&#8221;0&#8243; row_reverse_tablet=&#8221;0&#8243;][vc_column_inner width=&#8221;1\/2&#8243; css=&#8221;.vc_custom_1532346102929{padding-top: 0px !important;}&#8221;][vc_column_text css=&#8221;&#8221; woodmart_inline=&#8221;no&#8221; text_larger=&#8221;no&#8221;]<\/p>\n<ul>\n<li><b>La<\/b><b>Meccanica Fumagalli<\/b><\/li>\n<li><b>Model: TRL-AR<\/b><\/li>\n<li><b>Godina: 2003, potpuno renoviran  <\/b><\/li>\n<li><span style=\"font-weight: 400;\">Grama\u017ea papira: 20 &#8211; 600 g\/m\u00b2<\/span><\/li>\n<li><span style=\"font-weight: 400;\">Maksimalna radna \u0161irina roditeljske rolne: 1100 mm<\/span><\/li>\n<li><span style=\"font-weight: 400;\">Maksimalni pre\u010dnik odmotavanja: 1200 mm<\/span><\/li>\n<li><span style=\"font-weight: 400;\">Maksimalni pre\u010dnik premotavanja: 420 mm<\/span><\/li>\n<li><span style=\"font-weight: 400;\">Minimalna \u0161irina se\u010denja: 18 mm<\/span><\/li>\n<li><span style=\"font-weight: 400;\">Maksimalna brzina: 350 m \/ min<\/span><\/li>\n<li aria-level=\"1\"><b>Sistem za premotavanje:<\/b><\/li>\n<li><span style=\"font-weight: 400;\">2 premotavanje vratila pre\u010dnika 50 mm, za jezgra sa unutra\u0161njim pre\u010dnikom jezgra 50,5 mm<\/span><\/li>\n<\/ul>\n<p>[\/vc_column_text][\/vc_column_inner][vc_column_inner width=&#8221;1\/2&#8243; css=&#8221;.vc_custom_1532346106600{padding-top: 0px !important;}&#8221;][vc_column_text css=&#8221;&#8221; woodmart_inline=&#8221;no&#8221; text_larger=&#8221;no&#8221;]<\/p>\n<ul>\n<li><b>Sistem za odmotavanje:<\/b><\/li>\n<li><span style=\"font-weight: 400;\">Automatski elektronski broja\u010d brojila sa dvostrukim izborom za automatsko programirano zaustavljanje sa pre-usporavanja  <\/span><\/li>\n<li><span style=\"font-weight: 400;\">Pneumatske disk ko\u010dnice sa automatskom kontrolom napetosti  <\/span><\/li>\n<li><span style=\"font-weight: 400;\">Pneumatski pro\u0161irivi odmota\u010d za jezgra od 76 mm  <\/span><\/li>\n<li><span style=\"font-weight: 400;\">Aksijalni raseljavanje ure\u0111aj za pode\u0161avanje roditelj rolne tokom rada  <\/span><\/li>\n<li><span style=\"font-weight: 400;\">Pode\u0161avanje prednjeg ru\u010dnog to\u010dka za upotrebu operatera sa pokretom \u00b1 20 mm  <\/span><\/li>\n<li><span style=\"font-weight: 400;\">Sa pneumatskim dizalicom za roditeljske rolne<\/span><\/li>\n<\/ul>\n<p>[\/vc_column_text][\/vc_column_inner][\/vc_row_inner][\/vc_column][vc_column offset=&#8221;vc_col-md-4&#8243;]\t\t\t<div class=\"info-box-wrapper\">\n\t\t\t\t<div id=\"wd-6a06eaace602c\" class=\" wd-rs-6a06eaace602c wd-info-box wd-wpb text-left box-icon-align-left box-style-shadow color-scheme- wd-bg-none wd-off-anim wpb_animate_when_almost_visible wpb_bounceIn bounceIn wd-anim-name_bounceIn wd-items-top \">\n\t\t\t\t\t\t\t\t\t\t<div class=\"info-box-content\">\n\t\t\t\t\t\t<div class=\"info-box-subtitle subtitle-color-default wd-fontsize-xs subtitle-style-default\">O La Meccanica Fumagalli CAH roll slitter revinder TRL-AR godina 2003<br \/>\n<\/div><h4 class=\"info-box-title title box-title-style-default wd-fontsize-m\">Informacije o lokaciji<\/h4>\t\t\t\t\t\t<div class=\"info-box-inner reset-last-child\"><p>Dostupno u regionu: <strong style=\"color: blue;\"><a href=\"https:\/\/cbscompany.com\/my-account\/?redirect_to=%2Fsr%2Fwp-json%2Fwp%2Fv2%2Fproduct%2F401524\" class=\"simplemodal-login\">Log in to see location<\/a><\/strong><\/p>\n<\/div>\n\n\t\t\t\t\t\t\t\t\t\t\t<\/div>\n\n\t\t\t\t\t\n\t\t\t\t\t<style>#wd-6a06eaace602c .info-box-icon {background-color:  !important;}<\/style>\t\t\t\t<\/div>\n\t\t\t<\/div>\n\t\t[\/vc_column][\/vc_row]<\/p>\n<\/div>","protected":false},"excerpt":{"rendered":"<p>La Meccanica Fumagalli TRL-AR iz 2003. godine je cah roll slitter revinder. Ma\u0161ina \u0107e biti obnovljena i sa garancijom. <\/p>\n","protected":false},"featured_media":401567,"comment_status":"closed","ping_status":"closed","template":"","meta":{"_acf_changed":false,"om_disable_all_campaigns":false},"year-of-production":[],"product_brand":[],"product_cat":[2444],"product_tag":[6817,2638,2446,6816,6815],"class_list":{"0":"post-401524","1":"product","2":"type-product","3":"status-publish","4":"has-post-thumbnail","6":"product_cat-cash-roll-slitter-rewinders-2-sr","7":"product_tag-cah-roll-slitter-revinder","8":"product_tag-year-2003-sr","9":"product_tag-la-meccanica-fumagalli-sr","10":"product_tag-renoviran-sa-garancijom","11":"product_tag-trl_ar","13":"first","14":"instock","15":"sold-individually","16":"shipping-taxable","17":"purchasable","18":"product-type-simple"},"acf":[],"_links":{"self":[{"href":"https:\/\/cbscompany.com\/sr\/wp-json\/wp\/v2\/product\/401524","targetHints":{"allow":["GET"]}}],"collection":[{"href":"https:\/\/cbscompany.com\/sr\/wp-json\/wp\/v2\/product"}],"about":[{"href":"https:\/\/cbscompany.com\/sr\/wp-json\/wp\/v2\/types\/product"}],"replies":[{"embeddable":true,"href":"https:\/\/cbscompany.com\/sr\/wp-json\/wp\/v2\/comments?post=401524"}],"wp:featuredmedia":[{"embeddable":true,"href":"https:\/\/cbscompany.com\/sr\/wp-json\/wp\/v2\/media\/401567"}],"wp:attachment":[{"href":"https:\/\/cbscompany.com\/sr\/wp-json\/wp\/v2\/media?parent=401524"}],"wp:term":[{"taxonomy":"year-of-production","embeddable":true,"href":"https:\/\/cbscompany.com\/sr\/wp-json\/wp\/v2\/year-of-production?post=401524"},{"taxonomy":"product_brand","embeddable":true,"href":"https:\/\/cbscompany.com\/sr\/wp-json\/wp\/v2\/product_brand?post=401524"},{"taxonomy":"product_cat","embeddable":true,"href":"https:\/\/cbscompany.com\/sr\/wp-json\/wp\/v2\/product_cat?post=401524"},{"taxonomy":"product_tag","embeddable":true,"href":"https:\/\/cbscompany.com\/sr\/wp-json\/wp\/v2\/product_tag?post=401524"}],"curies":[{"name":"wp","href":"https:\/\/api.w.org\/{rel}","templated":true}]}}