{"id":400965,"date":"2025-06-05T08:47:39","date_gmt":"2025-06-05T07:47:39","guid":{"rendered":"https:\/\/cbscompany.com\/machines\/\u043d\u0435\u043a\u0430\u0442\u0435\u0433\u043e\u0440\u0438\u0437\u043e\u0432\u0430\u043d\u043e\/somtas-slitter-revinder-model-slks-1600-godina-2015\/"},"modified":"2026-05-11T14:48:29","modified_gmt":"2026-05-11T13:48:29","slug":"somtas-slitter-revinder-model-slks-1600-godina-2015","status":"publish","type":"product","link":"https:\/\/cbscompany.com\/sr\/machines\/slitter-sheeters-sr\/slitter-rewinders-sr\/somtas-slitter-revinder-model-slks-1600-godina-2015\/","title":{"rendered":"Somtas slitter revinder model SLKS 1600 godina 2015"},"content":{"rendered":"<div class=\"wpb-content-wrapper\"><p>[vc_row content_placement=&#8221;top&#8221;][vc_column css=&#8221;.vc_custom_1532433256788{margin-right: 15px !important;}&#8221; offset=&#8221;vc_col-md-8&#8243;]\n\t\t<div id=\"wd-6720d638c1dc2\" class=\"title-wrapper wd-wpb wd-set-mb reset-last-child  wd-rs-6720d638c1dc2 wd-title-color-default wd-title-style-default text-left vc_custom_1730205201260 wd-underline-colored\">\n\t\t\t\n\t\t\t<div class=\"liner-continer\">\n\t\t\t\t<h4 class=\"woodmart-title-container title  wd-font-weight-600 wd-fontsize-m\" >Somtas slitter revinder model SLKS 1600 godina 2015<\/h4>\n\t\t\t\t\t\t\t<\/div>\n\t\t\t\n\t\t\t\n\t\t\t\n\t\t<\/div>\n\t\t\n\t\t[vc_row_inner css=&#8221;.vc_custom_1628672714565{margin-bottom: 35px !important;border-bottom-width: 0px !important;padding-bottom: 25px !important;border-bottom-color: rgba(129,129,129,0.2) !important;border-bottom-style: solid !important;}&#8221; row_reverse_mobile=&#8221;0&#8243; row_reverse_tablet=&#8221;0&#8243;][vc_column_inner width=&#8221;1\/2&#8243; css=&#8221;.vc_custom_1532346102929{padding-top: 0px !important;}&#8221;][vc_column_text woodmart_inline=&#8221;no&#8221; text_larger=&#8221;no&#8221;]<\/p>\n<ul>\n<li aria-level=\"1\"><b>marka: Somtas<\/b><\/li>\n<li aria-level=\"1\"><b>Model: SLKS 1600<\/b><\/li>\n<li aria-level=\"1\"><b>Godina: 2015<\/b><\/li>\n<li aria-level=\"1\"><span style=\"font-weight: 400;\">Maksimalna \u0161irina koluta papira: 1600 mm<\/span><\/li>\n<li aria-level=\"1\"><span style=\"font-weight: 400;\">Maksimalni pre\u010dnik mati\u010dnog koluta: KSNUMKS mm<\/span><\/li>\n<li aria-level=\"1\"><span style=\"font-weight: 400;\">Maksimalni pre\u010dnik koluta: KSNUMKS mm<\/span><\/li>\n<li aria-level=\"1\"><span style=\"font-weight: 400;\">Maksimalna te\u017eina koluta: KSNUMKS kg<\/span><\/li>\n<li aria-level=\"1\"><span style=\"font-weight: 400;\">Materijali: papir 30 &#8211; 250 gr<\/span><\/li>\n<\/ul>\n<p>[\/vc_column_text][\/vc_column_inner][vc_column_inner width=&#8221;1\/2&#8243; css=&#8221;.vc_custom_1532346106600{padding-top: 0px !important;}&#8221;][vc_column_text woodmart_inline=&#8221;no&#8221; text_larger=&#8221;no&#8221;]<\/p>\n<ul>\n<li style=\"font-weight: 400;\" aria-level=\"1\"><span style=\"font-weight: 400;\">Minimalna \u0161irina se\u010denja: 50 mm  <\/span><\/li>\n<li style=\"font-weight: 400;\" aria-level=\"1\"><span style=\"font-weight: 400;\">Maksimalna brzina: 250 m \/ min<\/span><\/li>\n<li style=\"font-weight: 400;\" aria-level=\"1\"><span style=\"font-weight: 400;\">Unutra\u0161nji pre\u010dnik jezgra: 70 i 76 mm<\/span><\/li>\n<li style=\"font-weight: 400;\" aria-level=\"1\"><span style=\"font-weight: 400;\">Sistem se\u010denja: kru\u017enim no\u017eevima<\/span><\/li>\n<li style=\"font-weight: 400;\" aria-level=\"1\"><span style=\"font-weight: 400;\">Broj lopatica: 6<\/span><\/li>\n<li style=\"font-weight: 400;\" aria-level=\"1\"><span style=\"font-weight: 400;\">Vidljiv u radu<\/span><\/li>\n<li style=\"font-weight: 400;\" aria-level=\"1\"><span style=\"font-weight: 400;\">Odmah dostupan<\/span><\/li>\n<\/ul>\n<p>[\/vc_column_text][\/vc_column_inner][\/vc_row_inner][\/vc_column][vc_column offset=&#8221;vc_col-md-4&#8243;]\t\t\t<div class=\"info-box-wrapper\">\n\t\t\t\t<div id=\"wd-6720d63f4c862\" class=\" wd-rs-6720d63f4c862 wd-info-box wd-wpb text-left box-icon-align-left box-style-shadow color-scheme- wd-bg-none wd-off-anim wpb_animate_when_almost_visible wpb_bounceIn bounceIn wd-anim-name_bounceIn wd-items-top \">\n\t\t\t\t\t\t\t\t\t\t<div class=\"info-box-content\">\n\t\t\t\t\t\t<div class=\"info-box-subtitle subtitle-color-default wd-fontsize-xs subtitle-style-default\">O Somtas slitter revinder model SLKS 1600 godina 2015<\/div><h4 class=\"info-box-title title box-title-style-default wd-fontsize-m\">Informacije o lokaciji<\/h4>\t\t\t\t\t\t<div class=\"info-box-inner reset-last-child\"><p>Dostupno u regionu: <strong style=\"color: blue;\"><a href=\"https:\/\/cbscompany.com\/my-account\/?redirect_to=%2Fsr%2Fwp-json%2Fwp%2Fv2%2Fproduct%2F400965\" class=\"simplemodal-login\">Log in to see location<\/a><\/strong><\/p>\n<\/div>\n\n\t\t\t\t\t\t\t\t\t\t\t<\/div>\n\n\t\t\t\t\t\n\t\t\t\t\t<style>#wd-6720d63f4c862 .info-box-icon {background-color:  !important;}<\/style>\t\t\t\t<\/div>\n\t\t\t<\/div>\n\t\t[\/vc_column][\/vc_row]<\/p>\n<\/div>","protected":false},"excerpt":{"rendered":"<p>Somtas SLKS 1600 godina 2015 je slitter revinder i to je brzina je 25<span style=\"font-weight: 400;\">0 m\/min. Dizajniran je za rad sa papirom do 250 grs. <\/span><\/p>\n","protected":false},"featured_media":229487,"comment_status":"closed","ping_status":"closed","template":"","meta":{"_acf_changed":false,"om_disable_all_campaigns":false},"year-of-production":[],"product_brand":[],"product_cat":[5985,2453,2454],"product_tag":[6738,2353,6739,2550],"class_list":{"0":"post-400965","1":"product","2":"type-product","3":"status-publish","4":"has-post-thumbnail","6":"product_cat-5985","7":"product_cat-slitter-sheeters-sr","8":"product_cat-slitter-rewinders-sr","9":"product_tag-model-slks-1600","10":"product_tag-somtas-sr","11":"product_tag-yaer-2015","12":"product_tag-for-paper-sr","14":"first","15":"instock","16":"sale","17":"featured","18":"sold-individually","19":"shipping-taxable","20":"purchasable","21":"product-type-simple"},"acf":[],"_links":{"self":[{"href":"https:\/\/cbscompany.com\/sr\/wp-json\/wp\/v2\/product\/400965","targetHints":{"allow":["GET"]}}],"collection":[{"href":"https:\/\/cbscompany.com\/sr\/wp-json\/wp\/v2\/product"}],"about":[{"href":"https:\/\/cbscompany.com\/sr\/wp-json\/wp\/v2\/types\/product"}],"replies":[{"embeddable":true,"href":"https:\/\/cbscompany.com\/sr\/wp-json\/wp\/v2\/comments?post=400965"}],"wp:featuredmedia":[{"embeddable":true,"href":"https:\/\/cbscompany.com\/sr\/wp-json\/wp\/v2\/media\/229487"}],"wp:attachment":[{"href":"https:\/\/cbscompany.com\/sr\/wp-json\/wp\/v2\/media?parent=400965"}],"wp:term":[{"taxonomy":"year-of-production","embeddable":true,"href":"https:\/\/cbscompany.com\/sr\/wp-json\/wp\/v2\/year-of-production?post=400965"},{"taxonomy":"product_brand","embeddable":true,"href":"https:\/\/cbscompany.com\/sr\/wp-json\/wp\/v2\/product_brand?post=400965"},{"taxonomy":"product_cat","embeddable":true,"href":"https:\/\/cbscompany.com\/sr\/wp-json\/wp\/v2\/product_cat?post=400965"},{"taxonomy":"product_tag","embeddable":true,"href":"https:\/\/cbscompany.com\/sr\/wp-json\/wp\/v2\/product_tag?post=400965"}],"curies":[{"name":"wp","href":"https:\/\/api.w.org\/{rel}","templated":true}]}}