{"id":400671,"date":"2025-06-05T08:45:44","date_gmt":"2025-06-05T07:45:44","guid":{"rendered":"https:\/\/cbscompany.com\/machines\/\u043d\u0435\u043a\u0430\u0442\u0435\u0433\u043e\u0440\u0438\u0437\u043e\u0432\u0430\u043d\u043e\/dolci-tx-ao-150-%d0%b3%d0%be%d0%b4%d0%b8%d0%bd%d0%b0-1995\/"},"modified":"2026-05-11T14:43:48","modified_gmt":"2026-05-11T13:43:48","slug":"dolci-tx-ao-150-%d0%b3%d0%be%d0%b4%d0%b8%d0%bd%d0%b0-1995","status":"publish","type":"product","link":"https:\/\/cbscompany.com\/sr\/machines\/extruders-sr\/blown-film-extruders-sr\/dolci-tx-ao-150-%d0%b3%d0%be%d0%b4%d0%b8%d0%bd%d0%b0-1995\/","title":{"rendered":"DOLCI TKS AO 150 godine 1995"},"content":{"rendered":"<div class=\"wpb-content-wrapper\"><p>[vc_row content_placement=&#8221;top&#8221;][vc_column css=&#8221;.vc_custom_1532433256788{margin-right: 15px !important;}&#8221; offset=&#8221;vc_col-md-8&#8243;]\n\t\t<div id=\"wd-63760364afe51\" class=\"title-wrapper wd-wpb wd-set-mb reset-last-child  wd-rs-63760364afe51 wd-title-color-default wd-title-style-default text-left vc_custom_1668678505063 wd-underline-colored\">\n\t\t\t\n\t\t\t<div class=\"liner-continer\">\n\t\t\t\t<h4 class=\"woodmart-title-container title  wd-font-weight-600 wd-fontsize-m\" >DOLCI TKS AO 150 godine 1995<\/h4>\n\t\t\t\t\t\t\t<\/div>\n\t\t\t\n\t\t\t\n\t\t\t\n\t\t<\/div>\n\t\t\n\t\t[vc_row_inner css=&#8221;.vc_custom_1628672714565{margin-bottom: 35px !important;border-bottom-width: 0px !important;padding-bottom: 25px !important;border-bottom-color: rgba(129,129,129,0.2) !important;border-bottom-style: solid !important;}&#8221; row_reverse_mobile=&#8221;0&#8243; row_reverse_tablet=&#8221;0&#8243;][vc_column_inner width=&#8221;1\/2&#8243; css=&#8221;.vc_custom_1532346102929{padding-top: 0px !important;}&#8221;][vc_column_text woodmart_inline=&#8221;no&#8221; text_larger=&#8221;no&#8221;]<\/p>\n<ul>\n<li><b>marka: Dolci<\/b><\/li>\n<li><b>Model: TKS AO 150<\/b><\/li>\n<li><b>Godina: 1995<\/b><\/li>\n<li><b>1 sloj<\/b><\/li>\n<li><b>Mazivo KLUBER BARRIERTA L55\/2<\/b><\/li>\n<li><span style=\"font-weight: 400;\">Mo\u017ee biti polu-rukav, uzdu\u017eno zavarivanje, se\u010denje i zavarivanje, hladno perforacija<\/span><\/li>\n<li><span style=\"font-weight: 400;\">Materijali: PELD<\/span><\/li>\n<li><span style=\"font-weight: 400;\">Debljina: 25my \u2013 100 my<\/span><\/li>\n<li><span style=\"font-weight: 400;\">\u0160irina filma: 1000 mm<\/span><\/li>\n<li><span style=\"font-weight: 400;\">Pre\u010dnik vijka: 50 mm<\/span><\/li>\n<li><span style=\"font-weight: 400;\">Kapacitet: 50 kg \/ h<\/span><\/li>\n<\/ul>\n<p>[\/vc_column_text][\/vc_column_inner][vc_column_inner width=&#8221;1\/2&#8243; css=&#8221;.vc_custom_1532346106600{padding-top: 0px !important;}&#8221;][vc_column_text woodmart_inline=&#8221;no&#8221; text_larger=&#8221;no&#8221;]<\/p>\n<ul>\n<li><span style=\"font-weight: 400;\">Pre\u010dnik matrice: 900 mm<\/span><\/li>\n<li><span style=\"font-weight: 400;\">Corona tretman: CCASON ure\u0111aj za tretman folijom<\/span><\/li>\n<li style=\"font-weight: 400;\" aria-level=\"1\"><span style=\"font-weight: 400;\">Maksimalni pre\u010dnik premotava\u010da: 1000 mm<\/span><\/li>\n<li style=\"font-weight: 400;\" aria-level=\"1\"><span style=\"font-weight: 400;\">balon kavez<\/span><\/li>\n<li style=\"font-weight: 400;\" aria-level=\"1\"><span style=\"font-weight: 400;\">Materijal dozator Fellner &amp; Ziegler<\/span><\/li>\n<li style=\"font-weight: 400;\" aria-level=\"1\"><span style=\"font-weight: 400;\">Silos za me\u0161anje materijala (500 kg)<\/span><\/li>\n<li style=\"font-weight: 400;\" aria-level=\"1\"><span style=\"font-weight: 400;\">Dodatni vijak<\/span><\/li>\n<li style=\"font-weight: 400;\" aria-level=\"1\"><span style=\"font-weight: 400;\">Te\u017eina: cca 2t<\/span><\/li>\n<li style=\"font-weight: 400;\" aria-level=\"1\"><span style=\"font-weight: 400;\">Napon: 3 k 65 A<\/span><\/li>\n<li style=\"font-weight: 400;\" aria-level=\"1\"><span style=\"font-weight: 400;\">U dobrim radnim uslovima<\/span><\/li>\n<li style=\"font-weight: 400;\" aria-level=\"1\"><span style=\"font-weight: 400;\">Vidljiv u radu<\/span><\/li>\n<li style=\"font-weight: 400;\" aria-level=\"1\"><span style=\"font-weight: 400;\">Odmah dostupan<\/span><\/li>\n<\/ul>\n<p>[\/vc_column_text][\/vc_column_inner][\/vc_row_inner][\/vc_column][vc_column offset=&#8221;vc_col-md-4&#8243;]\t\t\t<div class=\"info-box-wrapper\">\n\t\t\t\t<div id=\"wd-63760386768df\" class=\" wd-rs-63760386768df wd-info-box wd-wpb text-left box-icon-align-left box-style-shadow color-scheme- wd-bg-none wd-off-anim wpb_animate_when_almost_visible wpb_bounceIn bounceIn wd-anim-name_bounceIn wd-items-top \">\n\t\t\t\t\t\t\t\t\t\t<div class=\"info-box-content\">\n\t\t\t\t\t\t<div class=\"info-box-subtitle subtitle-color-default wd-fontsize-xs subtitle-style-default\">O DOLCI TX AO 150 godina 1995<\/div><h4 class=\"info-box-title title box-title-style-default wd-fontsize-m\">Informacije o lokaciji<\/h4>\t\t\t\t\t\t<div class=\"info-box-inner reset-last-child\"><p>Dostupno u regionu: <strong style=\"color: blue;\"><a href=\"https:\/\/cbscompany.com\/my-account\/?redirect_to=%2Fsr%2Fwp-json%2Fwp%2Fv2%2Fproduct%2F400671\" class=\"simplemodal-login\">Log in to see location<\/a><\/strong><\/p>\n<\/div>\n\n\t\t\t\t\t\t\t\t\t\t\t<\/div>\n\n\t\t\t\t\t\n\t\t\t\t\t<style>#wd-63760386768df .info-box-icon {background-color:  !important;}<\/style>\t\t\t\t<\/div>\n\t\t\t<\/div>\n\t\t[\/vc_column][\/vc_row]<\/p>\n<\/div>","protected":false},"excerpt":{"rendered":"<p>DOLCI TKS AO 150 godina 1995 je mono ekstruder koji koristi Kluber Barrierta L55 \/ 2 kapacitet maziva od 50kg \/ h, opremljen Fellner &amp; Ziegler dozator, materijal me\u0161anje silosa za 500 itd<\/p>\n","protected":false},"featured_media":120099,"comment_status":"closed","ping_status":"closed","template":"","meta":{"_acf_changed":false,"om_disable_all_campaigns":false},"year-of-production":[],"product_brand":[],"product_cat":[2362,2372],"product_tag":[2476,2477,2481,2479,2480,2478],"class_list":{"0":"post-400671","1":"product","2":"type-product","3":"status-publish","4":"has-post-thumbnail","6":"product_cat-extruders-sr","7":"product_cat-blown-film-extruders-sr","8":"product_tag-1-layer-sr","9":"product_tag-dolci-sr","10":"product_tag-year-1995-sr","11":"product_tag-material-peld-sr","12":"product_tag-mono-extruder-sr","13":"product_tag-film-width-1000-mm-sr","15":"first","16":"instock","17":"sold-individually","18":"shipping-taxable","19":"purchasable","20":"product-type-simple"},"acf":[],"_links":{"self":[{"href":"https:\/\/cbscompany.com\/sr\/wp-json\/wp\/v2\/product\/400671","targetHints":{"allow":["GET"]}}],"collection":[{"href":"https:\/\/cbscompany.com\/sr\/wp-json\/wp\/v2\/product"}],"about":[{"href":"https:\/\/cbscompany.com\/sr\/wp-json\/wp\/v2\/types\/product"}],"replies":[{"embeddable":true,"href":"https:\/\/cbscompany.com\/sr\/wp-json\/wp\/v2\/comments?post=400671"}],"wp:featuredmedia":[{"embeddable":true,"href":"https:\/\/cbscompany.com\/sr\/wp-json\/wp\/v2\/media\/120099"}],"wp:attachment":[{"href":"https:\/\/cbscompany.com\/sr\/wp-json\/wp\/v2\/media?parent=400671"}],"wp:term":[{"taxonomy":"year-of-production","embeddable":true,"href":"https:\/\/cbscompany.com\/sr\/wp-json\/wp\/v2\/year-of-production?post=400671"},{"taxonomy":"product_brand","embeddable":true,"href":"https:\/\/cbscompany.com\/sr\/wp-json\/wp\/v2\/product_brand?post=400671"},{"taxonomy":"product_cat","embeddable":true,"href":"https:\/\/cbscompany.com\/sr\/wp-json\/wp\/v2\/product_cat?post=400671"},{"taxonomy":"product_tag","embeddable":true,"href":"https:\/\/cbscompany.com\/sr\/wp-json\/wp\/v2\/product_tag?post=400671"}],"curies":[{"name":"wp","href":"https:\/\/api.w.org\/{rel}","templated":true}]}}