{"id":400323,"date":"2026-04-16T15:16:03","date_gmt":"2026-04-16T14:16:03","guid":{"rendered":"https:\/\/cbscompany.com\/machines\/\u043d\u0435\u043a\u0430\u0442\u0435\u0433\u043e\u0440\u0438\u0437\u043e\u0432\u0430\u043d\u043e\/newlong-128t506th603-%d0%b3%d0%be%d0%b4%d0%b8%d0%bd%d0%b0-1992\/"},"modified":"2026-05-11T14:56:17","modified_gmt":"2026-05-11T13:56:17","slug":"newlong-128t506th603-%d0%b3%d0%be%d0%b4%d0%b8%d0%bd%d0%b0-1992","status":"publish","type":"product","link":"https:\/\/cbscompany.com\/sr\/machines\/paper-bag-making-machines-sr\/sos-paper-bag-making-machines-sr\/newlong-128t506th603-%d0%b3%d0%be%d0%b4%d0%b8%d0%bd%d0%b0-1992\/","title":{"rendered":"Nevlong 128T + 506TH + 603 godina 1992"},"content":{"rendered":"<div class=\"wpb-content-wrapper\"><p>[vc_row content_placement=&#8221;top&#8221;][vc_column css=&#8221;.vc_custom_1532433256788{margin-right: 15px !important;}&#8221; offset=&#8221;vc_col-md-8&#8243;]\n\t\t<div id=\"wd-69e0eafcc0372\" class=\"title-wrapper wd-wpb wd-set-mb reset-last-child  wd-rs-69e0eafcc0372 wd-title-color-default wd-title-style-default text-left vc_custom_1776347904665 wd-underline-colored\">\n\t\t\t\n\t\t\t<div class=\"liner-continer\">\n\t\t\t\t<h4 class=\"woodmart-title-container title  wd-font-weight-600 wd-fontsize-m\" >Nevlong 128T + 506TH + 603 godina 1992<\/h4>\n\t\t\t\t\t\t\t<\/div>\n\t\t\t\n\t\t\t\n\t\t\t\n\t\t<\/div>\n\t\t\n\t\t[vc_row_inner css=&#8221;.vc_custom_1628672714565{margin-bottom: 35px !important;border-bottom-width: 0px !important;padding-bottom: 25px !important;border-bottom-color: rgba(129,129,129,0.2) !important;border-bottom-style: solid !important;}&#8221; row_reverse_mobile=&#8221;0&#8243; row_reverse_tablet=&#8221;0&#8243;][vc_column_inner width=&#8221;1\/2&#8243; css=&#8221;.vc_custom_1532346102929{padding-top: 0px !important;}&#8221;][vc_column_text css=&#8221;&#8221; woodmart_inline=&#8221;no&#8221; text_larger=&#8221;no&#8221;]<\/p>\n<ul>\n<li aria-level=\"1\"><b>marka: Nevlong<\/b><\/li>\n<li aria-level=\"1\"><b>Model: 128T + 506TH + 603<\/b><\/li>\n<li aria-level=\"1\"><b>Godina: 1992<\/b><\/li>\n<li aria-level=\"1\"><b>Sa ravnom jedinicom za dr\u0161ku<\/b><\/li>\n<li aria-level=\"1\"><span style=\"font-weight: 400;\">Maksimalna \u0161irina papira: 1360 mm<\/span><\/li>\n<li aria-level=\"1\"><span style=\"font-weight: 400;\">Min &#8211; maksimalna \u0161irina torbe: 260 &#8211; 450 mm<\/span><\/li>\n<\/ul>\n<p>[\/vc_column_text][\/vc_column_inner][vc_column_inner width=&#8221;1\/2&#8243; css=&#8221;.vc_custom_1532346106600{padding-top: 0px !important;}&#8221;][vc_column_text css=&#8221;&#8221; woodmart_inline=&#8221;no&#8221; text_larger=&#8221;no&#8221;]<\/p>\n<ul>\n<li style=\"font-weight: 400;\" aria-level=\"1\"><span style=\"font-weight: 400;\">Min &#8211; maksimalna du\u017eina torbe: 270 &#8211; 600 mm<\/span><\/li>\n<li style=\"font-weight: 400;\" aria-level=\"1\"><span style=\"font-weight: 400;\">Du\u017eina se\u010denja: 350 &#8211; 650 mm<\/span><\/li>\n<li style=\"font-weight: 400;\" aria-level=\"1\"><span style=\"font-weight: 400;\">Opseg umetka: 100 &#8211; 220 mm<\/span><\/li>\n<li style=\"font-weight: 400;\" aria-level=\"1\"><span style=\"font-weight: 400;\">Veli\u010dina zakrpe: 160 k 50 mm<\/span><\/li>\n<li style=\"font-weight: 400;\" aria-level=\"1\"><span style=\"font-weight: 400;\">Zaustavljen<\/span><\/li>\n<li style=\"font-weight: 400;\" aria-level=\"1\"><span style=\"font-weight: 400;\">Odmah dostupan<\/span><\/li>\n<\/ul>\n<p>[\/vc_column_text][\/vc_column_inner][\/vc_row_inner][\/vc_column][vc_column offset=&#8221;vc_col-md-4&#8243;]\t\t\t<div class=\"info-box-wrapper\">\n\t\t\t\t<div id=\"wd-69e0eaf4bb718\" class=\" wd-rs-69e0eaf4bb718 wd-info-box wd-wpb text-left box-icon-align-left box-style-shadow color-scheme- wd-bg-none wd-off-anim wpb_animate_when_almost_visible wpb_bounceIn bounceIn wd-anim-name_bounceIn wd-items-top \">\n\t\t\t\t\t\t\t\t\t\t<div class=\"info-box-content\">\n\t\t\t\t\t\t<div class=\"info-box-subtitle subtitle-color-default wd-fontsize-xs subtitle-style-default\">O Nevlong 128T + 506TH + 603 godine 1992<\/div><h4 class=\"info-box-title title box-title-style-default wd-fontsize-m\">Informacije o lokaciji<\/h4>\t\t\t\t\t\t<div class=\"info-box-inner reset-last-child\"><p>Dostupno u regionu: <strong style=\"color: blue;\"><a href=\"https:\/\/cbscompany.com\/my-account\/?redirect_to=%2Fsr%2Fwp-json%2Fwp%2Fv2%2Fproduct%2F400323\" class=\"simplemodal-login\">Log in to see location<\/a><\/strong><\/p>\n<\/div>\n\n\t\t\t\t\t\t\t\t\t\t\t<\/div>\n\n\t\t\t\t\t\n\t\t\t\t\t<style>#wd-69e0eaf4bb718 .info-box-icon {background-color:  !important;}<\/style>\t\t\t\t<\/div>\n\t\t\t<\/div>\n\t\t[\/vc_column][\/vc_row]<\/p>\n<\/div>","protected":false},"excerpt":{"rendered":"<p>Nevlong 128T + 506TH + 603 godina 1992 je SOS torba izradu ma\u0161ina. Ma\u0161ina je opremljena sa ravnom dr\u0161kom jedinice. <\/p>\n","protected":false},"featured_media":400340,"comment_status":"closed","ping_status":"closed","template":"","meta":{"_acf_changed":false,"om_disable_all_campaigns":false},"year-of-production":[],"product_brand":[],"product_cat":[2326,2350],"product_tag":[6647,2486,2329,6518,6086],"class_list":{"0":"post-400323","1":"product","2":"type-product","3":"status-publish","4":"has-post-thumbnail","6":"product_cat-paper-bag-making-machines-sr","7":"product_cat-sos-paper-bag-making-machines-sr","8":"product_tag-128t506th603","9":"product_tag-year-1992-sr","10":"product_tag-newlong-machine-works-sr","11":"product_tag-6518","12":"product_tag-6086","14":"first","15":"instock","16":"sold-individually","17":"shipping-taxable","18":"purchasable","19":"product-type-simple"},"acf":[],"_links":{"self":[{"href":"https:\/\/cbscompany.com\/sr\/wp-json\/wp\/v2\/product\/400323","targetHints":{"allow":["GET"]}}],"collection":[{"href":"https:\/\/cbscompany.com\/sr\/wp-json\/wp\/v2\/product"}],"about":[{"href":"https:\/\/cbscompany.com\/sr\/wp-json\/wp\/v2\/types\/product"}],"replies":[{"embeddable":true,"href":"https:\/\/cbscompany.com\/sr\/wp-json\/wp\/v2\/comments?post=400323"}],"wp:featuredmedia":[{"embeddable":true,"href":"https:\/\/cbscompany.com\/sr\/wp-json\/wp\/v2\/media\/400340"}],"wp:attachment":[{"href":"https:\/\/cbscompany.com\/sr\/wp-json\/wp\/v2\/media?parent=400323"}],"wp:term":[{"taxonomy":"year-of-production","embeddable":true,"href":"https:\/\/cbscompany.com\/sr\/wp-json\/wp\/v2\/year-of-production?post=400323"},{"taxonomy":"product_brand","embeddable":true,"href":"https:\/\/cbscompany.com\/sr\/wp-json\/wp\/v2\/product_brand?post=400323"},{"taxonomy":"product_cat","embeddable":true,"href":"https:\/\/cbscompany.com\/sr\/wp-json\/wp\/v2\/product_cat?post=400323"},{"taxonomy":"product_tag","embeddable":true,"href":"https:\/\/cbscompany.com\/sr\/wp-json\/wp\/v2\/product_tag?post=400323"}],"curies":[{"name":"wp","href":"https:\/\/api.w.org\/{rel}","templated":true}]}}