{"id":399404,"date":"2026-01-20T15:48:34","date_gmt":"2026-01-20T14:48:34","guid":{"rendered":"https:\/\/cbscompany.com\/machines\/\u043d\u0435\u043a\u0430\u0442\u0435\u0433\u043e\u0440\u0438\u0437\u043e\u0432\u0430\u043d\u043e\/%d0%bb%d0%b0-%d0%bc%d0%b5%d1%86%d1%86%d0%b0%d0%bd%d0%b8%d1%86%d0%b0-%d1%84%d1%83%d0%bc%d0%b0%d0%b3%d0%b0%d0%bb%d0%bb%d0%b8-%d0%bf%d1%80%d0%b5%d0%bc%d0%be%d1%82%d0%b0%d0%b2%d0%b0%d1%87-%d1%80%d0%b5\/"},"modified":"2026-05-11T14:57:27","modified_gmt":"2026-05-11T13:57:27","slug":"%d0%bb%d0%b0-%d0%bc%d0%b5%d1%86%d1%86%d0%b0%d0%bd%d0%b8%d1%86%d0%b0-%d1%84%d1%83%d0%bc%d0%b0%d0%b3%d0%b0%d0%bb%d0%bb%d0%b8-%d0%bf%d1%80%d0%b5%d0%bc%d0%be%d1%82%d0%b0%d0%b2%d0%b0%d1%87-%d1%80%d0%b5","status":"publish","type":"product","link":"https:\/\/cbscompany.com\/sr\/machines\/slitter-sheeters-sr\/slitter-rewinders-sr\/%d0%bb%d0%b0-%d0%bc%d0%b5%d1%86%d1%86%d0%b0%d0%bd%d0%b8%d1%86%d0%b0-%d1%84%d1%83%d0%bc%d0%b0%d0%b3%d0%b0%d0%bb%d0%bb%d0%b8-%d0%bf%d1%80%d0%b5%d0%bc%d0%be%d1%82%d0%b0%d0%b2%d0%b0%d1%87-%d1%80%d0%b5\/","title":{"rendered":"La Meccanica Fumagalli slitter revinder model TRM SL godina 2007"},"content":{"rendered":"<div class=\"wpb-content-wrapper\"><p>[vc_row content_placement=&#8221;top&#8221;][vc_column css=&#8221;.vc_custom_1532433256788{margin-right: 15px !important;}&#8221; offset=&#8221;vc_col-md-8&#8243;]\n\t\t<div id=\"wd-696f93d4bb6d6\" class=\"title-wrapper wd-wpb wd-set-mb reset-last-child  wd-rs-696f93d4bb6d6 wd-title-color-default wd-title-style-default text-left vc_custom_1768920026469 wd-underline-colored\">\n\t\t\t\n\t\t\t<div class=\"liner-continer\">\n\t\t\t\t<h4 class=\"woodmart-title-container title  wd-font-weight-600 wd-fontsize-m\" >La Meccanica Fumagalli slitter revinder model TRM SL godina 2007<\/h4>\n\t\t\t\t\t\t\t<\/div>\n\t\t\t\n\t\t\t\n\t\t\t\n\t\t<\/div>\n\t\t\n\t\t[vc_row_inner css=&#8221;.vc_custom_1628672714565{margin-bottom: 35px !important;border-bottom-width: 0px !important;padding-bottom: 25px !important;border-bottom-color: rgba(129,129,129,0.2) !important;border-bottom-style: solid !important;}&#8221; row_reverse_mobile=&#8221;0&#8243; row_reverse_tablet=&#8221;0&#8243;][vc_column_inner width=&#8221;1\/2&#8243; css=&#8221;.vc_custom_1532346102929{padding-top: 0px !important;}&#8221;][vc_column_text css=&#8221;&#8221; woodmart_inline=&#8221;no&#8221; text_larger=&#8221;no&#8221;]<\/p>\n<ul>\n<li><b>La<\/b><b> <\/b><b>Meccanica Fumagalli<\/b><\/li>\n<li><b>Model: TRM SL<\/b><\/li>\n<li><b>Godina: 2007<\/b><\/li>\n<li><strong>\u0160ampelss<\/strong><\/li>\n<li><span style=\"font-weight: 400;\">Radna \u0161irina: 1650 mm  <\/span><\/li>\n<li><span style=\"font-weight: 400;\">Pre\u010dnik odmotavanje: 1700 mm<\/span><\/li>\n<li><span style=\"font-weight: 400;\">Minimalna \u0161irina se\u010denja: 25 mm  <\/span><\/li>\n<li><span style=\"font-weight: 400;\">Pre\u010dnik gotovog koluta: KSNUMKS mm  <\/span><\/li>\n<li style=\"list-style-type: none;\">\n<\/li>\n<\/ul>\n<p>[\/vc_column_text][\/vc_column_inner][vc_column_inner width=&#8221;1\/2&#8243; css=&#8221;.vc_custom_1532346106600{padding-top: 0px !important;}&#8221;][vc_column_text css=&#8221;&#8221; woodmart_inline=&#8221;no&#8221; text_larger=&#8221;no&#8221;]<\/p>\n<ul>\n<li style=\"font-weight: 400;\" aria-level=\"1\"><span style=\"font-weight: 400;\">Sistem se\u010denja: kru\u017eni no\u017eevi; Donji i gornji no\u017eevi<\/span><\/li>\n<li style=\"font-weight: 400;\" aria-level=\"1\"><span style=\"font-weight: 400;\">Materijal: papir,<\/span><span style=\"font-weight: 400;\"> greiboard, oestliner, all-liners, coreboard<\/span><\/li>\n<li style=\"font-weight: 400;\" aria-level=\"1\"><span style=\"font-weight: 400;\">Grama\u017ea papira: 30-1000 g\/m\u00b2  <\/span><\/li>\n<li style=\"font-weight: 400;\" aria-level=\"1\"><span style=\"font-weight: 400;\">Maksimalna brzina: 1000 m \/ min  <\/span><\/li>\n<li style=\"font-weight: 400;\" aria-level=\"1\"><span style=\"font-weight: 400;\">Redovna brzina: 600 m \/ min (700 m \/ min, mo\u017ee se posti\u0107i)<\/span><\/li>\n<li style=\"font-weight: 400;\" aria-level=\"1\"><span style=\"font-weight: 400;\">Vidljiv u proizvodnji<\/span><\/li>\n<li style=\"font-weight: 400;\" aria-level=\"1\"><span style=\"font-weight: 400;\">Vreme isporuke: da se potvrdi za oko 4 meseca od porud\u017ebine  <\/span><\/li>\n<\/ul>\n<p>[\/vc_column_text][\/vc_column_inner][\/vc_row_inner][\/vc_column][vc_column offset=&#8221;vc_col-md-4&#8243;]\t\t\t<div class=\"info-box-wrapper\">\n\t\t\t\t<div id=\"wd-696f93dcce785\" class=\" wd-rs-696f93dcce785 wd-info-box wd-wpb text-left box-icon-align-left box-style-shadow color-scheme- wd-bg-none wd-off-anim wpb_animate_when_almost_visible wpb_bounceIn bounceIn wd-anim-name_bounceIn wd-items-top \">\n\t\t\t\t\t\t\t\t\t\t<div class=\"info-box-content\">\n\t\t\t\t\t\t<div class=\"info-box-subtitle subtitle-color-default wd-fontsize-xs subtitle-style-default\">O La Meccanica Fumagalli slitter revinder model TRM SL godina 2007<\/div><h4 class=\"info-box-title title box-title-style-default wd-fontsize-m\">Informacije o lokaciji<\/h4>\t\t\t\t\t\t<div class=\"info-box-inner reset-last-child\"><p>Dostupno u regionu: <strong style=\"color: blue;\"><a href=\"https:\/\/cbscompany.com\/my-account\/?redirect_to=%2Fsr%2Fwp-json%2Fwp%2Fv2%2Fproduct%2F399404\" class=\"simplemodal-login\">Log in to see location<\/a><\/strong><\/p>\n<\/div>\n\n\t\t\t\t\t\t\t\t\t\t\t<\/div>\n\n\t\t\t\t\t\n\t\t\t\t\t<style>#wd-696f93dcce785 .info-box-icon {background-color:  !important;}<\/style>\t\t\t\t<\/div>\n\t\t\t<\/div>\n\t\t[\/vc_column][\/vc_row]<\/p>\n<\/div>","protected":false},"excerpt":{"rendered":"<p>La Meccanica Fumagalli TRM SL je slitter revinder dizajniran za rad sa papirom, greiboard, oestliner, all-liners, coreboard. Maksimalna brzina je 1000 m \/ min. <\/p>\n","protected":false},"featured_media":399424,"comment_status":"closed","ping_status":"closed","template":"","meta":{"_acf_changed":false,"om_disable_all_campaigns":false},"year-of-production":[],"product_brand":[],"product_cat":[2453,2454],"product_tag":[2595,6492,2446,6491,6493,2449],"class_list":{"0":"post-399404","1":"product","2":"type-product","3":"status-publish","4":"has-post-thumbnail","6":"product_cat-slitter-sheeters-sr","7":"product_cat-slitter-rewinders-sr","8":"product_tag-year-2007-sr","9":"product_tag---30-1000--","10":"product_tag-la-meccanica-fumagalli-sr","11":"product_tag---1000--","12":"product_tag---1650-","13":"product_tag-slitter-rewinder-sr","15":"first","16":"instock","17":"sold-individually","18":"shipping-taxable","19":"purchasable","20":"product-type-simple"},"acf":[],"_links":{"self":[{"href":"https:\/\/cbscompany.com\/sr\/wp-json\/wp\/v2\/product\/399404","targetHints":{"allow":["GET"]}}],"collection":[{"href":"https:\/\/cbscompany.com\/sr\/wp-json\/wp\/v2\/product"}],"about":[{"href":"https:\/\/cbscompany.com\/sr\/wp-json\/wp\/v2\/types\/product"}],"replies":[{"embeddable":true,"href":"https:\/\/cbscompany.com\/sr\/wp-json\/wp\/v2\/comments?post=399404"}],"wp:featuredmedia":[{"embeddable":true,"href":"https:\/\/cbscompany.com\/sr\/wp-json\/wp\/v2\/media\/399424"}],"wp:attachment":[{"href":"https:\/\/cbscompany.com\/sr\/wp-json\/wp\/v2\/media?parent=399404"}],"wp:term":[{"taxonomy":"year-of-production","embeddable":true,"href":"https:\/\/cbscompany.com\/sr\/wp-json\/wp\/v2\/year-of-production?post=399404"},{"taxonomy":"product_brand","embeddable":true,"href":"https:\/\/cbscompany.com\/sr\/wp-json\/wp\/v2\/product_brand?post=399404"},{"taxonomy":"product_cat","embeddable":true,"href":"https:\/\/cbscompany.com\/sr\/wp-json\/wp\/v2\/product_cat?post=399404"},{"taxonomy":"product_tag","embeddable":true,"href":"https:\/\/cbscompany.com\/sr\/wp-json\/wp\/v2\/product_tag?post=399404"}],"curies":[{"name":"wp","href":"https:\/\/api.w.org\/{rel}","templated":true}]}}