{"id":384027,"date":"2025-12-18T14:23:38","date_gmt":"2025-12-18T13:23:38","guid":{"rendered":"https:\/\/cbscompany.com\/machines\/senza-categoria\/holweg-model-rs2-p\/"},"modified":"2026-05-07T19:58:13","modified_gmt":"2026-05-07T18:58:13","slug":"holweg-model-rs2-p","status":"publish","type":"product","link":"https:\/\/cbscompany.com\/it\/machines\/macchine-per-la-produzione-di-sacchetti-di-carta\/macchine-per-sacchetti-a-fondo-piatto\/holweg-model-rs2-p\/","title":{"rendered":"Holweg modello RS2-P"},"content":{"rendered":"<div class=\"wpb-content-wrapper\"><p>[vc_row content_placement=&#8221;top&#8221;][vc_column css=&#8221;.vc_custom_1532433256788{margin-right: 15px !important;}&#8221; offset=&#8221;vc_col-md-8&#8243;]\n\t\t<div id=\"wd-6943fcff5f8ef\" class=\"title-wrapper wd-wpb wd-set-mb reset-last-child  wd-rs-6943fcff5f8ef wd-title-color-default wd-title-style-default text-left vc_custom_1766063366920 wd-underline-colored\">\n\t\t\t\n\t\t\t<div class=\"liner-continer\">\n\t\t\t\t<h4 class=\"woodmart-title-container title  wd-font-weight-600 wd-fontsize-m\" >Holweg modello RS2-P<\/h4>\n\t\t\t\t\t\t\t<\/div>\n\t\t\t\n\t\t\t\n\t\t\t\n\t\t<\/div>\n\t\t\n\t\t[vc_row_inner css=&#8221;.vc_custom_1628672714565{margin-bottom: 35px !important;border-bottom-width: 0px !important;padding-bottom: 25px !important;border-bottom-color: rgba(129,129,129,0.2) !important;border-bottom-style: solid !important;}&#8221; row_reverse_mobile=&#8221;0&#8243; row_reverse_tablet=&#8221;0&#8243;][vc_column_inner width=&#8221;1\/2&#8243; css=&#8221;.vc_custom_1532346102929{padding-top: 0px !important;}&#8221;][vc_column_text css=&#8221;&#8221; woodmart_inline=&#8221;no&#8221; text_larger=&#8221;no&#8221;]<\/p>\n<ul>\n<li aria-level=\"1\"><b>Marchio: Holweg<\/b><\/li>\n<li aria-level=\"1\"><b>Modello: RS2-P<\/b><\/li>\n<li aria-level=\"1\"><b>Anno: sconosciuto<\/b><\/li>\n<li aria-level=\"1\"><b>Per la produzione di sacchetti di carta piatti e a cartella con o senza finestra<\/b><\/li>\n<li aria-level=\"1\"><span style=\"font-weight: 400;\">Modernizzazione completata con i seguenti aggiornamenti: Sostituzione del sistema di azionamento e controllo principale con unit\u00e0 moderne; Il sistema di alimentazione del materiale \u00e8 stato sostituito con uno classico (alimentazione a ponte); Aggiunta di un&#8217;unit\u00e0 di svolgimento per la produzione di sacchi con una finestra trasparente.<\/span><\/li>\n<li aria-level=\"1\"><span style=\"font-weight: 400;\">Tipo di perforazione<\/span><\/li>\n<li aria-level=\"1\"><span style=\"font-weight: 400;\">Con stampante in linea a 4 colori (2 colori funzionanti)<\/span><\/li>\n<li aria-level=\"1\"><span style=\"font-weight: 400;\">1 cilindro di stampa per cliche da 2,84 mm con una lunghezza di stampa di 360 mm<\/span><\/li>\n<li aria-level=\"1\"><span style=\"font-weight: 400;\">Opzioni: Con un&#8217;unit\u00e0 a finestra<\/span><\/li>\n<li aria-level=\"1\"><span style=\"font-weight: 400;\">Diametro massimo della bobina di carta: 900 mm<\/span><\/li>\n<li aria-level=\"1\"><span style=\"font-weight: 400;\">Diametro massimo della bobina: 600 mm<\/span><\/li>\n<li aria-level=\"1\"><span style=\"font-weight: 400;\">Larghezza minima e massima del sacco: 70 &#8211; 230 mm<\/span><\/li>\n<li aria-level=\"1\"><span style=\"font-weight: 400;\">Lunghezza di taglio minima e massima: 190 &#8211; 680 (la borsa finita sar\u00e0 pi\u00f9 corta di 8-10 mm a causa della formazione della piega inferiore).<\/span><\/li>\n<\/ul>\n<p>[\/vc_column_text][\/vc_column_inner][vc_column_inner width=&#8221;1\/2&#8243; css=&#8221;.vc_custom_1532346106600{padding-top: 0px !important;}&#8221;][vc_column_text css=&#8221;&#8221; woodmart_inline=&#8221;no&#8221; text_larger=&#8221;no&#8221;]<\/p>\n<ul>\n<li style=\"font-weight: 400;\" aria-level=\"1\"><span style=\"font-weight: 400;\">La macchina \u00e8 in grado di produrre 50.000-60.000 sacchetti stampati con una ripetizione (taglio) di 360 mm in un turno di 8 ore.<\/span><\/li>\n<li style=\"font-weight: 400;\" aria-level=\"1\"><span style=\"font-weight: 400;\">Sistema di inchiostrazione con rulli anilox<\/span><\/li>\n<li style=\"font-weight: 400;\" aria-level=\"1\"><span style=\"font-weight: 400;\">Contatore di borse<\/span><\/li>\n<li style=\"font-weight: 400;\" aria-level=\"1\"><span style=\"font-weight: 400;\">Sistema di espulsione pneumatico<\/span><\/li>\n<li style=\"font-weight: 400;\" aria-level=\"1\"><span style=\"font-weight: 400;\">Connessione meccanica tra le sezioni della macchina tramite alberi cardanici<\/span><\/li>\n<li style=\"font-weight: 400;\" aria-level=\"1\"><span style=\"font-weight: 400;\">Sistema di incollaggio: comprende una stazione di incollaggio a caldo per l&#8217;applicazione alle finestre e una stazione di incollaggio longitudinale a base d&#8217;acqua.<\/span><\/li>\n<li style=\"font-weight: 400;\" aria-level=\"1\"><span style=\"font-weight: 400;\">Ingranaggi: 1 x 360, 1 x 380, 1 x 400, 1 x 420, 1 x 460, 1 x 500 mm + 1 x 480 mm senza stampa<\/span><\/li>\n<li style=\"font-weight: 400;\" aria-level=\"1\"><span style=\"font-weight: 400;\">Piastre di formatura: 1 x 70, 1 x 90, 1 x 105, 1 x 205, 1 x 230 mm<\/span><\/li>\n<li style=\"font-weight: 400;\" aria-level=\"1\"><span style=\"font-weight: 400;\">Motore principale: Motore AT132M4, 7,5 kW, 1450 giri\/min, 220\/380 V, 15\/8,6 A<\/span><\/li>\n<li><span style=\"font-weight: 400;\">Velocit\u00e0 di produzione: circa 150 sacchetti\/min (con unit\u00e0 finestra e stampa)<\/span><\/li>\n<li style=\"font-weight: 400;\" aria-level=\"1\"><span style=\"font-weight: 400;\">Visibile in produzione<\/span><\/li>\n<li style=\"font-weight: 400;\" aria-level=\"1\"><span style=\"font-weight: 400;\">Immediatamente disponibile<\/span><\/li>\n<\/ul>\n<p>[\/vc_column_text][\/vc_column_inner][\/vc_row_inner][\/vc_column][vc_column offset=&#8221;vc_col-md-4&#8243;]\t\t\t<div class=\"info-box-wrapper\">\n\t\t\t\t<div id=\"wd-6943fd705442e\" class=\" wd-rs-6943fd705442e wd-info-box wd-wpb text-left box-icon-align-left box-style-shadow color-scheme- wd-bg-none wd-off-anim wpb_animate_when_almost_visible wpb_bounceIn bounceIn wd-anim-name_bounceIn wd-items-top \">\n\t\t\t\t\t\t\t\t\t\t<div class=\"info-box-content\">\n\t\t\t\t\t\t<div class=\"info-box-subtitle subtitle-color-default wd-fontsize-xs subtitle-style-default\">Informazioni sul modello Holweg RS2-P<\/div><h4 class=\"info-box-title title box-title-style-default wd-fontsize-m\">Informazioni sulla posizione<\/h4>\t\t\t\t\t\t<div class=\"info-box-inner reset-last-child\"><p>Disponibile nella regione: <strong style=\"color: blue;\"><a href=\"https:\/\/cbscompany.com\/it\/il-mio-account\/?redirect_to=%2Fit%2Fwp-json%2Fwp%2Fv2%2Fproduct%2F384027\" class=\"simplemodal-login\">Accedi per vedere la posizione<\/a><\/strong><\/p>\n<\/div>\n\n\t\t\t\t\t\t\t\t\t\t\t<\/div>\n\n\t\t\t\t\t\n\t\t\t\t\t<style>#wd-6943fd705442e .info-box-icon {background-color:  !important;}<\/style>\t\t\t\t<\/div>\n\t\t\t<\/div>\n\t\t[\/vc_column][\/vc_row]<\/p>\n<\/div>","protected":false},"excerpt":{"rendered":"<p>Il modello RS2-P di Holweg \u00e8 una macchina per la stampa di buste e cartelle dotata di unit\u00e0 finestra. La macchina \u00e8 stata recentemente aggiornata ed \u00e8 in grado di produrre <span style=\"font-weight: 400;\">50.000-60.000 buste stampate con una ripetizione (taglio) di 360 mm in un turno di 8 ore.<\/span> <\/p>\n","protected":false},"featured_media":384019,"comment_status":"closed","ping_status":"closed","template":"","meta":{"_acf_changed":false,"om_disable_all_campaigns":false},"year-of-production":[],"product_brand":[],"product_cat":[1789,1794],"product_tag":[3823,3825,2313,3824,2044],"class_list":{"0":"post-384027","1":"product","2":"type-product","3":"status-publish","4":"has-post-thumbnail","6":"product_cat-macchine-per-la-produzione-di-sacchetti-di-carta","7":"product_cat-macchine-per-sacchetti-a-fondo-piatto","8":"product_tag-4-colors-in-line-printer","9":"product_tag-bridge-type-feed","10":"product_tag-holweg-it","11":"product_tag-rs2-p","12":"product_tag-window-unit-it","14":"first","15":"instock","16":"sold-individually","17":"shipping-taxable","18":"purchasable","19":"product-type-simple"},"acf":[],"_links":{"self":[{"href":"https:\/\/cbscompany.com\/it\/wp-json\/wp\/v2\/product\/384027","targetHints":{"allow":["GET"]}}],"collection":[{"href":"https:\/\/cbscompany.com\/it\/wp-json\/wp\/v2\/product"}],"about":[{"href":"https:\/\/cbscompany.com\/it\/wp-json\/wp\/v2\/types\/product"}],"replies":[{"embeddable":true,"href":"https:\/\/cbscompany.com\/it\/wp-json\/wp\/v2\/comments?post=384027"}],"wp:featuredmedia":[{"embeddable":true,"href":"https:\/\/cbscompany.com\/it\/wp-json\/wp\/v2\/media\/384019"}],"wp:attachment":[{"href":"https:\/\/cbscompany.com\/it\/wp-json\/wp\/v2\/media?parent=384027"}],"wp:term":[{"taxonomy":"year-of-production","embeddable":true,"href":"https:\/\/cbscompany.com\/it\/wp-json\/wp\/v2\/year-of-production?post=384027"},{"taxonomy":"product_brand","embeddable":true,"href":"https:\/\/cbscompany.com\/it\/wp-json\/wp\/v2\/product_brand?post=384027"},{"taxonomy":"product_cat","embeddable":true,"href":"https:\/\/cbscompany.com\/it\/wp-json\/wp\/v2\/product_cat?post=384027"},{"taxonomy":"product_tag","embeddable":true,"href":"https:\/\/cbscompany.com\/it\/wp-json\/wp\/v2\/product_tag?post=384027"}],"curies":[{"name":"wp","href":"https:\/\/api.w.org\/{rel}","templated":true}]}}