{"id":377499,"date":"2025-12-10T16:06:18","date_gmt":"2025-12-10T15:06:18","guid":{"rendered":"https:\/\/cbscompany.com\/machines\/senza-categoria\/bimec-tca-64c-year-2017\/"},"modified":"2026-04-06T13:29:15","modified_gmt":"2026-04-06T12:29:15","slug":"bimec-tca-64c-year-2017","status":"publish","type":"product","link":"https:\/\/cbscompany.com\/it\/machines\/taglierine-e-rifilatrici\/taglia-ribobinatrici\/bimec-tca-64c-year-2017\/","title":{"rendered":"Bimec TCA\/64C anno 2017"},"content":{"rendered":"<div class=\"wpb-content-wrapper\"><p>[vc_row content_placement=&#8221;top&#8221;][vc_column css=&#8221;.vc_custom_1532433256788{margin-right: 15px !important;}&#8221; offset=&#8221;vc_col-md-8&#8243;]\n\t\t<div id=\"wd-693985d646d6c\" class=\"title-wrapper wd-wpb wd-set-mb reset-last-child  wd-rs-693985d646d6c wd-title-color-default wd-title-style-default text-left vc_custom_1765377502761 wd-underline-colored\">\n\t\t\t\n\t\t\t<div class=\"liner-continer\">\n\t\t\t\t<h4 class=\"woodmart-title-container title  wd-font-weight-600 wd-fontsize-m\" >Bimec TCA\/64C anno 2017<\/h4>\n\t\t\t\t\t\t\t<\/div>\n\t\t\t\n\t\t\t\n\t\t\t\n\t\t<\/div>\n\t\t\n\t\t[vc_row_inner css=&#8221;.vc_custom_1628672714565{margin-bottom: 35px !important;border-bottom-width: 0px !important;padding-bottom: 25px !important;border-bottom-color: rgba(129,129,129,0.2) !important;border-bottom-style: solid !important;}&#8221; row_reverse_mobile=&#8221;0&#8243; row_reverse_tablet=&#8221;0&#8243;][vc_column_inner width=&#8221;1\/2&#8243; css=&#8221;.vc_custom_1532346102929{padding-top: 0px !important;}&#8221;][vc_column_text css=&#8221;&#8221; woodmart_inline=&#8221;no&#8221; text_larger=&#8221;no&#8221;]<\/p>\n<ul>\n<li aria-level=\"1\"><b>Marchio: Bimec<\/b><\/li>\n<li aria-level=\"1\"><b>Modello: TCA\/64C<\/b><\/li>\n<li aria-level=\"1\"><b>Anno: 2017<\/b><\/li>\n<li aria-level=\"1\"><span style=\"font-weight: 400;\">Materiali: LDPE, BOPP, OPP, CPP, PET, PVC, PET+ALU+LDPE, HDPE<\/span><\/li>\n<li aria-level=\"1\"><span style=\"font-weight: 400;\">Avvolgitore a doppia torretta<\/span><\/li>\n<li aria-level=\"1\"><span style=\"font-weight: 400;\">Larghezza massima: 1350 mm<\/span><\/li>\n<li aria-level=\"1\"><span style=\"font-weight: 400;\">Diametro massimo del rullo madre: 1000 mm<\/span><\/li>\n<li aria-level=\"1\"><span style=\"font-weight: 400;\">Diametro massimo del rotolo finito: 610 mm<\/span><\/li>\n<li aria-level=\"1\"><span style=\"font-weight: 400;\">Peso massimo della bobina madre: 1500 kg<\/span><\/li>\n<li aria-level=\"1\"><span style=\"font-weight: 400;\">Larghezza minima di taglio: 45 mm (il proprietario ha utilizzato con successo larghezze di 36 mm e 42 mm per il confezionamento del t\u00e8)<\/span><\/li>\n<li aria-level=\"1\"><span style=\"font-weight: 400;\">Sistema per il sollevamento dei rotoli e il movimento delle braccia<\/span><\/li>\n<li aria-level=\"1\"><span style=\"font-weight: 400;\">Mandrino svolgitore senza albero &#8211; 76 e adattatori per mandrino da 152 mm<\/span><\/li>\n<li aria-level=\"1\"><span style=\"font-weight: 400;\">Anima dell&#8217;albero riavvolgitore: 76 mm<\/span><\/li>\n<li aria-level=\"1\"><span style=\"font-weight: 400;\">Spostamento laterale del cavalletto di sbarco: \u00b150<\/span><\/li>\n<li aria-level=\"1\"><span style=\"font-weight: 400;\">Motore asincrono CA principale <\/span><\/li>\n<li aria-level=\"1\"><span style=\"font-weight: 400;\">Riavvolgimento del motore asincrono AC. <\/span><\/li>\n<li aria-level=\"1\"><span style=\"font-weight: 400;\">Torretta rotante con motoriduttore AC.   <\/span><\/li>\n<li aria-level=\"1\"><span style=\"font-weight: 400;\">Sistema di guida automatica del nastro FIFE con sensore di linea SE-46C<\/span><\/li>\n<li aria-level=\"1\"><span style=\"font-weight: 400;\">Freno pneumatico servoventilato<\/span><\/li>\n<li aria-level=\"1\"><span style=\"font-weight: 400;\">Controllo della tensione di svolgimento tramite rullo ballerino<\/span><\/li>\n<li><span style=\"font-weight: 400;\">12 coltelli femmina inclusi<\/span><\/li>\n<\/ul>\n<p>[\/vc_column_text][\/vc_column_inner][vc_column_inner width=&#8221;1\/2&#8243; css=&#8221;.vc_custom_1532346106600{padding-top: 0px !important;}&#8221;][vc_column_text css=&#8221;&#8221; woodmart_inline=&#8221;no&#8221; text_larger=&#8221;no&#8221;]<\/p>\n<ul>\n<li style=\"font-weight: 400;\" aria-level=\"1\"><span style=\"font-weight: 400;\">Porta lamette manuale digitale e sistema di posizionamento dei coltelli femminili (tramite puntatore laser)<\/span><\/li>\n<li style=\"font-weight: 400;\" aria-level=\"1\"><span style=\"font-weight: 400;\">Scaricatore AR5C (4 Kw) con tubi, ugelli e silenziatore<\/span><\/li>\n<li style=\"font-weight: 400;\" aria-level=\"1\"><span style=\"font-weight: 400;\">Controllo della tensione di riavvolgimento programmabile<\/span><\/li>\n<li style=\"font-weight: 400;\" aria-level=\"1\"><span style=\"font-weight: 400;\">Sistema di taglio trasversale in fase di riavvolgimento<\/span><\/li>\n<li style=\"font-weight: 400;\" aria-level=\"1\"><span style=\"font-weight: 400;\">Sistema di controllo computerizzato e pannello operatore (touch screen Siemens 12&#8221;)<\/span><\/li>\n<li style=\"font-weight: 400;\" aria-level=\"1\"><span style=\"font-weight: 400;\">Portata massima per albero 300 kg in caso di multislittamento; 230 kg in caso di taglio in 2 bobine finite.<\/span><\/li>\n<li style=\"font-weight: 400;\" aria-level=\"1\"><span style=\"font-weight: 400;\">Sistema di posizionamento del nucleo attraverso un sistema manuale a raggi laser<\/span><\/li>\n<li style=\"font-weight: 400;\" aria-level=\"1\"><span style=\"font-weight: 400;\">Set di barre antistatiche completo di alimentatore<\/span><\/li>\n<li style=\"font-weight: 400;\" aria-level=\"1\"><span style=\"font-weight: 400;\">Cavalletto laterale modello SBP 1.0 con rotazione di 45<\/span><span style=\"font-weight: 400;\">rotazione di 45\u00b0 rispetto all&#8217;asse verticale per lo scarico rapido dei rotoli riavvolti (fino a 900 mm di larghezza del nastro)<\/span><\/li>\n<li style=\"font-weight: 400;\" aria-level=\"1\"><span style=\"font-weight: 400;\">Scheda Ethernet per guasti\/aiuto a distanza da parte dei tecnici Bimec o dell&#8217;azienda (solo per la diagnostica del PLC)<\/span><\/li>\n<li style=\"font-weight: 400;\" aria-level=\"1\"><span style=\"font-weight: 400;\">Pannello di controllo incorporato nella macchina<\/span><\/li>\n<li style=\"font-weight: 400;\" aria-level=\"1\"><span style=\"font-weight: 400;\">Tutti i driver sono Parker e Siemens. L&#8217;HMI \u00e8 Siemens <\/span><\/li>\n<li style=\"font-weight: 400;\" aria-level=\"1\"><span style=\"font-weight: 400;\">Velocit\u00e0: 600 m\/min<\/span><\/li>\n<li aria-level=\"1\"><span style=\"font-weight: 400;\">Nessun certificato CE<\/span><\/li>\n<li style=\"font-weight: 400;\" aria-level=\"1\"><span style=\"font-weight: 400;\">Tensione: 400 V, 3 fasi, 50 Hz. (L1 + L2 + L3 + PE, senza neutro) <\/span><\/li>\n<li style=\"font-weight: 400;\" aria-level=\"1\"><span style=\"font-weight: 400;\">Visibile in produzione<\/span><\/li>\n<li style=\"font-weight: 400;\" aria-level=\"1\"><span style=\"font-weight: 400;\">Immediatamente disponibile<\/span><\/li>\n<\/ul>\n<p>[\/vc_column_text][\/vc_column_inner][\/vc_row_inner][\/vc_column][vc_column offset=&#8221;vc_col-md-4&#8243;]\t\t\t<div class=\"info-box-wrapper\">\n\t\t\t\t<div id=\"wd-6939887c1346a\" class=\" wd-rs-6939887c1346a wd-info-box wd-wpb text-left box-icon-align-left box-style-shadow color-scheme- wd-bg-none wd-off-anim wpb_animate_when_almost_visible wpb_bounceIn bounceIn wd-anim-name_bounceIn wd-items-top \">\n\t\t\t\t\t\t\t\t\t\t<div class=\"info-box-content\">\n\t\t\t\t\t\t<div class=\"info-box-subtitle subtitle-color-default wd-fontsize-xs subtitle-style-default\">Informazioni su Bimec TCA\/64C anno 2017<\/div><h4 class=\"info-box-title title box-title-style-default wd-fontsize-m\">Informazioni sulla posizione<\/h4>\t\t\t\t\t\t<div class=\"info-box-inner reset-last-child\"><p>Disponibile nella regione: <strong style=\"color: blue;\"><a href=\"https:\/\/cbscompany.com\/it\/il-mio-account\/?redirect_to=%2Fit%2Fwp-json%2Fwp%2Fv2%2Fproduct%2F377499\" class=\"simplemodal-login\">Accedi per vedere la posizione<\/a><\/strong><\/p>\n<\/div>\n\n\t\t\t\t\t\t\t\t\t\t\t<\/div>\n\n\t\t\t\t\t\n\t\t\t\t\t<style>#wd-6939887c1346a .info-box-icon {background-color:  !important;}<\/style>\t\t\t\t<\/div>\n\t\t\t<\/div>\n\t\t[\/vc_column][\/vc_row]<\/p>\n<\/div>","protected":false},"excerpt":{"rendered":"<p>Bimec TCA\/64C \u00e8 una taglierina ribobinatrice progettata per lavorare con LDPE, BOPP, OPP, CPP, PET, PVC, PET+ALU+LDPE, HDPE. La velocit\u00e0 massima della macchina \u00e8 di<span style=\"font-weight: 400;\"> 600 metri al minuto. <\/span>  <\/p>\n","protected":false},"featured_media":385050,"comment_status":"closed","ping_status":"closed","template":"","meta":{"_acf_changed":false,"om_disable_all_campaigns":false},"year-of-production":[],"product_brand":[],"product_cat":[1799,1800],"product_tag":[2169,3811,3813,2107,3812],"class_list":{"0":"post-377499","1":"product","2":"type-product","3":"status-publish","4":"has-post-thumbnail","6":"product_cat-taglierine-e-rifilatrici","7":"product_cat-taglia-ribobinatrici","8":"product_tag-year-2017-it","9":"product_tag-bimec","10":"product_tag-maximum-width-1350-mm","11":"product_tag-slitter-it","12":"product_tag-tca-64c","14":"first","15":"instock","16":"sold-individually","17":"shipping-taxable","18":"purchasable","19":"product-type-simple"},"acf":[],"_links":{"self":[{"href":"https:\/\/cbscompany.com\/it\/wp-json\/wp\/v2\/product\/377499","targetHints":{"allow":["GET"]}}],"collection":[{"href":"https:\/\/cbscompany.com\/it\/wp-json\/wp\/v2\/product"}],"about":[{"href":"https:\/\/cbscompany.com\/it\/wp-json\/wp\/v2\/types\/product"}],"replies":[{"embeddable":true,"href":"https:\/\/cbscompany.com\/it\/wp-json\/wp\/v2\/comments?post=377499"}],"wp:featuredmedia":[{"embeddable":true,"href":"https:\/\/cbscompany.com\/it\/wp-json\/wp\/v2\/media\/385050"}],"wp:attachment":[{"href":"https:\/\/cbscompany.com\/it\/wp-json\/wp\/v2\/media?parent=377499"}],"wp:term":[{"taxonomy":"year-of-production","embeddable":true,"href":"https:\/\/cbscompany.com\/it\/wp-json\/wp\/v2\/year-of-production?post=377499"},{"taxonomy":"product_brand","embeddable":true,"href":"https:\/\/cbscompany.com\/it\/wp-json\/wp\/v2\/product_brand?post=377499"},{"taxonomy":"product_cat","embeddable":true,"href":"https:\/\/cbscompany.com\/it\/wp-json\/wp\/v2\/product_cat?post=377499"},{"taxonomy":"product_tag","embeddable":true,"href":"https:\/\/cbscompany.com\/it\/wp-json\/wp\/v2\/product_tag?post=377499"}],"curies":[{"name":"wp","href":"https:\/\/api.w.org\/{rel}","templated":true}]}}