{"id":273226,"date":"2025-08-06T13:36:28","date_gmt":"2025-08-06T12:36:28","guid":{"rendered":"https:\/\/cbscompany.com\/machines\/senza-categoria\/uteco-amethyst-140-ci-8-colors-for-paper-year-2002\/"},"modified":"2026-04-06T13:30:25","modified_gmt":"2026-04-06T12:30:25","slug":"uteco-amethyst-140-ci-8-colors-for-paper-year-2002","status":"publish","type":"product","link":"https:\/\/cbscompany.com\/it\/machines\/stampanti-flexo\/stampanti-flessografiche-a-tamburo-centrale-c-i-per-carta\/uteco-amethyst-140-ci-8-colors-for-paper-year-2002\/","title":{"rendered":"Uteco Amethyst 140 CI 8 colori per carta anno 2002"},"content":{"rendered":"<div class=\"wpb-content-wrapper\"><p>[vc_row content_placement=&#8221;top&#8221;][vc_column css=&#8221;.vc_custom_1532433256788{margin-right: 15px !important;}&#8221; offset=&#8221;vc_col-md-8&#8243;]\n\t\t<div id=\"wd-689347ca56e3a\" class=\"title-wrapper wd-wpb wd-set-mb reset-last-child  wd-rs-689347ca56e3a wd-title-color-default wd-title-style-default text-left vc_custom_1754482640334 wd-underline-colored\">\n\t\t\t\n\t\t\t<div class=\"liner-continer\">\n\t\t\t\t<h4 class=\"woodmart-title-container title  wd-font-weight-600 wd-fontsize-m\" >Uteco Amethyst 140 CI 8 colori per carta anno 2002<\/h4>\n\t\t\t\t\t\t\t<\/div>\n\t\t\t\n\t\t\t\n\t\t\t\n\t\t<\/div>\n\t\t\n\t\t[vc_row_inner css=&#8221;.vc_custom_1628672714565{margin-bottom: 35px !important;border-bottom-width: 0px !important;padding-bottom: 25px !important;border-bottom-color: rgba(129,129,129,0.2) !important;border-bottom-style: solid !important;}&#8221; row_reverse_mobile=&#8221;0&#8243; row_reverse_tablet=&#8221;0&#8243;][vc_column_inner width=&#8221;1\/2&#8243; css=&#8221;.vc_custom_1532346102929{padding-top: 0px !important;}&#8221;][vc_column_text css=&#8221;&#8221; woodmart_inline=&#8221;no&#8221; text_larger=&#8221;no&#8221;]<\/p>\n<ul>\n<li aria-level=\"1\"><b>Marchio: Uteco<\/b><\/li>\n<li aria-level=\"1\"><b>Modello: Ametista 140<\/b><\/li>\n<li aria-level=\"1\"><b>Anno: 2002<\/b><\/li>\n<li aria-level=\"1\"><b>Tamburo centrale  <\/b><\/li>\n<li aria-level=\"1\"><b>8 colori (7 colori attualmente funzionanti)<\/b><\/li>\n<li aria-level=\"1\"><span style=\"font-weight: 400;\">Con ingranaggi (non senza ingranaggi)<\/span><\/li>\n<li aria-level=\"1\"><span style=\"font-weight: 400;\">Larghezza del nastro: 1450 mm<\/span><\/li>\n<li aria-level=\"1\"><span style=\"font-weight: 400;\">Larghezza di stampa: 1400 mm<\/span><\/li>\n<li aria-level=\"1\"><span style=\"font-weight: 400;\">Ripetizione di stampa minima e massima: 400 &#8211; 800 mm<\/span><\/li>\n<li aria-level=\"1\"><span style=\"font-weight: 400;\">Svolgitore singolo, diametro massimo della bobina: 1250 mm<\/span><\/li>\n<li aria-level=\"1\"><span style=\"font-weight: 400;\">Avvolgitore singolo, diametro massimo della bobina: 1250 mm<\/span><\/li>\n<li aria-level=\"1\"><span style=\"font-weight: 400;\">2 zone di essiccazione (CI e tunnel) con controllo indipendente<\/span><\/li>\n<li><span style=\"font-weight: 400;\">Videocamera: Selectra<\/span><\/li>\n<li><span style=\"font-weight: 400;\">Guide web: s\u00ec, prima dell&#8217;avvolgimento<\/span><\/li>\n<\/ul>\n<p>[\/vc_column_text][\/vc_column_inner][vc_column_inner width=&#8221;1\/2&#8243; css=&#8221;.vc_custom_1532346106600{padding-top: 0px !important;}&#8221;][vc_column_text css=&#8221;&#8221; woodmart_inline=&#8221;no&#8221; text_larger=&#8221;no&#8221;]<\/p>\n<ul>\n<li style=\"font-weight: 400;\" aria-level=\"1\"><span style=\"font-weight: 400;\">Cambio rapido della manica: s\u00ec<\/span><\/li>\n<li style=\"font-weight: 400;\" aria-level=\"1\"><span style=\"font-weight: 400;\">Supervisione del computer: s\u00ec<\/span><\/li>\n<li style=\"font-weight: 400;\" aria-level=\"1\"><span style=\"font-weight: 400;\">Anilox: 2 x 60 linee\/cm-Vol 20 cm3\/m2; 3 x 80 l\/cm-vol 18; 2 x 100 l\/cm-vol 18; 4 x 100 l\/cm-vol 15; 2 x 120 l\/cm-vol 12,5; 4 x 220 l\/cm-vol 8; 4 x 320 l\/cm-vol 5,2  <\/span><\/li>\n<li style=\"font-weight: 400;\" aria-level=\"1\"><span style=\"font-weight: 400;\">Maniche: 11 x 40, 7 x 45, 12 x 50, 4 x 52, 12 x 55, 7 x 60, 7 x 65, 8 x 70 cm  <\/span><\/li>\n<li style=\"font-weight: 400;\" aria-level=\"1\"><span style=\"font-weight: 400;\">Ingranaggi: 8 x 40, 8 x 45, 8 x 50, 4 x 52, 8 x 55, 8 x 60, 8 x 65, 8 x 70 cm<\/span><\/li>\n<li style=\"font-weight: 400;\" aria-level=\"1\"><span style=\"font-weight: 400;\">Sistema di taglio in linea 2 coltelli con aspirazione &#8211; termoregolazione per tamburo CI<\/span><\/li>\n<li style=\"font-weight: 400;\" aria-level=\"1\"><span style=\"font-weight: 400;\">Dimensioni H x L: 5250 x 14200 mm<\/span><\/li>\n<li style=\"font-weight: 400;\" aria-level=\"1\"><span style=\"font-weight: 400;\">Visibile in produzione<\/span><\/li>\n<li style=\"font-weight: 400;\" aria-level=\"1\"><span style=\"font-weight: 400;\">Immediatamente disponibile<\/span><\/li>\n<\/ul>\n<p>[\/vc_column_text][\/vc_column_inner][\/vc_row_inner][\/vc_column][vc_column offset=&#8221;vc_col-md-4&#8243;]\t\t\t<div class=\"info-box-wrapper\">\n\t\t\t\t<div id=\"wd-68934c1522867\" class=\" wd-rs-68934c1522867 wd-info-box wd-wpb text-left box-icon-align-left box-style-shadow color-scheme- wd-bg-none wd-off-anim wpb_animate_when_almost_visible wpb_bounceIn bounceIn wd-anim-name_bounceIn wd-items-top \">\n\t\t\t\t\t\t\t\t\t\t<div class=\"info-box-content\">\n\t\t\t\t\t\t<div class=\"info-box-subtitle subtitle-color-default wd-fontsize-xs subtitle-style-default\">Informazioni su Uteco Amethyst 140 CI 8 colori per carta anno 2002<\/div><h4 class=\"info-box-title title box-title-style-default wd-fontsize-m\">Informazioni sulla posizione<\/h4>\t\t\t\t\t\t<div class=\"info-box-inner reset-last-child\"><p>Disponibile nella regione: <strong style=\"color: blue;\"><a href=\"https:\/\/cbscompany.com\/it\/il-mio-account\/?redirect_to=%2Fit%2Fwp-json%2Fwp%2Fv2%2Fproduct%2F273226\" class=\"simplemodal-login\">Accedi per vedere la posizione<\/a><\/strong><\/p>\n<\/div>\n\n\t\t\t\t\t\t\t\t\t\t\t<\/div>\n\n\t\t\t\t\t\n\t\t\t\t\t<style>#wd-68934c1522867 .info-box-icon {background-color:  !important;}<\/style>\t\t\t\t<\/div>\n\t\t\t<\/div>\n\t\t[\/vc_column][\/vc_row]<\/p>\n<\/div>","protected":false},"excerpt":{"rendered":"<p>Uteco Amethyst 140 \u00e8 una stampante flessografica progettata per la carta. La macchina \u00e8 dotata di tamburo centrale e la larghezza del nastro \u00e8 di 1450 mm. <\/p>\n","protected":false},"featured_media":273172,"comment_status":"closed","ping_status":"closed","template":"","meta":{"_acf_changed":false,"om_disable_all_campaigns":false},"year-of-production":[],"product_brand":[],"product_cat":[1698,1699],"product_tag":[3572,2114,3425,3546,2088],"class_list":{"0":"post-273226","1":"product","2":"type-product","3":"status-publish","4":"has-post-thumbnail","6":"product_cat-stampanti-flexo","7":"product_cat-stampanti-flessografiche-a-tamburo-centrale-c-i-per-carta","8":"product_tag-amethyst-140-it","9":"product_tag-year-2002-it","10":"product_tag-with-gears-it","11":"product_tag-central-drum-it-2","12":"product_tag-uteco-it","14":"first","15":"instock","16":"sold-individually","17":"shipping-taxable","18":"purchasable","19":"product-type-simple"},"acf":[],"_links":{"self":[{"href":"https:\/\/cbscompany.com\/it\/wp-json\/wp\/v2\/product\/273226","targetHints":{"allow":["GET"]}}],"collection":[{"href":"https:\/\/cbscompany.com\/it\/wp-json\/wp\/v2\/product"}],"about":[{"href":"https:\/\/cbscompany.com\/it\/wp-json\/wp\/v2\/types\/product"}],"replies":[{"embeddable":true,"href":"https:\/\/cbscompany.com\/it\/wp-json\/wp\/v2\/comments?post=273226"}],"wp:featuredmedia":[{"embeddable":true,"href":"https:\/\/cbscompany.com\/it\/wp-json\/wp\/v2\/media\/273172"}],"wp:attachment":[{"href":"https:\/\/cbscompany.com\/it\/wp-json\/wp\/v2\/media?parent=273226"}],"wp:term":[{"taxonomy":"year-of-production","embeddable":true,"href":"https:\/\/cbscompany.com\/it\/wp-json\/wp\/v2\/year-of-production?post=273226"},{"taxonomy":"product_brand","embeddable":true,"href":"https:\/\/cbscompany.com\/it\/wp-json\/wp\/v2\/product_brand?post=273226"},{"taxonomy":"product_cat","embeddable":true,"href":"https:\/\/cbscompany.com\/it\/wp-json\/wp\/v2\/product_cat?post=273226"},{"taxonomy":"product_tag","embeddable":true,"href":"https:\/\/cbscompany.com\/it\/wp-json\/wp\/v2\/product_tag?post=273226"}],"curies":[{"name":"wp","href":"https:\/\/api.w.org\/{rel}","templated":true}]}}