{"id":230437,"date":"2025-06-05T08:47:08","date_gmt":"2025-06-05T07:47:08","guid":{"rendered":"https:\/\/cbscompany.com\/machines\/senza-categoria\/newlong-150-y2-with-2-colors-in-line-printer-refurbished-in-2009-by-newlong\/"},"modified":"2026-04-28T11:22:29","modified_gmt":"2026-04-28T10:22:29","slug":"newlong-150-y2-with-2-colors-in-line-printer-refurbished-in-2009-by-newlong","status":"publish","type":"product","link":"https:\/\/cbscompany.com\/it\/machines\/macchine-per-la-produzione-di-sacchetti-di-carta\/macchine-per-sacchetti-sos\/newlong-150-y2-with-2-colors-in-line-printer-refurbished-in-2009-by-newlong\/","title":{"rendered":"Newlong 150-Y2 con stampante in linea a 2 colori rinnovata nel 2009 da Newlong"},"content":{"rendered":"<div class=\"wpb-content-wrapper\"><p>[vc_row content_placement=&#8221;top&#8221;][vc_column css=&#8221;.vc_custom_1532433256788{margin-right: 15px !important;}&#8221; offset=&#8221;vc_col-md-8&#8243;]\n\t\t<div id=\"wd-667014285cfef\" class=\"title-wrapper wd-wpb wd-set-mb reset-last-child  wd-rs-667014285cfef wd-title-color-default wd-title-style-default text-left vc_custom_1718621214196 wd-underline-colored\">\n\t\t\t\n\t\t\t<div class=\"liner-continer\">\n\t\t\t\t<h4 class=\"woodmart-title-container title  wd-font-weight-600 wd-fontsize-m\" >Newlong 150-Y2 con stampante in linea a 2 colori rinnovata nel 2009 da Newlong<\/h4>\n\t\t\t\t\t\t\t<\/div>\n\t\t\t\n\t\t\t\n\t\t\t\n\t\t<\/div>\n\t\t\n\t\t[vc_row_inner css=&#8221;.vc_custom_1628672714565{margin-bottom: 35px !important;border-bottom-width: 0px !important;padding-bottom: 25px !important;border-bottom-color: rgba(129,129,129,0.2) !important;border-bottom-style: solid !important;}&#8221; row_reverse_mobile=&#8221;0&#8243; row_reverse_tablet=&#8221;0&#8243;][vc_column_inner width=&#8221;1\/2&#8243; css=&#8221;.vc_custom_1532346102929{padding-top: 0px !important;}&#8221;][vc_column_text woodmart_inline=&#8221;no&#8221; text_larger=&#8221;no&#8221;]<\/p>\n<ul>\n<li><b>Marca: Newlong machine works<\/b><\/li>\n<li><b>Modello: NL-150-Y2<\/b><\/li>\n<li><b>Anno di produzione: sconosciuto<\/b><\/li>\n<li><strong>Uno strato<\/strong><\/li>\n<li><span style=\"font-weight: 400;\">La macchina \u00e8 stata rimessa a nuovo da Newlong nel 2009 (parte elettrica).<\/span><\/li>\n<li><span style=\"font-weight: 400;\">Il nastro di raccolta \u00e8 stato rimesso a nuovo nel 2023<\/span><\/li>\n<li><span style=\"font-weight: 400;\">Larghezza minima &#8211; massima del sacco: 80 &#8211; 150 mm<\/span><\/li>\n<li style=\"font-weight: 400;\" aria-level=\"1\"><span style=\"font-weight: 400;\">Larghezza minima &#8211; massima del soffietto: 50 &#8211; 100 mm<\/span><\/li>\n<li aria-level=\"1\"><span style=\"font-weight: 400;\">Lunghezza di taglio minima e massima: 150 &#8211; 360 mm<\/span><\/li>\n<li aria-level=\"1\"><span style=\"font-weight: 400;\">Diametro massimo della bobina: 1200 mm<\/span><\/li>\n<\/ul>\n<p>[\/vc_column_text][\/vc_column_inner][vc_column_inner width=&#8221;1\/2&#8243; css=&#8221;.vc_custom_1532346106600{padding-top: 0px !important;}&#8221;][vc_column_text css=&#8221;&#8221; woodmart_inline=&#8221;no&#8221; text_larger=&#8221;no&#8221;]<\/p>\n<ul>\n<li><span style=\"font-weight: 400;\">Velocit\u00e0: 170 sacchi\/min<\/span><\/li>\n<li style=\"font-weight: 400;\" aria-level=\"1\"><span style=\"font-weight: 400;\">Velocit\u00e0 meccanica massima: 250 sacchi\/min<\/span><\/li>\n<li style=\"font-weight: 400;\" aria-level=\"1\"><span style=\"font-weight: 400;\">Con fotocellula per bobine prestampate<\/span><\/li>\n<li aria-level=\"1\"><span style=\"font-weight: 400;\">Con stampante flessografica in linea a 2 colori<\/span> <span style=\"font-weight: 400;\">Nuova, anno di ristrutturazione 2009<\/span><\/li>\n<li aria-level=\"1\"><span style=\"font-weight: 400;\">Larghezza di stampa: 600 mm<\/span><\/li>\n<li aria-level=\"1\"><span style=\"font-weight: 400;\">Ripetizioni di stampa minime e massime: 150 &#8211; 360 mm<\/span><\/li>\n<li style=\"font-weight: 400;\" aria-level=\"1\"><span style=\"font-weight: 400;\">Piastre di formatura: 100 mm, 150 mm<\/span><\/li>\n<li aria-level=\"1\"><span style=\"font-weight: 400;\">Ingranaggi: 150 mm, 180 mm, 300 mm<\/span><\/li>\n<li aria-level=\"1\">Smantellato<\/li>\n<li aria-level=\"1\"><span style=\"font-weight: 400;\">Immediatamente disponibile<\/span><\/li>\n<\/ul>\n<p>[\/vc_column_text][\/vc_column_inner][\/vc_row_inner][\/vc_column][vc_column offset=&#8221;vc_col-md-4&#8243;]\t\t\t<div class=\"info-box-wrapper\">\n\t\t\t\t<div id=\"wd-66701443664cf\" class=\" wd-rs-66701443664cf wd-info-box wd-wpb text-left box-icon-align-left box-style-shadow color-scheme- wd-bg-none wd-off-anim wpb_animate_when_almost_visible wpb_bounceIn bounceIn wd-anim-name_bounceIn wd-items-top \">\n\t\t\t\t\t\t\t\t\t\t<div class=\"info-box-content\">\n\t\t\t\t\t\t<div class=\"info-box-subtitle subtitle-color-default wd-fontsize-xs subtitle-style-default\">Informazioni su Newlong 150-Y2 con stampante in linea a 2 colori rinnovata nel 2009 da Newlong<\/div><h4 class=\"info-box-title title box-title-style-default wd-fontsize-m\">Informazioni sulla posizione<\/h4>\t\t\t\t\t\t<div class=\"info-box-inner reset-last-child\"><p>Disponibile nella regione: <strong style=\"color: blue;\"><a href=\"https:\/\/cbscompany.com\/it\/il-mio-account\/?redirect_to=%2Fit%2Fwp-json%2Fwp%2Fv2%2Fproduct%2F230437\" class=\"simplemodal-login\">Accedi per vedere la posizione<\/a><\/strong><\/p>\n<\/div>\n\n\t\t\t\t\t\t\t\t\t\t\t<\/div>\n\n\t\t\t\t\t\n\t\t\t\t\t<style>#wd-66701443664cf .info-box-icon {background-color:  !important;}<\/style>\t\t\t\t<\/div>\n\t\t\t<\/div>\n\t\t[\/vc_column][\/vc_row]<\/p>\n<\/div>","protected":false},"excerpt":{"rendered":"<p>Newlong 150-Y2 \u00e8 una macchina con stampante in linea a 2 colori rinnovata nel 2009 da Newlong. La larghezza di stampa \u00e8 di 600 mm e il diametro massimo della bobina \u00e8 di 1200 mm. La macchina \u00e8 visibile in produzione e immediatamente disponibile.  <\/p>\n","protected":false},"featured_media":222164,"comment_status":"closed","ping_status":"closed","template":"","meta":{"_acf_changed":false,"om_disable_all_campaigns":false},"year-of-production":[],"product_brand":[],"product_cat":[1789,1793,3545],"product_tag":[3595,2174,2321,3400,3401,3596,2633,2187],"class_list":{"0":"post-230437","1":"product","2":"type-product","3":"status-publish","4":"has-post-thumbnail","6":"product_cat-macchine-per-la-produzione-di-sacchetti-di-carta","7":"product_cat-macchine-per-sacchetti-sos","8":"product_cat-top-deal-it","9":"product_tag-print-width-600-mm-it","10":"product_tag-newlong-it","11":"product_tag-newlong-machine-works-it","12":"product_tag-nl-150-y2-it","13":"product_tag-refurbished-in-2009-it","14":"product_tag-sos-it","15":"product_tag-paper-bag-sos-it","16":"product_tag-2-color-in-line-printer-it","18":"first","19":"instock","20":"sale","21":"sold-individually","22":"shipping-taxable","23":"purchasable","24":"product-type-simple"},"acf":[],"_links":{"self":[{"href":"https:\/\/cbscompany.com\/it\/wp-json\/wp\/v2\/product\/230437","targetHints":{"allow":["GET"]}}],"collection":[{"href":"https:\/\/cbscompany.com\/it\/wp-json\/wp\/v2\/product"}],"about":[{"href":"https:\/\/cbscompany.com\/it\/wp-json\/wp\/v2\/types\/product"}],"replies":[{"embeddable":true,"href":"https:\/\/cbscompany.com\/it\/wp-json\/wp\/v2\/comments?post=230437"}],"wp:featuredmedia":[{"embeddable":true,"href":"https:\/\/cbscompany.com\/it\/wp-json\/wp\/v2\/media\/222164"}],"wp:attachment":[{"href":"https:\/\/cbscompany.com\/it\/wp-json\/wp\/v2\/media?parent=230437"}],"wp:term":[{"taxonomy":"year-of-production","embeddable":true,"href":"https:\/\/cbscompany.com\/it\/wp-json\/wp\/v2\/year-of-production?post=230437"},{"taxonomy":"product_brand","embeddable":true,"href":"https:\/\/cbscompany.com\/it\/wp-json\/wp\/v2\/product_brand?post=230437"},{"taxonomy":"product_cat","embeddable":true,"href":"https:\/\/cbscompany.com\/it\/wp-json\/wp\/v2\/product_cat?post=230437"},{"taxonomy":"product_tag","embeddable":true,"href":"https:\/\/cbscompany.com\/it\/wp-json\/wp\/v2\/product_tag?post=230437"}],"curies":[{"name":"wp","href":"https:\/\/api.w.org\/{rel}","templated":true}]}}