{"id":230037,"date":"2025-06-05T08:47:39","date_gmt":"2025-06-05T07:47:39","guid":{"rendered":"https:\/\/cbscompany.com\/machines\/senza-categoria\/somtas-slitter-rewinder-model-slx-1600-year-2015\/"},"modified":"2026-04-06T13:31:16","modified_gmt":"2026-04-06T12:31:16","slug":"somtas-slitter-rewinder-model-slx-1600-year-2015","status":"publish","type":"product","link":"https:\/\/cbscompany.com\/it\/machines\/taglierine-e-rifilatrici\/taglia-ribobinatrici\/somtas-slitter-rewinder-model-slx-1600-year-2015\/","title":{"rendered":"Taglierina ribobinatrice Somtas modello SLX 1600 anno 2015"},"content":{"rendered":"<div class=\"wpb-content-wrapper\"><p>[vc_row content_placement=&#8221;top&#8221;][vc_column css=&#8221;.vc_custom_1532433256788{margin-right: 15px !important;}&#8221; offset=&#8221;vc_col-md-8&#8243;]\n\t\t<div id=\"wd-6720d638c1dc2\" class=\"title-wrapper wd-wpb wd-set-mb reset-last-child  wd-rs-6720d638c1dc2 wd-title-color-default wd-title-style-default text-left vc_custom_1730205201260 wd-underline-colored\">\n\t\t\t\n\t\t\t<div class=\"liner-continer\">\n\t\t\t\t<h4 class=\"woodmart-title-container title  wd-font-weight-600 wd-fontsize-m\" >Taglierina ribobinatrice Somtas modello SLX 1600 anno 2015<\/h4>\n\t\t\t\t\t\t\t<\/div>\n\t\t\t\n\t\t\t\n\t\t\t\n\t\t<\/div>\n\t\t\n\t\t[vc_row_inner css=&#8221;.vc_custom_1628672714565{margin-bottom: 35px !important;border-bottom-width: 0px !important;padding-bottom: 25px !important;border-bottom-color: rgba(129,129,129,0.2) !important;border-bottom-style: solid !important;}&#8221; row_reverse_mobile=&#8221;0&#8243; row_reverse_tablet=&#8221;0&#8243;][vc_column_inner width=&#8221;1\/2&#8243; css=&#8221;.vc_custom_1532346102929{padding-top: 0px !important;}&#8221;][vc_column_text woodmart_inline=&#8221;no&#8221; text_larger=&#8221;no&#8221;]<\/p>\n<ul>\n<li aria-level=\"1\"><b>Marchio: Somtas<\/b><\/li>\n<li aria-level=\"1\"><b>Modello: SLX 1600<\/b><\/li>\n<li aria-level=\"1\"><b>Anno: 2015<\/b><\/li>\n<li aria-level=\"1\"><span style=\"font-weight: 400;\">Larghezza massima della bobina di carta: 1600 mm<\/span><\/li>\n<li aria-level=\"1\"><span style=\"font-weight: 400;\">Diametro massimo della bobina madre: 1200 mm<\/span><\/li>\n<li aria-level=\"1\"><span style=\"font-weight: 400;\">Diametro massimo della bobina finita: 1200 mm<\/span><\/li>\n<li aria-level=\"1\"><span style=\"font-weight: 400;\">Peso massimo della bobina: 1350 kg<\/span><\/li>\n<li aria-level=\"1\"><span style=\"font-weight: 400;\">Materiali: carta da 30 a 250 grammi<\/span><\/li>\n<\/ul>\n<p>[\/vc_column_text][\/vc_column_inner][vc_column_inner width=&#8221;1\/2&#8243; css=&#8221;.vc_custom_1532346106600{padding-top: 0px !important;}&#8221;][vc_column_text woodmart_inline=&#8221;no&#8221; text_larger=&#8221;no&#8221;]<\/p>\n<ul>\n<li style=\"font-weight: 400;\" aria-level=\"1\"><span style=\"font-weight: 400;\">Larghezza minima di taglio: 50 mm  <\/span><\/li>\n<li style=\"font-weight: 400;\" aria-level=\"1\"><span style=\"font-weight: 400;\">Velocit\u00e0 massima: 250 m\/min<\/span><\/li>\n<li style=\"font-weight: 400;\" aria-level=\"1\"><span style=\"font-weight: 400;\">Diametro interno del nucleo: 70 e 76 mm<\/span><\/li>\n<li style=\"font-weight: 400;\" aria-level=\"1\"><span style=\"font-weight: 400;\">Sistema di taglio: con lame circolari<\/span><\/li>\n<li style=\"font-weight: 400;\" aria-level=\"1\"><span style=\"font-weight: 400;\">Numero di lame: 6<\/span><\/li>\n<li style=\"font-weight: 400;\" aria-level=\"1\"><span style=\"font-weight: 400;\">Visibile in funzione<\/span><\/li>\n<li style=\"font-weight: 400;\" aria-level=\"1\"><span style=\"font-weight: 400;\">Immediatamente disponibile<\/span><\/li>\n<\/ul>\n<p>[\/vc_column_text][\/vc_column_inner][\/vc_row_inner][\/vc_column][vc_column offset=&#8221;vc_col-md-4&#8243;]\t\t\t<div class=\"info-box-wrapper\">\n\t\t\t\t<div id=\"wd-6720d63f4c862\" class=\" wd-rs-6720d63f4c862 wd-info-box wd-wpb text-left box-icon-align-left box-style-shadow color-scheme- wd-bg-none wd-off-anim wpb_animate_when_almost_visible wpb_bounceIn bounceIn wd-anim-name_bounceIn wd-items-top \">\n\t\t\t\t\t\t\t\t\t\t<div class=\"info-box-content\">\n\t\t\t\t\t\t<div class=\"info-box-subtitle subtitle-color-default wd-fontsize-xs subtitle-style-default\">Informazioni sulla taglierina ribobinatrice Somtas modello SLX 1600 anno 2015<\/div><h4 class=\"info-box-title title box-title-style-default wd-fontsize-m\">Informazioni sulla posizione<\/h4>\t\t\t\t\t\t<div class=\"info-box-inner reset-last-child\"><p>Disponibile nella regione: <strong style=\"color: blue;\"><a href=\"https:\/\/cbscompany.com\/it\/il-mio-account\/?redirect_to=%2Fit%2Fwp-json%2Fwp%2Fv2%2Fproduct%2F230037\" class=\"simplemodal-login\">Accedi per vedere la posizione<\/a><\/strong><\/p>\n<\/div>\n\n\t\t\t\t\t\t\t\t\t\t\t<\/div>\n\n\t\t\t\t\t\n\t\t\t\t\t<style>#wd-6720d63f4c862 .info-box-icon {background-color:  !important;}<\/style>\t\t\t\t<\/div>\n\t\t\t<\/div>\n\t\t[\/vc_column][\/vc_row]<\/p>\n<\/div>","protected":false},"excerpt":{"rendered":"<p>Somtas SLX 1600 del 2015 \u00e8 una taglierina ribobinatrice e la sua velocit\u00e0 \u00e8 pari a 25<span style=\"font-weight: 400;\">0 m\/min. \u00c8 progettato per lavorare con carta fino a 250 grammi. <\/span><\/p>\n","protected":false},"featured_media":222058,"comment_status":"closed","ping_status":"closed","template":"","meta":{"_acf_changed":false,"om_disable_all_campaigns":false},"year-of-production":[],"product_brand":[],"product_cat":[3545,1799,1800],"product_tag":[3355,3354,2056,2345],"class_list":{"0":"post-230037","1":"product","2":"type-product","3":"status-publish","4":"has-post-thumbnail","6":"product_cat-top-deal-it","7":"product_cat-taglierine-e-rifilatrici","8":"product_cat-taglia-ribobinatrici","9":"product_tag-yaer-2015-it","10":"product_tag-model-slx-1600-it","11":"product_tag-for-paper-it","12":"product_tag-somtas-it","14":"first","15":"instock","16":"sale","17":"sold-individually","18":"shipping-taxable","19":"purchasable","20":"product-type-simple"},"acf":[],"_links":{"self":[{"href":"https:\/\/cbscompany.com\/it\/wp-json\/wp\/v2\/product\/230037","targetHints":{"allow":["GET"]}}],"collection":[{"href":"https:\/\/cbscompany.com\/it\/wp-json\/wp\/v2\/product"}],"about":[{"href":"https:\/\/cbscompany.com\/it\/wp-json\/wp\/v2\/types\/product"}],"replies":[{"embeddable":true,"href":"https:\/\/cbscompany.com\/it\/wp-json\/wp\/v2\/comments?post=230037"}],"wp:featuredmedia":[{"embeddable":true,"href":"https:\/\/cbscompany.com\/it\/wp-json\/wp\/v2\/media\/222058"}],"wp:attachment":[{"href":"https:\/\/cbscompany.com\/it\/wp-json\/wp\/v2\/media?parent=230037"}],"wp:term":[{"taxonomy":"year-of-production","embeddable":true,"href":"https:\/\/cbscompany.com\/it\/wp-json\/wp\/v2\/year-of-production?post=230037"},{"taxonomy":"product_brand","embeddable":true,"href":"https:\/\/cbscompany.com\/it\/wp-json\/wp\/v2\/product_brand?post=230037"},{"taxonomy":"product_cat","embeddable":true,"href":"https:\/\/cbscompany.com\/it\/wp-json\/wp\/v2\/product_cat?post=230037"},{"taxonomy":"product_tag","embeddable":true,"href":"https:\/\/cbscompany.com\/it\/wp-json\/wp\/v2\/product_tag?post=230037"}],"curies":[{"name":"wp","href":"https:\/\/api.w.org\/{rel}","templated":true}]}}