{"id":229886,"date":"2025-06-05T08:49:10","date_gmt":"2025-06-05T07:49:10","guid":{"rendered":"https:\/\/cbscompany.com\/machines\/senza-categoria\/holweg-rs-2-42gl-double-channel-flat-and-satchel-paper-bag-making-machine-year-1988\/"},"modified":"2026-04-28T11:21:25","modified_gmt":"2026-04-28T10:21:25","slug":"holweg-rs-2-42gl-double-channel-flat-and-satchel-paper-bag-making-machine-year-1988","status":"publish","type":"product","link":"https:\/\/cbscompany.com\/it\/machines\/macchine-per-la-produzione-di-sacchetti-di-carta\/macchine-per-sacchetti-a-fondo-piatto\/holweg-rs-2-42gl-double-channel-flat-and-satchel-paper-bag-making-machine-year-1988\/","title":{"rendered":"Holweg RS 21 anno 1988"},"content":{"rendered":"<div class=\"wpb-content-wrapper\"><p>[vc_row content_placement=&#8221;top&#8221;][vc_column css=&#8221;.vc_custom_1532433256788{margin-right: 15px !important;}&#8221; offset=&#8221;vc_col-md-8&#8243;]\n\t\t<div id=\"wd-69b1816076bf7\" class=\"title-wrapper wd-wpb wd-set-mb reset-last-child  wd-rs-69b1816076bf7 wd-title-color-default wd-title-style-default text-left vc_custom_1773240761714 wd-underline-colored\">\n\t\t\t\n\t\t\t<div class=\"liner-continer\">\n\t\t\t\t<h4 class=\"woodmart-title-container title  wd-font-weight-600 wd-fontsize-m\" >Holweg RS 21 anno 1988<\/h4>\n\t\t\t\t\t\t\t<\/div>\n\t\t\t\n\t\t\t\n\t\t\t\n\t\t<\/div>\n\t\t\n\t\t[vc_row_inner css=&#8221;.vc_custom_1628672714565{margin-bottom: 35px !important;border-bottom-width: 0px !important;padding-bottom: 25px !important;border-bottom-color: rgba(129,129,129,0.2) !important;border-bottom-style: solid !important;}&#8221; row_reverse_mobile=&#8221;0&#8243; row_reverse_tablet=&#8221;0&#8243;][vc_column_inner width=&#8221;1\/2&#8243; css=&#8221;.vc_custom_1532346102929{padding-top: 0px !important;}&#8221;][vc_column_text css=&#8221;&#8221; woodmart_inline=&#8221;no&#8221; text_larger=&#8221;no&#8221;]<\/p>\n<ul>\n<li aria-level=\"1\"><b>Marchio: Holweg<\/b><\/li>\n<li aria-level=\"1\"><b>Modello: RS 21<\/b><\/li>\n<li aria-level=\"1\"><b>Anno: 1988<\/b><\/li>\n<li aria-level=\"1\"><b>Per la produzione di sacchetti di carta a fondo piatto con o senza soffietto<\/b><\/li>\n<li aria-level=\"1\"><span style=\"font-weight: 400;\">La macchina \u00e8 stata rinnovata con nuove parti elettriche, nuovo motore principale trifase con inverter, stazione di svolgimento con nuovo sistema di freno elettrico di Renova Italia.<\/span><\/li>\n<li aria-level=\"1\"><b>Con stampante a 4 colori in linea modello IS 80 per una stampa massima di 800 mm<\/b><\/li>\n<li aria-level=\"1\"><b>Maniche di stampa: <\/b><span style=\"font-weight: 400;\"> 4 x 220, 3 x 320, 1 x 370, 1 x 380, 4 x 400, 4 x 430, 4 x 440, 1 x 520, 3 x 520, 3 x 580, 6 x 660, 3 x 680 mm<\/span><\/li>\n<li><b>Piastre di formazione<\/b><span style=\"font-weight: 400;\">: 1 x 90, 1 x 120, 1 x 140, 1 x 150, 1 x 170, 1 x 180, 1 x 200, 1 x 240, 1 x 300 mm. <\/span> <\/li>\n<li aria-level=\"1\">\n \t<\/li>\n<li aria-level=\"1\"><b>Ingranaggi:<\/b><span style=\"font-weight: 400;\"> 320 mm (4 ingranaggi da stampa + 2 ingranaggi da macchina), 340 mm (4 ingranaggi da stampa + 2 ingranaggi da macchina + 1 ingranaggio da stampante), 380 mm (4 ingranaggi da stampa + 2 ingranaggi da macchina + 1 ingranaggio da stampante), 440 mm (4 ingranaggi da stampa + 2 ingranaggi da macchina + 1 ingranaggio da stampante), 520 mm (4 ingranaggi da stampa + 1 ingranaggio da macchina), 580 mm (290): 4 macchine da stampa + 2 macchine + 1 stampante, 680 mm (4 macchine da stampa + 2 macchine + 1 stampante) <\/span> <\/li>\n<\/ul>\n<ul>\n<li style=\"list-style-type: none;\">\n<\/li>\n<\/ul>\n<p>[\/vc_column_text][\/vc_column_inner][vc_column_inner width=&#8221;1\/2&#8243; css=&#8221;.vc_custom_1532346106600{padding-top: 0px !important;}&#8221;][vc_column_text css=&#8221;&#8221; woodmart_inline=&#8221;no&#8221; text_larger=&#8221;no&#8221;]<\/p>\n<ul>\n<li><span style=\"font-weight: 400;\">Nota: non sono incluse le lame per incollare le diverse larghezze.<\/span><\/li>\n<li><span style=\"font-weight: 400;\">Alberi\/adattatori per la stampante: 4 alberi per la stampante, adatti alle maniche di stampa di cui sopra.<\/span><\/li>\n<li aria-level=\"1\"><b>Tipo di perforazione<\/b><\/li>\n<li aria-level=\"1\"><span style=\"font-weight: 400;\">Diametro massimo dello svolgitore: 1200 mm<\/span><\/li>\n<li aria-level=\"1\"><span style=\"font-weight: 400;\">Albero pneumatico per 70 mm  <\/span><\/li>\n<li aria-level=\"1\"><span style=\"font-weight: 400;\">Larghezza massima della carta: 900 mm<\/span><\/li>\n<li aria-level=\"1\"><span style=\"font-weight: 400;\">Larghezza minima &#8211; massima del sacco: 70 &#8211; 340 mm (il proprietario ha prodotto solo un formato su questa macchina 140 mm di larghezza x 260 mm di lunghezza)<\/span><\/li>\n<li aria-level=\"1\"><span style=\"font-weight: 400;\">Lunghezza di taglio: 190 &#8211; 680 mm<\/span><\/li>\n<li aria-level=\"1\"><span style=\"font-weight: 400;\">Lunghezza minima e massima del sacco: 180 &#8211; 670 mm<\/span><\/li>\n<li aria-level=\"1\"><span style=\"font-weight: 400;\">Velocit\u00e0 di lavoro: 400 &#8211; 800 sacchi\/min (a seconda delle dimensioni)<\/span><\/li>\n<li aria-level=\"1\"><span style=\"font-weight: 400;\">Carte: da 30 a 70 gr<\/span><\/li>\n<li aria-level=\"1\"><span style=\"font-weight: 400;\">Visibile in funzione<\/span><\/li>\n<li aria-level=\"1\"><span style=\"font-weight: 400;\">Immediatamente disponibile<\/span><\/li>\n<\/ul>\n<p>[\/vc_column_text][\/vc_column_inner][\/vc_row_inner][\/vc_column][vc_column offset=&#8221;vc_col-md-4&#8243;]\t\t\t<div class=\"info-box-wrapper\">\n\t\t\t\t<div id=\"wd-69b181d228f4f\" class=\" wd-rs-69b181d228f4f wd-info-box wd-wpb text-left box-icon-align-left box-style-shadow color-scheme- wd-bg-none wd-off-anim wpb_animate_when_almost_visible wpb_bounceIn bounceIn wd-anim-name_bounceIn wd-items-top \">\n\t\t\t\t\t\t\t\t\t\t<div class=\"info-box-content\">\n\t\t\t\t\t\t<div class=\"info-box-subtitle subtitle-color-default wd-fontsize-xs subtitle-style-default\">Informazioni su Holweg RS 21 anno 1988<\/div><h4 class=\"info-box-title title box-title-style-default wd-fontsize-m\">Informazioni sulla posizione<\/h4>\t\t\t\t\t\t<div class=\"info-box-inner reset-last-child\"><p>Disponibile nella regione: <strong style=\"color: blue;\"><a href=\"https:\/\/cbscompany.com\/it\/il-mio-account\/?redirect_to=%2Fit%2Fwp-json%2Fwp%2Fv2%2Fproduct%2F229886\" class=\"simplemodal-login\">Accedi per vedere la posizione<\/a><\/strong><\/p>\n<\/div>\n\n\t\t\t\t\t\t\t\t\t\t\t<\/div>\n\n\t\t\t\t\t\n\t\t\t\t\t<style>#wd-69b181d228f4f .info-box-icon {background-color:  !important;}<\/style>\t\t\t\t<\/div>\n\t\t\t<\/div>\n\t\t[\/vc_column][\/vc_row]<\/p>\n<\/div>","protected":false},"excerpt":{"rendered":"<p>La Holweg RS 21 del 1988 \u00e8 una macchina per borse e buste ristrutturata. La macchina \u00e8 dotata di stampante in linea IS 80 ed \u00e8 progettata per produrre 400-800 buste al minuto. <\/p>\n","protected":false},"featured_media":385462,"comment_status":"closed","ping_status":"closed","template":"","meta":{"_acf_changed":false,"om_disable_all_campaigns":false},"year-of-production":[],"product_brand":[],"product_cat":[1789,1794],"product_tag":[2063,2138,2313,3100,2520,2344],"class_list":{"0":"post-229886","1":"product","2":"type-product","3":"status-publish","4":"has-post-thumbnail","6":"product_cat-macchine-per-la-produzione-di-sacchetti-di-carta","7":"product_cat-macchine-per-sacchetti-a-fondo-piatto","8":"product_tag-4-colors-it","9":"product_tag-year-1988-it","10":"product_tag-holweg-it","11":"product_tag-rs-21-it","12":"product_tag-in-line-printer-it","13":"product_tag-perforation-type-it","15":"first","16":"instock","17":"sold-individually","18":"shipping-taxable","19":"purchasable","20":"product-type-simple"},"acf":[],"_links":{"self":[{"href":"https:\/\/cbscompany.com\/it\/wp-json\/wp\/v2\/product\/229886","targetHints":{"allow":["GET"]}}],"collection":[{"href":"https:\/\/cbscompany.com\/it\/wp-json\/wp\/v2\/product"}],"about":[{"href":"https:\/\/cbscompany.com\/it\/wp-json\/wp\/v2\/types\/product"}],"replies":[{"embeddable":true,"href":"https:\/\/cbscompany.com\/it\/wp-json\/wp\/v2\/comments?post=229886"}],"wp:featuredmedia":[{"embeddable":true,"href":"https:\/\/cbscompany.com\/it\/wp-json\/wp\/v2\/media\/385462"}],"wp:attachment":[{"href":"https:\/\/cbscompany.com\/it\/wp-json\/wp\/v2\/media?parent=229886"}],"wp:term":[{"taxonomy":"year-of-production","embeddable":true,"href":"https:\/\/cbscompany.com\/it\/wp-json\/wp\/v2\/year-of-production?post=229886"},{"taxonomy":"product_brand","embeddable":true,"href":"https:\/\/cbscompany.com\/it\/wp-json\/wp\/v2\/product_brand?post=229886"},{"taxonomy":"product_cat","embeddable":true,"href":"https:\/\/cbscompany.com\/it\/wp-json\/wp\/v2\/product_cat?post=229886"},{"taxonomy":"product_tag","embeddable":true,"href":"https:\/\/cbscompany.com\/it\/wp-json\/wp\/v2\/product_tag?post=229886"}],"curies":[{"name":"wp","href":"https:\/\/api.w.org\/{rel}","templated":true}]}}