{"id":229853,"date":"2025-06-05T08:49:10","date_gmt":"2025-06-05T07:49:10","guid":{"rendered":"https:\/\/cbscompany.com\/machines\/senza-categoria\/macchi-cast-film-extrusion-line-year-2005\/"},"modified":"2026-04-28T11:22:29","modified_gmt":"2026-04-28T10:22:29","slug":"macchi-cast-film-extrusion-line-year-2005","status":"publish","type":"product","link":"https:\/\/cbscompany.com\/it\/machines\/estrusori\/estrusori-cast\/macchi-cast-film-extrusion-line-year-2005\/","title":{"rendered":"Linea di estrusione di film cast Macchi anno 2005"},"content":{"rendered":"<div class=\"wpb-content-wrapper\"><p>[vc_row content_placement=&#8221;top&#8221;][vc_column css=&#8221;.vc_custom_1532433256788{margin-right: 15px !important;}&#8221; offset=&#8221;vc_col-md-8&#8243;]\n\t\t<div id=\"wd-6737557109d44\" class=\"title-wrapper wd-wpb wd-set-mb reset-last-child  wd-rs-6737557109d44 wd-title-color-default wd-title-style-default text-left vc_custom_1731679546077 wd-underline-colored\">\n\t\t\t\n\t\t\t<div class=\"liner-continer\">\n\t\t\t\t<h4 class=\"woodmart-title-container title  wd-font-weight-600 wd-fontsize-m\" >Linea di estrusione di film cast Macchi anno 2005<\/h4>\n\t\t\t\t\t\t\t<\/div>\n\t\t\t\n\t\t\t\n\t\t\t\n\t\t<\/div>\n\t\t\n\t\t[vc_row_inner css=&#8221;.vc_custom_1628672714565{margin-bottom: 35px !important;border-bottom-width: 0px !important;padding-bottom: 25px !important;border-bottom-color: rgba(129,129,129,0.2) !important;border-bottom-style: solid !important;}&#8221; row_reverse_mobile=&#8221;0&#8243; row_reverse_tablet=&#8221;0&#8243;][vc_column_inner width=&#8221;1\/2&#8243; css=&#8221;.vc_custom_1532346102929{padding-top: 0px !important;}&#8221;][vc_column_text woodmart_inline=&#8221;no&#8221; text_larger=&#8221;no&#8221;]<\/p>\n<ul>\n<li aria-level=\"1\"><b>Marchio: Macchi<\/b><\/li>\n<li aria-level=\"1\"><b>Anno: 2005<\/b><\/li>\n<li aria-level=\"1\"><b>4 strati (3 + estrusore di recupero)<\/b><\/li>\n<li aria-level=\"1\"><b>Estrusore A rosso:<\/b><\/li>\n<li aria-level=\"1\"><b>Modello: ES 100-30<\/b><\/li>\n<li aria-level=\"1\"><span style=\"font-weight: 400;\">Diametro della vite: 100 (L\/D) 30<\/span><\/li>\n<li aria-level=\"1\"><span style=\"font-weight: 400;\">Potenza del motore: 156 kW<\/span><\/li>\n<li aria-level=\"1\"><span style=\"font-weight: 400;\">Marca di azionamenti per motori: ABB<\/span><\/li>\n<li aria-level=\"1\"><span style=\"font-weight: 400;\">Tipo di motore: AC<\/span><\/li>\n<li aria-level=\"1\"><span style=\"font-weight: 400;\">Sistema di dosaggio Doteco modello Compo, anno 2011, tipo Q2, 2 componenti<\/span><\/li>\n<li aria-level=\"1\"><b>Estrusore B verde:<\/b><\/li>\n<li aria-level=\"1\"><b>Modello: ES 180-30<\/b><\/li>\n<li aria-level=\"1\"><span style=\"font-weight: 400;\">Diametro della vite: 160 (L\/D) 30<\/span><\/li>\n<li aria-level=\"1\"><span style=\"font-weight: 400;\">Potenza del motore: 358 kW<\/span><\/li>\n<li aria-level=\"1\"><span style=\"font-weight: 400;\">Marca di azionamenti per motori: ABB<\/span><\/li>\n<li aria-level=\"1\"><span style=\"font-weight: 400;\">Tipo di motore: AC<\/span><\/li>\n<li aria-level=\"1\"><span style=\"font-weight: 400;\">Sistema di dosaggio Doteco modello Compo, anno 2011, tipo Q4, 4 componenti<\/span><\/li>\n<li aria-level=\"1\"><b>Estrusore C giallo:<\/b><\/li>\n<li aria-level=\"1\"><b>Modello: ES 100-30<\/b><\/li>\n<li aria-level=\"1\"><span style=\"font-weight: 400;\">Diametro della vite: 100 (L\/D) 30<\/span><\/li>\n<li aria-level=\"1\"><span style=\"font-weight: 400;\">Potenza del motore: 156 kW<\/span><\/li>\n<li aria-level=\"1\"><span style=\"font-weight: 400;\">Marca di azionamenti per motori: ABB<\/span><\/li>\n<li aria-level=\"1\"><span style=\"font-weight: 400;\">Tipo di motore: AC<\/span><\/li>\n<li aria-level=\"1\"><span style=\"font-weight: 400;\">Sistema di dosaggio Doteco modello Compo, anno 2011, tipo Q2, 2 componenti<\/span><\/li>\n<li aria-level=\"1\"><b>Estrusore a recupero R<\/b><\/li>\n<li aria-level=\"1\"><span style=\"font-weight: 400;\">Vite dia: 105 (L\/D): 6<\/span><\/li>\n<li aria-level=\"1\"><span style=\"font-weight: 400;\">Potenza del motore: 57,9 kW<\/span><\/li>\n<li aria-level=\"1\"><span style=\"font-weight: 400;\">Marca di azionamenti per motori: ABB<\/span><\/li>\n<li aria-level=\"1\"><span style=\"font-weight: 400;\">Tipo di motore: AC<\/span><\/li>\n<li aria-level=\"1\"><b>Testa<\/b><\/li>\n<li aria-level=\"1\"><span style=\"font-weight: 400;\">Modello: L13-RB-CN<\/span><\/li>\n<li aria-level=\"1\"><span style=\"font-weight: 400;\">Marchio: Simplas<\/span><\/li>\n<li aria-level=\"1\"><span style=\"font-weight: 400;\">Anno: 2005<\/span><\/li>\n<\/ul>\n<ul>\n<li style=\"list-style-type: none;\">\n<\/li>\n<\/ul>\n<ul>\n<li style=\"list-style-type: none;\">\n<\/li>\n<\/ul>\n<ul>\n<li style=\"list-style-type: none;\">\n<\/li>\n<\/ul>\n<ul>\n<li style=\"list-style-type: none;\">\n<\/li>\n<\/ul>\n<p>[\/vc_column_text][\/vc_column_inner][vc_column_inner width=&#8221;1\/2&#8243; css=&#8221;.vc_custom_1532346106600{padding-top: 0px !important;}&#8221;][vc_column_text woodmart_inline=&#8221;no&#8221; text_larger=&#8221;no&#8221;]<\/p>\n<ul>\n<li><span style=\"font-weight: 400;\">Lunghezza: 2700 mm<\/span><\/li>\n<li><span style=\"font-weight: 400;\">Lama di aspirazione: Amwill<\/span><\/li>\n<li><b>Controllo dello spessore<\/b><\/li>\n<li><span style=\"font-weight: 400;\">Marchio: Sistemi elettronici<\/span><\/li>\n<li><span style=\"font-weight: 400;\">Modello: Sintel WIX<\/span><\/li>\n<li><span style=\"font-weight: 400;\">Anno: 2005<\/span><\/li>\n<li><b>Fissatore di bordi<\/b><span style=\"font-weight: 400;\">: Eltex, modello KNH34\/N2A, anno 2005<\/span><\/li>\n<li><span style=\"font-weight: 400;\">Rullo di raffreddamento primario: larghezza 2700 mm (diametro 1350 mm), sistema di raffreddamento ad acqua<\/span><\/li>\n<li><span style=\"font-weight: 400;\">Rullo di raffreddamento secondario: larghezza 2850 mm (diametro 400 mm), sistema di raffreddamento ad acqua<\/span><\/li>\n<li><b>Stazione di raccolta:<\/b><\/li>\n<li><span style=\"font-weight: 400;\">Marchio: Tecnicol<\/span><\/li>\n<li><span style=\"font-weight: 400;\">Modello: 27-AV-27<\/span><\/li>\n<li><span style=\"font-weight: 400;\">Anno: 2008<\/span><\/li>\n<li><span style=\"font-weight: 400;\">Tipo: 2 raccolta<\/span><\/li>\n<li><span style=\"font-weight: 400;\">Larghezza utile: 2000 mm<\/span><\/li>\n<li><span style=\"font-weight: 400;\">Velocit\u00e0 massima: 600 mm<\/span><\/li>\n<li><span style=\"font-weight: 400;\">Diametro min-max della bobina: 185 &#8211; 600 mm<\/span><\/li>\n<li><b>Oscillatore:<\/b><\/li>\n<li><span style=\"font-weight: 400;\">Marchio: E + L<\/span><\/li>\n<li><span style=\"font-weight: 400;\">Modello: DC 2340<\/span><\/li>\n<li><span style=\"font-weight: 400;\">Anno: 2005<\/span><\/li>\n<li><span style=\"font-weight: 400;\">Larghezza: 2800 mm<\/span><\/li>\n<li><b>Robot pallettizzatore<\/b><\/li>\n<li><span style=\"font-weight: 400;\">Marchio: Comau<\/span><\/li>\n<li><span style=\"font-weight: 400;\">Modello: C3GPLUS<\/span><\/li>\n<li><span style=\"font-weight: 400;\">Anno: 2002  <\/span><\/li>\n<li><b>Tritatutto:<\/b><\/li>\n<li><span style=\"font-weight: 400;\">Marchio: Croci<\/span><\/li>\n<li><span style=\"font-weight: 400;\">Modello: 800<\/span><\/li>\n<li><span style=\"font-weight: 400;\">Anno: 2005<\/span><\/li>\n<li><span style=\"font-weight: 400;\">Larghezza del granulatore: 800 mm<\/span><\/li>\n<li><span style=\"font-weight: 400;\">Interrotto ma connesso<\/span><\/li>\n<li><span style=\"font-weight: 400;\">Immediatamente disponibile<\/span><\/li>\n<li style=\"list-style-type: none;\">\n<\/li>\n<\/ul>\n<ul>\n<li style=\"list-style-type: none;\">\n<\/li>\n<\/ul>\n<ul>\n<li style=\"list-style-type: none;\">\n<\/li>\n<\/ul>\n<ul>\n<li style=\"list-style-type: none;\">\n<\/li>\n<\/ul>\n<ul>\n<li style=\"list-style-type: none;\">\n<\/li>\n<\/ul>\n<p>[\/vc_column_text][\/vc_column_inner][\/vc_row_inner][\/vc_column][vc_column offset=&#8221;vc_col-md-4&#8243;]\t\t\t<div class=\"info-box-wrapper\">\n\t\t\t\t<div id=\"wd-6737561fcfd5d\" class=\" wd-rs-6737561fcfd5d wd-info-box wd-wpb text-left box-icon-align-left box-style-shadow color-scheme- wd-bg-none wd-off-anim wpb_animate_when_almost_visible wpb_bounceIn bounceIn wd-anim-name_bounceIn wd-items-top \">\n\t\t\t\t\t\t\t\t\t\t<div class=\"info-box-content\">\n\t\t\t\t\t\t<div class=\"info-box-subtitle subtitle-color-default wd-fontsize-xs subtitle-style-default\">Informazioni sulla linea di estrusione di film fuso Macchi anno 2005<\/div><h4 class=\"info-box-title title box-title-style-default wd-fontsize-m\">Informazioni sulla posizione<\/h4>\t\t\t\t\t\t<div class=\"info-box-inner reset-last-child\"><p>Disponibile nella regione: <strong style=\"color: blue;\"><a href=\"https:\/\/cbscompany.com\/it\/il-mio-account\/?redirect_to=%2Fit%2Fwp-json%2Fwp%2Fv2%2Fproduct%2F229853\" class=\"simplemodal-login\">Accedi per vedere la posizione<\/a><\/strong><\/p>\n<\/div>\n\n\t\t\t\t\t\t\t\t\t\t\t<\/div>\n\n\t\t\t\t\t\n\t\t\t\t\t<style>#wd-6737561fcfd5d .info-box-icon {background-color:  !important;}<\/style>\t\t\t\t<\/div>\n\t\t\t<\/div>\n\t\t[\/vc_column][\/vc_row]<\/p>\n<\/div>","protected":false},"excerpt":{"rendered":"<p>La linea di estrusione di film cast Macchi \u00e8 composta da 3 estrusori pi\u00f9 un estrusore di recupero. \u00c8 dotata di fissatore di bordi, rullo di raffreddamento primario e secondario, stazione di raccolta, robot pallettizzatore e trituratore di bordi. <\/p>\n","protected":false},"featured_media":222030,"comment_status":"closed","ping_status":"closed","template":"","meta":{"_acf_changed":false,"om_disable_all_campaigns":false},"year-of-production":[],"product_brand":[],"product_cat":[1753,1755],"product_tag":[3092,3093,3084,3094,2683,2360,3095,3085,3086],"class_list":{"0":"post-229853","1":"product","2":"type-product","3":"status-publish","4":"has-post-thumbnail","6":"product_cat-estrusori","7":"product_cat-estrusori-cast","8":"product_tag-comau-it","9":"product_tag-croci-it","10":"product_tag-e-l-it","11":"product_tag-eltex-it","12":"product_tag-cast-film-extrusion-line-it","13":"product_tag-macchi-it","14":"product_tag-simplas-it","15":"product_tag-electronic-systems-it","16":"product_tag-tecnicol-it","18":"first","19":"instock","20":"sold-individually","21":"shipping-taxable","22":"purchasable","23":"product-type-simple"},"acf":[],"_links":{"self":[{"href":"https:\/\/cbscompany.com\/it\/wp-json\/wp\/v2\/product\/229853","targetHints":{"allow":["GET"]}}],"collection":[{"href":"https:\/\/cbscompany.com\/it\/wp-json\/wp\/v2\/product"}],"about":[{"href":"https:\/\/cbscompany.com\/it\/wp-json\/wp\/v2\/types\/product"}],"replies":[{"embeddable":true,"href":"https:\/\/cbscompany.com\/it\/wp-json\/wp\/v2\/comments?post=229853"}],"wp:featuredmedia":[{"embeddable":true,"href":"https:\/\/cbscompany.com\/it\/wp-json\/wp\/v2\/media\/222030"}],"wp:attachment":[{"href":"https:\/\/cbscompany.com\/it\/wp-json\/wp\/v2\/media?parent=229853"}],"wp:term":[{"taxonomy":"year-of-production","embeddable":true,"href":"https:\/\/cbscompany.com\/it\/wp-json\/wp\/v2\/year-of-production?post=229853"},{"taxonomy":"product_brand","embeddable":true,"href":"https:\/\/cbscompany.com\/it\/wp-json\/wp\/v2\/product_brand?post=229853"},{"taxonomy":"product_cat","embeddable":true,"href":"https:\/\/cbscompany.com\/it\/wp-json\/wp\/v2\/product_cat?post=229853"},{"taxonomy":"product_tag","embeddable":true,"href":"https:\/\/cbscompany.com\/it\/wp-json\/wp\/v2\/product_tag?post=229853"}],"curies":[{"name":"wp","href":"https:\/\/api.w.org\/{rel}","templated":true}]}}