{"id":229796,"date":"2025-06-05T08:49:11","date_gmt":"2025-06-05T07:49:11","guid":{"rendered":"https:\/\/cbscompany.com\/machines\/senza-categoria\/newlong-148t504th-year-2013\/"},"modified":"2026-04-28T11:21:19","modified_gmt":"2026-04-28T10:21:19","slug":"newlong-148t504th-year-2013","status":"publish","type":"product","link":"https:\/\/cbscompany.com\/it\/machines\/macchine-per-la-produzione-di-sacchetti-di-carta\/macchine-per-sacchetti-sos\/newlong-148t504th-year-2013\/","title":{"rendered":"Newlong 148T+504TH anno 2013"},"content":{"rendered":"<div class=\"wpb-content-wrapper\"><p>[vc_row content_placement=&#8221;top&#8221;][vc_column css=&#8221;.vc_custom_1532433256788{margin-right: 15px !important;}&#8221; offset=&#8221;vc_col-md-8&#8243;]\n\t\t<div id=\"wd-674f0ff3a3d41\" class=\"title-wrapper wd-wpb wd-set-mb reset-last-child  wd-rs-674f0ff3a3d41 wd-title-color-default wd-title-style-default text-left vc_custom_1733234601419 wd-underline-colored\">\n\t\t\t\n\t\t\t<div class=\"liner-continer\">\n\t\t\t\t<h4 class=\"woodmart-title-container title  wd-font-weight-600 wd-fontsize-m\" >Newlong 148T+504TH anno 2013<\/h4>\n\t\t\t\t\t\t\t<\/div>\n\t\t\t\n\t\t\t\n\t\t\t\n\t\t<\/div>\n\t\t\n\t\t[vc_row_inner css=&#8221;.vc_custom_1628672714565{margin-bottom: 35px !important;border-bottom-width: 0px !important;padding-bottom: 25px !important;border-bottom-color: rgba(129,129,129,0.2) !important;border-bottom-style: solid !important;}&#8221; row_reverse_mobile=&#8221;0&#8243; row_reverse_tablet=&#8221;0&#8243;][vc_column_inner width=&#8221;1\/2&#8243; css=&#8221;.vc_custom_1532346102929{padding-top: 0px !important;}&#8221;][vc_column_text css=&#8221;&#8221; woodmart_inline=&#8221;no&#8221; text_larger=&#8221;no&#8221;]<\/p>\n<ul>\n<li aria-level=\"1\"><b>Marchio: Newlong<\/b><\/li>\n<li aria-level=\"1\"><b>Modello: 148T+504TH  <\/b><\/li>\n<li aria-level=\"1\"><b>Anno: 2013<\/b><\/li>\n<li aria-level=\"1\"><b>Con maniglia ritorta<\/b><\/li>\n<li aria-level=\"1\">1 velo<\/li>\n<li aria-level=\"1\"><span style=\"font-weight: 400;\">Larghezza minima e massima del sacco: 220 &#8211; 540 mm<\/span><\/li>\n<li aria-level=\"1\"><span style=\"font-weight: 400;\">Lunghezza minima &#8211; massima del sacco (con maniglia): 290 &#8211; 580 mm  <\/span><\/li>\n<li aria-level=\"1\"><span style=\"font-weight: 400;\">Lunghezza minima &#8211; massima del sacco (senza maniglia): 290 &#8211; 700 mm<\/span><\/li>\n<li aria-level=\"1\"><span style=\"font-weight: 400;\">Lunghezza di taglio minima e massima (con impugnatura): 400 &#8211; 650 mm  <\/span><\/li>\n<li aria-level=\"1\"><span style=\"font-weight: 400;\">Lunghezza di taglio minima e massima (senza impugnatura): 400 &#8211; 770 mm<\/span><\/li>\n<li aria-level=\"1\"><span style=\"font-weight: 400;\">Larghezza minima &#8211; massima del fondo 80 &#8211; 250 mm<\/span><\/li>\n<li aria-level=\"1\"><span style=\"font-weight: 400;\">Velocit\u00e0 massima: 120 sacchi\/min (con maniglia)<\/span><\/li>\n<li aria-level=\"1\"><span style=\"font-weight: 400;\">Velocit\u00e0 massima: 150 sacchi\/min (senza maniglia)<\/span><\/li>\n<li aria-level=\"1\"><span style=\"font-weight: 400;\">Larghezza massima della carta: 1510 mm<\/span><\/li>\n<li aria-level=\"1\"><span style=\"font-weight: 400;\">Diametro massimo del rotolo di carta: 1200 mm<\/span><\/li>\n<li aria-level=\"1\"><span style=\"font-weight: 400;\">Diametro interno del rotolo di carta: 76 mm<\/span><\/li>\n<li aria-level=\"1\"><span style=\"font-weight: 400;\">Grammatura della carta: 80 &#8211; 140 g\/m\u00b2<\/span><\/li>\n<li aria-level=\"1\"><span style=\"font-weight: 400;\">Interasse minimo massimo della maniglia: 320 &#8211; 740 mm<\/span><\/li>\n<li aria-level=\"1\"><b>Maniglia ritorta:<\/b><\/li>\n<li><span style=\"font-weight: 400;\">Materiale: Rotolo di carta ritorto, 4 &#8211; 8 mm<\/span><\/li>\n<li style=\"font-weight: 400;\" aria-level=\"1\"><span style=\"font-weight: 400;\">Lunghezza della toppa dell&#8217;impugnatura: 190,5 mm<\/span><\/li>\n<\/ul>\n<p>[\/vc_column_text][\/vc_column_inner][vc_column_inner width=&#8221;1\/2&#8243; css=&#8221;.vc_custom_1532346106600{padding-top: 0px !important;}&#8221;][vc_column_text woodmart_inline=&#8221;no&#8221; text_larger=&#8221;no&#8221;]<\/p>\n<ul>\n<li style=\"font-weight: 400;\" aria-level=\"1\"><span style=\"font-weight: 400;\">Larghezza della carta: 100 mm (fissa), la carta viene tagliata in due righe da 50 mm ciascuna.<\/span><\/li>\n<li style=\"font-weight: 400;\" aria-level=\"1\"><span style=\"font-weight: 400;\">Larghezza della maniglia (50 mm): 170 mm<\/span><\/li>\n<li style=\"font-weight: 400;\" aria-level=\"1\"><span style=\"font-weight: 400;\">Diametro massimo del rotolo di carta: 1000 mm  <\/span><\/li>\n<li style=\"font-weight: 400;\" aria-level=\"1\"><span style=\"font-weight: 400;\">Diametro interno del rotolo di carta: 76 mm<\/span><\/li>\n<li style=\"font-weight: 400;\" aria-level=\"1\"><span style=\"font-weight: 400;\">Supporto per rotolo di carta: 4 supporti<\/span><\/li>\n<li style=\"font-weight: 400;\" aria-level=\"1\"><span style=\"font-weight: 400;\">Grammatura della carta: 100 &#8211; 120 g\/m\u00b2<\/span><\/li>\n<li style=\"font-weight: 400;\" aria-level=\"1\"><span style=\"font-weight: 400;\">Metodo di sigillatura: Colla chimica a freddo<\/span><\/li>\n<li style=\"font-weight: 400;\" aria-level=\"1\"><span style=\"font-weight: 400;\">Nordson hot melt per la maniglia<\/span><\/li>\n<li style=\"font-weight: 400;\" aria-level=\"1\"><span style=\"font-weight: 400;\">Supporto per rotoli di carta, dispositivo di sollevamento a cilindro pneumatico<\/span><\/li>\n<li style=\"font-weight: 400;\" aria-level=\"1\"><span style=\"font-weight: 400;\">Unit\u00e0 di produzione e inserimento delle maniglie con guida del nastro (E.P.C), unit\u00e0 ausiliaria di tiraggio del nastro e rulli di guida<\/span><\/li>\n<li style=\"font-weight: 400;\" aria-level=\"1\"><span style=\"font-weight: 400;\">Unit\u00e0 di formatura completa di piastre di formatura e rulli di regolazione del tassello<\/span><\/li>\n<li style=\"font-weight: 400;\" aria-level=\"1\"><span style=\"font-weight: 400;\">Unit\u00e0 di erogazione di tipo verticale con rulli pressori, contatore elettrico, misuratore di velocit\u00e0 digitale<\/span><\/li>\n<li style=\"font-weight: 400;\" aria-level=\"1\"><span style=\"font-weight: 400;\">Senza servo<\/span><\/li>\n<li style=\"font-weight: 400;\" aria-level=\"1\"><span style=\"font-weight: 400;\">Senza PLC<\/span><\/li>\n<li style=\"font-weight: 400;\" aria-level=\"1\"><span style=\"font-weight: 400;\">Motore principale da 11 KW (inverter)<\/span><\/li>\n<li style=\"font-weight: 400;\" aria-level=\"1\"><span style=\"font-weight: 400;\">Visibile in produzione<\/span><\/li>\n<li style=\"font-weight: 400;\" aria-level=\"1\"><span style=\"font-weight: 400;\">Immediatamente disponibile<\/span><\/li>\n<\/ul>\n<p>[\/vc_column_text][\/vc_column_inner][\/vc_row_inner][\/vc_column][vc_column offset=&#8221;vc_col-md-4&#8243;]\t\t\t<div class=\"info-box-wrapper\">\n\t\t\t\t<div id=\"wd-674f1017d9834\" class=\" wd-rs-674f1017d9834 wd-info-box wd-wpb text-left box-icon-align-left box-style-shadow color-scheme- wd-bg-none wd-off-anim wpb_animate_when_almost_visible wpb_bounceIn bounceIn wd-anim-name_bounceIn wd-items-top \">\n\t\t\t\t\t\t\t\t\t\t<div class=\"info-box-content\">\n\t\t\t\t\t\t<div class=\"info-box-subtitle subtitle-color-default wd-fontsize-xs subtitle-style-default\">Informazioni sulla Newlong 148T+504TH anno 2013<\/div><h4 class=\"info-box-title title box-title-style-default wd-fontsize-m\">Informazioni sulla posizione<\/h4>\t\t\t\t\t\t<div class=\"info-box-inner reset-last-child\"><p>Disponibile nella regione: <strong style=\"color: blue;\"><a href=\"https:\/\/cbscompany.com\/it\/il-mio-account\/?redirect_to=%2Fit%2Fwp-json%2Fwp%2Fv2%2Fproduct%2F229796\" class=\"simplemodal-login\">Accedi per vedere la posizione<\/a><\/strong><\/p>\n<\/div>\n\n\t\t\t\t\t\t\t\t\t\t\t<\/div>\n\n\t\t\t\t\t\n\t\t\t\t\t<style>#wd-674f1017d9834 .info-box-icon {background-color:  !important;}<\/style>\t\t\t\t<\/div>\n\t\t\t<\/div>\n\t\t[\/vc_column][\/vc_row]<\/p>\n<\/div>","protected":false},"excerpt":{"rendered":"<p>Newlong 148T+504TH anno 2013 \u00e8 una macchina per la produzione di sacchetti SOS con maniglia ritorta. La sua velocit\u00e0 massima \u00e8 di 150 sacchi al minuto per i sacchi senza maniglia. <\/p>\n","protected":false},"featured_media":222010,"comment_status":"closed","ping_status":"closed","template":"","meta":{"_acf_changed":false,"om_disable_all_campaigns":false},"year-of-production":[],"product_brand":[],"product_cat":[1789,1793],"product_tag":[2883,1701,2174,3336,3335],"class_list":{"0":"post-229796","1":"product","2":"type-product","3":"status-publish","4":"has-post-thumbnail","6":"product_cat-macchine-per-la-produzione-di-sacchetti-di-carta","7":"product_cat-macchine-per-sacchetti-sos","8":"product_tag-148t504th-it","9":"product_tag-year-2013-it","10":"product_tag-newlong-it","11":"product_tag-twisted-handle-unit-it","12":"product_tag-max-speed-150-bags-min-without-handle-it","14":"first","15":"instock","16":"featured","17":"sold-individually","18":"shipping-taxable","19":"purchasable","20":"product-type-simple"},"acf":[],"_links":{"self":[{"href":"https:\/\/cbscompany.com\/it\/wp-json\/wp\/v2\/product\/229796","targetHints":{"allow":["GET"]}}],"collection":[{"href":"https:\/\/cbscompany.com\/it\/wp-json\/wp\/v2\/product"}],"about":[{"href":"https:\/\/cbscompany.com\/it\/wp-json\/wp\/v2\/types\/product"}],"replies":[{"embeddable":true,"href":"https:\/\/cbscompany.com\/it\/wp-json\/wp\/v2\/comments?post=229796"}],"wp:featuredmedia":[{"embeddable":true,"href":"https:\/\/cbscompany.com\/it\/wp-json\/wp\/v2\/media\/222010"}],"wp:attachment":[{"href":"https:\/\/cbscompany.com\/it\/wp-json\/wp\/v2\/media?parent=229796"}],"wp:term":[{"taxonomy":"year-of-production","embeddable":true,"href":"https:\/\/cbscompany.com\/it\/wp-json\/wp\/v2\/year-of-production?post=229796"},{"taxonomy":"product_brand","embeddable":true,"href":"https:\/\/cbscompany.com\/it\/wp-json\/wp\/v2\/product_brand?post=229796"},{"taxonomy":"product_cat","embeddable":true,"href":"https:\/\/cbscompany.com\/it\/wp-json\/wp\/v2\/product_cat?post=229796"},{"taxonomy":"product_tag","embeddable":true,"href":"https:\/\/cbscompany.com\/it\/wp-json\/wp\/v2\/product_tag?post=229796"}],"curies":[{"name":"wp","href":"https:\/\/api.w.org\/{rel}","templated":true}]}}