{"id":229792,"date":"2025-06-05T08:49:11","date_gmt":"2025-06-05T07:49:11","guid":{"rendered":"https:\/\/cbscompany.com\/machines\/senza-categoria\/uteco-crystal-808-model-150-year-2019\/"},"modified":"2026-04-06T13:31:44","modified_gmt":"2026-04-06T12:31:44","slug":"uteco-crystal-808-model-150-year-2019","status":"publish","type":"product","link":"https:\/\/cbscompany.com\/it\/machines\/stampanti-flexo\/stampanti-flessografiche-a-tamburo-centrale-c-i-per-film\/uteco-crystal-808-model-150-year-2019\/","title":{"rendered":"Uteco Crystal 808 modello 150 anno 2019"},"content":{"rendered":"<div class=\"wpb-content-wrapper\"><p>[vc_row content_placement=&#8221;top&#8221;][vc_column css=&#8221;.vc_custom_1532433256788{margin-right: 15px !important;}&#8221; offset=&#8221;vc_col-md-8&#8243;]\n\t\t<div id=\"wd-674716faa6e3c\" class=\"title-wrapper wd-wpb wd-set-mb reset-last-child  wd-rs-674716faa6e3c wd-title-color-default wd-title-style-default text-left vc_custom_1732712118303 wd-underline-colored\">\n\t\t\t\n\t\t\t<div class=\"liner-continer\">\n\t\t\t\t<h4 class=\"woodmart-title-container title  wd-font-weight-600 wd-fontsize-m\" >Uteco Crystal 808 modello 150 anno 2019<\/h4>\n\t\t\t\t\t\t\t<\/div>\n\t\t\t\n\t\t\t\n\t\t\t\n\t\t<\/div>\n\t\t\n\t\t[vc_row_inner css=&#8221;.vc_custom_1628672714565{margin-bottom: 35px !important;border-bottom-width: 0px !important;padding-bottom: 25px !important;border-bottom-color: rgba(129,129,129,0.2) !important;border-bottom-style: solid !important;}&#8221; row_reverse_mobile=&#8221;0&#8243; row_reverse_tablet=&#8221;0&#8243;][vc_column_inner width=&#8221;1\/2&#8243; css=&#8221;.vc_custom_1532346102929{padding-top: 0px !important;}&#8221;][vc_column_text css=&#8221;&#8221; woodmart_inline=&#8221;no&#8221; text_larger=&#8221;no&#8221;]<\/p>\n<ul>\n<li aria-level=\"1\"><b>Marchio: Uteco<\/b><\/li>\n<li aria-level=\"1\"><b>Modello: Crystal 808 mod. 150<\/b><\/li>\n<li aria-level=\"1\"><b>Anno: 2019<\/b><\/li>\n<li aria-level=\"1\"><b>8 colori (8 + 0)<\/b><\/li>\n<li aria-level=\"1\"><b>Tamburo centrale<\/b><\/li>\n<li aria-level=\"1\"><b>Senza ingranaggi<\/b><\/li>\n<li aria-level=\"1\"><span style=\"font-weight: 400;\">Larghezza massima del materiale: 1550 mm<\/span><\/li>\n<li aria-level=\"1\"><span style=\"font-weight: 400;\">Larghezza massima di stampa: 1500 mm<\/span><\/li>\n<li aria-level=\"1\"><span style=\"font-weight: 400;\">Ripetizione di stampa minima e massima: 400 &#8211; 850 mm<\/span><\/li>\n<li aria-level=\"1\"><span style=\"font-weight: 400;\">Velocit\u00e0 meccanica massima: 500 m\/min<\/span><\/li>\n<li aria-level=\"1\"><span style=\"font-weight: 400;\">Inchiostri a base di solventi<\/span><\/li>\n<li aria-level=\"1\"><span style=\"font-weight: 400;\">Materiali: <\/span><span style=\"font-weight: 400;\">larghezza totale: PP 10 &#8211; 130 my; BOPP 10 &#8211; 60 my; LDPE 20 &#8211; 200 my; CPP 20 &#8211; 70 my; HDPE 15 &#8211; 130 my; PET 12 &#8211; 40 my; OPA 15 &#8211; 50 my mezza larghezza: PP 10 &#8211; 200 my; BOPP 10 &#8211; 60 my; LDPE 20 &#8211; 200 my; CPP 20 &#8211; 70 my; HDPE 15 &#8211; 150 my; PET 12 &#8211; 50 my; OPA 15 &#8211; 50 <\/span> <\/li>\n<li aria-level=\"1\"><span style=\"font-weight: 400;\">Gamma di tensione: 2 &#8211; 36 kg<\/span><\/li>\n<li aria-level=\"1\"><b>Svolgitore automatico di torrette &#8216;TAU-N 1000  <\/b><span style=\"font-weight: 400;\">per diametro massimo della bobina. 1000 mm <\/span><\/li>\n<li aria-level=\"1\"><span style=\"font-weight: 400;\">Trattamento a corona Ferrarini&amp;Benelli tipo Polimetal<\/span><\/li>\n<li aria-level=\"1\"><b>Sistema di ristampa<\/b><\/li>\n<li aria-level=\"1\"><b>Sistema di inchiostrazione e lavaggio per rulli anilox e racle<\/b><\/li>\n<li aria-level=\"1\"><b>Viscosimetri di marca Gama<\/b><\/li>\n<\/ul>\n<ul>\n<li style=\"list-style-type: none;\">\n<\/li>\n<\/ul>\n<ul>\n<li style=\"list-style-type: none;\">\n<\/li>\n<\/ul>\n<p>[\/vc_column_text][\/vc_column_inner][vc_column_inner width=&#8221;1\/2&#8243; css=&#8221;.vc_custom_1532346106600{padding-top: 0px !important;}&#8221;][vc_column_text css=&#8221;&#8221; woodmart_inline=&#8221;no&#8221; text_larger=&#8221;no&#8221;]<\/p>\n<ul>\n<li aria-level=\"1\"><span style=\"font-weight: 400;\">Sistema di asciugatura: bruciatore a gas<\/span><\/li>\n<li aria-level=\"1\"><span style=\"font-weight: 400;\">Posizionamento delle unit\u00e0 di stampa<\/span><b> Touch&amp;Go<\/b><\/li>\n<li aria-level=\"1\"><span style=\"font-weight: 400;\">Regolazione dei cilindri della piastra<\/span><b> Tune&amp;Go:<\/b><b><br \/>\n<\/b><b>Videocamera lineare per l&#8217;ispezione automatica della stampa Sistema Progres 500 Marca Grafikontro<\/b><span style=\"font-weight: 400;\">l per la visualizzazione della stampa e l&#8217;ispezione del web al 100%. Il sistema &#8220;Ispezione&#8221; utilizza una telecamera MATRIX 500 RGB per la visualizzazione della bobina in tempo reale e ad alta risoluzione con zoom e posizionamento motorizzati. Consente il confronto tra le immagini live e quelle master, supporta posizioni preimpostate della telecamera e offre assistenza remota per il controllo e il monitoraggio della qualit\u00e0.  <\/span><\/li>\n<li aria-level=\"1\"><span style=\"font-weight: 400;\">Regolazione automatica della pressione <\/span><b>KISS&amp;GO.<\/b><\/li>\n<li aria-level=\"1\"><b>Avvolgitore automatico a torretta tipo &#8220;TAR-N 1000<\/b><span style=\"font-weight: 400;\"> per diametro esterno massimo delle bobine: 1000 mm<\/span><\/li>\n<li aria-level=\"1\"><span style=\"font-weight: 400;\">Completamente equipaggiata con maniche e anilox<\/span><\/li>\n<li aria-level=\"1\"><span style=\"font-weight: 400;\">Anilox inclusi: 1 x 120 v 21, 1 x140 v 15, 1 x 160 v 12.3, 1 x 160 v 11,7, 1 x 200 v 10.1, 1 x 200 v 10, 1 x 240 v 9.7, 1 x 240 v 8.21, 1 x 280 v 8, 1 x 340 v 5.2, 1 x 340 v 5, 1 x 460 v 3.8, 4 x 440 v 3.7<\/span><\/li>\n<li aria-level=\"1\"><span style=\"font-weight: 400;\">Manicotti inclusi: 8 x 400, 8 x 410, 8 x 420, 8 x 425, 8 x 440, 8 x 450, 8 x 460, 8 x 470, 8 x 480, 8 x 500, 8 x 510, 8 x 520, 8 x 530, 8 x 540, 8 x 560, 8 x 580, 8 x 600, 8 x 620, 8 x 640, 8 x 650, 8 x 660, 8 x 670, 8 x 680, 8 x 700, 8 x 720, 8 x 740, 8 x 760, 8 x 780  <\/span><\/li>\n<li aria-level=\"1\"><span style=\"font-weight: 400;\">Dimensioni complessive L x L x A: 16080 x 7400 x 5147 mm<\/span><\/li>\n<li aria-level=\"1\"><span style=\"font-weight: 400;\">Visibile in funzione<\/span><\/li>\n<li aria-level=\"1\"><span style=\"font-weight: 400;\">Immediatamente disponibile<\/span><\/li>\n<\/ul>\n<ul>\n<li style=\"list-style-type: none;\">\n<\/li>\n<\/ul>\n<p>[\/vc_column_text][\/vc_column_inner][\/vc_row_inner][\/vc_column][vc_column offset=&#8221;vc_col-md-4&#8243;]\t\t\t<div class=\"info-box-wrapper\">\n\t\t\t\t<div id=\"wd-67471716dbe32\" class=\" wd-rs-67471716dbe32 wd-info-box wd-wpb text-left box-icon-align-left box-style-shadow color-scheme- wd-bg-none wd-off-anim wpb_animate_when_almost_visible wpb_bounceIn bounceIn wd-anim-name_bounceIn wd-items-top \">\n\t\t\t\t\t\t\t\t\t\t<div class=\"info-box-content\">\n\t\t\t\t\t\t<div class=\"info-box-subtitle subtitle-color-default wd-fontsize-xs subtitle-style-default\">Informazioni su Uteco Crystal 808 modello 150 anno 2019<\/div><h4 class=\"info-box-title title box-title-style-default wd-fontsize-m\">Informazioni sulla posizione<\/h4>\t\t\t\t\t\t<div class=\"info-box-inner reset-last-child\"><p>Disponibile nella regione: <strong style=\"color: blue;\"><a href=\"https:\/\/cbscompany.com\/it\/il-mio-account\/?redirect_to=%2Fit%2Fwp-json%2Fwp%2Fv2%2Fproduct%2F229792\" class=\"simplemodal-login\">Accedi per vedere la posizione<\/a><\/strong><\/p>\n<\/div>\n\n\t\t\t\t\t\t\t\t\t\t\t<\/div>\n\n\t\t\t\t\t\n\t\t\t\t\t<style>#wd-67471716dbe32 .info-box-icon {background-color:  !important;}<\/style>\t\t\t\t<\/div>\n\t\t\t<\/div>\n\t\t[\/vc_column][\/vc_row]<\/p>\n<\/div>","protected":false},"excerpt":{"rendered":"<p>Uteco Crystal 808 modello 150 anno 2019 \u00e8 una stampante flessografica con tamburo centrale progettata per lavorare con la pellicola. La velocit\u00e0 meccanica massima della macchina \u00e8 di 500 metri al minuto. <\/p>\n","protected":false},"featured_media":222013,"comment_status":"closed","ping_status":"closed","template":"","meta":{"_acf_changed":false,"om_disable_all_campaigns":false},"year-of-production":[],"product_brand":[],"product_cat":[1698,3432],"product_tag":[3948,1700,2286,2076,3947,3949,3546,2088],"class_list":{"0":"post-229792","1":"product","2":"type-product","3":"status-publish","4":"has-post-thumbnail","6":"product_cat-stampanti-flexo","7":"product_cat-stampanti-flessografiche-a-tamburo-centrale-c-i-per-film","8":"product_tag-8-0","9":"product_tag-8-colors-it","10":"product_tag-year-2019-it","11":"product_tag-ci-it","12":"product_tag-crystal-808","13":"product_tag-max-material-width-1550","14":"product_tag-central-drum-it-2","15":"product_tag-uteco-it","17":"first","18":"instock","19":"sold-individually","20":"shipping-taxable","21":"purchasable","22":"product-type-simple"},"acf":[],"_links":{"self":[{"href":"https:\/\/cbscompany.com\/it\/wp-json\/wp\/v2\/product\/229792","targetHints":{"allow":["GET"]}}],"collection":[{"href":"https:\/\/cbscompany.com\/it\/wp-json\/wp\/v2\/product"}],"about":[{"href":"https:\/\/cbscompany.com\/it\/wp-json\/wp\/v2\/types\/product"}],"replies":[{"embeddable":true,"href":"https:\/\/cbscompany.com\/it\/wp-json\/wp\/v2\/comments?post=229792"}],"wp:featuredmedia":[{"embeddable":true,"href":"https:\/\/cbscompany.com\/it\/wp-json\/wp\/v2\/media\/222013"}],"wp:attachment":[{"href":"https:\/\/cbscompany.com\/it\/wp-json\/wp\/v2\/media?parent=229792"}],"wp:term":[{"taxonomy":"year-of-production","embeddable":true,"href":"https:\/\/cbscompany.com\/it\/wp-json\/wp\/v2\/year-of-production?post=229792"},{"taxonomy":"product_brand","embeddable":true,"href":"https:\/\/cbscompany.com\/it\/wp-json\/wp\/v2\/product_brand?post=229792"},{"taxonomy":"product_cat","embeddable":true,"href":"https:\/\/cbscompany.com\/it\/wp-json\/wp\/v2\/product_cat?post=229792"},{"taxonomy":"product_tag","embeddable":true,"href":"https:\/\/cbscompany.com\/it\/wp-json\/wp\/v2\/product_tag?post=229792"}],"curies":[{"name":"wp","href":"https:\/\/api.w.org\/{rel}","templated":true}]}}