{"id":229765,"date":"2025-06-05T08:51:06","date_gmt":"2025-06-05T07:51:06","guid":{"rendered":"https:\/\/cbscompany.com\/machines\/senza-categoria\/wh-triumph-3-year-1959\/"},"modified":"2026-05-07T19:56:39","modified_gmt":"2026-05-07T18:56:39","slug":"wh-triumph-3-year-1959","status":"publish","type":"product","link":"https:\/\/cbscompany.com\/it\/machines\/macchine-per-la-produzione-di-sacchetti-di-carta\/macchine-per-sacchetti-sos\/wh-triumph-3-year-1959\/","title":{"rendered":"W&amp;H Triumph 3 anni 1959"},"content":{"rendered":"<div class=\"wpb-content-wrapper\"><p>[vc_row content_placement=&#8221;top&#8221;][vc_column css=&#8221;.vc_custom_1532433256788{margin-right: 15px !important;}&#8221; offset=&#8221;vc_col-md-8&#8243;]\n\t\t<div id=\"wd-679b8902330fb\" class=\"title-wrapper wd-wpb wd-set-mb reset-last-child  wd-rs-679b8902330fb wd-title-color-default wd-title-style-default text-left vc_custom_1738246271173 wd-underline-colored\">\n\t\t\t\n\t\t\t<div class=\"liner-continer\">\n\t\t\t\t<h4 class=\"woodmart-title-container title  wd-font-weight-600 wd-fontsize-m\" >W&amp;H Triumph 3 anni 1959<\/h4>\n\t\t\t\t\t\t\t<\/div>\n\t\t\t\n\t\t\t\n\t\t\t\n\t\t<\/div>\n\t\t\n\t\t[vc_row_inner css=&#8221;.vc_custom_1628672714565{margin-bottom: 35px !important;border-bottom-width: 0px !important;padding-bottom: 25px !important;border-bottom-color: rgba(129,129,129,0.2) !important;border-bottom-style: solid !important;}&#8221; row_reverse_mobile=&#8221;0&#8243; row_reverse_tablet=&#8221;0&#8243;][vc_column_inner width=&#8221;1\/2&#8243; css=&#8221;.vc_custom_1532346102929{padding-top: 0px !important;}&#8221;][vc_column_text woodmart_inline=&#8221;no&#8221; text_larger=&#8221;no&#8221;]<\/p>\n<ul>\n<li aria-level=\"1\"><b>Marchio: W&amp;H<\/b><\/li>\n<li aria-level=\"1\"><b>Modello: Triumph 3<\/b><\/li>\n<li aria-level=\"1\"><b>Anno: 1959<\/b><\/li>\n<li aria-level=\"1\"><b>2 strati<\/b><\/li>\n<li aria-level=\"1\"><b>Per la produzione di sacchetti con fondo a blocchi<\/b><\/li>\n<li aria-level=\"1\"><span style=\"font-weight: 400;\">Larghezza minima e massima del sacco: 140 &#8211; 260 mm<\/span><\/li>\n<li aria-level=\"1\"><span style=\"font-weight: 400;\">Lunghezza minima e massima del sacco: 260 &#8211; 900 mm<\/span><\/li>\n<li><span style=\"font-weight: 400;\">Velocit\u00e0 massima di produzione: 150 sacchi\/min (ottimale 100 sacchi\/min)<\/span><\/li>\n<\/ul>\n<ul>\n<li style=\"list-style-type: none;\">\n<\/li>\n<\/ul>\n<p>[\/vc_column_text][\/vc_column_inner][vc_column_inner width=&#8221;1\/2&#8243; css=&#8221;.vc_custom_1532346106600{padding-top: 0px !important;}&#8221;][vc_column_text woodmart_inline=&#8221;no&#8221; text_larger=&#8221;no&#8221;]<\/p>\n<ul>\n<li style=\"font-weight: 400;\" aria-level=\"1\"><span style=\"font-weight: 400;\">Grammatura della carta: 50 &#8211; 110 g<\/span><\/li>\n<li style=\"font-weight: 400;\" aria-level=\"1\"><span style=\"font-weight: 400;\">Senza unit\u00e0 patch inferiore<\/span><\/li>\n<li style=\"font-weight: 400;\" aria-level=\"1\"><span style=\"font-weight: 400;\">Senza maniglia<\/span><\/li>\n<li style=\"font-weight: 400;\" aria-level=\"1\"><span style=\"font-weight: 400;\">La stampante in linea non \u00e8 inclusa<\/span><\/li>\n<li aria-level=\"1\">Senza fotocellula<\/li>\n<li style=\"font-weight: 400;\" aria-level=\"1\"><span style=\"font-weight: 400;\">Visibile in produzione<\/span><\/li>\n<li style=\"font-weight: 400;\" aria-level=\"1\"><span style=\"font-weight: 400;\">Immediatamente disponibile<\/span><\/li>\n<\/ul>\n<p>[\/vc_column_text][\/vc_column_inner][\/vc_row_inner][\/vc_column][vc_column offset=&#8221;vc_col-md-4&#8243;]\t\t\t<div class=\"info-box-wrapper\">\n\t\t\t\t<div id=\"wd-679b8a0c8b356\" class=\" wd-rs-679b8a0c8b356 wd-info-box wd-wpb text-left box-icon-align-left box-style-shadow color-scheme- wd-bg-none wd-off-anim wpb_animate_when_almost_visible wpb_bounceIn bounceIn wd-anim-name_bounceIn wd-items-top \">\n\t\t\t\t\t\t\t\t\t\t<div class=\"info-box-content\">\n\t\t\t\t\t\t<div class=\"info-box-subtitle subtitle-color-default wd-fontsize-xs subtitle-style-default\">Informazioni su W&amp;H Triumph 3 anni 1959<\/div><h4 class=\"info-box-title title box-title-style-default wd-fontsize-m\">Informazioni sulla posizione<\/h4>\t\t\t\t\t\t<div class=\"info-box-inner reset-last-child\"><p>Disponibile nella regione: <strong style=\"color: blue;\"><a href=\"https:\/\/cbscompany.com\/it\/il-mio-account\/?redirect_to=%2Fit%2Fwp-json%2Fwp%2Fv2%2Fproduct%2F229765\" class=\"simplemodal-login\">Accedi per vedere la posizione<\/a><\/strong><\/p>\n<\/div>\n\n\t\t\t\t\t\t\t\t\t\t\t<\/div>\n\n\t\t\t\t\t\n\t\t\t\t\t<style>#wd-679b8a0c8b356 .info-box-icon {background-color:  !important;}<\/style>\t\t\t\t<\/div>\n\t\t\t<\/div>\n\t\t[\/vc_column][\/vc_row]<\/p>\n<\/div>","protected":false},"excerpt":{"rendered":"<p>La W&amp;H Triumph 3 \u00e8 stata progettata per la produzione di sacchetti con fondo a blocco. La macchina lavora con 2 veli e la sua velocit\u00e0 massima di produzione \u00e8 di 150 sacchi al minuto. <\/p>\n<p>&nbsp;<\/p>\n","protected":false},"featured_media":221953,"comment_status":"closed","ping_status":"closed","template":"","meta":{"_acf_changed":false,"om_disable_all_campaigns":false},"year-of-production":[],"product_brand":[],"product_cat":[1789,1793,3545],"product_tag":[2219,2257,2255,2159,2256],"class_list":{"0":"post-229765","1":"product","2":"type-product","3":"status-publish","4":"has-post-thumbnail","6":"product_cat-macchine-per-la-produzione-di-sacchetti-di-carta","7":"product_cat-macchine-per-sacchetti-sos","8":"product_cat-top-deal-it","9":"product_tag-2-plies-it","10":"product_tag-year-1959-it","11":"product_tag-triumph-3-it","12":"product_tag-wh-it","13":"product_tag-windmollerholscher-it","15":"first","16":"instock","17":"sale","18":"sold-individually","19":"shipping-taxable","20":"purchasable","21":"product-type-simple"},"acf":[],"_links":{"self":[{"href":"https:\/\/cbscompany.com\/it\/wp-json\/wp\/v2\/product\/229765","targetHints":{"allow":["GET"]}}],"collection":[{"href":"https:\/\/cbscompany.com\/it\/wp-json\/wp\/v2\/product"}],"about":[{"href":"https:\/\/cbscompany.com\/it\/wp-json\/wp\/v2\/types\/product"}],"replies":[{"embeddable":true,"href":"https:\/\/cbscompany.com\/it\/wp-json\/wp\/v2\/comments?post=229765"}],"wp:featuredmedia":[{"embeddable":true,"href":"https:\/\/cbscompany.com\/it\/wp-json\/wp\/v2\/media\/221953"}],"wp:attachment":[{"href":"https:\/\/cbscompany.com\/it\/wp-json\/wp\/v2\/media?parent=229765"}],"wp:term":[{"taxonomy":"year-of-production","embeddable":true,"href":"https:\/\/cbscompany.com\/it\/wp-json\/wp\/v2\/year-of-production?post=229765"},{"taxonomy":"product_brand","embeddable":true,"href":"https:\/\/cbscompany.com\/it\/wp-json\/wp\/v2\/product_brand?post=229765"},{"taxonomy":"product_cat","embeddable":true,"href":"https:\/\/cbscompany.com\/it\/wp-json\/wp\/v2\/product_cat?post=229765"},{"taxonomy":"product_tag","embeddable":true,"href":"https:\/\/cbscompany.com\/it\/wp-json\/wp\/v2\/product_tag?post=229765"}],"curies":[{"name":"wp","href":"https:\/\/api.w.org\/{rel}","templated":true}]}}