{"id":229747,"date":"2025-06-05T08:51:09","date_gmt":"2025-06-05T07:51:09","guid":{"rendered":"https:\/\/cbscompany.com\/machines\/senza-categoria\/uteco-diamond-hp-108-model-150-year-2011\/"},"modified":"2026-04-06T13:34:22","modified_gmt":"2026-04-06T12:34:22","slug":"uteco-diamond-hp-108-model-150-year-2011","status":"publish","type":"product","link":"https:\/\/cbscompany.com\/it\/machines\/stampanti-flexo\/stampanti-flessografiche-a-tamburo-centrale-c-i-per-film\/uteco-diamond-hp-108-model-150-year-2011\/","title":{"rendered":"Uteco Diamond HP 108 modello 150 anno 2011"},"content":{"rendered":"<div class=\"wpb-content-wrapper\"><p>[vc_row content_placement=&#8221;top&#8221;][vc_column css=&#8221;.vc_custom_1532433256788{margin-right: 15px !important;}&#8221; offset=&#8221;vc_col-md-8&#8243;]\n\t\t<div id=\"wd-67daddfb837de\" class=\"title-wrapper wd-wpb wd-set-mb reset-last-child  wd-rs-67daddfb837de wd-title-color-default wd-title-style-default text-left vc_custom_1742396882505 wd-underline-colored\">\n\t\t\t\n\t\t\t<div class=\"liner-continer\">\n\t\t\t\t<h4 class=\"woodmart-title-container title  wd-font-weight-600 wd-fontsize-m\" >Uteco Diamond HP 108 modello 150 anno 2011<\/h4>\n\t\t\t\t\t\t\t<\/div>\n\t\t\t\n\t\t\t\n\t\t\t\n\t\t<\/div>\n\t\t\n\t\t[vc_row_inner css=&#8221;.vc_custom_1628672714565{margin-bottom: 35px !important;border-bottom-width: 0px !important;padding-bottom: 25px !important;border-bottom-color: rgba(129,129,129,0.2) !important;border-bottom-style: solid !important;}&#8221; row_reverse_mobile=&#8221;0&#8243; row_reverse_tablet=&#8221;0&#8243;][vc_column_inner width=&#8221;1\/2&#8243; css=&#8221;.vc_custom_1532346102929{padding-top: 0px !important;}&#8221;][vc_column_text woodmart_inline=&#8221;no&#8221; text_larger=&#8221;no&#8221;]<\/p>\n<ul>\n<li aria-level=\"1\"><b>Marchio: Uteco<\/b><\/li>\n<li aria-level=\"1\"><b>Modello: Diamond HP 108<\/b><\/li>\n<li aria-level=\"1\"><b>Anno: 2011<\/b><\/li>\n<li aria-level=\"1\"><span style=\"font-weight: 400;\">10 colori<\/span><\/li>\n<li aria-level=\"1\"><span style=\"font-weight: 400;\">Larghezza del materiale: 1550 mm<\/span><\/li>\n<li aria-level=\"1\"><span style=\"font-weight: 400;\">Larghezza di stampa: 1500 mm<\/span><\/li>\n<li aria-level=\"1\"><span style=\"font-weight: 400;\">Ripetizione di stampa min-max: 420 &#8211; 870 mm<\/span><\/li>\n<li aria-level=\"1\"><span style=\"font-weight: 400;\">Svolgitore\/riavvolgitore: DT-U1000<\/span><\/li>\n<li aria-level=\"1\"><span style=\"font-weight: 400;\">Diametro massimo della bobina dello svolgitore\/avvolgitore: 1000 mm<\/span><\/li>\n<li aria-level=\"1\"><span style=\"font-weight: 400;\">Anima interna: 76 &#8211; 152 mm<\/span><\/li>\n<li aria-level=\"1\"><span style=\"font-weight: 400;\">Sistema di lavaggio automatico a tamburo<\/span><\/li>\n<li aria-level=\"1\"><span style=\"font-weight: 400;\">Pulizia automatica delle unit\u00e0 di stampa<\/span><\/li>\n<li aria-level=\"1\"><span style=\"font-weight: 400;\">Registro automatico BST<\/span><\/li>\n<li style=\"font-weight: 400;\" aria-level=\"1\"><span style=\"font-weight: 400;\">Diagonale sotto la coperta per la stampa del fronte e del retro su met\u00e0 della larghezza massima<\/span><\/li>\n<\/ul>\n<p>[\/vc_column_text][\/vc_column_inner][vc_column_inner width=&#8221;1\/2&#8243; css=&#8221;.vc_custom_1532346106600{padding-top: 0px !important;}&#8221;][vc_column_text css=&#8221;&#8221; woodmart_inline=&#8221;no&#8221; text_larger=&#8221;no&#8221;]<\/p>\n<ul>\n<li><span style=\"font-weight: 400;\">KISS-AND-GO di Grafikontrol<\/span><\/li>\n<li><span style=\"font-weight: 400;\">Controllo dei difetti 100&#215;100 del controllo grafico<\/span><\/li>\n<li><span style=\"font-weight: 400;\">Anilox: totale 16: 1 x 120, 1&#215;130, 2&#215;140, 3&#215;220, 1&#215;260, 2&#215;320, 2&#215;380, 3&#215;420, 1&#215;480 mm  <\/span><\/li>\n<li><span style=\"font-weight: 400;\">Maniche: totale 50: 10&#215;640, 10&#215;650, 10&#215;660, 10&#215;750, 6&#215;800 mm<\/span><\/li>\n<li><span style=\"font-weight: 400;\">Vettore: 10<\/span><\/li>\n<li><span style=\"font-weight: 400;\">Serbatoi d&#8217;inchiostro: 10<\/span><\/li>\n<li><span style=\"font-weight: 400;\">Porta inchiostro: 10<\/span><\/li>\n<li><span style=\"font-weight: 400;\">Velocit\u00e0: 600 m\/min<\/span><\/li>\n<li><b>Con <\/b><b>lavatrice automatica per la pulizia dei clich\u00e9<\/b><\/li>\n<li><span style=\"font-weight: 400;\">Visibile in produzione<\/span><\/li>\n<li><span style=\"font-weight: 400;\">Disponibilit\u00e0: da confermare al momento dell&#8217;ordine<\/span><\/li>\n<li style=\"list-style-type: none;\">\n<\/li>\n<\/ul>\n<p>[\/vc_column_text][\/vc_column_inner][\/vc_row_inner][\/vc_column][vc_column offset=&#8221;vc_col-md-4&#8243;]\t\t\t<div class=\"info-box-wrapper\">\n\t\t\t\t<div id=\"wd-67dac83b8725b\" class=\" wd-rs-67dac83b8725b wd-info-box wd-wpb text-left box-icon-align-left box-style-shadow color-scheme- wd-bg-none wd-off-anim wpb_animate_when_almost_visible wpb_bounceIn bounceIn wd-anim-name_bounceIn wd-items-top \">\n\t\t\t\t\t\t\t\t\t\t<div class=\"info-box-content\">\n\t\t\t\t\t\t<div class=\"info-box-subtitle subtitle-color-default wd-fontsize-xs subtitle-style-default\">Informazioni su Uteco Diamond HP 108 modello 150 anno 2011<\/div><h4 class=\"info-box-title title box-title-style-default wd-fontsize-m\">Informazioni sulla posizione<\/h4>\t\t\t\t\t\t<div class=\"info-box-inner reset-last-child\"><p>Disponibile nella regione: <strong style=\"color: blue;\"><a href=\"https:\/\/cbscompany.com\/it\/il-mio-account\/?redirect_to=%2Fit%2Fwp-json%2Fwp%2Fv2%2Fproduct%2F229747\" class=\"simplemodal-login\">Accedi per vedere la posizione<\/a><\/strong><\/p>\n<\/div>\n\n\t\t\t\t\t\t\t\t\t\t\t<\/div>\n\n\t\t\t\t\t\n\t\t\t\t\t<style>#wd-67dac83b8725b .info-box-icon {background-color:  !important;}<\/style>\t\t\t\t<\/div>\n\t\t\t<\/div>\n\t\t[\/vc_column][\/vc_row]<\/p>\n<\/div>","protected":false},"excerpt":{"rendered":"<p>Uteco Diamond HP 108 modello 150 anno 2011 \u00e8 una stampante flessografica CI per film. \u00c8 dotata di una lavatrice automatica per la pulizia dei clich\u00e9. <\/p>\n","protected":false},"featured_media":221900,"comment_status":"closed","ping_status":"closed","template":"","meta":{"_acf_changed":false,"om_disable_all_campaigns":false},"year-of-production":[],"product_brand":[],"product_cat":[1698,3432],"product_tag":[2180,2183,2133,2181,2182,2088],"class_list":{"0":"post-229747","1":"product","2":"type-product","3":"status-publish","4":"has-post-thumbnail","6":"product_cat-stampanti-flexo","7":"product_cat-stampanti-flessografiche-a-tamburo-centrale-c-i-per-film","8":"product_tag-10-colors-it","9":"product_tag-year-2011-it","10":"product_tag-diamond-hp-108-it","11":"product_tag-dt-u1000-it","12":"product_tag-lisa-9-12pm-it","13":"product_tag-uteco-it","15":"first","16":"instock","17":"sold-individually","18":"shipping-taxable","19":"purchasable","20":"product-type-simple"},"acf":[],"_links":{"self":[{"href":"https:\/\/cbscompany.com\/it\/wp-json\/wp\/v2\/product\/229747","targetHints":{"allow":["GET"]}}],"collection":[{"href":"https:\/\/cbscompany.com\/it\/wp-json\/wp\/v2\/product"}],"about":[{"href":"https:\/\/cbscompany.com\/it\/wp-json\/wp\/v2\/types\/product"}],"replies":[{"embeddable":true,"href":"https:\/\/cbscompany.com\/it\/wp-json\/wp\/v2\/comments?post=229747"}],"wp:featuredmedia":[{"embeddable":true,"href":"https:\/\/cbscompany.com\/it\/wp-json\/wp\/v2\/media\/221900"}],"wp:attachment":[{"href":"https:\/\/cbscompany.com\/it\/wp-json\/wp\/v2\/media?parent=229747"}],"wp:term":[{"taxonomy":"year-of-production","embeddable":true,"href":"https:\/\/cbscompany.com\/it\/wp-json\/wp\/v2\/year-of-production?post=229747"},{"taxonomy":"product_brand","embeddable":true,"href":"https:\/\/cbscompany.com\/it\/wp-json\/wp\/v2\/product_brand?post=229747"},{"taxonomy":"product_cat","embeddable":true,"href":"https:\/\/cbscompany.com\/it\/wp-json\/wp\/v2\/product_cat?post=229747"},{"taxonomy":"product_tag","embeddable":true,"href":"https:\/\/cbscompany.com\/it\/wp-json\/wp\/v2\/product_tag?post=229747"}],"curies":[{"name":"wp","href":"https:\/\/api.w.org\/{rel}","templated":true}]}}