{"id":401521,"date":"2026-05-15T10:57:43","date_gmt":"2026-05-15T09:57:43","guid":{"rendered":"https:\/\/cbscompany.com\/machines\/non%20class\u00e9\/la-meccanica-fumagalli-cah-roll-slitter-rewinder-trl-ar-year-2003\/"},"modified":"2026-05-15T11:00:00","modified_gmt":"2026-05-15T10:00:00","slug":"la-meccanica-fumagalli-cah-roll-slitter-rewinder-trl-ar-year-2003","status":"publish","type":"product","link":"https:\/\/cbscompany.com\/fr\/machines\/enrouleurs-de-rouleaux-de-caisse\/la-meccanica-fumagalli-cah-roll-slitter-rewinder-trl-ar-year-2003\/","title":{"rendered":"La Meccanica Fumagalli cah roll slitter rewinder TRL-AR year 2003"},"content":{"rendered":"<div class=\"wpb-content-wrapper\"><p>[vc_row content_placement=&#8221;top&#8221;][vc_column css=&#8221;.vc_custom_1532433256788{margin-right: 15px !important;}&#8221; offset=&#8221;vc_col-md-8&#8243;]\n\t\t<div id=\"wd-6a06ea9a4e667\" class=\"title-wrapper wd-wpb wd-set-mb reset-last-child  wd-rs-6a06ea9a4e667 wd-title-color-default wd-title-style-default text-left vc_custom_1778838176672 wd-underline-colored\">\n\t\t\t\n\t\t\t<div class=\"liner-continer\">\n\t\t\t\t<h4 class=\"woodmart-title-container title  wd-font-weight-600 wd-fontsize-m\" >La Meccanica Fumagalli cah roll slitter rewinder TRL-AR year 2003<br \/>\n<\/h4>\n\t\t\t\t\t\t\t<\/div>\n\t\t\t\n\t\t\t\n\t\t\t\n\t\t<\/div>\n\t\t\n\t\t[vc_row_inner css=&#8221;.vc_custom_1628672714565{margin-bottom: 35px !important;border-bottom-width: 0px !important;padding-bottom: 25px !important;border-bottom-color: rgba(129,129,129,0.2) !important;border-bottom-style: solid !important;}&#8221; row_reverse_mobile=&#8221;0&#8243; row_reverse_tablet=&#8221;0&#8243;][vc_column_inner width=&#8221;1\/2&#8243; css=&#8221;.vc_custom_1532346102929{padding-top: 0px !important;}&#8221;][vc_column_text css=&#8221;&#8221; woodmart_inline=&#8221;no&#8221; text_larger=&#8221;no&#8221;]<\/p>\n<ul>\n<li><b>B<\/b><b>rand : La Meccanica Fumagalli<\/b><\/li>\n<li><b>Mod\u00e8le : TRL-AR<\/b><\/li>\n<li><b>Ann\u00e9e : 2003, enti\u00e8rement r\u00e9nov\u00e9  <\/b><\/li>\n<li><span style=\"font-weight: 400;\">Grammage du papier : 20 &#8211; 600 g\/m\u00b2.<\/span><\/li>\n<li><span style=\"font-weight: 400;\">Largeur de travail maximale du rouleau parent : 1100 mm<\/span><\/li>\n<li><span style=\"font-weight: 400;\">Diam\u00e8tre maximal de d\u00e9roulement : 1200 mm<\/span><\/li>\n<li><span style=\"font-weight: 400;\">Diam\u00e8tre maximal d&#8217;enroulement : 420 mm<\/span><\/li>\n<li><span style=\"font-weight: 400;\">Largeur de coupe minimale : 18 mm<\/span><\/li>\n<li><span style=\"font-weight: 400;\">Vitesse maximale : 350 m\/min<\/span><\/li>\n<li aria-level=\"1\"><b>Syst\u00e8me de rembobinage :<\/b><\/li>\n<li><span style=\"font-weight: 400;\">2 arbres de rebobinage de 50 mm de diam\u00e8tre, pour des noyaux de 50,5 mm de diam\u00e8tre int\u00e9rieur<\/span><\/li>\n<\/ul>\n<p>[\/vc_column_text][\/vc_column_inner][vc_column_inner width=&#8221;1\/2&#8243; css=&#8221;.vc_custom_1532346106600{padding-top: 0px !important;}&#8221;][vc_column_text css=&#8221;&#8221; woodmart_inline=&#8221;no&#8221; text_larger=&#8221;no&#8221;]<\/p>\n<ul>\n<li><b>Syst\u00e8me de d\u00e9roulement :<\/b><\/li>\n<li><span style=\"font-weight: 400;\">Compteur \u00e9lectronique automatique avec double s\u00e9lection pour l&#8217;arr\u00eat automatique programm\u00e9 avec pr\u00e9-d\u00e9c\u00e9l\u00e9ration  <\/span><\/li>\n<li><span style=\"font-weight: 400;\">Freins \u00e0 disques pneumatiques avec contr\u00f4le automatique de la tension  <\/span><\/li>\n<li><span style=\"font-weight: 400;\">D\u00e9rouleur pneumatique extensible pour mandrins de 76 mm  <\/span><\/li>\n<li><span style=\"font-weight: 400;\">Dispositif de d\u00e9placement axial pour le r\u00e9glage du rouleau parent en cours de fonctionnement  <\/span><\/li>\n<li><span style=\"font-weight: 400;\">R\u00e9glage du volant avant \u00e0 l&#8217;usage de l&#8217;op\u00e9rateur avec un mouvement de \u00b120 mm  <\/span><\/li>\n<li><span style=\"font-weight: 400;\">Avec \u00e9l\u00e9vateur pneumatique pour les rouleaux parentaux<\/span><\/li>\n<\/ul>\n<p>[\/vc_column_text][\/vc_column_inner][\/vc_row_inner][\/vc_column][vc_column offset=&#8221;vc_col-md-4&#8243;]\t\t\t<div class=\"info-box-wrapper\">\n\t\t\t\t<div id=\"wd-6a06eaace602c\" class=\" wd-rs-6a06eaace602c wd-info-box wd-wpb text-left box-icon-align-left box-style-shadow color-scheme- wd-bg-none wd-off-anim wpb_animate_when_almost_visible wpb_bounceIn bounceIn wd-anim-name_bounceIn wd-items-top \">\n\t\t\t\t\t\t\t\t\t\t<div class=\"info-box-content\">\n\t\t\t\t\t\t<div class=\"info-box-subtitle subtitle-color-default wd-fontsize-xs subtitle-style-default\">A propos de La Meccanica Fumagalli cah roll slitter rewinder TRL-AR year 2003<br \/>\n<\/div><h4 class=\"info-box-title title box-title-style-default wd-fontsize-m\">Informations sur l&apos;emplacement<\/h4>\t\t\t\t\t\t<div class=\"info-box-inner reset-last-child\"><p>Disponible dans la r\u00e9gion : <strong style=\"color: blue;\"><a href=\"https:\/\/cbscompany.com\/my-account\/?redirect_to=%2Ffr%2Fwp-json%2Fwp%2Fv2%2Fproduct%2F401521\" class=\"simplemodal-login\">Log in to see location<\/a><\/strong><\/p>\n<\/div>\n\n\t\t\t\t\t\t\t\t\t\t\t<\/div>\n\n\t\t\t\t\t\n\t\t\t\t\t<style>#wd-6a06eaace602c .info-box-icon {background-color:  !important;}<\/style>\t\t\t\t<\/div>\n\t\t\t<\/div>\n\t\t[\/vc_column][\/vc_row]<\/p>\n<\/div>","protected":false},"excerpt":{"rendered":"<p>La Meccanica Fumagalli TRL-AR de 2003 est un enrouleur de bobines de cah. La machine sera remise \u00e0 neuf et garantie. <\/p>\n","protected":false},"featured_media":401554,"comment_status":"closed","ping_status":"closed","template":"","meta":{"_acf_changed":false,"om_disable_all_campaigns":false},"year-of-production":[],"product_brand":[],"product_cat":[5459],"product_tag":[6804,6810,5353,6808,6806],"class_list":{"0":"post-401521","1":"product","2":"type-product","3":"status-publish","4":"has-post-thumbnail","6":"product_cat-enrouleurs-de-rouleaux-de-caisse","7":"product_tag-annee-2003","8":"product_tag-bobineuse-a-rouleaux-cah","9":"product_tag-la-meccanica-fumagalli","10":"product_tag-remis-a-neuf-avec-garantie","11":"product_tag-trl_ar","13":"first","14":"instock","15":"sold-individually","16":"shipping-taxable","17":"purchasable","18":"product-type-simple"},"acf":[],"_links":{"self":[{"href":"https:\/\/cbscompany.com\/fr\/wp-json\/wp\/v2\/product\/401521","targetHints":{"allow":["GET"]}}],"collection":[{"href":"https:\/\/cbscompany.com\/fr\/wp-json\/wp\/v2\/product"}],"about":[{"href":"https:\/\/cbscompany.com\/fr\/wp-json\/wp\/v2\/types\/product"}],"replies":[{"embeddable":true,"href":"https:\/\/cbscompany.com\/fr\/wp-json\/wp\/v2\/comments?post=401521"}],"wp:featuredmedia":[{"embeddable":true,"href":"https:\/\/cbscompany.com\/fr\/wp-json\/wp\/v2\/media\/401554"}],"wp:attachment":[{"href":"https:\/\/cbscompany.com\/fr\/wp-json\/wp\/v2\/media?parent=401521"}],"wp:term":[{"taxonomy":"year-of-production","embeddable":true,"href":"https:\/\/cbscompany.com\/fr\/wp-json\/wp\/v2\/year-of-production?post=401521"},{"taxonomy":"product_brand","embeddable":true,"href":"https:\/\/cbscompany.com\/fr\/wp-json\/wp\/v2\/product_brand?post=401521"},{"taxonomy":"product_cat","embeddable":true,"href":"https:\/\/cbscompany.com\/fr\/wp-json\/wp\/v2\/product_cat?post=401521"},{"taxonomy":"product_tag","embeddable":true,"href":"https:\/\/cbscompany.com\/fr\/wp-json\/wp\/v2\/product_tag?post=401521"}],"curies":[{"name":"wp","href":"https:\/\/api.w.org\/{rel}","templated":true}]}}