{"id":396832,"date":"2025-06-05T08:47:37","date_gmt":"2025-06-05T07:47:37","guid":{"rendered":"https:\/\/cbscompany.com\/machines\/non%20class\u00e9\/wh-triumph-2-servo-type-3501-annee-1962\/"},"modified":"2026-05-05T09:57:23","modified_gmt":"2026-05-05T08:57:23","slug":"wh-triumph-2-servo-type-3501-annee-1962","status":"publish","type":"product","link":"https:\/\/cbscompany.com\/fr\/machines\/machines-a-fabriquer-des-sacs-en-papier\/machines-a-fabriquer-des-sacs-en-papier-sos\/wh-triumph-2-servo-type-3501-annee-1962\/","title":{"rendered":"W&amp;H Triumph 2 Servo type 3501 ann\u00e9e 1962"},"content":{"rendered":"<div class=\"wpb-content-wrapper\"><p>[vc_row content_placement=&#8221;top&#8221;][vc_column css=&#8221;.vc_custom_1532433256788{margin-right: 15px !important;}&#8221; offset=&#8221;vc_col-md-8&#8243;]\n\t\t<div id=\"wd-66ed8f20a8076\" class=\"title-wrapper wd-wpb wd-set-mb reset-last-child  wd-rs-66ed8f20a8076 wd-title-color-default wd-title-style-default text-left vc_custom_1726844715335 wd-underline-colored\">\n\t\t\t\n\t\t\t<div class=\"liner-continer\">\n\t\t\t\t<h4 class=\"woodmart-title-container title  wd-font-weight-600 wd-fontsize-m\" >W&amp;H Triumph 2 Servo type 3501 ann\u00e9e 1962<\/h4>\n\t\t\t\t\t\t\t<\/div>\n\t\t\t\n\t\t\t\n\t\t\t\n\t\t<\/div>\n\t\t\n\t\t[vc_row_inner css=&#8221;.vc_custom_1628672714565{margin-bottom: 35px !important;border-bottom-width: 0px !important;padding-bottom: 25px !important;border-bottom-color: rgba(129,129,129,0.2) !important;border-bottom-style: solid !important;}&#8221; row_reverse_mobile=&#8221;0&#8243; row_reverse_tablet=&#8221;0&#8243;][vc_column_inner width=&#8221;1\/2&#8243; css=&#8221;.vc_custom_1532346102929{padding-top: 0px !important;}&#8221;][vc_column_text woodmart_inline=&#8221;no&#8221; text_larger=&#8221;no&#8221;]<\/p>\n<ul>\n<li aria-level=\"1\"><b>Marque : W&amp;H<\/b><\/li>\n<li style=\"font-weight: 400;\" aria-level=\"1\"><b>Mod\u00e8le : Triumph 2 remis \u00e0 neuf par Garant Machinenhandel vers l&#8217;ann\u00e9e 2013<\/b><\/li>\n<li style=\"font-weight: 400;\" aria-level=\"1\"><b>Ann\u00e9e de fabrication originale : 1962 mais il ne reste que le cadre principal de l&#8217;ann\u00e9e 1962 et le reste a \u00e9t\u00e9 chang\u00e9<\/b><\/li>\n<li aria-level=\"1\"><span style=\"font-weight: 400;\">2 d\u00e9rouleurs sont pr\u00e9sents mais le propri\u00e9taire a toujours travaill\u00e9 sur un seul pli. La machine devrait \u00eatre capable de traiter 2 plis mais peut-\u00eatre que certaines pi\u00e8ces doivent \u00eatre ajout\u00e9es pour travailler 2 plis. <\/span><\/li>\n<li aria-level=\"1\"><span style=\"font-weight: 400;\">Largeur min-max du sac : 65 &#8211; 190 mm<\/span><\/li>\n<li aria-level=\"1\"><span style=\"font-weight: 400;\">Longueur min-max du sac : 180 &#8211; 460 mm<\/span><\/li>\n<li aria-level=\"1\"><span style=\"font-weight: 400;\">Largeur min-max du fond : 42 &#8211; 110 mm<\/span><\/li>\n<\/ul>\n<p>[\/vc_column_text][\/vc_column_inner][vc_column_inner width=&#8221;1\/2&#8243; css=&#8221;.vc_custom_1532346106600{padding-top: 0px !important;}&#8221;][vc_column_text css=&#8221;&#8221; woodmart_inline=&#8221;no&#8221; text_larger=&#8221;no&#8221;]<\/p>\n<ul>\n<li style=\"font-weight: 400;\" aria-level=\"1\"><span style=\"font-weight: 400;\">Largeur maximale du rouleau : 640 mm<\/span><\/li>\n<li style=\"font-weight: 400;\" aria-level=\"1\"><span style=\"font-weight: 400;\">Vitesse maximale : 160 sacs\/min <\/span><\/li>\n<li style=\"font-weight: 400;\" aria-level=\"1\"><span style=\"font-weight: 400;\">Entra\u00eenement SERVO pour l&#8217;unit\u00e9 de tirage, y compris l&#8217;unit\u00e9 de contr\u00f4le de l&#8217;\u0153il \u00e9lectrique pour le traitement des rouleaux pr\u00e9imprim\u00e9s<\/span><\/li>\n<li style=\"font-weight: 400;\" aria-level=\"1\"><span style=\"font-weight: 400;\">Plaques de formage : dimensions \u00e0 confirmer<\/span><\/li>\n<li style=\"font-weight: 400;\" aria-level=\"1\"><span style=\"font-weight: 400;\">Fermeture par le bas, collage par le bas<\/span><\/li>\n<li style=\"font-weight: 400;\" aria-level=\"1\"><span style=\"font-weight: 400;\">Armoire de commande avec PLC<\/span><\/li>\n<li style=\"font-weight: 400;\" aria-level=\"1\"><span style=\"font-weight: 400;\">En parfait \u00e9tat<\/span><\/li>\n<li style=\"font-weight: 400;\" aria-level=\"1\"><span style=\"font-weight: 400;\">Visible en fonctionnement<\/span><\/li>\n<li style=\"font-weight: 400;\" aria-level=\"1\"><span style=\"font-weight: 400;\">Imm\u00e9diatement disponible<\/span><\/li>\n<\/ul>\n<p>[\/vc_column_text][\/vc_column_inner][\/vc_row_inner][\/vc_column][vc_column offset=&#8221;vc_col-md-4&#8243;]\t\t\t<div class=\"info-box-wrapper\">\n\t\t\t\t<div id=\"wd-66ed8f5341ea7\" class=\" wd-rs-66ed8f5341ea7 wd-info-box wd-wpb text-left box-icon-align-left box-style-shadow color-scheme- wd-bg-none wd-off-anim wpb_animate_when_almost_visible wpb_bounceIn bounceIn wd-anim-name_bounceIn wd-items-top \">\n\t\t\t\t\t\t\t\t\t\t<div class=\"info-box-content\">\n\t\t\t\t\t\t<div class=\"info-box-subtitle subtitle-color-default wd-fontsize-xs subtitle-style-default\">A propos de W&amp;H Triumph 2 Servo type 3501 ann\u00e9e 1962<\/div><h4 class=\"info-box-title title box-title-style-default wd-fontsize-m\">Informations sur l&apos;emplacement<\/h4>\t\t\t\t\t\t<div class=\"info-box-inner reset-last-child\"><p>Disponible dans la r\u00e9gion : <strong style=\"color: blue;\"><a href=\"https:\/\/cbscompany.com\/my-account\/?redirect_to=%2Ffr%2Fwp-json%2Fwp%2Fv2%2Fproduct%2F396832\" class=\"simplemodal-login\">Log in to see location<\/a><\/strong><\/p>\n<\/div>\n\n\t\t\t\t\t\t\t\t\t\t\t<\/div>\n\n\t\t\t\t\t\n\t\t\t\t\t<style>#wd-66ed8f5341ea7 .info-box-icon {background-color:  !important;}<\/style>\t\t\t\t<\/div>\n\t\t\t<\/div>\n\t\t[\/vc_column][\/vc_row]<\/p>\n<\/div>","protected":false},"excerpt":{"rendered":"<p>W&amp;H Triumph 2 Servo type 3501 ann\u00e9e 1962 est une machine \u00e0 fabriquer des sacs en papier \u00e0 partir du rouleau de pr\u00e9-impression.<\/p>\n","protected":false},"featured_media":396845,"comment_status":"closed","ping_status":"closed","template":"","meta":{"_acf_changed":false,"om_disable_all_campaigns":false},"year-of-production":[],"product_brand":[],"product_cat":[5321,5320],"product_tag":[5397,5778,5331,5330],"class_list":{"0":"post-396832","1":"product","2":"type-product","3":"status-publish","4":"has-post-thumbnail","6":"product_cat-machines-a-fabriquer-des-sacs-en-papier","7":"product_cat-machines-a-fabriquer-des-sacs-en-papier-sos","8":"product_tag-triomphe-2","9":"product_tag-type-3501","10":"product_tag-wh","11":"product_tag-windmoller-holscher","13":"first","14":"instock","15":"sold-individually","16":"shipping-taxable","17":"purchasable","18":"product-type-simple"},"acf":[],"_links":{"self":[{"href":"https:\/\/cbscompany.com\/fr\/wp-json\/wp\/v2\/product\/396832","targetHints":{"allow":["GET"]}}],"collection":[{"href":"https:\/\/cbscompany.com\/fr\/wp-json\/wp\/v2\/product"}],"about":[{"href":"https:\/\/cbscompany.com\/fr\/wp-json\/wp\/v2\/types\/product"}],"replies":[{"embeddable":true,"href":"https:\/\/cbscompany.com\/fr\/wp-json\/wp\/v2\/comments?post=396832"}],"wp:featuredmedia":[{"embeddable":true,"href":"https:\/\/cbscompany.com\/fr\/wp-json\/wp\/v2\/media\/396845"}],"wp:attachment":[{"href":"https:\/\/cbscompany.com\/fr\/wp-json\/wp\/v2\/media?parent=396832"}],"wp:term":[{"taxonomy":"year-of-production","embeddable":true,"href":"https:\/\/cbscompany.com\/fr\/wp-json\/wp\/v2\/year-of-production?post=396832"},{"taxonomy":"product_brand","embeddable":true,"href":"https:\/\/cbscompany.com\/fr\/wp-json\/wp\/v2\/product_brand?post=396832"},{"taxonomy":"product_cat","embeddable":true,"href":"https:\/\/cbscompany.com\/fr\/wp-json\/wp\/v2\/product_cat?post=396832"},{"taxonomy":"product_tag","embeddable":true,"href":"https:\/\/cbscompany.com\/fr\/wp-json\/wp\/v2\/product_tag?post=396832"}],"curies":[{"name":"wp","href":"https:\/\/api.w.org\/{rel}","templated":true}]}}