{"id":396684,"date":"2026-04-20T15:22:18","date_gmt":"2026-04-20T14:22:18","guid":{"rendered":"https:\/\/cbscompany.com\/machines\/non%20class\u00e9\/gur-is-gp-35-s-machine-a-fabriquer-des-sacs-a-poignees-torsadees\/"},"modified":"2026-05-05T09:54:12","modified_gmt":"2026-05-05T08:54:12","slug":"gur-is-gp-35-s-machine-a-fabriquer-des-sacs-a-poignees-torsadees","status":"publish","type":"product","link":"https:\/\/cbscompany.com\/fr\/machines\/machines-a-fabriquer-des-sacs-en-papier\/machines-a-fabriquer-des-sacs-en-papier-sos\/gur-is-gp-35-s-machine-a-fabriquer-des-sacs-a-poignees-torsadees\/","title":{"rendered":"GUR-IS GP-35\/S Machine \u00e0 fabriquer des sacs \u00e0 poign\u00e9es torsad\u00e9es"},"content":{"rendered":"<div class=\"wpb-content-wrapper\"><p>[vc_row content_placement=&#8221;top&#8221;][vc_column css=&#8221;.vc_custom_1532433256788{margin-right: 15px !important;}&#8221; offset=&#8221;vc_col-md-8&#8243;]\n\t\t<div id=\"wd-69e9c76cd3b81\" class=\"title-wrapper wd-wpb wd-set-mb reset-last-child  wd-rs-69e9c76cd3b81 wd-title-color-default wd-title-style-default text-left vc_custom_1776928628672 wd-underline-colored\">\n\t\t\t\n\t\t\t<div class=\"liner-continer\">\n\t\t\t\t<h4 class=\"woodmart-title-container title  wd-font-weight-600 wd-fontsize-m\" >GUR-IS GP-35\/S Machine \u00e0 fabriquer des sacs \u00e0 poign\u00e9es torsad\u00e9es<\/h4>\n\t\t\t\t\t\t\t<\/div>\n\t\t\t\n\t\t\t\n\t\t\t\n\t\t<\/div>\n\t\t\n\t\t[vc_row_inner css=&#8221;.vc_custom_1628672714565{margin-bottom: 35px !important;border-bottom-width: 0px !important;padding-bottom: 25px !important;border-bottom-color: rgba(129,129,129,0.2) !important;border-bottom-style: solid !important;}&#8221; row_reverse_mobile=&#8221;0&#8243; row_reverse_tablet=&#8221;0&#8243;][vc_column_inner width=&#8221;1\/2&#8243; css=&#8221;.vc_custom_1532346102929{padding-top: 0px !important;}&#8221;][vc_column_text css=&#8221;&#8221; woodmart_inline=&#8221;no&#8221; text_larger=&#8221;no&#8221;]<\/p>\n<ul>\n<li aria-level=\"1\"><b>Marque : GUR-IS<\/b><\/li>\n<li aria-level=\"1\"><b>Mod\u00e8le : GP-35\/S<\/b><\/li>\n<li aria-level=\"1\"><span style=\"font-weight: 400;\">Avec poign\u00e9e torsad\u00e9e<\/span><\/li>\n<li aria-level=\"1\"><span style=\"font-weight: 400;\">Largeur maximale du papier : 1450 mm<\/span><\/li>\n<li aria-level=\"1\"><span style=\"font-weight: 400;\">Diam\u00e8tre maximal du rouleau : 1300 mm<\/span><\/li>\n<li aria-level=\"1\"><span style=\"font-weight: 400;\">Largeur min-max du sac (avec poign\u00e9es) : 150 &#8211; 460 mm<\/span><\/li>\n<li aria-level=\"1\"><span style=\"font-weight: 400;\">Longueur du sac (avec poign\u00e9es) : 250 &#8211; 510 mm<\/span><\/li>\n<\/ul>\n<p>[\/vc_column_text][\/vc_column_inner][vc_column_inner width=&#8221;1\/2&#8243; css=&#8221;.vc_custom_1532346106600{padding-top: 0px !important;}&#8221;][vc_column_text css=&#8221;&#8221; woodmart_inline=&#8221;no&#8221; text_larger=&#8221;no&#8221;]<\/p>\n<ul>\n<li style=\"font-weight: 400;\" aria-level=\"1\"><span style=\"font-weight: 400;\">Soufflet : 80 &#8211; 250 mm<\/span><\/li>\n<li style=\"font-weight: 400;\" aria-level=\"1\"><span style=\"font-weight: 400;\">Longueur de coupe : 300 &#8211; 650 mm<\/span><\/li>\n<li style=\"font-weight: 400;\" aria-level=\"1\"><span style=\"font-weight: 400;\">Grammage du papier : 70 &#8211; 120 g\/m\u00b2.<\/span><\/li>\n<li style=\"font-weight: 400;\" aria-level=\"1\"><span style=\"font-weight: 400;\">Avec cellule photo\u00e9lectrique pour les rouleaux pr\u00e9imprim\u00e9s<\/span><\/li>\n<li style=\"font-weight: 400;\" aria-level=\"1\"><span style=\"font-weight: 400;\">Arr\u00eat\u00e9e<\/span><\/li>\n<li style=\"font-weight: 400;\" aria-level=\"1\"><span style=\"font-weight: 400;\">Imm\u00e9diatement disponible<\/span><\/li>\n<\/ul>\n<p>[\/vc_column_text][\/vc_column_inner][\/vc_row_inner][\/vc_column][vc_column offset=&#8221;vc_col-md-4&#8243;]\t\t\t<div class=\"info-box-wrapper\">\n\t\t\t\t<div id=\"wd-69e9c7873b0a2\" class=\" wd-rs-69e9c7873b0a2 wd-info-box wd-wpb text-left box-icon-align-left box-style-shadow color-scheme- wd-bg-none wd-off-anim wpb_animate_when_almost_visible wpb_bounceIn bounceIn wd-anim-name_bounceIn wd-items-top \">\n\t\t\t\t\t\t\t\t\t\t<div class=\"info-box-content\">\n\t\t\t\t\t\t<div class=\"info-box-subtitle subtitle-color-default wd-fontsize-xs subtitle-style-default\">A propos de la machine de fabrication de sacs \u00e0 poign\u00e9es torsad\u00e9es GUR-IS GP-35\/S<\/div><h4 class=\"info-box-title title box-title-style-default wd-fontsize-m\">Informations sur l&apos;emplacement<\/h4>\t\t\t\t\t\t<div class=\"info-box-inner reset-last-child\"><p>Disponible dans la r\u00e9gion : <strong style=\"color: blue;\"><a href=\"https:\/\/cbscompany.com\/my-account\/?redirect_to=%2Ffr%2Fwp-json%2Fwp%2Fv2%2Fproduct%2F396684\" class=\"simplemodal-login\">Log in to see location<\/a><\/strong><\/p>\n<\/div>\n\n\t\t\t\t\t\t\t\t\t\t\t<\/div>\n\n\t\t\t\t\t\n\t\t\t\t\t<style>#wd-69e9c7873b0a2 .info-box-icon {background-color:  !important;}<\/style>\t\t\t\t<\/div>\n\t\t\t<\/div>\n\t\t[\/vc_column][\/vc_row]<\/p>\n<\/div>","protected":false},"excerpt":{"rendered":"<p>La GUR-IS GP-35\/S est une machine \u00e0 fabriquer des sacs \u00e0 poign\u00e9es torsad\u00e9es. La machine est con\u00e7ue pour produire des sacs d&#8217;une longueur maximale de 510 mm. <\/p>\n","protected":false},"featured_media":396705,"comment_status":"closed","ping_status":"closed","template":"","meta":{"_acf_changed":false,"om_disable_all_campaigns":false},"year-of-production":[],"product_brand":[],"product_cat":[5321,5320],"product_tag":[5759,5760,5757,5758,5668],"class_list":{"0":"post-396684","1":"product","2":"type-product","3":"status-publish","4":"has-post-thumbnail","6":"product_cat-machines-a-fabriquer-des-sacs-en-papier","7":"product_cat-machines-a-fabriquer-des-sacs-en-papier-sos","8":"product_tag-gousset-80-250mm","9":"product_tag-gp-35-s","10":"product_tag-gur-est","11":"product_tag-largeur-maximale-du-papier-1450-mm","12":"product_tag-unite-de-poignee-torsadee","14":"first","15":"instock","16":"sold-individually","17":"shipping-taxable","18":"purchasable","19":"product-type-simple"},"acf":[],"_links":{"self":[{"href":"https:\/\/cbscompany.com\/fr\/wp-json\/wp\/v2\/product\/396684","targetHints":{"allow":["GET"]}}],"collection":[{"href":"https:\/\/cbscompany.com\/fr\/wp-json\/wp\/v2\/product"}],"about":[{"href":"https:\/\/cbscompany.com\/fr\/wp-json\/wp\/v2\/types\/product"}],"replies":[{"embeddable":true,"href":"https:\/\/cbscompany.com\/fr\/wp-json\/wp\/v2\/comments?post=396684"}],"wp:featuredmedia":[{"embeddable":true,"href":"https:\/\/cbscompany.com\/fr\/wp-json\/wp\/v2\/media\/396705"}],"wp:attachment":[{"href":"https:\/\/cbscompany.com\/fr\/wp-json\/wp\/v2\/media?parent=396684"}],"wp:term":[{"taxonomy":"year-of-production","embeddable":true,"href":"https:\/\/cbscompany.com\/fr\/wp-json\/wp\/v2\/year-of-production?post=396684"},{"taxonomy":"product_brand","embeddable":true,"href":"https:\/\/cbscompany.com\/fr\/wp-json\/wp\/v2\/product_brand?post=396684"},{"taxonomy":"product_cat","embeddable":true,"href":"https:\/\/cbscompany.com\/fr\/wp-json\/wp\/v2\/product_cat?post=396684"},{"taxonomy":"product_tag","embeddable":true,"href":"https:\/\/cbscompany.com\/fr\/wp-json\/wp\/v2\/product_tag?post=396684"}],"curies":[{"name":"wp","href":"https:\/\/api.w.org\/{rel}","templated":true}]}}