{"id":396411,"date":"2025-12-10T16:06:18","date_gmt":"2025-12-10T15:06:18","guid":{"rendered":"https:\/\/cbscompany.com\/machines\/non%20class\u00e9\/bimec-tca-64c-annee-2017\/"},"modified":"2026-05-05T09:52:03","modified_gmt":"2026-05-05T08:52:03","slug":"bimec-tca-64c-annee-2017","status":"publish","type":"product","link":"https:\/\/cbscompany.com\/fr\/machines\/refendeuses-et-ciseaux\/enrouleurs-a-couteaux\/bimec-tca-64c-annee-2017\/","title":{"rendered":"Bimec TCA\/64C ann\u00e9e 2017"},"content":{"rendered":"<div class=\"wpb-content-wrapper\"><p>[vc_row content_placement=&#8221;top&#8221;][vc_column css=&#8221;.vc_custom_1532433256788{margin-right: 15px !important;}&#8221; offset=&#8221;vc_col-md-8&#8243;]\n\t\t<div id=\"wd-693985d646d6c\" class=\"title-wrapper wd-wpb wd-set-mb reset-last-child  wd-rs-693985d646d6c wd-title-color-default wd-title-style-default text-left vc_custom_1765377502761 wd-underline-colored\">\n\t\t\t\n\t\t\t<div class=\"liner-continer\">\n\t\t\t\t<h4 class=\"woodmart-title-container title  wd-font-weight-600 wd-fontsize-m\" >Bimec TCA\/64C ann\u00e9e 2017<\/h4>\n\t\t\t\t\t\t\t<\/div>\n\t\t\t\n\t\t\t\n\t\t\t\n\t\t<\/div>\n\t\t\n\t\t[vc_row_inner css=&#8221;.vc_custom_1628672714565{margin-bottom: 35px !important;border-bottom-width: 0px !important;padding-bottom: 25px !important;border-bottom-color: rgba(129,129,129,0.2) !important;border-bottom-style: solid !important;}&#8221; row_reverse_mobile=&#8221;0&#8243; row_reverse_tablet=&#8221;0&#8243;][vc_column_inner width=&#8221;1\/2&#8243; css=&#8221;.vc_custom_1532346102929{padding-top: 0px !important;}&#8221;][vc_column_text css=&#8221;&#8221; woodmart_inline=&#8221;no&#8221; text_larger=&#8221;no&#8221;]<\/p>\n<ul>\n<li aria-level=\"1\"><b>Marque : Bimec<\/b><\/li>\n<li aria-level=\"1\"><b>Mod\u00e8le : TCA\/64C<\/b><\/li>\n<li aria-level=\"1\"><b>Ann\u00e9e : 2017<\/b><\/li>\n<li aria-level=\"1\"><span style=\"font-weight: 400;\">Mat\u00e9riaux : LDPE, BOPP, OPP, CPP, PET, PVC, PET+ALU+LDPE, HDPE<\/span><\/li>\n<li aria-level=\"1\"><span style=\"font-weight: 400;\">Enrouleur \u00e0 double tourelle<\/span><\/li>\n<li aria-level=\"1\"><span style=\"font-weight: 400;\">Largeur maximale : 1350 mm<\/span><\/li>\n<li aria-level=\"1\"><span style=\"font-weight: 400;\">Diam\u00e8tre maximal du rouleau parent : 1000 mm<\/span><\/li>\n<li aria-level=\"1\"><span style=\"font-weight: 400;\">Diam\u00e8tre maximal du rouleau fini : 610 mm<\/span><\/li>\n<li aria-level=\"1\"><span style=\"font-weight: 400;\">Poids maximal du rouleau parent : 1500 kg<\/span><\/li>\n<li aria-level=\"1\"><span style=\"font-weight: 400;\">Largeur de coupe minimale : 45 mm (le propri\u00e9taire a utilis\u00e9 avec succ\u00e8s des largeurs de 36 mm et 42 mm pour l&#8217;emballage du th\u00e9).<\/span><\/li>\n<li aria-level=\"1\"><span style=\"font-weight: 400;\">Syst\u00e8me de levage de rouleaux par lots et de mouvement des bras<\/span><\/li>\n<li aria-level=\"1\"><span style=\"font-weight: 400;\">Mandrin d\u00e9rouleur sans arbre &#8211; 76 et adaptateurs de mandrin pour 152 mm<\/span><\/li>\n<li aria-level=\"1\"><span style=\"font-weight: 400;\">Noyau de l&#8217;enrouleur d&#8217;arbre : 76 mm<\/span><\/li>\n<li aria-level=\"1\"><span style=\"font-weight: 400;\">D\u00e9placement lat\u00e9ral de la b\u00e9quille : \u00b150<\/span><\/li>\n<li aria-level=\"1\"><span style=\"font-weight: 400;\">Moteur asynchrone principal \u00e0 courant alternatif <\/span><\/li>\n<li aria-level=\"1\"><span style=\"font-weight: 400;\">Enrouleur AC. moteur asynchrone <\/span><\/li>\n<li aria-level=\"1\"><span style=\"font-weight: 400;\">Tourelle tournante Moteur \u00e0 engrenages AC.   <\/span><\/li>\n<li aria-level=\"1\"><span style=\"font-weight: 400;\">Syst\u00e8me de guidage automatique FIFE avec capteur de ligne SE-46C<\/span><\/li>\n<li aria-level=\"1\"><span style=\"font-weight: 400;\">Frein pneumatique servo-ventil\u00e9<\/span><\/li>\n<li aria-level=\"1\"><span style=\"font-weight: 400;\">Contr\u00f4le de la tension de d\u00e9roulement par rouleau danseur<\/span><\/li>\n<li><span style=\"font-weight: 400;\">12 couteaux f\u00e9minins inclus<\/span><\/li>\n<\/ul>\n<p>[\/vc_column_text][\/vc_column_inner][vc_column_inner width=&#8221;1\/2&#8243; css=&#8221;.vc_custom_1532346106600{padding-top: 0px !important;}&#8221;][vc_column_text css=&#8221;&#8221; woodmart_inline=&#8221;no&#8221; text_larger=&#8221;no&#8221;]<\/p>\n<ul>\n<li style=\"font-weight: 400;\" aria-level=\"1\"><span style=\"font-weight: 400;\">Porte-lame de rasoir manuel num\u00e9rique et syst\u00e8me de positionnement des couteaux f\u00e9minins (au moyen d&#8217;un pointeur laser)<\/span><\/li>\n<li style=\"font-weight: 400;\" aria-level=\"1\"><span style=\"font-weight: 400;\">Aspirateur AR5C (4 Kw) avec tuyaux, buses et silencieux<\/span><\/li>\n<li style=\"font-weight: 400;\" aria-level=\"1\"><span style=\"font-weight: 400;\">Contr\u00f4le programmable de la tension de rembobinage<\/span><\/li>\n<li style=\"font-weight: 400;\" aria-level=\"1\"><span style=\"font-weight: 400;\">Syst\u00e8me de coupe transversale au rembobinage<\/span><\/li>\n<li style=\"font-weight: 400;\" aria-level=\"1\"><span style=\"font-weight: 400;\">Syst\u00e8me de contr\u00f4le informatis\u00e9 par et panneau d&#8217;op\u00e9rateur (Siemens 12&#8221; \u00e9cran tactile)<\/span><\/li>\n<li style=\"font-weight: 400;\" aria-level=\"1\"><span style=\"font-weight: 400;\">Capacit\u00e9 de charge maximale par arbre 300 kg en cas de fente multiple ; 230 kg en cas de fente en 2 bobines finies.<\/span><\/li>\n<li style=\"font-weight: 400;\" aria-level=\"1\"><span style=\"font-weight: 400;\">Syst\u00e8me de positionnement du noyau par faisceau laser manuel<\/span><\/li>\n<li style=\"font-weight: 400;\" aria-level=\"1\"><span style=\"font-weight: 400;\">Jeu de barres antistatiques complet avec alimentateur<\/span><\/li>\n<li style=\"font-weight: 400;\" aria-level=\"1\"><span style=\"font-weight: 400;\">Support lat\u00e9ral mod\u00e8le SBP 1.0 avec rotation de 45<\/span><span style=\"font-weight: 400;\">\u00b0 par rapport \u00e0 l&#8217;axe vertical pour le d\u00e9chargement rapide des rouleaux enroul\u00e9s (jusqu&#8217;\u00e0 900 mm de laize)<\/span><\/li>\n<li style=\"font-weight: 400;\" aria-level=\"1\"><span style=\"font-weight: 400;\">Carte Ethernet pour le d\u00e9pannage \u00e0 distance par les ing\u00e9nieurs de Bimec ou interentreprises (uniquement pour le diagnostic PLC)<\/span><\/li>\n<li style=\"font-weight: 400;\" aria-level=\"1\"><span style=\"font-weight: 400;\">Panneau de contr\u00f4le int\u00e9gr\u00e9 \u00e0 la machine<\/span><\/li>\n<li style=\"font-weight: 400;\" aria-level=\"1\"><span style=\"font-weight: 400;\">Tous les pilotes sont Parker et Siemens. L&#8217;IHM est Siemens. <\/span><\/li>\n<li style=\"font-weight: 400;\" aria-level=\"1\"><span style=\"font-weight: 400;\">Vitesse : 600 m\/min<\/span><\/li>\n<li aria-level=\"1\"><span style=\"font-weight: 400;\">Pas de certificat CE<\/span><\/li>\n<li style=\"font-weight: 400;\" aria-level=\"1\"><span style=\"font-weight: 400;\">Tension : 400 V, 3 phases, 50 Hz. (L1 + L2 + L3 + PE, sans neutre) <\/span><\/li>\n<li style=\"font-weight: 400;\" aria-level=\"1\"><span style=\"font-weight: 400;\">Visible dans la production<\/span><\/li>\n<li style=\"font-weight: 400;\" aria-level=\"1\"><span style=\"font-weight: 400;\">Imm\u00e9diatement disponible<\/span><\/li>\n<\/ul>\n<p>[\/vc_column_text][\/vc_column_inner][\/vc_row_inner][\/vc_column][vc_column offset=&#8221;vc_col-md-4&#8243;]\t\t\t<div class=\"info-box-wrapper\">\n\t\t\t\t<div id=\"wd-6939887c1346a\" class=\" wd-rs-6939887c1346a wd-info-box wd-wpb text-left box-icon-align-left box-style-shadow color-scheme- wd-bg-none wd-off-anim wpb_animate_when_almost_visible wpb_bounceIn bounceIn wd-anim-name_bounceIn wd-items-top \">\n\t\t\t\t\t\t\t\t\t\t<div class=\"info-box-content\">\n\t\t\t\t\t\t<div class=\"info-box-subtitle subtitle-color-default wd-fontsize-xs subtitle-style-default\">A propos de Bimec TCA\/64C ann\u00e9e 2017<\/div><h4 class=\"info-box-title title box-title-style-default wd-fontsize-m\">Informations sur l&apos;emplacement<\/h4>\t\t\t\t\t\t<div class=\"info-box-inner reset-last-child\"><p>Disponible dans la r\u00e9gion : <strong style=\"color: blue;\"><a href=\"https:\/\/cbscompany.com\/my-account\/?redirect_to=%2Ffr%2Fwp-json%2Fwp%2Fv2%2Fproduct%2F396411\" class=\"simplemodal-login\">Log in to see location<\/a><\/strong><\/p>\n<\/div>\n\n\t\t\t\t\t\t\t\t\t\t\t<\/div>\n\n\t\t\t\t\t\n\t\t\t\t\t<style>#wd-6939887c1346a .info-box-icon {background-color:  !important;}<\/style>\t\t\t\t<\/div>\n\t\t\t<\/div>\n\t\t[\/vc_column][\/vc_row]<\/p>\n<\/div>","protected":false},"excerpt":{"rendered":"<p>Bimec TCA\/64C est une bobineuse d\u00e9coupeuse con\u00e7ue pour travailler avec LDPE, BOPP, OPP, CPP, PET, PVC, PET+ALU+LDPE, HDPE. La vitesse maximale de la machine est de<span style=\"font-weight: 400;\"> 600 m\u00e8tres par minute. <\/span>  <\/p>\n","protected":false},"featured_media":396446,"comment_status":"closed","ping_status":"closed","template":"","meta":{"_acf_changed":false,"om_disable_all_campaigns":false},"year-of-production":[],"product_brand":[],"product_cat":[5349,5350],"product_tag":[5558,5717,5714,5723,5719],"class_list":{"0":"post-396411","1":"product","2":"type-product","3":"status-publish","4":"has-post-thumbnail","6":"product_cat-enrouleurs-a-couteaux","7":"product_cat-refendeuses-et-ciseaux","8":"product_tag-annee-2017","9":"product_tag-bimec","10":"product_tag-glissiere","11":"product_tag-largeur-maximale-1350-mm","12":"product_tag-tca-64c","14":"first","15":"instock","16":"sold-individually","17":"shipping-taxable","18":"purchasable","19":"product-type-simple"},"acf":[],"_links":{"self":[{"href":"https:\/\/cbscompany.com\/fr\/wp-json\/wp\/v2\/product\/396411","targetHints":{"allow":["GET"]}}],"collection":[{"href":"https:\/\/cbscompany.com\/fr\/wp-json\/wp\/v2\/product"}],"about":[{"href":"https:\/\/cbscompany.com\/fr\/wp-json\/wp\/v2\/types\/product"}],"replies":[{"embeddable":true,"href":"https:\/\/cbscompany.com\/fr\/wp-json\/wp\/v2\/comments?post=396411"}],"wp:featuredmedia":[{"embeddable":true,"href":"https:\/\/cbscompany.com\/fr\/wp-json\/wp\/v2\/media\/396446"}],"wp:attachment":[{"href":"https:\/\/cbscompany.com\/fr\/wp-json\/wp\/v2\/media?parent=396411"}],"wp:term":[{"taxonomy":"year-of-production","embeddable":true,"href":"https:\/\/cbscompany.com\/fr\/wp-json\/wp\/v2\/year-of-production?post=396411"},{"taxonomy":"product_brand","embeddable":true,"href":"https:\/\/cbscompany.com\/fr\/wp-json\/wp\/v2\/product_brand?post=396411"},{"taxonomy":"product_cat","embeddable":true,"href":"https:\/\/cbscompany.com\/fr\/wp-json\/wp\/v2\/product_cat?post=396411"},{"taxonomy":"product_tag","embeddable":true,"href":"https:\/\/cbscompany.com\/fr\/wp-json\/wp\/v2\/product_tag?post=396411"}],"curies":[{"name":"wp","href":"https:\/\/api.w.org\/{rel}","templated":true}]}}