{"id":396310,"date":"2025-06-05T09:04:37","date_gmt":"2025-06-05T08:04:37","guid":{"rendered":"https:\/\/cbscompany.com\/machines\/non%20class\u00e9\/bobineuse-moller-modele-trw-1000-annee-2002\/"},"modified":"2026-05-05T09:50:25","modified_gmt":"2026-05-05T08:50:25","slug":"bobineuse-moller-modele-trw-1000-annee-2002","status":"publish","type":"product","link":"https:\/\/cbscompany.com\/fr\/machines\/autres-machines\/bobineuse-moller-modele-trw-1000-annee-2002\/","title":{"rendered":"Bobineuse M\u00f6ller mod\u00e8le TRW 1000 ann\u00e9e 2002"},"content":{"rendered":"<div class=\"wpb-content-wrapper\"><p>[vc_row content_placement=&#8221;top&#8221;][vc_column css=&#8221;.vc_custom_1532433256788{margin-right: 15px !important;}&#8221; offset=&#8221;vc_col-md-8&#8243;]\n\t\t<div id=\"wd-6810c885d911e\" class=\"title-wrapper wd-wpb wd-set-mb reset-last-child  wd-rs-6810c885d911e wd-title-color-default wd-title-style-default text-left vc_custom_1745930292511 wd-underline-colored\">\n\t\t\t\n\t\t\t<div class=\"liner-continer\">\n\t\t\t\t<h4 class=\"woodmart-title-container title  wd-font-weight-600 wd-fontsize-m\" >Bobineuse M\u00f6ller mod\u00e8le TRW 1000 ann\u00e9e 2002<\/h4>\n\t\t\t\t\t\t\t<\/div>\n\t\t\t\n\t\t\t\n\t\t\t\n\t\t<\/div>\n\t\t\n\t\t[vc_row_inner css=&#8221;.vc_custom_1628672714565{margin-bottom: 35px !important;border-bottom-width: 0px !important;padding-bottom: 25px !important;border-bottom-color: rgba(129,129,129,0.2) !important;border-bottom-style: solid !important;}&#8221; row_reverse_mobile=&#8221;0&#8243; row_reverse_tablet=&#8221;0&#8243;][vc_column_inner width=&#8221;1\/2&#8243; css=&#8221;.vc_custom_1532346102929{padding-top: 0px !important;}&#8221;][vc_column_text css=&#8221;&#8221; woodmart_inline=&#8221;no&#8221; text_larger=&#8221;no&#8221;]<\/p>\n<ul>\n<li aria-level=\"1\"><b>Marque : M\u00f6ller<\/b><\/li>\n<\/ul>\n<ul>\n<li aria-level=\"1\"><b>Mod\u00e8le : TRW 1000<\/b><\/li>\n<li aria-level=\"1\"><b>Ann\u00e9e : 2002<\/b><\/li>\n<li aria-level=\"1\"><span style=\"font-weight: 400;\">Pour la production de rouleaux tiss\u00e9s, non tiss\u00e9s, de papier et de plastique<\/span><\/li>\n<li aria-level=\"1\">La machine peut produire des rouleaux de grande taille (par exemple 100 m) et de plus petite taille (par exemple 10 m), mais uniquement avec un mandrin.<\/li>\n<li aria-level=\"1\"><span style=\"font-weight: 400;\">Largeur de la bande : 1200 mm<\/span><\/li>\n<li aria-level=\"1\"><span style=\"font-weight: 400;\">Diam\u00e8tre maximal de la bobine : 1000 mm<\/span><\/li>\n<li aria-level=\"1\"><span style=\"font-weight: 400;\">Syst\u00e8mes d&#8217;alimentation automatique des mandrins de papier  <\/span><\/li>\n<li aria-level=\"1\"><span style=\"font-weight: 400;\">Arbres \u00e0 air pour diff\u00e9rentes tailles  <\/span><\/li>\n<li aria-level=\"1\"><span style=\"font-weight: 400;\">Avec bobine sup\u00e9rieure pour les bobines sans mandrin<\/span><\/li>\n<li><span style=\"font-weight: 400;\">PLC<\/span><\/li>\n<\/ul>\n<p>[\/vc_column_text][\/vc_column_inner][vc_column_inner width=&#8221;1\/2&#8243; css=&#8221;.vc_custom_1532346106600{padding-top: 0px !important;}&#8221;][vc_column_text css=&#8221;&#8221; woodmart_inline=&#8221;no&#8221; text_larger=&#8221;no&#8221;]<\/p>\n<ul>\n<li><span style=\"font-weight: 400;\">Guide web<\/span><\/li>\n<li><span style=\"font-weight: 400;\">Arr\u00eat d&#8217;urgence  <\/span><\/li>\n<li><span style=\"font-weight: 400;\">Syst\u00e8me d&#8217;emballage transparent avec syst\u00e8me de r\u00e9traction et scellage  <\/span><\/li>\n<li><span style=\"font-weight: 400;\">Minuterie du four<\/span><\/li>\n<li style=\"font-weight: 400;\" aria-level=\"1\"><span style=\"font-weight: 400;\">\u00c9paisseur TNT : 60 g\/m\u00b2, mais il est \u00e9galement possible de traiter des \u00e9paisseurs moindres.<\/span><\/li>\n<li style=\"font-weight: 400;\" aria-level=\"1\"><span style=\"font-weight: 400;\">Vitesse : 250 m\/min<\/span><\/li>\n<li><span style=\"font-weight: 400;\">Avec manuel, sch\u00e9mas \u00e9lectriques  <\/span><\/li>\n<li><span style=\"font-weight: 400;\">Certifi\u00e9 CE<\/span><\/li>\n<li><span style=\"font-weight: 400;\">Visible pour le test<\/span><\/li>\n<li><span style=\"font-weight: 400;\">Imm\u00e9diatement disponible<\/span><\/li>\n<li style=\"list-style-type: none;\">\n<\/li>\n<\/ul>\n<p>[\/vc_column_text][\/vc_column_inner][\/vc_row_inner][\/vc_column][vc_column offset=&#8221;vc_col-md-4&#8243;]\t\t\t<div class=\"info-box-wrapper\">\n\t\t\t\t<div id=\"wd-6810cc7c32ca8\" class=\" wd-rs-6810cc7c32ca8 wd-info-box wd-wpb text-left box-icon-align-left box-style-shadow color-scheme- wd-bg-none wd-off-anim wpb_animate_when_almost_visible wpb_bounceIn bounceIn wd-anim-name_bounceIn wd-items-top \">\n\t\t\t\t\t\t\t\t\t\t<div class=\"info-box-content\">\n\t\t\t\t\t\t<div class=\"info-box-subtitle subtitle-color-default wd-fontsize-xs subtitle-style-default\">A propos de la machine \u00e0 enrouler M\u00f6ller mod\u00e8le TRW 1000 ann\u00e9e 2002<\/div><h4 class=\"info-box-title title box-title-style-default wd-fontsize-m\">Informations sur l&apos;emplacement<\/h4>\t\t\t\t\t\t<div class=\"info-box-inner reset-last-child\"><p>Disponible dans la r\u00e9gion : <strong style=\"color: blue;\"><a href=\"https:\/\/cbscompany.com\/my-account\/?redirect_to=%2Ffr%2Fwp-json%2Fwp%2Fv2%2Fproduct%2F396310\" class=\"simplemodal-login\">Log in to see location<\/a><\/strong><\/p>\n<\/div>\n\n\t\t\t\t\t\t\t\t\t\t\t<\/div>\n\n\t\t\t\t\t\n\t\t\t\t\t<style>#wd-6810cc7c32ca8 .info-box-icon {background-color:  !important;}<\/style>\t\t\t\t<\/div>\n\t\t\t<\/div>\n\t\t[\/vc_column][\/vc_row]<\/p>\n<\/div>","protected":false},"excerpt":{"rendered":"<p>La M\u00f6ller TRW 1000 ann\u00e9e 2002 est une enrouleuse con\u00e7ue pour la <span style=\"font-weight: 400;\">production de rouleaux de papier et de plastique non tiss\u00e9s.<\/span><\/p>\n","protected":false},"featured_media":396318,"comment_status":"closed","ping_status":"closed","template":"","meta":{"_acf_changed":false,"om_disable_all_campaigns":false},"year-of-production":[],"product_brand":[],"product_cat":[5344],"product_tag":[5382,5695,5699,5681,5697],"class_list":{"0":"post-396310","1":"product","2":"type-product","3":"status-publish","4":"has-post-thumbnail","6":"product_cat-autres-machines","7":"product_tag-annee-2002","8":"product_tag-ce","9":"product_tag-largeur-de-bande-1200-mm","10":"product_tag-moller","11":"product_tag-trw-1000","13":"first","14":"instock","15":"sold-individually","16":"shipping-taxable","17":"purchasable","18":"product-type-simple"},"acf":[],"_links":{"self":[{"href":"https:\/\/cbscompany.com\/fr\/wp-json\/wp\/v2\/product\/396310","targetHints":{"allow":["GET"]}}],"collection":[{"href":"https:\/\/cbscompany.com\/fr\/wp-json\/wp\/v2\/product"}],"about":[{"href":"https:\/\/cbscompany.com\/fr\/wp-json\/wp\/v2\/types\/product"}],"replies":[{"embeddable":true,"href":"https:\/\/cbscompany.com\/fr\/wp-json\/wp\/v2\/comments?post=396310"}],"wp:featuredmedia":[{"embeddable":true,"href":"https:\/\/cbscompany.com\/fr\/wp-json\/wp\/v2\/media\/396318"}],"wp:attachment":[{"href":"https:\/\/cbscompany.com\/fr\/wp-json\/wp\/v2\/media?parent=396310"}],"wp:term":[{"taxonomy":"year-of-production","embeddable":true,"href":"https:\/\/cbscompany.com\/fr\/wp-json\/wp\/v2\/year-of-production?post=396310"},{"taxonomy":"product_brand","embeddable":true,"href":"https:\/\/cbscompany.com\/fr\/wp-json\/wp\/v2\/product_brand?post=396310"},{"taxonomy":"product_cat","embeddable":true,"href":"https:\/\/cbscompany.com\/fr\/wp-json\/wp\/v2\/product_cat?post=396310"},{"taxonomy":"product_tag","embeddable":true,"href":"https:\/\/cbscompany.com\/fr\/wp-json\/wp\/v2\/product_tag?post=396310"}],"curies":[{"name":"wp","href":"https:\/\/api.w.org\/{rel}","templated":true}]}}