{"id":396164,"date":"2025-06-05T08:49:11","date_gmt":"2025-06-05T07:49:11","guid":{"rendered":"https:\/\/cbscompany.com\/machines\/non%20class\u00e9\/newlong-148t504th-annee-2013\/"},"modified":"2026-05-05T09:50:24","modified_gmt":"2026-05-05T08:50:24","slug":"newlong-148t504th-annee-2013","status":"publish","type":"product","link":"https:\/\/cbscompany.com\/fr\/machines\/machines-a-fabriquer-des-sacs-en-papier\/machines-a-fabriquer-des-sacs-en-papier-sos\/newlong-148t504th-annee-2013\/","title":{"rendered":"Newlong 148T+504TH ann\u00e9e 2013"},"content":{"rendered":"<div class=\"wpb-content-wrapper\"><p>[vc_row content_placement=&#8221;top&#8221;][vc_column css=&#8221;.vc_custom_1532433256788{margin-right: 15px !important;}&#8221; offset=&#8221;vc_col-md-8&#8243;]\n\t\t<div id=\"wd-674f0ff3a3d41\" class=\"title-wrapper wd-wpb wd-set-mb reset-last-child  wd-rs-674f0ff3a3d41 wd-title-color-default wd-title-style-default text-left vc_custom_1733234601419 wd-underline-colored\">\n\t\t\t\n\t\t\t<div class=\"liner-continer\">\n\t\t\t\t<h4 class=\"woodmart-title-container title  wd-font-weight-600 wd-fontsize-m\" >Newlong 148T+504TH ann\u00e9e 2013<\/h4>\n\t\t\t\t\t\t\t<\/div>\n\t\t\t\n\t\t\t\n\t\t\t\n\t\t<\/div>\n\t\t\n\t\t[vc_row_inner css=&#8221;.vc_custom_1628672714565{margin-bottom: 35px !important;border-bottom-width: 0px !important;padding-bottom: 25px !important;border-bottom-color: rgba(129,129,129,0.2) !important;border-bottom-style: solid !important;}&#8221; row_reverse_mobile=&#8221;0&#8243; row_reverse_tablet=&#8221;0&#8243;][vc_column_inner width=&#8221;1\/2&#8243; css=&#8221;.vc_custom_1532346102929{padding-top: 0px !important;}&#8221;][vc_column_text css=&#8221;&#8221; woodmart_inline=&#8221;no&#8221; text_larger=&#8221;no&#8221;]<\/p>\n<ul>\n<li aria-level=\"1\"><b>Marque : Newlong<\/b><\/li>\n<li aria-level=\"1\"><b>Mod\u00e8le : 148T+504TH  <\/b><\/li>\n<li aria-level=\"1\"><b>Ann\u00e9e : 2013<\/b><\/li>\n<li aria-level=\"1\"><b>Avec poign\u00e9e torsad\u00e9e<\/b><\/li>\n<li aria-level=\"1\">1 pli<\/li>\n<li aria-level=\"1\"><span style=\"font-weight: 400;\">Largeur min &#8211; max du sac : 220 &#8211; 540 mm<\/span><\/li>\n<li aria-level=\"1\"><span style=\"font-weight: 400;\">Longueur min &#8211; max du sac (avec poign\u00e9e) : 290 &#8211; 580 mm  <\/span><\/li>\n<li aria-level=\"1\"><span style=\"font-weight: 400;\">Longueur min &#8211; max du sac (sans poign\u00e9e) : 290 &#8211; 700 mm<\/span><\/li>\n<li aria-level=\"1\"><span style=\"font-weight: 400;\">Longueur de coupe min &#8211; max (avec poign\u00e9e) : 400 &#8211; 650 mm  <\/span><\/li>\n<li aria-level=\"1\"><span style=\"font-weight: 400;\">Longueur de coupe min &#8211; max (sans poign\u00e9e) : 400 &#8211; 770 mm<\/span><\/li>\n<li aria-level=\"1\"><span style=\"font-weight: 400;\">Largeur minimale &#8211; maximale du fond 80 &#8211; 250 mm<\/span><\/li>\n<li aria-level=\"1\"><span style=\"font-weight: 400;\">Vitesse maximale : 120 sacs\/min (avec poign\u00e9e)<\/span><\/li>\n<li aria-level=\"1\"><span style=\"font-weight: 400;\">Vitesse maximale : 150 sacs\/min (sans poign\u00e9e)<\/span><\/li>\n<li aria-level=\"1\"><span style=\"font-weight: 400;\">Largeur maximale du papier : 1510 mm<\/span><\/li>\n<li aria-level=\"1\"><span style=\"font-weight: 400;\">Diam\u00e8tre maximal du rouleau de papier : 1200 mm<\/span><\/li>\n<li aria-level=\"1\"><span style=\"font-weight: 400;\">Diam\u00e8tre int\u00e9rieur du rouleau de papier : 76 mm<\/span><\/li>\n<li aria-level=\"1\"><span style=\"font-weight: 400;\">Grammage du papier : 80 &#8211; 140 g\/m\u00b2.<\/span><\/li>\n<li aria-level=\"1\"><span style=\"font-weight: 400;\">Distance minimale maximale entre les poign\u00e9es : 320 &#8211; 740 mm<\/span><\/li>\n<li aria-level=\"1\"><b>Unit\u00e9 \u00e0 poign\u00e9e torsad\u00e9e :<\/b><\/li>\n<li><span style=\"font-weight: 400;\">Mat\u00e9riau : Rouleau de papier torsad\u00e9, 4 &#8211; 8 mm<\/span><\/li>\n<li style=\"font-weight: 400;\" aria-level=\"1\"><span style=\"font-weight: 400;\">Longueur de la poign\u00e9e : 190,5 mm<\/span><\/li>\n<\/ul>\n<p>[\/vc_column_text][\/vc_column_inner][vc_column_inner width=&#8221;1\/2&#8243; css=&#8221;.vc_custom_1532346106600{padding-top: 0px !important;}&#8221;][vc_column_text woodmart_inline=&#8221;no&#8221; text_larger=&#8221;no&#8221;]<\/p>\n<ul>\n<li style=\"font-weight: 400;\" aria-level=\"1\"><span style=\"font-weight: 400;\">Largeur du papier : 100 mm (fixe), ce papier est divis\u00e9 en 2 lignes de 50 mm chacune.<\/span><\/li>\n<li style=\"font-weight: 400;\" aria-level=\"1\"><span style=\"font-weight: 400;\">Largeur de la poign\u00e9e (50 mm) : 170 mm<\/span><\/li>\n<li style=\"font-weight: 400;\" aria-level=\"1\"><span style=\"font-weight: 400;\">Diam\u00e8tre maximal du rouleau de papier : 1000 mm  <\/span><\/li>\n<li style=\"font-weight: 400;\" aria-level=\"1\"><span style=\"font-weight: 400;\">Diam\u00e8tre int\u00e9rieur du rouleau de papier : 76 mm<\/span><\/li>\n<li style=\"font-weight: 400;\" aria-level=\"1\"><span style=\"font-weight: 400;\">Support pour rouleau de papier : 4 supports<\/span><\/li>\n<li style=\"font-weight: 400;\" aria-level=\"1\"><span style=\"font-weight: 400;\">Grammage du papier : 100 &#8211; 120 g\/m\u00b2.<\/span><\/li>\n<li style=\"font-weight: 400;\" aria-level=\"1\"><span style=\"font-weight: 400;\">M\u00e9thode d&#8217;\u00e9tanch\u00e9it\u00e9 : Colle chimique \u00e0 froid<\/span><\/li>\n<li style=\"font-weight: 400;\" aria-level=\"1\"><span style=\"font-weight: 400;\">Nordson hot melt pour la poign\u00e9e<\/span><\/li>\n<li style=\"font-weight: 400;\" aria-level=\"1\"><span style=\"font-weight: 400;\">Support de rouleau de papier, dispositif de levage \u00e0 v\u00e9rin pneumatique<\/span><\/li>\n<li style=\"font-weight: 400;\" aria-level=\"1\"><span style=\"font-weight: 400;\">Unit\u00e9 de fabrication et d&#8217;insertion de poign\u00e9es avec guide-bande (E.P.C.), unit\u00e9 auxiliaire d&#8217;\u00e9tirage de la bande et rouleaux de guidage<\/span><\/li>\n<li style=\"font-weight: 400;\" aria-level=\"1\"><span style=\"font-weight: 400;\">Unit\u00e9 de formage compl\u00e9t\u00e9e par des plaques de formage et des rouleaux de r\u00e9glage du gousset<\/span><\/li>\n<li style=\"font-weight: 400;\" aria-level=\"1\"><span style=\"font-weight: 400;\">Unit\u00e9 de livraison de type vertical avec rouleaux de pression, compteur \u00e9lectrique, compteur de vitesse num\u00e9rique<\/span><\/li>\n<li style=\"font-weight: 400;\" aria-level=\"1\"><span style=\"font-weight: 400;\">Sans servo<\/span><\/li>\n<li style=\"font-weight: 400;\" aria-level=\"1\"><span style=\"font-weight: 400;\">Sans PLC<\/span><\/li>\n<li style=\"font-weight: 400;\" aria-level=\"1\"><span style=\"font-weight: 400;\">Moteur principal 11 KW (inverter)<\/span><\/li>\n<li style=\"font-weight: 400;\" aria-level=\"1\"><span style=\"font-weight: 400;\">Visible dans la production<\/span><\/li>\n<li style=\"font-weight: 400;\" aria-level=\"1\"><span style=\"font-weight: 400;\">Imm\u00e9diatement disponible<\/span><\/li>\n<\/ul>\n<p>[\/vc_column_text][\/vc_column_inner][\/vc_row_inner][\/vc_column][vc_column offset=&#8221;vc_col-md-4&#8243;]\t\t\t<div class=\"info-box-wrapper\">\n\t\t\t\t<div id=\"wd-674f1017d9834\" class=\" wd-rs-674f1017d9834 wd-info-box wd-wpb text-left box-icon-align-left box-style-shadow color-scheme- wd-bg-none wd-off-anim wpb_animate_when_almost_visible wpb_bounceIn bounceIn wd-anim-name_bounceIn wd-items-top \">\n\t\t\t\t\t\t\t\t\t\t<div class=\"info-box-content\">\n\t\t\t\t\t\t<div class=\"info-box-subtitle subtitle-color-default wd-fontsize-xs subtitle-style-default\">A propos de Newlong 148T+504TH ann\u00e9e 2013<\/div><h4 class=\"info-box-title title box-title-style-default wd-fontsize-m\">Informations sur l&apos;emplacement<\/h4>\t\t\t\t\t\t<div class=\"info-box-inner reset-last-child\"><p>Disponible dans la r\u00e9gion : <strong style=\"color: blue;\"><a href=\"https:\/\/cbscompany.com\/my-account\/?redirect_to=%2Ffr%2Fwp-json%2Fwp%2Fv2%2Fproduct%2F396164\" class=\"simplemodal-login\">Log in to see location<\/a><\/strong><\/p>\n<\/div>\n\n\t\t\t\t\t\t\t\t\t\t\t<\/div>\n\n\t\t\t\t\t\n\t\t\t\t\t<style>#wd-674f1017d9834 .info-box-icon {background-color:  !important;}<\/style>\t\t\t\t<\/div>\n\t\t\t<\/div>\n\t\t[\/vc_column][\/vc_row]<\/p>\n<\/div>","protected":false},"excerpt":{"rendered":"<p>La Newlong 148T+504TH ann\u00e9e 2013 est une machine \u00e0 sacs SOS avec poign\u00e9e torsad\u00e9e. Sa vitesse maximale est de 150 sacs\/minute pour les sacs sans poign\u00e9e. <\/p>\n","protected":false},"featured_media":396183,"comment_status":"closed","ping_status":"closed","template":"","meta":{"_acf_changed":false,"om_disable_all_campaigns":false},"year-of-production":[],"product_brand":[],"product_cat":[5321,5320],"product_tag":[5669,5667,5608,5668,5670],"class_list":{"0":"post-396164","1":"product","2":"type-product","3":"status-publish","4":"has-post-thumbnail","6":"product_cat-machines-a-fabriquer-des-sacs-en-papier","7":"product_cat-machines-a-fabriquer-des-sacs-en-papier-sos","8":"product_tag-148t504th","9":"product_tag-annee-2013","10":"product_tag-newlong","11":"product_tag-unite-de-poignee-torsadee","12":"product_tag-vitesse-maximale-150-sacs-min-sans-poignee","14":"first","15":"instock","16":"sold-individually","17":"shipping-taxable","18":"purchasable","19":"product-type-simple"},"acf":[],"_links":{"self":[{"href":"https:\/\/cbscompany.com\/fr\/wp-json\/wp\/v2\/product\/396164","targetHints":{"allow":["GET"]}}],"collection":[{"href":"https:\/\/cbscompany.com\/fr\/wp-json\/wp\/v2\/product"}],"about":[{"href":"https:\/\/cbscompany.com\/fr\/wp-json\/wp\/v2\/types\/product"}],"replies":[{"embeddable":true,"href":"https:\/\/cbscompany.com\/fr\/wp-json\/wp\/v2\/comments?post=396164"}],"wp:featuredmedia":[{"embeddable":true,"href":"https:\/\/cbscompany.com\/fr\/wp-json\/wp\/v2\/media\/396183"}],"wp:attachment":[{"href":"https:\/\/cbscompany.com\/fr\/wp-json\/wp\/v2\/media?parent=396164"}],"wp:term":[{"taxonomy":"year-of-production","embeddable":true,"href":"https:\/\/cbscompany.com\/fr\/wp-json\/wp\/v2\/year-of-production?post=396164"},{"taxonomy":"product_brand","embeddable":true,"href":"https:\/\/cbscompany.com\/fr\/wp-json\/wp\/v2\/product_brand?post=396164"},{"taxonomy":"product_cat","embeddable":true,"href":"https:\/\/cbscompany.com\/fr\/wp-json\/wp\/v2\/product_cat?post=396164"},{"taxonomy":"product_tag","embeddable":true,"href":"https:\/\/cbscompany.com\/fr\/wp-json\/wp\/v2\/product_tag?post=396164"}],"curies":[{"name":"wp","href":"https:\/\/api.w.org\/{rel}","templated":true}]}}