{"id":395798,"date":"2025-06-05T08:46:13","date_gmt":"2025-06-05T07:46:13","guid":{"rendered":"https:\/\/cbscompany.com\/machines\/non%20class\u00e9\/taranto-bobineuse-decoupeuse-annee-2007-avec-microperforateur-chaud-fbf-annee-2007-et-macroperforateur-viara-annee-2006\/"},"modified":"2026-05-05T09:47:24","modified_gmt":"2026-05-05T08:47:24","slug":"taranto-bobineuse-decoupeuse-annee-2007-avec-microperforateur-chaud-fbf-annee-2007-et-macroperforateur-viara-annee-2006","status":"publish","type":"product","link":"https:\/\/cbscompany.com\/fr\/machines\/refendeuses-et-ciseaux\/enrouleurs-a-couteaux\/taranto-bobineuse-decoupeuse-annee-2007-avec-microperforateur-chaud-fbf-annee-2007-et-macroperforateur-viara-annee-2006\/","title":{"rendered":"TARANTO bobineuse d\u00e9coupeuse ann\u00e9e 2007 avec Microperforateur chaud FBF ann\u00e9e 2007 et Macroperforateur VIARA ann\u00e9e 2006"},"content":{"rendered":"<div class=\"wpb-content-wrapper\"><p>[vc_row content_placement=&#8221;top&#8221;][vc_column css=&#8221;.vc_custom_1532433256788{margin-right: 15px !important;}&#8221; offset=&#8221;vc_col-md-8&#8243;]\n\t\t<div id=\"wd-655377fa370c9\" class=\"title-wrapper wd-wpb wd-set-mb reset-last-child  wd-rs-655377fa370c9 wd-title-color-default wd-title-style-default text-left vc_custom_1699969031754 wd-underline-colored\">\n\t\t\t\n\t\t\t<div class=\"liner-continer\">\n\t\t\t\t<h4 class=\"woodmart-title-container title  wd-font-weight-600 wd-fontsize-m\" >TARANTO bobineuse d\u00e9coupeuse ann\u00e9e 2007 avec Microperforateur chaud FBF ann\u00e9e 2007 et Macroperforateur VIARA ann\u00e9e 2006<\/h4>\n\t\t\t\t\t\t\t<\/div>\n\t\t\t\n\t\t\t\n\t\t\t\n\t\t<\/div>\n\t\t\n\t\t[vc_row_inner css=&#8221;.vc_custom_1628672714565{margin-bottom: 35px !important;border-bottom-width: 0px !important;padding-bottom: 25px !important;border-bottom-color: rgba(129,129,129,0.2) !important;border-bottom-style: solid !important;}&#8221; row_reverse_mobile=&#8221;0&#8243; row_reverse_tablet=&#8221;0&#8243;][vc_column_inner width=&#8221;1\/2&#8243; css=&#8221;.vc_custom_1532346102929{padding-top: 0px !important;}&#8221;][vc_column_text woodmart_inline=&#8221;no&#8221; text_larger=&#8221;no&#8221;]<\/p>\n<ul>\n<li aria-level=\"1\"><b>Taranto est une machine d\u00e9di\u00e9e \u00e0 l&#8217;enroulement du mat\u00e9riel. Il s&#8217;agit d&#8217;une enrouleuse \u00e0 refente con\u00e7ue pour la micro et la macro perforation, ce n&#8217;est donc pas une machine \u00e0 acheter uniquement pour l&#8217;utilisation d&#8217;une enrouleuse \u00e0 refente pure. <\/b><\/li>\n<li aria-level=\"1\"><b>Elle est con\u00e7ue dans l&#8217;optique d&#8217;incorporer la micro et la macro-perforation. La v\u00e9ritable valeur de la machine r\u00e9side dans la micro et la macro-perforation. <\/b><\/li>\n<li aria-level=\"1\"><b>Pour ce type de traitement, vous pouvez travailler \u00e0 une vitesse de 80 m\/min. La vitesse est d\u00e9termin\u00e9e par le micro et le macro perforateur.   <\/b><\/li>\n<li aria-level=\"1\"><b>Marque : TARANTO Srl<\/b><\/li>\n<li aria-level=\"1\"><b>Ann\u00e9e : 2007<\/b><\/li>\n<li aria-level=\"1\"><b>Au d\u00e9but du processus, r\u00e9glez la vitesse d&#8217;enroulement et d\u00e9finissez la longueur requise pour chaque coupe.<\/b><\/li>\n<li aria-level=\"1\"><b>Compos\u00e9 d&#8217;un d\u00e9rouleur \/ enrouleur et d&#8217;une coupe longitudinale par lames  <\/b><\/li>\n<li aria-level=\"1\"><b>Nombre de coupes : 2-3<\/b><\/li>\n<li aria-level=\"1\"><b>Trois paires de pales sont ancr\u00e9es derri\u00e8re l&#8217;enrouleur.<\/b><\/li>\n<li aria-level=\"1\"><b>Deux stations d&#8217;enroulement ind\u00e9pendantes permettent une excellente flexibilit\u00e9 d&#8217;utilisation. Il est possible d&#8217;enrouler de 1 \u00e0 3 bobines (impossible pour 4 bobines en raison de la n\u00e9cessit\u00e9 d&#8217;un groupe de lames suppl\u00e9mentaire). <\/b><\/li>\n<li aria-level=\"1\"><b>Chacune des deux stations d&#8217;enroulement est actionn\u00e9e par un moteur coulissant \u00e0 entra\u00eenement par cha\u00eene, qui assure un maintien constant de la tension.<\/b><\/li>\n<li aria-level=\"1\"><b>Au d\u00e9but du processus, r\u00e9glez la vitesse d&#8217;enroulement et d\u00e9finissez la longueur requise pour chaque coupe.<\/b><\/li>\n<li aria-level=\"1\"><b>Syst\u00e8me en ligne pour la micro-perforation \u00e0 chaud et la macro-perforation \u00e0 froid<\/b><\/li>\n<li aria-level=\"1\"><span style=\"font-weight: 400;\">Largeur de travail maximale : 1200 mm  <\/span><\/li>\n<li aria-level=\"1\"><span style=\"font-weight: 400;\">Diam\u00e8tre maximal du d\u00e9vidoir : 800 mm   <\/span><\/li>\n<li aria-level=\"1\"><span style=\"font-weight: 400;\">Diam\u00e8tre maximal de l&#8217;enrouleur : 800 mm   <\/span><\/li>\n<\/ul>\n<p>[\/vc_column_text][\/vc_column_inner][vc_column_inner width=&#8221;1\/2&#8243; css=&#8221;.vc_custom_1532346106600{padding-top: 0px !important;}&#8221;][vc_column_text woodmart_inline=&#8221;no&#8221; text_larger=&#8221;no&#8221;]<\/p>\n<ul>\n<li><span style=\"font-weight: 400;\">Mat\u00e9riaux : \u00e9paisseur de 10 \u00e0 200 my (le mat\u00e9riau doit \u00eatre test\u00e9)  <\/span><\/li>\n<li><span style=\"font-weight: 400;\">Vitesse : max 100 m \/min<\/span><\/li>\n<li><b>Avec FBF chaud Microperforateur type MFC de 2007 (Italie)<\/b><\/li>\n<li><span style=\"font-weight: 400;\">Table : 1200 mm<\/span><\/li>\n<li><span style=\"font-weight: 400;\">Tubes lisses de diff\u00e9rentes tailles 5\/10\/15\/20 mm \u00e0 percer en bandes altern\u00e9es lisses\/perfor\u00e9es<\/span><\/li>\n<li><span style=\"font-weight: 400;\">Porte-aiguille pour bronze MF\/HOT pour poin\u00e7onneuse CE498<\/span><\/li>\n<li><span style=\"font-weight: 400;\">Diam\u00e8tre interne 99 mm, Diam\u00e8tre externe 110 mm, Diam\u00e8tre de l&#8217;embout 124,4 mm<\/span><\/li>\n<li><span style=\"font-weight: 400;\">Longueur 100\/50\/25 mm<\/span><\/li>\n<li><span style=\"font-weight: 400;\">Diam\u00e8tre de l&#8217;aiguille 1,42 mm SHORT TIP<\/span><\/li>\n<li><span style=\"font-weight: 400;\">Disposition &#8211; losange : diagonale horizontale 3,5 mm x diagonale verticale 8 mm<\/span><\/li>\n<li><span style=\"font-weight: 400;\">Densit\u00e9 de forage D09 (9 trous cm^2)<\/span><\/li>\n<li><span style=\"font-weight: 400;\">Vitesse : 90 m\/min<\/span><\/li>\n<li><span style=\"font-weight: 400;\">Consommation \u00e9lectrique : 13,5 kW\/380V\/50 Hz<\/span><\/li>\n<li><span style=\"font-weight: 400;\">Poids : 500 kg<\/span><\/li>\n<li><b>Avec le macroperforateur VIARA de 2006 (Italie)<\/b><\/li>\n<li><span style=\"font-weight: 400;\">Mise en page : oui<\/span><\/li>\n<li><span style=\"font-weight: 400;\">Les moteurs d&#8217;enroulement sont de type coulissant et autofriction.<\/span><\/li>\n<li><span style=\"font-weight: 400;\">Le d\u00e9roulement est un entra\u00eenement normal des rouleaux en trois phases.<\/span><\/li>\n<li><span style=\"font-weight: 400;\">Entretoises : 2 x 5 mm, 3 x 10 mm, 2 x 30 mm, 7 x 50 mm, 1 x 80 mm, 1 x 90 mm, 1 x 93 mm, 3 x 100 mm, 3 x 185 mm<\/span><\/li>\n<li><span style=\"font-weight: 400;\">Rouleaux de perforation \u00e0 aiguilles : 4 x 25 mm, 4 x 50 mm, 9 x 100 mm<\/span><\/li>\n<li><span style=\"font-weight: 400;\">Les march\u00e9s d&#8217;utilisation peuvent inclure les fruits, les l\u00e9gumes, etc.<\/span><\/li>\n<li><span style=\"font-weight: 400;\">Visible en fonctionnement<\/span><\/li>\n<li><span style=\"font-weight: 400;\">Imm\u00e9diatement disponible<\/span><\/li>\n<li style=\"list-style-type: none;\">\n<\/li>\n<\/ul>\n<ul>\n<li style=\"list-style-type: none;\">\n<\/li>\n<\/ul>\n<p>[\/vc_column_text][\/vc_column_inner][\/vc_row_inner][\/vc_column][vc_column offset=&#8221;vc_col-md-4&#8243;]\t\t\t<div class=\"info-box-wrapper\">\n\t\t\t\t<div id=\"wd-6553780b0d495\" class=\" wd-rs-6553780b0d495 wd-info-box wd-wpb text-left box-icon-align-left box-style-shadow color-scheme- wd-bg-none wd-off-anim wpb_animate_when_almost_visible wpb_bounceIn bounceIn wd-anim-name_bounceIn wd-items-top \">\n\t\t\t\t\t\t\t\t\t\t<div class=\"info-box-content\">\n\t\t\t\t\t\t<div class=\"info-box-subtitle subtitle-color-default wd-fontsize-xs subtitle-style-default\">A propos de la bobineuse-bobineuse TARANTO ann\u00e9e 2007 avec le microperforateur chaud FBF ann\u00e9e 2007 et le macroperforateur VIARA ann\u00e9e 2006<\/div><h4 class=\"info-box-title title box-title-style-default wd-fontsize-m\">Informations sur l&apos;emplacement<\/h4>\t\t\t\t\t\t<div class=\"info-box-inner reset-last-child\"><p>Disponible dans la r\u00e9gion : <strong style=\"color: blue;\"><a href=\"https:\/\/cbscompany.com\/my-account\/?redirect_to=%2Ffr%2Fwp-json%2Fwp%2Fv2%2Fproduct%2F395798\" class=\"simplemodal-login\">Log in to see location<\/a><\/strong><\/p>\n<\/div>\n\n\t\t\t\t\t\t\t\t\t\t\t<\/div>\n\n\t\t\t\t\t\n\t\t\t\t\t<style>#wd-6553780b0d495 .info-box-icon {background-color:  !important;}<\/style>\t\t\t\t<\/div>\n\t\t\t<\/div>\n\t\t[\/vc_column][\/vc_row]<\/p>\n<\/div>","protected":false},"excerpt":{"rendered":"<p>TARANTO Slitter Rewinder ann\u00e9e 2007 avec FBF hot Microperforator ann\u00e9e 2007 et VIARA Macroperforator ann\u00e9e 2006. Compos\u00e9 d&#8217;un d\u00e9rouleur\/enrouleur et d&#8217;une coupe longitudinale par lames. Syst\u00e8me en ligne pour la microperforation \u00e0 chaud et la macroperforation \u00e0 froid. La vitesse maximale est de 100 m\/min.   <\/p>\n","protected":false},"featured_media":395823,"comment_status":"closed","ping_status":"closed","template":"","meta":{"_acf_changed":false,"om_disable_all_campaigns":false},"year-of-production":[],"product_brand":[],"product_cat":[5349,5350],"product_tag":[5312,5473,5569,5573,5570,5352,5568,5571],"class_list":{"0":"post-395798","1":"product","2":"type-product","3":"status-publish","4":"has-post-thumbnail","6":"product_cat-enrouleurs-a-couteaux","7":"product_cat-refendeuses-et-ciseaux","8":"product_tag-annee-2006","9":"product_tag-annee-2007","10":"product_tag-fbf","11":"product_tag-macroperforateur","12":"product_tag-microperforateur-a-chaud","13":"product_tag-refendeuse-enrouleuse","14":"product_tag-taranto","15":"product_tag-viara","17":"first","18":"instock","19":"sold-individually","20":"shipping-taxable","21":"purchasable","22":"product-type-simple"},"acf":[],"_links":{"self":[{"href":"https:\/\/cbscompany.com\/fr\/wp-json\/wp\/v2\/product\/395798","targetHints":{"allow":["GET"]}}],"collection":[{"href":"https:\/\/cbscompany.com\/fr\/wp-json\/wp\/v2\/product"}],"about":[{"href":"https:\/\/cbscompany.com\/fr\/wp-json\/wp\/v2\/types\/product"}],"replies":[{"embeddable":true,"href":"https:\/\/cbscompany.com\/fr\/wp-json\/wp\/v2\/comments?post=395798"}],"wp:featuredmedia":[{"embeddable":true,"href":"https:\/\/cbscompany.com\/fr\/wp-json\/wp\/v2\/media\/395823"}],"wp:attachment":[{"href":"https:\/\/cbscompany.com\/fr\/wp-json\/wp\/v2\/media?parent=395798"}],"wp:term":[{"taxonomy":"year-of-production","embeddable":true,"href":"https:\/\/cbscompany.com\/fr\/wp-json\/wp\/v2\/year-of-production?post=395798"},{"taxonomy":"product_brand","embeddable":true,"href":"https:\/\/cbscompany.com\/fr\/wp-json\/wp\/v2\/product_brand?post=395798"},{"taxonomy":"product_cat","embeddable":true,"href":"https:\/\/cbscompany.com\/fr\/wp-json\/wp\/v2\/product_cat?post=395798"},{"taxonomy":"product_tag","embeddable":true,"href":"https:\/\/cbscompany.com\/fr\/wp-json\/wp\/v2\/product_tag?post=395798"}],"curies":[{"name":"wp","href":"https:\/\/api.w.org\/{rel}","templated":true}]}}