{"id":395273,"date":"2025-06-05T08:46:42","date_gmt":"2025-06-05T07:46:42","guid":{"rendered":"https:\/\/cbscompany.com\/machines\/non%20class\u00e9\/machine-dimpression-numerique-hp-indigo-ws-4500-annee-2007\/"},"modified":"2026-05-05T09:42:10","modified_gmt":"2026-05-05T08:42:10","slug":"machine-dimpression-numerique-hp-indigo-ws-4500-annee-2007","status":"publish","type":"product","link":"https:\/\/cbscompany.com\/fr\/machines\/autres-machines\/machine-dimpression-numerique-hp-indigo-ws-4500-annee-2007\/","title":{"rendered":"Machine d&#8217;impression num\u00e9rique HP INDIGO WS 4500 ann\u00e9e 2007"},"content":{"rendered":"<div class=\"wpb-content-wrapper\"><p>[vc_row content_placement=&#8221;top&#8221;][vc_column css=&#8221;.vc_custom_1532433256788{margin-right: 15px !important;}&#8221; offset=&#8221;vc_col-md-8&#8243;]\n\t\t<div id=\"wd-65fac044c7551\" class=\"title-wrapper wd-wpb wd-set-mb reset-last-child  wd-rs-65fac044c7551 wd-title-color-default wd-title-style-default text-left vc_custom_1710931981129 wd-underline-colored\">\n\t\t\t\n\t\t\t<div class=\"liner-continer\">\n\t\t\t\t<h4 class=\"woodmart-title-container title  wd-font-weight-600 wd-fontsize-m\" >Machine d&apos;impression num\u00e9rique HP INDIGO WS 4500 ann\u00e9e 2007<\/h4>\n\t\t\t\t\t\t\t<\/div>\n\t\t\t\n\t\t\t\n\t\t\t\n\t\t<\/div>\n\t\t\n\t\t[vc_row_inner css=&#8221;.vc_custom_1628672714565{margin-bottom: 35px !important;border-bottom-width: 0px !important;padding-bottom: 25px !important;border-bottom-color: rgba(129,129,129,0.2) !important;border-bottom-style: solid !important;}&#8221; row_reverse_mobile=&#8221;0&#8243; row_reverse_tablet=&#8221;0&#8243;][vc_column_inner width=&#8221;1\/2&#8243; css=&#8221;.vc_custom_1532346102929{padding-top: 0px !important;}&#8221;][vc_column_text woodmart_inline=&#8221;no&#8221; text_larger=&#8221;no&#8221;]<\/p>\n<ul>\n<li><strong>Marque : HP INDIGO<\/strong><\/li>\n<li><strong>Mod\u00e8le : WS 4500<\/strong><\/li>\n<li><strong>Ann\u00e9e de fabrication : 2007<\/strong><\/li>\n<li><strong>7 couleurs<\/strong><\/li>\n<li>Vitesse d&#8217;impression : 16 m\/min (travail en 4 couleurs) &#8211; 32 m\/min (1 &#8211; 2 couleurs)<\/li>\n<li>Largeur maximale du mat\u00e9riau : 330 mm<\/li>\n<li>Largeur minimale du mat\u00e9riau : 200 mm<\/li>\n<li>Largeur d&#8217;impression maximale : 308 mm<\/li>\n<li>R\u00e9p\u00e9tition maximale de l&#8217;impression : 450 mm<\/li>\n<li>Type de support : la plupart des principaux mat\u00e9riaux et papiers peuvent \u00eatre imprim\u00e9s avec une couche d&#8217;appr\u00eat pour l&#8217;impression num\u00e9rique.<\/li>\n<li>\u00c9paisseur du substrat : 20 &#8211; 350 \u00b5<\/li>\n<li>R\u00e9solution : 812 x 812 dpi \/ 812 x 1624 dpi<\/li>\n<li>Contr\u00f4le pc<\/li>\n<li>Unit\u00e9 de refroidissement<\/li>\n<\/ul>\n<p>[\/vc_column_text][\/vc_column_inner][vc_column_inner width=&#8221;1\/2&#8243; css=&#8221;.vc_custom_1532346106600{padding-top: 0px !important;}&#8221;][vc_column_text woodmart_inline=&#8221;no&#8221; text_larger=&#8221;no&#8221;]<\/p>\n<ul>\n<li>D\u00e9rouleur\/r\u00e9enrouleur :<\/li>\n<li>Circonf\u00e9rence : 76,2 mm<\/li>\n<li>Diam\u00e8tre de la broche : 76,2 m<\/li>\n<li>Rouleaux de chargement et de d\u00e9chargement pneumatiques<\/li>\n<li>Poids maximal du rouleau : 400 kg <\/li>\n<li>Diam\u00e8tre maximal du rouleau : 1600 mm <\/li>\n<li>HP Indigo Rip : Adobe Postcript 3<\/li>\n<li>Mise en r\u00e9seau : 100Base-T<\/li>\n<li>Nombre d&#8217;impressions\/clics : 114,127,146 <\/li>\n<li>Temp\u00e9rature ambiante requise : 20 &#8211; 25 \u00b0C<\/li>\n<li>Humidit\u00e9 ambiante requise : 50 &#8211; 70<\/li>\n<li>Poids : 1750 kg<\/li>\n<li>Dimensions : (L) 640 cm x (L) 165 cm x (H) 202 cm<\/li>\n<li>D\u00e9connect\u00e9<\/li>\n<li>D\u00e9lai de livraison : \u00e0 confirmer<\/li>\n<\/ul>\n<p>[\/vc_column_text][\/vc_column_inner][\/vc_row_inner][\/vc_column][vc_column offset=&#8221;vc_col-md-4&#8243;]\t\t\t<div class=\"info-box-wrapper\">\n\t\t\t\t<div id=\"wd-65fabfdc6b962\" class=\" wd-rs-65fabfdc6b962 wd-info-box wd-wpb text-left box-icon-align-left box-style-shadow color-scheme- wd-bg-none wd-off-anim wpb_animate_when_almost_visible wpb_bounceIn bounceIn wd-anim-name_bounceIn wd-items-top \">\n\t\t\t\t\t\t\t\t\t\t<div class=\"info-box-content\">\n\t\t\t\t\t\t<div class=\"info-box-subtitle subtitle-color-default wd-fontsize-xs subtitle-style-default\">A propos de la machine d&#039;impression num\u00e9rique HP INDIGO WS 4500 ann\u00e9e 2007<\/div><h4 class=\"info-box-title title box-title-style-default wd-fontsize-m\">Informations sur l&apos;emplacement<\/h4>\t\t\t\t\t\t<div class=\"info-box-inner reset-last-child\"><p>Disponible dans la r\u00e9gion : <strong style=\"color: blue;\"><a href=\"https:\/\/cbscompany.com\/my-account\/?redirect_to=%2Ffr%2Fwp-json%2Fwp%2Fv2%2Fproduct%2F395273\" class=\"simplemodal-login\">Log in to see location<\/a><\/strong><\/p>\n<\/div>\n\n\t\t\t\t\t\t\t\t\t\t\t<\/div>\n\n\t\t\t\t\t\n\t\t\t\t\t<style>#wd-65fabfdc6b962 .info-box-icon {background-color:  !important;}<\/style>\t\t\t\t<\/div>\n\t\t\t<\/div>\n\t\t[\/vc_column][\/vc_row]<\/p>\n<\/div>","protected":false},"excerpt":{"rendered":"<p>Machine d&#8217;impression num\u00e9rique HP INDIGO WS 4500 ann\u00e9e 2007, 7 couleurs. Largeur d&#8217;impression maximale : 308 mm<br \/>\nR\u00e9p\u00e9tition d&#8217;impression maximale : 450 mm. Type de support : la plupart des principaux mat\u00e9riaux et papiers peuvent \u00eatre imprim\u00e9s avec une couche d&#8217;appr\u00eat pour l&#8217;impression num\u00e9rique. Equip\u00e9e d&#8217;un PC de contr\u00f4le, d&#8217;une unit\u00e9 de refroidissement.   <\/p>\n","protected":false},"featured_media":395289,"comment_status":"closed","ping_status":"closed","template":"","meta":{"_acf_changed":false,"om_disable_all_campaigns":false},"year-of-production":[],"product_brand":[],"product_cat":[5344],"product_tag":[5476,5473,5471,5477,5478],"class_list":{"0":"post-395273","1":"product","2":"type-product","3":"status-publish","4":"has-post-thumbnail","6":"product_cat-autres-machines","7":"product_tag-7-couleurs","8":"product_tag-annee-2007","9":"product_tag-hp-indigo","10":"product_tag-machine-dimpression-numerique","11":"product_tag-ws-4500","13":"first","14":"instock","15":"sold-individually","16":"shipping-taxable","17":"purchasable","18":"product-type-simple"},"acf":[],"_links":{"self":[{"href":"https:\/\/cbscompany.com\/fr\/wp-json\/wp\/v2\/product\/395273","targetHints":{"allow":["GET"]}}],"collection":[{"href":"https:\/\/cbscompany.com\/fr\/wp-json\/wp\/v2\/product"}],"about":[{"href":"https:\/\/cbscompany.com\/fr\/wp-json\/wp\/v2\/types\/product"}],"replies":[{"embeddable":true,"href":"https:\/\/cbscompany.com\/fr\/wp-json\/wp\/v2\/comments?post=395273"}],"wp:featuredmedia":[{"embeddable":true,"href":"https:\/\/cbscompany.com\/fr\/wp-json\/wp\/v2\/media\/395289"}],"wp:attachment":[{"href":"https:\/\/cbscompany.com\/fr\/wp-json\/wp\/v2\/media?parent=395273"}],"wp:term":[{"taxonomy":"year-of-production","embeddable":true,"href":"https:\/\/cbscompany.com\/fr\/wp-json\/wp\/v2\/year-of-production?post=395273"},{"taxonomy":"product_brand","embeddable":true,"href":"https:\/\/cbscompany.com\/fr\/wp-json\/wp\/v2\/product_brand?post=395273"},{"taxonomy":"product_cat","embeddable":true,"href":"https:\/\/cbscompany.com\/fr\/wp-json\/wp\/v2\/product_cat?post=395273"},{"taxonomy":"product_tag","embeddable":true,"href":"https:\/\/cbscompany.com\/fr\/wp-json\/wp\/v2\/product_tag?post=395273"}],"curies":[{"name":"wp","href":"https:\/\/api.w.org\/{rel}","templated":true}]}}