{"id":394966,"date":"2025-06-05T08:49:12","date_gmt":"2025-06-05T07:49:12","guid":{"rendered":"https:\/\/cbscompany.com\/machines\/non%20class\u00e9\/uteco-onyx-876-gl-140-annee-2008\/"},"modified":"2026-05-05T09:36:59","modified_gmt":"2026-05-05T08:36:59","slug":"uteco-onyx-876-gl-140-annee-2008","status":"publish","type":"product","link":"https:\/\/cbscompany.com\/fr\/machines\/imprimantes-flexo\/imprimantes-flexo-c-i-pour-films\/uteco-onyx-876-gl-140-annee-2008\/","title":{"rendered":"Uteco Onyx 876 GL 140 ann\u00e9e 2008"},"content":{"rendered":"<div class=\"wpb-content-wrapper\"><p>[vc_row content_placement=&#8221;top&#8221;][vc_column css=&#8221;.vc_custom_1532433256788{margin-right: 15px !important;}&#8221; offset=&#8221;vc_col-md-8&#8243;]\n\t\t<div id=\"wd-6752cf8d0a5b0\" class=\"title-wrapper wd-wpb wd-set-mb reset-last-child  wd-rs-6752cf8d0a5b0 wd-title-color-default wd-title-style-default text-left vc_custom_1733480256199 wd-underline-colored\">\n\t\t\t\n\t\t\t<div class=\"liner-continer\">\n\t\t\t\t<h4 class=\"woodmart-title-container title  wd-font-weight-600 wd-fontsize-m\" >Uteco Onyx 876 GL 140 ann\u00e9e 2008<\/h4>\n\t\t\t\t\t\t\t<\/div>\n\t\t\t\n\t\t\t\n\t\t\t\n\t\t<\/div>\n\t\t\n\t\t[vc_row_inner css=&#8221;.vc_custom_1628672714565{margin-bottom: 35px !important;border-bottom-width: 0px !important;padding-bottom: 25px !important;border-bottom-color: rgba(129,129,129,0.2) !important;border-bottom-style: solid !important;}&#8221; row_reverse_mobile=&#8221;0&#8243; row_reverse_tablet=&#8221;0&#8243;][vc_column_inner width=&#8221;1\/2&#8243; css=&#8221;.vc_custom_1532346102929{padding-top: 0px !important;}&#8221;][vc_column_text css=&#8221;&#8221; woodmart_inline=&#8221;no&#8221; text_larger=&#8221;no&#8221;]<\/p>\n<ul>\n<li dir=\"ltr\" role=\"presentation\"><strong>Marque : Uteco<\/strong><\/li>\n<li dir=\"ltr\" role=\"presentation\"><strong>Type : Onyx 876 GL 140<\/strong><\/li>\n<li dir=\"ltr\" role=\"presentation\"><strong>Ann\u00e9e : 2008<\/strong><\/li>\n<li dir=\"ltr\" role=\"presentation\"><strong>Tambour central<\/strong><\/li>\n<li dir=\"ltr\" role=\"presentation\"><strong>Sans engrenage<\/strong><\/li>\n<li dir=\"ltr\" role=\"presentation\"><strong>8+0 couleurs<\/strong><\/li>\n<li dir=\"ltr\" role=\"presentation\">Largeur maximale du mat\u00e9riau : 1450 mm<\/li>\n<li dir=\"ltr\" role=\"presentation\">Largeur d&#8217;impression maximale : 1400 mm<\/li>\n<li dir=\"ltr\" role=\"presentation\">R\u00e9p\u00e9titions d&#8217;impression min-max : 300-760 mm<\/li>\n<li dir=\"ltr\" role=\"presentation\">Mat\u00e9riaux : BOPP, PE, PET, MOPP<\/li>\n<li dir=\"ltr\" role=\"presentation\">Encres \u00e0 base de solvant<\/li>\n<li dir=\"ltr\" role=\"presentation\">Vitesse m\u00e9canique maximale : 365 m\/min<\/li>\n<li dir=\"ltr\" role=\"presentation\">Epaisseur du clich\u00e9 : 2,84 mm + 0,55 mm<\/li>\n<li dir=\"ltr\" role=\"presentation\">D\u00e9rouleur semi-automatique<\/li>\n<li dir=\"ltr\" role=\"presentation\">Diam\u00e8tre du d\u00e9rouleur : 1000 mm<\/li>\n<li dir=\"ltr\" role=\"presentation\">T\u00e9l\u00e9cam\u00e9ra : BST SHS3000<\/li>\n<li dir=\"ltr\" role=\"presentation\">Enrouleur automatique<\/li>\n<li dir=\"ltr\" role=\"presentation\">Diam\u00e8tre de l&#8217;enrouleur : 1000 mm<\/li>\n<li>L\u00e8ve-bobine \u00e9lectrom\u00e9canique<\/li>\n<\/ul>\n<p>[\/vc_column_text][\/vc_column_inner][vc_column_inner width=&#8221;1\/2&#8243; css=&#8221;.vc_custom_1532346106600{padding-top: 0px !important;}&#8221;][vc_column_text css=&#8221;&#8221; woodmart_inline=&#8221;no&#8221; text_larger=&#8221;no&#8221;]<\/p>\n<ul>\n<li dir=\"ltr\" role=\"presentation\">Guide web OPG BST<\/li>\n<li dir=\"ltr\" role=\"presentation\">Pompes pneumatiques<\/li>\n<li dir=\"ltr\" role=\"presentation\">Viscosim\u00e8tres GAMA G25<\/li>\n<li dir=\"ltr\" role=\"presentation\">Syst\u00e8me LEL : Zelweger<\/li>\n<li dir=\"ltr\" role=\"presentation\">Contr\u00f4le automatique de la temp\u00e9rature : Jonson<\/li>\n<li dir=\"ltr\" role=\"presentation\">S\u00e9chage : batteries \u00e0 l&#8217;huile<\/li>\n<li dir=\"ltr\" role=\"presentation\">Recirculation automatique : oui<\/li>\n<li dir=\"ltr\" role=\"presentation\">Manchons (8 au total) : 2 x 319 mm, 2 x 369 mm, 2 x 429 mm, 2 x 489 mm<\/li>\n<li dir=\"ltr\" role=\"presentation\"><span style=\"font-weight: 400;\">Aniloxes (8 au total) : <\/span><span style=\"font-weight: 400;\">No. 4 : 360 lignes V 4.5 ; No. 1 : 100 lignes V 13 ; No. 1 : 140 lignes V 13 ; No. 1 : 180 lignes V 9 ; No. 1 : 100 lignes V 9,5 ; No. 1 : 260 lignes V 6<\/span><\/li>\n<li dir=\"ltr\" role=\"presentation\">Lames de docteur n\u00b0 2 &#8211; pi\u00e8ces de rechange, 8 d\u00e9j\u00e0 install\u00e9es<\/li>\n<li dir=\"ltr\" role=\"presentation\">Lecteurs no 2 SP2403<\/li>\n<li dir=\"ltr\" role=\"presentation\">Carte n\u00b0 1 SH 1 pour le contr\u00f4le des registres<\/li>\n<li dir=\"ltr\" role=\"presentation\">No. 2 Moteurs BRL125\/6DHJ<\/li>\n<li dir=\"ltr\" role=\"presentation\">Alimentation \u00e9lectrique : 400 V triphas\u00e9 fr\u00e9quence 50 Hz ; pression d&#8217;air 6 bar<\/li>\n<li dir=\"ltr\" role=\"presentation\">Visible dans la production<\/li>\n<li dir=\"ltr\" role=\"presentation\">Imm\u00e9diatement disponible<\/li>\n<\/ul>\n<p>[\/vc_column_text][\/vc_column_inner][\/vc_row_inner][\/vc_column][vc_column offset=&#8221;vc_col-md-4&#8243;]\t\t\t<div class=\"info-box-wrapper\">\n\t\t\t\t<div id=\"wd-6752cfb1b79ec\" class=\" wd-rs-6752cfb1b79ec wd-info-box wd-wpb text-left box-icon-align-left box-style-shadow color-scheme- wd-bg-none wd-off-anim wpb_animate_when_almost_visible wpb_bounceIn bounceIn wd-anim-name_bounceIn wd-items-top \">\n\t\t\t\t\t\t\t\t\t\t<div class=\"info-box-content\">\n\t\t\t\t\t\t<div class=\"info-box-subtitle subtitle-color-default wd-fontsize-xs subtitle-style-default\">A propos de Uteco Onyx 876 GL 140 ann\u00e9e 2008<\/div><h4 class=\"info-box-title title box-title-style-default wd-fontsize-m\">Informations sur l&apos;emplacement<\/h4>\t\t\t\t\t\t<div class=\"info-box-inner reset-last-child\"><p>Disponible dans la r\u00e9gion : <strong style=\"color: blue;\"><a href=\"https:\/\/cbscompany.com\/my-account\/?redirect_to=%2Ffr%2Fwp-json%2Fwp%2Fv2%2Fproduct%2F394966\" class=\"simplemodal-login\">Log in to see location<\/a><\/strong><\/p>\n<\/div>\n\n\t\t\t\t\t\t\t\t\t\t\t<\/div>\n\n\t\t\t\t\t\n\t\t\t\t\t<style>#wd-6752cfb1b79ec .info-box-icon {background-color:  !important;}<\/style>\t\t\t\t<\/div>\n\t\t\t<\/div>\n\t\t[\/vc_column][\/vc_row]<\/p>\n<\/div>","protected":false},"excerpt":{"rendered":"<p>Uteco Onyx 876 GL 140 ann\u00e9e 2008 est une imprimante flexo 8 couleurs \u00e0 tambour central con\u00e7ue pour travailler avec des films. La largeur d&#8217;impression maximale de la machine est de 1400 mm.  Imm\u00e9diatement disponible<\/p>\n","protected":false},"featured_media":394984,"comment_status":"closed","ping_status":"closed","template":"","meta":{"_acf_changed":false,"om_disable_all_campaigns":false},"year-of-production":[],"product_brand":[],"product_cat":[3786,3785],"product_tag":[3787,5406,5407,5408,5389,3789,3790,5403],"class_list":{"0":"post-394966","1":"product","2":"type-product","3":"status-publish","4":"has-post-thumbnail","6":"product_cat-imprimantes-flexo","7":"product_cat-imprimantes-flexo-c-i-pour-films","8":"product_tag-8-couleurs","9":"product_tag-annee-2008","10":"product_tag-ci","11":"product_tag-onyx-876-gl-140","12":"product_tag-pour-le-cinema","13":"product_tag-sans-engrenage","14":"product_tag-tambour-central","15":"product_tag-uteco","17":"first","18":"instock","19":"sold-individually","20":"shipping-taxable","21":"purchasable","22":"product-type-simple"},"acf":[],"_links":{"self":[{"href":"https:\/\/cbscompany.com\/fr\/wp-json\/wp\/v2\/product\/394966","targetHints":{"allow":["GET"]}}],"collection":[{"href":"https:\/\/cbscompany.com\/fr\/wp-json\/wp\/v2\/product"}],"about":[{"href":"https:\/\/cbscompany.com\/fr\/wp-json\/wp\/v2\/types\/product"}],"replies":[{"embeddable":true,"href":"https:\/\/cbscompany.com\/fr\/wp-json\/wp\/v2\/comments?post=394966"}],"wp:featuredmedia":[{"embeddable":true,"href":"https:\/\/cbscompany.com\/fr\/wp-json\/wp\/v2\/media\/394984"}],"wp:attachment":[{"href":"https:\/\/cbscompany.com\/fr\/wp-json\/wp\/v2\/media?parent=394966"}],"wp:term":[{"taxonomy":"year-of-production","embeddable":true,"href":"https:\/\/cbscompany.com\/fr\/wp-json\/wp\/v2\/year-of-production?post=394966"},{"taxonomy":"product_brand","embeddable":true,"href":"https:\/\/cbscompany.com\/fr\/wp-json\/wp\/v2\/product_brand?post=394966"},{"taxonomy":"product_cat","embeddable":true,"href":"https:\/\/cbscompany.com\/fr\/wp-json\/wp\/v2\/product_cat?post=394966"},{"taxonomy":"product_tag","embeddable":true,"href":"https:\/\/cbscompany.com\/fr\/wp-json\/wp\/v2\/product_tag?post=394966"}],"curies":[{"name":"wp","href":"https:\/\/api.w.org\/{rel}","templated":true}]}}