{"id":394965,"date":"2025-11-04T16:48:01","date_gmt":"2025-11-04T15:48:01","guid":{"rendered":"https:\/\/cbscompany.com\/machines\/non%20class\u00e9\/enrouleuse-cavalleri-modele-ct-15-annee-electronique-2004\/"},"modified":"2026-05-05T09:36:57","modified_gmt":"2026-05-05T08:36:57","slug":"enrouleuse-cavalleri-modele-ct-15-annee-electronique-2004","status":"publish","type":"product","link":"https:\/\/cbscompany.com\/fr\/machines\/refendeuses-et-ciseaux\/sheeters\/enrouleuse-cavalleri-modele-ct-15-annee-electronique-2004\/","title":{"rendered":"Enrouleuse Cavalleri mod\u00e8le CT 15 Ann\u00e9e \u00e9lectronique 2004"},"content":{"rendered":"<div class=\"wpb-content-wrapper\"><p>[vc_row content_placement=&#8221;top&#8221;][vc_column css=&#8221;.vc_custom_1532433256788{margin-right: 15px !important;}&#8221; offset=&#8221;vc_col-md-8&#8243;]\n\t\t<div id=\"wd-690b24f6be1b7\" class=\"title-wrapper wd-wpb wd-set-mb reset-last-child  wd-rs-690b24f6be1b7 wd-title-color-default wd-title-style-default text-left vc_custom_1762338044725 wd-underline-colored\">\n\t\t\t\n\t\t\t<div class=\"liner-continer\">\n\t\t\t\t<h4 class=\"woodmart-title-container title  wd-font-weight-600 wd-fontsize-m\" >Enrouleuse Cavalleri mod\u00e8le CT 15 Ann\u00e9e \u00e9lectronique 2004<\/h4>\n\t\t\t\t\t\t\t<\/div>\n\t\t\t\n\t\t\t\n\t\t\t\n\t\t<\/div>\n\t\t\n\t\t[vc_row_inner css=&#8221;.vc_custom_1628672714565{margin-bottom: 35px !important;border-bottom-width: 0px !important;padding-bottom: 25px !important;border-bottom-color: rgba(129,129,129,0.2) !important;border-bottom-style: solid !important;}&#8221; row_reverse_mobile=&#8221;0&#8243; row_reverse_tablet=&#8221;0&#8243;][vc_column_inner width=&#8221;1\/2&#8243; css=&#8221;.vc_custom_1532346102929{padding-top: 0px !important;}&#8221;][vc_column_text css=&#8221;&#8221; woodmart_inline=&#8221;no&#8221; text_larger=&#8221;no&#8221;]<\/p>\n<ul>\n<li aria-level=\"1\"><b>Marque : Cavalleri<\/b><\/li>\n<li aria-level=\"1\"><b>Mod\u00e8le : CT 15 \u00e9lectronique<\/b><\/li>\n<li aria-level=\"1\"><b>Ann\u00e9e : 2004<\/b><\/li>\n<li aria-level=\"1\"><span style=\"font-weight: 400;\">2 d\u00e9rouleurs pour le chargement de 2 bobines<\/span><\/li>\n<li aria-level=\"1\"><span style=\"font-weight: 400;\">Largeur maximale de la bobine : 1500 mm<\/span><\/li>\n<li aria-level=\"1\"><span style=\"font-weight: 400;\">Diam\u00e8tre maximal de la bobine 1200 mm<\/span><\/li>\n<li aria-level=\"1\"><span style=\"font-weight: 400;\">Longueur min &#8211; max de la feuille : 250 &#8211; 1010 mm<\/span><\/li>\n<li aria-level=\"1\"><span style=\"font-weight: 400;\">6 lames circulaires avant la coupe transversale<\/span><\/li>\n<li aria-level=\"1\"><span style=\"font-weight: 400;\">\u00c9quip\u00e9 d&#8217;une cellule photo\u00e9lectrique pour la coupe du registre<\/span><\/li>\n<li aria-level=\"1\"><span style=\"font-weight: 400;\">Syst\u00e8me d&#8217;alimentation : Chargement manuel \u00e0 l&#8217;aide d&#8217;un dispositif de levage appropri\u00e9<\/span><\/li>\n<li aria-level=\"1\"><span style=\"font-weight: 400;\">Syst\u00e8me d&#8217;empilage : Automatique, par bandes transporteuses, cylindre collecteur, <\/span><span style=\"font-weight: 400;\">chariot de transport et table de collecte avec empileur \u00e0 haute pile et taqueurs lat\u00e9raux.<\/span><\/li>\n<\/ul>\n<ul>\n<li style=\"list-style-type: none;\">\n<\/li>\n<\/ul>\n<p>[\/vc_column_text][\/vc_column_inner][vc_column_inner width=&#8221;1\/2&#8243; css=&#8221;.vc_custom_1532346106600{padding-top: 0px !important;}&#8221;][vc_column_text css=&#8221;&#8221; woodmart_inline=&#8221;no&#8221; text_larger=&#8221;no&#8221;]<\/p>\n<ul>\n<li style=\"font-weight: 400;\" aria-level=\"1\"><span style=\"font-weight: 400;\">Mouvement de table de collection :<\/span><\/li>\n<li style=\"font-weight: 400;\" aria-level=\"1\"><span style=\"font-weight: 400;\">Pendant la collecte des feuilles (descente) : mouvement automatique motoris\u00e9 avec commande \u00e9lectrique<\/span><\/li>\n<li style=\"font-weight: 400;\" aria-level=\"1\"><span style=\"font-weight: 400;\">Vitesse : 130 &#8211; 170 feuilles\/min<\/span><\/li>\n<li style=\"font-weight: 400;\" aria-level=\"1\"><span style=\"font-weight: 400;\">Conformit\u00e9 CE<\/span><\/li>\n<li style=\"font-weight: 400;\" aria-level=\"1\"><span style=\"font-weight: 400;\">Alimentation \u00e9lectrique : 400 V &#8211; 50 Hz &#8211; 25 A<\/span><\/li>\n<li style=\"font-weight: 400;\" aria-level=\"1\"><span style=\"font-weight: 400;\">Dimensions hors tout L x l : 4650 mm (3700 mm sans d\u00e9rouleur) x 2600 mm<\/span><\/li>\n<li style=\"font-weight: 400;\" aria-level=\"1\"><span style=\"font-weight: 400;\">Poids de la machine : 4500 kg<\/span><\/li>\n<li style=\"font-weight: 400;\" aria-level=\"1\"><span style=\"font-weight: 400;\">Visible dans la production<\/span><\/li>\n<li style=\"font-weight: 400;\" aria-level=\"1\"><span style=\"font-weight: 400;\">Imm\u00e9diatement disponible<\/span><\/li>\n<\/ul>\n<p>[\/vc_column_text][\/vc_column_inner][\/vc_row_inner][\/vc_column][vc_column offset=&#8221;vc_col-md-4&#8243;]\t\t\t<div class=\"info-box-wrapper\">\n\t\t\t\t<div id=\"wd-690b3f3dea2dc\" class=\" wd-rs-690b3f3dea2dc wd-info-box wd-wpb text-left box-icon-align-left box-style-shadow color-scheme- wd-bg-none wd-off-anim wpb_animate_when_almost_visible wpb_bounceIn bounceIn wd-anim-name_bounceIn wd-items-top \">\n\t\t\t\t\t\t\t\t\t\t<div class=\"info-box-content\">\n\t\t\t\t\t\t<div class=\"info-box-subtitle subtitle-color-default wd-fontsize-xs subtitle-style-default\">A propos de la bobineuse Cavalleri mod\u00e8le CT 15 Electronic ann\u00e9e 2004<\/div><h4 class=\"info-box-title title box-title-style-default wd-fontsize-m\">Informations sur l&apos;emplacement<\/h4>\t\t\t\t\t\t<div class=\"info-box-inner reset-last-child\"><p>Disponible dans la r\u00e9gion : <strong style=\"color: blue;\"><a href=\"https:\/\/cbscompany.com\/my-account\/?redirect_to=%2Ffr%2Fwp-json%2Fwp%2Fv2%2Fproduct%2F394965\" class=\"simplemodal-login\">Log in to see location<\/a><\/strong><\/p>\n<\/div>\n\n\t\t\t\t\t\t\t\t\t\t\t<\/div>\n\n\t\t\t\t\t\n\t\t\t\t\t<style>#wd-690b3f3dea2dc .info-box-icon {background-color:  !important;}<\/style>\t\t\t\t<\/div>\n\t\t\t<\/div>\n\t\t[\/vc_column][\/vc_row]<\/p>\n<\/div>","protected":false},"excerpt":{"rendered":"<p>La Cavalleri CT 15 Electronic est une cisaille con\u00e7ue pour les formats de la longueur de  <span style=\"font-weight: 400;\">250 \u00e0 1010 mm. Le diam\u00e8tre maximum de la bobine est de   <\/span><span style=\"font-weight: 400;\">1500 mm.<\/span><\/p>\n<p>&nbsp;<\/p>\n","protected":false},"featured_media":394975,"comment_status":"closed","ping_status":"closed","template":"","meta":{"_acf_changed":false,"om_disable_all_campaigns":false},"year-of-production":[],"product_brand":[],"product_cat":[5350,5398],"product_tag":[5399,5404,5400,5401,5402,5405],"class_list":{"0":"post-394965","1":"product","2":"type-product","3":"status-publish","4":"has-post-thumbnail","6":"product_cat-refendeuses-et-ciseaux","7":"product_cat-sheeters","8":"product_tag-annee-2004","9":"product_tag-bobine-a-feuille","10":"product_tag-cavalleri","11":"product_tag-cisailleur","12":"product_tag-ct-15","13":"product_tag-vitesse-130-170-feuilles-min","15":"first","16":"instock","17":"sold-individually","18":"shipping-taxable","19":"purchasable","20":"product-type-simple"},"acf":[],"_links":{"self":[{"href":"https:\/\/cbscompany.com\/fr\/wp-json\/wp\/v2\/product\/394965","targetHints":{"allow":["GET"]}}],"collection":[{"href":"https:\/\/cbscompany.com\/fr\/wp-json\/wp\/v2\/product"}],"about":[{"href":"https:\/\/cbscompany.com\/fr\/wp-json\/wp\/v2\/types\/product"}],"replies":[{"embeddable":true,"href":"https:\/\/cbscompany.com\/fr\/wp-json\/wp\/v2\/comments?post=394965"}],"wp:featuredmedia":[{"embeddable":true,"href":"https:\/\/cbscompany.com\/fr\/wp-json\/wp\/v2\/media\/394975"}],"wp:attachment":[{"href":"https:\/\/cbscompany.com\/fr\/wp-json\/wp\/v2\/media?parent=394965"}],"wp:term":[{"taxonomy":"year-of-production","embeddable":true,"href":"https:\/\/cbscompany.com\/fr\/wp-json\/wp\/v2\/year-of-production?post=394965"},{"taxonomy":"product_brand","embeddable":true,"href":"https:\/\/cbscompany.com\/fr\/wp-json\/wp\/v2\/product_brand?post=394965"},{"taxonomy":"product_cat","embeddable":true,"href":"https:\/\/cbscompany.com\/fr\/wp-json\/wp\/v2\/product_cat?post=394965"},{"taxonomy":"product_tag","embeddable":true,"href":"https:\/\/cbscompany.com\/fr\/wp-json\/wp\/v2\/product_tag?post=394965"}],"curies":[{"name":"wp","href":"https:\/\/api.w.org\/{rel}","templated":true}]}}