{"id":394889,"date":"2025-11-04T14:44:09","date_gmt":"2025-11-04T13:44:09","guid":{"rendered":"https:\/\/cbscompany.com\/machines\/non%20class\u00e9\/filippini-paganini-superflexol-8-x-1400-annee-2005\/"},"modified":"2026-05-05T09:36:57","modified_gmt":"2026-05-05T08:36:57","slug":"filippini-paganini-superflexol-8-x-1400-annee-2005","status":"publish","type":"product","link":"https:\/\/cbscompany.com\/fr\/machines\/imprimantes-flexo\/les-imprimeurs-flexo-empilent-les-types-de-films\/filippini-paganini-superflexol-8-x-1400-annee-2005\/","title":{"rendered":"Filippini &amp; Paganini Superflexol 8 x 1400 Ann\u00e9e 2005"},"content":{"rendered":"<div class=\"wpb-content-wrapper\"><p>[vc_row content_placement=&#8221;top&#8221;][vc_column css=&#8221;.vc_custom_1532433256788{margin-right: 15px !important;}&#8221; offset=&#8221;vc_col-md-8&#8243;]\n\t\t<div id=\"wd-69df6464e1906\" class=\"title-wrapper wd-wpb wd-set-mb reset-last-child  wd-rs-69df6464e1906 wd-title-color-default wd-title-style-default text-left vc_custom_1776248085449 wd-underline-colored\">\n\t\t\t\n\t\t\t<div class=\"liner-continer\">\n\t\t\t\t<h4 class=\"woodmart-title-container title  wd-font-weight-600 wd-fontsize-m\" >Filippini &amp; Paganini Superflexol 8 x 1400 Ann\u00e9e 2005<\/h4>\n\t\t\t\t\t\t\t<\/div>\n\t\t\t\n\t\t\t\n\t\t\t\n\t\t<\/div>\n\t\t\n\t\t[vc_row_inner css=&#8221;.vc_custom_1628672714565{margin-bottom: 35px !important;border-bottom-width: 0px !important;padding-bottom: 25px !important;border-bottom-color: rgba(129,129,129,0.2) !important;border-bottom-style: solid !important;}&#8221; row_reverse_mobile=&#8221;0&#8243; row_reverse_tablet=&#8221;0&#8243;][vc_column_inner width=&#8221;1\/2&#8243; css=&#8221;.vc_custom_1532346102929{padding-top: 0px !important;}&#8221;][vc_column_text css=&#8221;&#8221; woodmart_inline=&#8221;no&#8221; text_larger=&#8221;no&#8221;]<\/p>\n<ul>\n<li><b>Marque : F<\/b><b>ilippini &amp; Paganini<\/b><\/li>\n<li><b>Mod\u00e8le : <\/b><b>Superflexol<\/b><b> 8 x 1400<\/b><\/li>\n<li><b>Ann\u00e9e : 2005<\/b><\/li>\n<li><b>Servomoteur<\/b><\/li>\n<li><b>Type de pile<\/b><\/li>\n<li><b>Pour les films<\/b><\/li>\n<li><b>8 couleurs (8+0, 6+2, 4+4)<\/b><\/li>\n<li><span style=\"font-weight: 400;\">Passage du mat\u00e9riel : 1440 mm<\/span><\/li>\n<li><span style=\"font-weight: 400;\">Largeur d&#8217;impression min &#8211; max : 800 &#8211; 1400 mm<\/span><\/li>\n<li><span style=\"font-weight: 400;\">Longueur d&#8217;impression min &#8211; max : 400 &#8211; 800 mm<\/span><\/li>\n<\/ul>\n<p>[\/vc_column_text][\/vc_column_inner][vc_column_inner width=&#8221;1\/2&#8243; css=&#8221;.vc_custom_1532346106600{padding-top: 0px !important;}&#8221;][vc_column_text css=&#8221;&#8221; woodmart_inline=&#8221;no&#8221; text_larger=&#8221;no&#8221;]<\/p>\n<ul>\n<li style=\"font-weight: 400;\" aria-level=\"1\"><span style=\"font-weight: 400;\">Type de manchon<\/span><\/li>\n<li style=\"font-weight: 400;\" aria-level=\"1\"><span style=\"font-weight: 400;\">Cam\u00e9ra FIFE<\/span><\/li>\n<li style=\"font-weight: 400;\" aria-level=\"1\"><span style=\"font-weight: 400;\">Groupe de s\u00e9chage \u00e0 double fonction<\/span><\/li>\n<li style=\"font-weight: 400;\" aria-level=\"1\"><span style=\"font-weight: 400;\">Vitesse m\u00e9canique maximale : 180 m\/min.<\/span><\/li>\n<li style=\"font-weight: 400;\" aria-level=\"1\"><span style=\"font-weight: 400;\">Id\u00e9al pour les films tubulaires et plats<\/span><\/li>\n<li style=\"font-weight: 400;\" aria-level=\"1\"><span style=\"font-weight: 400;\">Dimensions globales L x L x H : 10070 x 3630 x 4540 mm<\/span><\/li>\n<li style=\"font-weight: 400;\" aria-level=\"1\"><span style=\"font-weight: 400;\">Poids : 15000 kg<\/span><\/li>\n<li style=\"font-weight: 400;\" aria-level=\"1\"><span style=\"font-weight: 400;\">Consommation \u00e9lectrique : 3 phases 400V &#8211; 50Hz &#8211; 200kW  <\/span><\/li>\n<li style=\"font-weight: 400;\" aria-level=\"1\"><span style=\"font-weight: 400;\">Imm\u00e9diatement disponible<\/span><\/li>\n<\/ul>\n<p>[\/vc_column_text][\/vc_column_inner][\/vc_row_inner][\/vc_column][vc_column offset=&#8221;vc_col-md-4&#8243;]\t\t\t<div class=\"info-box-wrapper\">\n\t\t\t\t<div id=\"wd-69df650a33011\" class=\" wd-rs-69df650a33011 wd-info-box wd-wpb text-left box-icon-align-left box-style-shadow color-scheme- wd-bg-none wd-off-anim wpb_animate_when_almost_visible wpb_bounceIn bounceIn wd-anim-name_bounceIn wd-items-top \">\n\t\t\t\t\t\t\t\t\t\t<div class=\"info-box-content\">\n\t\t\t\t\t\t<div class=\"info-box-subtitle subtitle-color-default wd-fontsize-xs subtitle-style-default\">A propos de Filippini &amp; Paganini Superflexol 8 x 1400 Ann\u00e9e 2005<\/div><h4 class=\"info-box-title title box-title-style-default wd-fontsize-m\">Informations sur l&apos;emplacement<\/h4>\t\t\t\t\t\t<div class=\"info-box-inner reset-last-child\"><p>Disponible dans la r\u00e9gion : <strong style=\"color: blue;\"><a href=\"https:\/\/cbscompany.com\/my-account\/?redirect_to=%2Ffr%2Fwp-json%2Fwp%2Fv2%2Fproduct%2F394889\" class=\"simplemodal-login\">Log in to see location<\/a><\/strong><\/p>\n<\/div>\n\n\t\t\t\t\t\t\t\t\t\t\t<\/div>\n\n\t\t\t\t\t\n\t\t\t\t\t<style>#wd-69df650a33011 .info-box-icon {background-color:  !important;}<\/style>\t\t\t\t<\/div>\n\t\t\t<\/div>\n\t\t[\/vc_column][\/vc_row]<\/p>\n<\/div>","protected":false},"excerpt":{"rendered":"<p>Filippini &amp; Paganini Superflexol 8 x 1400 Ann\u00e9e 2005 est une imprimante flexo \u00e0 pile pour film. Elle dispose de 8 couleurs et peut d\u00e9velopper une vitesse m\u00e9canique maximale de 180 m\u00e8tres par minute. <\/p>\n","protected":false},"featured_media":394937,"comment_status":"closed","ping_status":"closed","template":"","meta":{"_acf_changed":false,"om_disable_all_campaigns":false},"year-of-production":[],"product_brand":[],"product_cat":[3786,5390],"product_tag":[5322,5392,5391,5389,5388],"class_list":{"0":"post-394889","1":"product","2":"type-product","3":"status-publish","4":"has-post-thumbnail","6":"product_cat-imprimantes-flexo","7":"product_cat-les-imprimeurs-flexo-empilent-les-types-de-films","8":"product_tag-annee-2005","9":"product_tag-filippini-paganini","10":"product_tag-modele-8-x-1400","11":"product_tag-pour-le-cinema","12":"product_tag-type-de-pile","14":"first","15":"instock","16":"sold-individually","17":"shipping-taxable","18":"purchasable","19":"product-type-simple"},"acf":[],"_links":{"self":[{"href":"https:\/\/cbscompany.com\/fr\/wp-json\/wp\/v2\/product\/394889","targetHints":{"allow":["GET"]}}],"collection":[{"href":"https:\/\/cbscompany.com\/fr\/wp-json\/wp\/v2\/product"}],"about":[{"href":"https:\/\/cbscompany.com\/fr\/wp-json\/wp\/v2\/types\/product"}],"replies":[{"embeddable":true,"href":"https:\/\/cbscompany.com\/fr\/wp-json\/wp\/v2\/comments?post=394889"}],"wp:featuredmedia":[{"embeddable":true,"href":"https:\/\/cbscompany.com\/fr\/wp-json\/wp\/v2\/media\/394937"}],"wp:attachment":[{"href":"https:\/\/cbscompany.com\/fr\/wp-json\/wp\/v2\/media?parent=394889"}],"wp:term":[{"taxonomy":"year-of-production","embeddable":true,"href":"https:\/\/cbscompany.com\/fr\/wp-json\/wp\/v2\/year-of-production?post=394889"},{"taxonomy":"product_brand","embeddable":true,"href":"https:\/\/cbscompany.com\/fr\/wp-json\/wp\/v2\/product_brand?post=394889"},{"taxonomy":"product_cat","embeddable":true,"href":"https:\/\/cbscompany.com\/fr\/wp-json\/wp\/v2\/product_cat?post=394889"},{"taxonomy":"product_tag","embeddable":true,"href":"https:\/\/cbscompany.com\/fr\/wp-json\/wp\/v2\/product_tag?post=394889"}],"curies":[{"name":"wp","href":"https:\/\/api.w.org\/{rel}","templated":true}]}}