{"id":394656,"date":"2025-06-05T08:46:42","date_gmt":"2025-06-05T07:46:42","guid":{"rendered":"https:\/\/cbscompany.com\/machines\/uncategorized\/systeme-complet-remac-mizar-140-pelliculeuse-sans-solvant-annee-2019laser-decoupeur-packmaster-oem-cw-compact-giotto-v500-hi50-marque-seilaser-annee-2019\/"},"modified":"2026-05-05T09:32:56","modified_gmt":"2026-05-05T08:32:56","slug":"systeme-complet-remac-mizar-140-pelliculeuse-sans-solvant-annee-2019laser-decoupeur-packmaster-oem-cw-compact-giotto-v500-hi50-marque-seilaser-annee-2019","status":"publish","type":"product","link":"https:\/\/cbscompany.com\/fr\/machines\/plastifieuses\/plastifieuses-sans-solvant\/systeme-complet-remac-mizar-140-pelliculeuse-sans-solvant-annee-2019laser-decoupeur-packmaster-oem-cw-compact-giotto-v500-hi50-marque-seilaser-annee-2019\/","title":{"rendered":"Syst\u00e8me complet : REMAC MIZAR 140 pelliculeuse sans solvant ann\u00e9e 2019+Laser D\u00e9coupeur PACKMASTER OEM\/CW COMPACT GIOTTO V500 Hi50 marque SEILASER ann\u00e9e 2019"},"content":{"rendered":"<div class=\"wpb-content-wrapper\"><p>[vc_row content_placement=&#8221;top&#8221;][vc_column css=&#8221;.vc_custom_1532433256788{margin-right: 15px !important;}&#8221; offset=&#8221;vc_col-md-8&#8243;]\n\t\t<div id=\"wd-65e880f1a8e9a\" class=\"title-wrapper wd-wpb wd-set-mb reset-last-child  wd-rs-65e880f1a8e9a wd-title-color-default wd-title-style-default text-left vc_custom_1709736139635 wd-underline-colored\">\n\t\t\t\n\t\t\t<div class=\"liner-continer\">\n\t\t\t\t<h4 class=\"woodmart-title-container title  wd-font-weight-600 wd-fontsize-m\" >Syst\u00e8me complet : REMAC MIZAR 140 pelliculeuse sans solvant ann\u00e9e 2019+Laser D\u00e9coupeur PACKMASTER OEM\/CW COMPACT GIOTTO V500 Hi50 marque SEILASER ann\u00e9e 2019<\/h4>\n\t\t\t\t\t\t\t<\/div>\n\t\t\t\n\t\t\t\n\t\t\t\n\t\t<\/div>\n\t\t\n\t\t[vc_row_inner css=&#8221;.vc_custom_1628672714565{margin-bottom: 35px !important;border-bottom-width: 0px !important;padding-bottom: 25px !important;border-bottom-color: rgba(129,129,129,0.2) !important;border-bottom-style: solid !important;}&#8221; row_reverse_mobile=&#8221;0&#8243; row_reverse_tablet=&#8221;0&#8243;][vc_column_inner width=&#8221;1\/2&#8243; css=&#8221;.vc_custom_1532346102929{padding-top: 0px !important;}&#8221;][vc_column_text woodmart_inline=&#8221;no&#8221; text_larger=&#8221;no&#8221;]<\/p>\n<ul>\n<li><strong>REMAC MIZAR 140 pelliculeuse sans solvant ann\u00e9e 2019<\/strong><\/li>\n<li><strong>Marque : REMAC<\/strong><\/li>\n<li><strong>Mod\u00e8le : MIZAR 140<\/strong><\/li>\n<li><strong>Ann\u00e9e : 2019<\/strong><\/li>\n<li><strong>Sans solvant<\/strong><\/li>\n<li>Largeur du rev\u00eatement : 1400 mm<\/li>\n<li>Largeur min-max du film : 650 &#8211; 1450 mm<\/li>\n<li><strong>2 d\u00e9rouleurs sans arbre :<\/strong><\/li>\n<li>Diam\u00e8tre maximal du rouleau d\u00e9rouleur : 1000 mm<\/li>\n<li><strong>1 enrouleur sans arbre :<\/strong><\/li>\n<li>Diam\u00e8tre maximal du rouleau d&#8217;enroulement : 1000 mm<\/li>\n<li>Diam\u00e8tre du mandrin d\u00e9rouleur\/enrouleur : 76 mm (3&#8243;) et 152 mm (6&#8243;)\/ 152 mm (6&#8243;)<\/li>\n<li>Tension min-max du film d\u00e9rouleur\/enrouleur : 2,5 &#8211; 50 kg\/3 &#8211; 55 kg<\/li>\n<li>Poids maximal du rouleau : 1000 kg<\/li>\n<li>Vitesse m\u00e9canique : 450 m\/min (en fonction de la qualit\u00e9 et du type de mat\u00e9riau et de colle utilis\u00e9s)<\/li>\n<li>Mat\u00e9riaux enrob\u00e9s : BOPP-OPP m\u00e9tallis\u00e9 12-80 \u00b5m, PETP 10-30 \u00b5m, LDPE,HDPE 30-200 \u00b5m, OPA 12-20 \u00b5m, NYLON CAST 30-80 \u00b5m, PP CAST 30-150 \u00b5m, PAPIER 40-200 g\/m2, ALU 7-40 \u00b5m<\/li>\n<\/ul>\n<p>[\/vc_column_text][\/vc_column_inner][vc_column_inner width=&#8221;1\/2&#8243; css=&#8221;.vc_custom_1532346106600{padding-top: 0px !important;}&#8221;][vc_column_text woodmart_inline=&#8221;no&#8221; text_larger=&#8221;no&#8221;]<\/p>\n<ul>\n<li>Mat\u00e9riaux de stratification : BOPP-OPP m\u00e9tallis\u00e9 12-80 \u00b5m, PETP 8-30 \u00b5m, LDPE, HDPE 20-200 \u00b5m, MISC. CO-EXTRUDED 25-200 \u00b5m, OPA 12-20 \u00b5m, NYLON CAST 20-80 \u00b5m, PP CAST 20-150 \u00b5m, PAPIER 40-200 g\/m2, ALU 6-40 \u00b5m <\/li>\n<li>1 unit\u00e9 de rev\u00eatement<\/li>\n<li>1 unit\u00e9 de laminage<\/li>\n<li>Le m\u00e9langeur n&#8217;est pas pr\u00e9sent<\/li>\n<li>\u00c9quip\u00e9 de plaques de mise \u00e0 niveau<\/li>\n<li>Tension : 400V\/50-60HZ<\/li>\n<li>Puissance maximale : 125A<\/li>\n<li>Puissance install\u00e9e : 77 kW<\/li>\n<li><strong>D\u00e9coupeur laser PACKMASTER OEM\/CW COMPACT GIOTTO V500 Hi50 marque SEILASER ann\u00e9e 2019<\/strong><\/li>\n<li>Syst\u00e8me laser mod. Giotto CO2 4 axes COMPACT <\/li>\n<li>Source laser CO2 scell\u00e9e Giotto v500<\/li>\n<li>T\u00eate de galvo interpol\u00e9e Giotto 4 axes<\/li>\n<li>Chemin optique scell\u00e9 et prot\u00e9g\u00e9 de la poussi\u00e8re (1P54)<\/li>\n<li>Zone de travail maximale pour chaque unit\u00e9 laser 900x900mm (t\u00eate de balayage Hi50)<\/li>\n<li>Avec possibilit\u00e9 d&#8217;ajouter une deuxi\u00e8me t\u00eate laser<\/li>\n<li><strong>Machine d&#8217;aspiration pour la machine de d\u00e9coupe laser de marque CROCCI 11KW<\/strong><\/li>\n<li>En parfaites conditions de travail<\/li>\n<\/ul>\n<p>[\/vc_column_text][\/vc_column_inner][\/vc_row_inner][\/vc_column][vc_column offset=&#8221;vc_col-md-4&#8243;]\t\t\t<div class=\"info-box-wrapper\">\n\t\t\t\t<div id=\"wd-65e880fdd5275\" class=\" wd-rs-65e880fdd5275 wd-info-box wd-wpb text-left box-icon-align-left box-style-shadow color-scheme- wd-bg-none wd-off-anim wpb_animate_when_almost_visible wpb_bounceIn bounceIn wd-anim-name_bounceIn wd-items-top \">\n\t\t\t\t\t\t\t\t\t\t<div class=\"info-box-content\">\n\t\t\t\t\t\t<div class=\"info-box-subtitle subtitle-color-default wd-fontsize-xs subtitle-style-default\">A propos du syst\u00e8me complet : REMAC MIZAR 140 pelliculeuse sans solvant ann\u00e9e 2019+Laser D\u00e9coupeur PACKMASTER OEM\/CW COMPACT GIOTTO V500 Hi50 marque SEILASER ann\u00e9e 2019<\/div><h4 class=\"info-box-title title box-title-style-default wd-fontsize-m\">Informations sur l&apos;emplacement<\/h4>\t\t\t\t\t\t<div class=\"info-box-inner reset-last-child\"><p>Disponible dans la r\u00e9gion : <strong style=\"color: blue;\"><a href=\"https:\/\/cbscompany.com\/my-account\/?redirect_to=%2Ffr%2Fwp-json%2Fwp%2Fv2%2Fproduct%2F394656\" class=\"simplemodal-login\">Log in to see location<\/a><\/strong><\/p>\n<\/div>\n\n\t\t\t\t\t\t\t\t\t\t\t<\/div>\n\n\t\t\t\t\t\n\t\t\t\t\t<style>#wd-65e880fdd5275 .info-box-icon {background-color:  !important;}<\/style>\t\t\t\t<\/div>\n\t\t\t<\/div>\n\t\t[\/vc_column][\/vc_row]<\/p>\n<\/div>","protected":false},"excerpt":{"rendered":"<p>Syst\u00e8me complet : REMAC MIZAR 140 pelliculeuse sans solvant ann\u00e9e 2019. Mat\u00e9riaux : BOPP-OPP, PETP, LDPE, HDPE, PAPIER, etc. Avec d\u00e9coupeur laser PACKMASTER OEM\/CW COMPACT GIOTTO V500 Hi50 marque SEILASER ann\u00e9e 2019. Surface de travail maximale pour chaque unit\u00e9 laser 900x900mm (t\u00eate de balayage Hi50). En parfaites conditions de travail    <\/p>\n","protected":false},"featured_media":394657,"comment_status":"closed","ping_status":"closed","template":"","meta":{"_acf_changed":false,"om_disable_all_campaigns":false},"year-of-production":[],"product_brand":[],"product_cat":[5309,5307],"product_tag":[5329,5817,5517,5523],"class_list":{"0":"post-394656","1":"product","2":"type-product","3":"status-publish","4":"has-post-thumbnail","6":"product_cat-plastifieuses","7":"product_cat-plastifieuses-sans-solvant","8":"product_tag-annee-2019","9":"product_tag-bopp","10":"product_tag-ldpe","11":"product_tag-pehd","13":"first","14":"instock","15":"sold-individually","16":"shipping-taxable","17":"purchasable","18":"product-type-simple"},"acf":[],"_links":{"self":[{"href":"https:\/\/cbscompany.com\/fr\/wp-json\/wp\/v2\/product\/394656","targetHints":{"allow":["GET"]}}],"collection":[{"href":"https:\/\/cbscompany.com\/fr\/wp-json\/wp\/v2\/product"}],"about":[{"href":"https:\/\/cbscompany.com\/fr\/wp-json\/wp\/v2\/types\/product"}],"replies":[{"embeddable":true,"href":"https:\/\/cbscompany.com\/fr\/wp-json\/wp\/v2\/comments?post=394656"}],"wp:featuredmedia":[{"embeddable":true,"href":"https:\/\/cbscompany.com\/fr\/wp-json\/wp\/v2\/media\/394657"}],"wp:attachment":[{"href":"https:\/\/cbscompany.com\/fr\/wp-json\/wp\/v2\/media?parent=394656"}],"wp:term":[{"taxonomy":"year-of-production","embeddable":true,"href":"https:\/\/cbscompany.com\/fr\/wp-json\/wp\/v2\/year-of-production?post=394656"},{"taxonomy":"product_brand","embeddable":true,"href":"https:\/\/cbscompany.com\/fr\/wp-json\/wp\/v2\/product_brand?post=394656"},{"taxonomy":"product_cat","embeddable":true,"href":"https:\/\/cbscompany.com\/fr\/wp-json\/wp\/v2\/product_cat?post=394656"},{"taxonomy":"product_tag","embeddable":true,"href":"https:\/\/cbscompany.com\/fr\/wp-json\/wp\/v2\/product_tag?post=394656"}],"curies":[{"name":"wp","href":"https:\/\/api.w.org\/{rel}","templated":true}]}}