{"id":401568,"date":"2026-05-15T10:57:43","date_gmt":"2026-05-15T09:57:43","guid":{"rendered":"https:\/\/cbscompany.com\/machines\/sin%20categor\u00eda\/la-meccanica-fumagalli-cah-cortadora-rebobinadora-trl-ar-ano-2003\/"},"modified":"2026-05-15T11:00:00","modified_gmt":"2026-05-15T10:00:00","slug":"la-meccanica-fumagalli-cah-cortadora-rebobinadora-trl-ar-ano-2003","status":"publish","type":"product","link":"https:\/\/cbscompany.com\/es\/machines\/rebobinadoras-cortadoras-de-rollos\/la-meccanica-fumagalli-cah-cortadora-rebobinadora-trl-ar-ano-2003\/","title":{"rendered":"La Meccanica Fumagalli cah cortadora rebobinadora TRL-AR a\u00f1o 2003"},"content":{"rendered":"<div class=\"wpb-content-wrapper\"><p>[vc_row content_placement=&#8221;top&#8221;][vc_column css=&#8221;.vc_custom_1532433256788{margin-right: 15px !important;}&#8221; offset=&#8221;vc_col-md-8&#8243;]\n\t\t<div id=\"wd-6a06ea9a4e667\" class=\"title-wrapper wd-wpb wd-set-mb reset-last-child  wd-rs-6a06ea9a4e667 wd-title-color-default wd-title-style-default text-left vc_custom_1778838176672 wd-underline-colored\">\n\t\t\t\n\t\t\t<div class=\"liner-continer\">\n\t\t\t\t<h4 class=\"woodmart-title-container title  wd-font-weight-600 wd-fontsize-m\" >La Meccanica Fumagalli cah cortadora rebobinadora TRL-AR a\u00f1o 2003<br \/>\n<\/h4>\n\t\t\t\t\t\t\t<\/div>\n\t\t\t\n\t\t\t\n\t\t\t\n\t\t<\/div>\n\t\t\n\t\t[vc_row_inner css=&#8221;.vc_custom_1628672714565{margin-bottom: 35px !important;border-bottom-width: 0px !important;padding-bottom: 25px !important;border-bottom-color: rgba(129,129,129,0.2) !important;border-bottom-style: solid !important;}&#8221; row_reverse_mobile=&#8221;0&#8243; row_reverse_tablet=&#8221;0&#8243;][vc_column_inner width=&#8221;1\/2&#8243; css=&#8221;.vc_custom_1532346102929{padding-top: 0px !important;}&#8221;][vc_column_text css=&#8221;&#8221; woodmart_inline=&#8221;no&#8221; text_larger=&#8221;no&#8221;]<\/p>\n<ul>\n<li><b>B<\/b><b>rand: La Meccanica Fumagalli<\/b><\/li>\n<li><b>Modelo: TRL-AR<\/b><\/li>\n<li><b>A\u00f1o: 2003, completamente renovado  <\/b><\/li>\n<li><span style=\"font-weight: 400;\">Gramaje del papel: 20 &#8211; 600 g\/m\u00b2.<\/span><\/li>\n<li><span style=\"font-weight: 400;\">Anchura m\u00e1xima de trabajo del rodillo matriz: 1100 mm<\/span><\/li>\n<li><span style=\"font-weight: 400;\">Di\u00e1metro m\u00e1ximo de desenrollado: 1200 mm<\/span><\/li>\n<li><span style=\"font-weight: 400;\">Di\u00e1metro m\u00e1ximo de rebobinado: 420 mm<\/span><\/li>\n<li><span style=\"font-weight: 400;\">Anchura m\u00ednima de corte: 18 mm<\/span><\/li>\n<li><span style=\"font-weight: 400;\">Velocidad m\u00e1xima: 350 m\/min<\/span><\/li>\n<li aria-level=\"1\"><b>Sistema de rebobinado:<\/b><\/li>\n<li><span style=\"font-weight: 400;\">2 ejes de rebobinado de 50 mm de di\u00e1metro, para n\u00facleos con un di\u00e1metro interior de 50,5 mm<\/span><\/li>\n<\/ul>\n<p>[\/vc_column_text][\/vc_column_inner][vc_column_inner width=&#8221;1\/2&#8243; css=&#8221;.vc_custom_1532346106600{padding-top: 0px !important;}&#8221;][vc_column_text css=&#8221;&#8221; woodmart_inline=&#8221;no&#8221; text_larger=&#8221;no&#8221;]<\/p>\n<ul>\n<li><b>Sistema de desenrollado:<\/b><\/li>\n<li><span style=\"font-weight: 400;\">Contador electr\u00f3nico autom\u00e1tico con doble selecci\u00f3n para parada autom\u00e1tica programada con predeceleraci\u00f3n  <\/span><\/li>\n<li><span style=\"font-weight: 400;\">Frenos de disco neum\u00e1ticos con control autom\u00e1tico de la tensi\u00f3n  <\/span><\/li>\n<li><span style=\"font-weight: 400;\">Desbobinador neum\u00e1tico extensible para mandriles de 76 mm  <\/span><\/li>\n<li><span style=\"font-weight: 400;\">Dispositivo de desplazamiento axial para el ajuste del rodillo padre durante el funcionamiento  <\/span><\/li>\n<li><span style=\"font-weight: 400;\">Ajuste del volante delantero para uso del operario con movimiento de \u00b120 mm  <\/span><\/li>\n<li><span style=\"font-weight: 400;\">Con elevador neum\u00e1tico para rollos padres<\/span><\/li>\n<\/ul>\n<p>[\/vc_column_text][\/vc_column_inner][\/vc_row_inner][\/vc_column][vc_column offset=&#8221;vc_col-md-4&#8243;]\t\t\t<div class=\"info-box-wrapper\">\n\t\t\t\t<div id=\"wd-6a06eaace602c\" class=\" wd-rs-6a06eaace602c wd-info-box wd-wpb text-left box-icon-align-left box-style-shadow color-scheme- wd-bg-none wd-off-anim wpb_animate_when_almost_visible wpb_bounceIn bounceIn wd-anim-name_bounceIn wd-items-top \">\n\t\t\t\t\t\t\t\t\t\t<div class=\"info-box-content\">\n\t\t\t\t\t\t<div class=\"info-box-subtitle subtitle-color-default wd-fontsize-xs subtitle-style-default\">Acerca de La Meccanica Fumagalli cah cortadora rebobinadora TRL-AR a\u00f1o 2003<br \/>\n<\/div><h4 class=\"info-box-title title box-title-style-default wd-fontsize-m\">Informaci\u00f3n sobre la ubicaci\u00f3n<\/h4>\t\t\t\t\t\t<div class=\"info-box-inner reset-last-child\"><p>Disponible en la regi\u00f3n: <strong style=\"color: blue;\"><a href=\"https:\/\/cbscompany.com\/es\/mi-cuenta\/?redirect_to=%2Fes%2Fwp-json%2Fwp%2Fv2%2Fproduct%2F401568\" class=\"simplemodal-login\">Inicia sesi\u00f3n para ver la ubicaci\u00f3n<\/a><\/strong><\/p>\n<\/div>\n\n\t\t\t\t\t\t\t\t\t\t\t<\/div>\n\n\t\t\t\t\t\n\t\t\t\t\t<style>#wd-6a06eaace602c .info-box-icon {background-color:  !important;}<\/style>\t\t\t\t<\/div>\n\t\t\t<\/div>\n\t\t[\/vc_column][\/vc_row]<\/p>\n<\/div>","protected":false},"excerpt":{"rendered":"<p>La Meccanica Fumagalli TRL-AR de 2003 es una rebobinadora cortadora de rollos cah. La m\u00e1quina ser\u00e1 reacondicionada y con garant\u00eda. <\/p>\n","protected":false},"featured_media":401577,"comment_status":"closed","ping_status":"closed","template":"","meta":{"_acf_changed":false,"om_disable_all_campaigns":false},"year-of-production":[],"product_brand":[],"product_cat":[4091],"product_tag":[4310,6820,4033,6819,6818],"class_list":{"0":"post-401568","1":"product","2":"type-product","3":"status-publish","4":"has-post-thumbnail","6":"product_cat-rebobinadoras-cortadoras-de-rollos","7":"product_tag-ano-2003","8":"product_tag-cah-cortadora-rebobinadora-de-rollos","9":"product_tag-la-meccanica-fumagalli","10":"product_tag-renovado-con-garantia","11":"product_tag-trl_ar","13":"first","14":"instock","15":"sold-individually","16":"shipping-taxable","17":"purchasable","18":"product-type-simple"},"acf":[],"_links":{"self":[{"href":"https:\/\/cbscompany.com\/es\/wp-json\/wp\/v2\/product\/401568","targetHints":{"allow":["GET"]}}],"collection":[{"href":"https:\/\/cbscompany.com\/es\/wp-json\/wp\/v2\/product"}],"about":[{"href":"https:\/\/cbscompany.com\/es\/wp-json\/wp\/v2\/types\/product"}],"replies":[{"embeddable":true,"href":"https:\/\/cbscompany.com\/es\/wp-json\/wp\/v2\/comments?post=401568"}],"wp:featuredmedia":[{"embeddable":true,"href":"https:\/\/cbscompany.com\/es\/wp-json\/wp\/v2\/media\/401577"}],"wp:attachment":[{"href":"https:\/\/cbscompany.com\/es\/wp-json\/wp\/v2\/media?parent=401568"}],"wp:term":[{"taxonomy":"year-of-production","embeddable":true,"href":"https:\/\/cbscompany.com\/es\/wp-json\/wp\/v2\/year-of-production?post=401568"},{"taxonomy":"product_brand","embeddable":true,"href":"https:\/\/cbscompany.com\/es\/wp-json\/wp\/v2\/product_brand?post=401568"},{"taxonomy":"product_cat","embeddable":true,"href":"https:\/\/cbscompany.com\/es\/wp-json\/wp\/v2\/product_cat?post=401568"},{"taxonomy":"product_tag","embeddable":true,"href":"https:\/\/cbscompany.com\/es\/wp-json\/wp\/v2\/product_tag?post=401568"}],"curies":[{"name":"wp","href":"https:\/\/api.w.org\/{rel}","templated":true}]}}