{"id":394596,"date":"2026-04-30T15:37:18","date_gmt":"2026-04-30T14:37:18","guid":{"rendered":"https:\/\/cbscompany.com\/machines\/sin%20categor\u00eda\/lemu-roboplus-210-800-cortadora-rebobinadora-ano-2009\/"},"modified":"2026-05-06T15:31:36","modified_gmt":"2026-05-06T14:31:36","slug":"lemu-roboplus-210-800-cortadora-rebobinadora-ano-2009","status":"publish","type":"product","link":"https:\/\/cbscompany.com\/es\/machines\/rebobinadoras-cortadoras-de-rollos\/lemu-roboplus-210-800-cortadora-rebobinadora-ano-2009\/","title":{"rendered":"Lemu Roboplus 210\/800 cortadora rebobinadora de rollo de caja a\u00f1o 2009"},"content":{"rendered":"<div class=\"wpb-content-wrapper\"><p>[vc_row content_placement=&#8221;top&#8221;][vc_column css=&#8221;.vc_custom_1532433256788{margin-right: 15px !important;}&#8221; offset=&#8221;vc_col-md-8&#8243;]\n\t\t<div id=\"wd-69fb50753eadf\" class=\"title-wrapper wd-wpb wd-set-mb reset-last-child  wd-rs-69fb50753eadf wd-title-color-default wd-title-style-default text-left vc_custom_1778077822121 wd-underline-colored\">\n\t\t\t\n\t\t\t<div class=\"liner-continer\">\n\t\t\t\t<h4 class=\"woodmart-title-container title  wd-font-weight-600 wd-fontsize-m\" >Lemu Roboplus 210\/800 cortadora rebobinadora de rollo de caja a\u00f1o 2009<\/h4>\n\t\t\t\t\t\t\t<\/div>\n\t\t\t\n\t\t\t\n\t\t\t\n\t\t<\/div>\n\t\t\n\t\t[vc_row_inner css=&#8221;.vc_custom_1628672714565{margin-bottom: 35px !important;border-bottom-width: 0px !important;padding-bottom: 25px !important;border-bottom-color: rgba(129,129,129,0.2) !important;border-bottom-style: solid !important;}&#8221; row_reverse_mobile=&#8221;0&#8243; row_reverse_tablet=&#8221;0&#8243;][vc_column_inner width=&#8221;1\/2&#8243; css=&#8221;.vc_custom_1532346102929{padding-top: 0px !important;}&#8221;][vc_column_text css=&#8221;&#8221; woodmart_inline=&#8221;no&#8221; text_larger=&#8221;no&#8221;]<\/p>\n<ul>\n<li><b>B<\/b><b>rand: Lemu<\/b><\/li>\n<li aria-level=\"1\"><b>Modelo ROBOPLUS 210\/800<\/b><\/li>\n<li aria-level=\"1\"><b>A\u00f1o: 2009<\/b><\/li>\n<li aria-level=\"1\">Sin eje<\/li>\n<li aria-level=\"1\"><span style=\"font-weight: 400;\">Anchura del rollo madre: 800 mm<\/span><\/li>\n<li aria-level=\"1\"><span style=\"font-weight: 400;\">Di\u00e1metro m\u00e1x. rollo madre 1250 mm<\/span><\/li>\n<li aria-level=\"1\"><span style=\"font-weight: 400;\">Peso m\u00e1ximo del rollo madre: 1200 kg<\/span><\/li>\n<li aria-level=\"1\"><span style=\"font-weight: 400;\">Di\u00e1metro m\u00edn.-m\u00e1x. rollo acabado 30 &#8211; 265 mm<\/span><\/li>\n<li aria-level=\"1\"><span style=\"font-weight: 400;\">Di\u00e1metro m\u00edn.-m\u00e1x. del n\u00facleo externo: 14,5 &#8211; 58 mm<\/span><\/li>\n<\/ul>\n<p>[\/vc_column_text][\/vc_column_inner][vc_column_inner width=&#8221;1\/2&#8243; css=&#8221;.vc_custom_1532346106600{padding-top: 0px !important;}&#8221;][vc_column_text css=&#8221;&#8221; woodmart_inline=&#8221;no&#8221; text_larger=&#8221;no&#8221;]<\/p>\n<ul>\n<li style=\"font-weight: 400;\" aria-level=\"1\"><span style=\"font-weight: 400;\">Grosor del material: papel 40 &#8211; 120 g\/m<\/span><\/li>\n<li style=\"font-weight: 400;\" aria-level=\"1\"><span style=\"font-weight: 400;\">Anchura m\u00ednima del rollo acabado: 37 mm<\/span><\/li>\n<li style=\"font-weight: 400;\" aria-level=\"1\"><span style=\"font-weight: 400;\">Velocidad m\u00e1xima de rebobinado: 700 m\/min<\/span><\/li>\n<li style=\"font-weight: 400;\" aria-level=\"1\"><span style=\"font-weight: 400;\">Escala de producci\u00f3n: 200 ciclos\/min &#8211; 40m<\/span><\/li>\n<li style=\"font-weight: 400;\" aria-level=\"1\"><span style=\"font-weight: 400;\">Asistencia a distancia<\/span><\/li>\n<li style=\"font-weight: 400;\" aria-level=\"1\"><span style=\"font-weight: 400;\">L\u00ednea de acabado<\/span><\/li>\n<li style=\"font-weight: 400;\" aria-level=\"1\"><span style=\"font-weight: 400;\">Visible en producci\u00f3n<\/span><\/li>\n<li style=\"font-weight: 400;\" aria-level=\"1\"><span style=\"font-weight: 400;\">Disponibilidad inmediata<\/span><\/li>\n<\/ul>\n<p>[\/vc_column_text][\/vc_column_inner][\/vc_row_inner][\/vc_column][vc_column offset=&#8221;vc_col-md-4&#8243;]\t\t\t<div class=\"info-box-wrapper\">\n\t\t\t\t<div id=\"wd-69fb5081327ce\" class=\" wd-rs-69fb5081327ce wd-info-box wd-wpb text-left box-icon-align-left box-style-shadow color-scheme- wd-bg-none wd-off-anim wpb_animate_when_almost_visible wpb_bounceIn bounceIn wd-anim-name_bounceIn wd-items-top \">\n\t\t\t\t\t\t\t\t\t\t<div class=\"info-box-content\">\n\t\t\t\t\t\t<div class=\"info-box-subtitle subtitle-color-default wd-fontsize-xs subtitle-style-default\">Acerca de Lemu Roboplus 210\/800 cortadora rebobinadora de rollo de caja a\u00f1o 2009<\/div><h4 class=\"info-box-title title box-title-style-default wd-fontsize-m\">Informaci\u00f3n sobre la ubicaci\u00f3n<\/h4>\t\t\t\t\t\t<div class=\"info-box-inner reset-last-child\"><p>Disponible en la regi\u00f3n: <strong style=\"color: blue;\"><a href=\"https:\/\/cbscompany.com\/es\/mi-cuenta\/?redirect_to=%2Fes%2Fwp-json%2Fwp%2Fv2%2Fproduct%2F394596\" class=\"simplemodal-login\">Inicia sesi\u00f3n para ver la ubicaci\u00f3n<\/a><\/strong><\/p>\n<\/div>\n\n\t\t\t\t\t\t\t\t\t\t\t<\/div>\n\n\t\t\t\t\t\n\t\t\t\t\t<style>#wd-69fb5081327ce .info-box-icon {background-color:  !important;}<\/style>\t\t\t\t<\/div>\n\t\t\t<\/div>\n\t\t[\/vc_column][\/vc_row]<\/p>\n<\/div>","protected":false},"excerpt":{"rendered":"<p>Lemu Roboplus 210\/800 del a\u00f1o 2009 es una rebobinadora cortadora de rollo de papel con ancho de rollo madre de 800 mm. Est\u00e1 dise\u00f1ada para trabajar con papel de <span style=\"font-weight: 400;\">40 &#8211; 120 g\/m\u00b2.<\/span> <\/p>\n","protected":false},"featured_media":394619,"comment_status":"closed","ping_status":"closed","template":"","meta":{"_acf_changed":false,"om_disable_all_campaigns":false},"year-of-production":[],"product_brand":[],"product_cat":[4091],"product_tag":[5868,5299,5304,5301,5303],"class_list":{"0":"post-394596","1":"product","2":"type-product","3":"status-publish","4":"has-post-thumbnail","6":"product_cat-rebobinadoras-cortadoras-de-rollos","7":"product_tag-cortadora-rebobinadora-de-rollos","8":"product_tag-lemu","9":"product_tag-linea-de-meta","10":"product_tag-roboplus-210-800","11":"product_tag-rollo-madre-800-mm-asistencia-a-distancia","13":"first","14":"instock","15":"sold-individually","16":"shipping-taxable","17":"purchasable","18":"product-type-simple"},"acf":[],"_links":{"self":[{"href":"https:\/\/cbscompany.com\/es\/wp-json\/wp\/v2\/product\/394596","targetHints":{"allow":["GET"]}}],"collection":[{"href":"https:\/\/cbscompany.com\/es\/wp-json\/wp\/v2\/product"}],"about":[{"href":"https:\/\/cbscompany.com\/es\/wp-json\/wp\/v2\/types\/product"}],"replies":[{"embeddable":true,"href":"https:\/\/cbscompany.com\/es\/wp-json\/wp\/v2\/comments?post=394596"}],"wp:featuredmedia":[{"embeddable":true,"href":"https:\/\/cbscompany.com\/es\/wp-json\/wp\/v2\/media\/394619"}],"wp:attachment":[{"href":"https:\/\/cbscompany.com\/es\/wp-json\/wp\/v2\/media?parent=394596"}],"wp:term":[{"taxonomy":"year-of-production","embeddable":true,"href":"https:\/\/cbscompany.com\/es\/wp-json\/wp\/v2\/year-of-production?post=394596"},{"taxonomy":"product_brand","embeddable":true,"href":"https:\/\/cbscompany.com\/es\/wp-json\/wp\/v2\/product_brand?post=394596"},{"taxonomy":"product_cat","embeddable":true,"href":"https:\/\/cbscompany.com\/es\/wp-json\/wp\/v2\/product_cat?post=394596"},{"taxonomy":"product_tag","embeddable":true,"href":"https:\/\/cbscompany.com\/es\/wp-json\/wp\/v2\/product_tag?post=394596"}],"curies":[{"name":"wp","href":"https:\/\/api.w.org\/{rel}","templated":true}]}}