{"id":393840,"date":"2026-04-15T15:05:42","date_gmt":"2026-04-15T14:05:42","guid":{"rendered":"https:\/\/cbscompany.com\/machines\/sin%20categor\u00eda\/garant-maschinen-triumph-2-t8-sm-servo-ano-2017\/"},"modified":"2026-04-16T11:28:14","modified_gmt":"2026-04-16T10:28:14","slug":"garant-maschinen-triumph-2-t8-sm-servo-ano-2017","status":"publish","type":"product","link":"https:\/\/cbscompany.com\/es\/machines\/maquinas-para-fabricar-bolsas-de-papel\/maquinas-para-fabricar-bolsas-de-papel-sos\/garant-maschinen-triumph-2-t8-sm-servo-ano-2017\/","title":{"rendered":"Garant Maschinen Triumph 2 &#8211; T8 SM Servo a\u00f1o 2017"},"content":{"rendered":"<div class=\"wpb-content-wrapper\"><p>[vc_row content_placement=&#8221;top&#8221;][vc_column css=&#8221;.vc_custom_1532433256788{margin-right: 15px !important;}&#8221; offset=&#8221;vc_col-md-8&#8243;]\n\t\t<div id=\"wd-69df9c8057381\" class=\"title-wrapper wd-wpb wd-set-mb reset-last-child  wd-rs-69df9c8057381 wd-title-color-default wd-title-style-default text-left vc_custom_1776262280660 wd-underline-colored\">\n\t\t\t\n\t\t\t<div class=\"liner-continer\">\n\t\t\t\t<h4 class=\"woodmart-title-container title  wd-font-weight-600 wd-fontsize-m\" >Garant Maschinen Triumph 2 - T8 SM Servo a\u00f1o 2017<\/h4>\n\t\t\t\t\t\t\t<\/div>\n\t\t\t\n\t\t\t\n\t\t\t\n\t\t<\/div>\n\t\t\n\t\t[vc_row_inner css=&#8221;.vc_custom_1628672714565{margin-bottom: 35px !important;border-bottom-width: 0px !important;padding-bottom: 25px !important;border-bottom-color: rgba(129,129,129,0.2) !important;border-bottom-style: solid !important;}&#8221; row_reverse_mobile=&#8221;0&#8243; row_reverse_tablet=&#8221;0&#8243;][vc_column_inner width=&#8221;1\/2&#8243; css=&#8221;.vc_custom_1532346102929{padding-top: 0px !important;}&#8221;][vc_column_text css=&#8221;&#8221; woodmart_inline=&#8221;no&#8221; text_larger=&#8221;no&#8221;]<\/p>\n<ul>\n<li aria-level=\"1\"><b>Marca: Garant Maschinen<\/b><\/li>\n<li aria-level=\"1\"><b>Modelo: Triumph 2 &#8211; Servo T8<\/b><\/li>\n<li aria-level=\"1\"><strong>A\u00f1o: 2017<\/strong><\/li>\n<li aria-level=\"1\"><b>Con empu\u00f1adura plana<\/b><\/li>\n<li aria-level=\"1\"><span style=\"font-weight: 400;\">Anchura m\u00ednima &#8211; m\u00e1xima de la bolsa: 80 &#8211; 280 mm<\/span><\/li>\n<li aria-level=\"1\"><span style=\"font-weight: 400;\">Anchura m\u00edn.-m\u00e1x. de la bolsa de la compra: 180 &#8211; 280 mm<\/span><\/li>\n<li aria-level=\"1\"><span style=\"font-weight: 400;\">Anchura inferior m\u00edn.-m\u00e1x.: 50 &#8211; 160 mm<\/span><\/li>\n<li aria-level=\"1\"><span style=\"font-weight: 400;\">Longitud de corte m\u00edn.-m\u00e1x. para bolsas: 250 &#8211; 550 mm<\/span><\/li>\n<li aria-level=\"1\"><span style=\"font-weight: 400;\">Longitud m\u00ednima de corte para bolsas de la compra (sin asa) 270 mm<\/span><\/li>\n<li aria-level=\"1\"><span style=\"font-weight: 400;\">Longitud m\u00ednima de corte para bolsas de la compra (asa incluida) 550 mm<\/span><\/li>\n<li aria-level=\"1\"><span style=\"font-weight: 400;\">Gramaje del papel kraft 50 &#8211; 130 g\/m\u00b2.<\/span><\/li>\n<li aria-level=\"1\"><span style=\"font-weight: 400;\">La distancia m\u00ednima entre las asas y la banda abierta debe ser de al menos 250 mm<\/span><\/li>\n<li aria-level=\"1\"><b>Desenrollar:<\/b><\/li>\n<li aria-level=\"1\"><span style=\"font-weight: 400;\">Anchura m\u00e1x. del papel: 900 mm <\/span><\/li>\n<li aria-level=\"1\"><span style=\"font-weight: 400;\">Di\u00e1metro m\u00e1x. del rollo de papel: 1300 mm <\/span><\/li>\n<li aria-level=\"1\"><span style=\"font-weight: 400;\">Di\u00e1metro del n\u00facleo: 76 mm<\/span><\/li>\n<li aria-level=\"1\"><b>Asa:<\/b><\/li>\n<\/ul>\n<p>[\/vc_column_text][\/vc_column_inner][vc_column_inner width=&#8221;1\/2&#8243; css=&#8221;.vc_custom_1532346106600{padding-top: 0px !important;}&#8221;][vc_column_text css=&#8221;&#8221; woodmart_inline=&#8221;no&#8221; text_larger=&#8221;no&#8221;]<\/p>\n<ul>\n<li><span style=\"font-weight: 400;\">Anchura del rollo (tira de asas) &#8211; 3 capas: 45 mm<\/span><\/li>\n<li><span style=\"font-weight: 400;\">Ancho del rollo (tira de asas) &#8211; 5 capas: 80 mm<\/span><\/li>\n<li><span style=\"font-weight: 400;\">Di\u00e1metro del rollo: 1000 mm<\/span><\/li>\n<li><span style=\"font-weight: 400;\">Di\u00e1metro interior del n\u00facleo: 76 mm<\/span><\/li>\n<li><span style=\"font-weight: 400;\">Gramaje del papel: 100 &#8211; 150 g\/m\u00b2.<\/span><\/li>\n<li><span style=\"font-weight: 400;\">Asa de pl\u00e1stico (LD-PE con 20% HD-PE): 0,220 mm<\/span><\/li>\n<li><span style=\"font-weight: 400;\">Anchura del mango: 18 mm<\/span><\/li>\n<li><span style=\"font-weight: 400;\">Longitud del mango: 350 &#8211; 500 mm<\/span><\/li>\n<li><b>Parche de refuerzo:<\/b><\/li>\n<li><span style=\"font-weight: 400;\">Anchura del rollo de papel: 180 mm<\/span><\/li>\n<li><span style=\"font-weight: 400;\">Di\u00e1metro del rollo de papel: 1000 mm<\/span><\/li>\n<li><span style=\"font-weight: 400;\">Longitud de la hoja: 70 mm<\/span><\/li>\n<li><span style=\"font-weight: 400;\">Di\u00e1metro interior del n\u00facleo: 76 mm<\/span><\/li>\n<li><span style=\"font-weight: 400;\">Gramaje del papel: 80 &#8211; 120 g\/m\u00b2.<\/span><\/li>\n<li><span style=\"font-weight: 400;\">Conexi\u00f3n el\u00e9ctrica: 230\/400 V, 50\/60 Hz<\/span><\/li>\n<li><span style=\"font-weight: 400;\">Consumo de energ\u00eda: aprox: 87 kVA<\/span><\/li>\n<li><span style=\"font-weight: 400;\">Disponibilidad inmediata<\/span><\/li>\n<li style=\"list-style-type: none;\">\n<\/li>\n<\/ul>\n<p>[\/vc_column_text][\/vc_column_inner][\/vc_row_inner][\/vc_column][vc_column offset=&#8221;vc_col-md-4&#8243;]\t\t\t<div class=\"info-box-wrapper\">\n\t\t\t\t<div id=\"wd-69df9c9a4528a\" class=\" wd-rs-69df9c9a4528a wd-info-box wd-wpb text-left box-icon-align-left box-style-shadow color-scheme- wd-bg-none wd-off-anim wpb_animate_when_almost_visible wpb_bounceIn bounceIn wd-anim-name_bounceIn wd-items-top \">\n\t\t\t\t\t\t\t\t\t\t<div class=\"info-box-content\">\n\t\t\t\t\t\t<div class=\"info-box-subtitle subtitle-color-default wd-fontsize-xs subtitle-style-default\">Acerca de Garant Maschinen Triumph 2 - T8 SM Servo a\u00f1o 2017<\/div><h4 class=\"info-box-title title box-title-style-default wd-fontsize-m\">Informaci\u00f3n sobre la ubicaci\u00f3n<\/h4>\t\t\t\t\t\t<div class=\"info-box-inner reset-last-child\"><p>Disponible en la regi\u00f3n: <strong style=\"color: blue;\"><a href=\/my-account\/?redirect_to=\/es\/wp-json\/wp\/v2\/product\/393840 class=simplemodal-login>Log in to see location<\/a><\/strong><\/p>\n<\/div>\n\n\t\t\t\t\t\t\t\t\t\t\t<\/div>\n\n\t\t\t\t\t\n\t\t\t\t\t<style>#wd-69df9c9a4528a .info-box-icon {background-color:  !important;}<\/style>\t\t\t\t<\/div>\n\t\t\t<\/div>\n\t\t[\/vc_column][\/vc_row]<\/p>\n<\/div>","protected":false},"excerpt":{"rendered":"<p>La Garant Maschinen Triumph 2 &#8211; T8 SM Servo del a\u00f1o 2017 es una m\u00e1quina para fabricar bolsas SOS. La m\u00e1quina est\u00e1 equipada con unidad de mango. <\/p>\n","protected":false},"featured_media":393841,"comment_status":"closed","ping_status":"closed","template":"","meta":{"_acf_changed":false,"om_disable_all_campaigns":false},"year-of-production":[],"product_brand":[],"product_cat":[4026,4041],"product_tag":[4360,4060,5080,5081,4355],"class_list":{"0":"post-393840","1":"product","2":"type-product","3":"status-publish","4":"has-post-thumbnail","6":"product_cat-maquinas-para-fabricar-bolsas-de-papel","7":"product_cat-maquinas-para-fabricar-bolsas-de-papel-sos","8":"product_tag-ano-2017","9":"product_tag-garant","10":"product_tag-servo-sm","11":"product_tag-triunfo-2-t8","12":"product_tag-unidad-de-asa-plana","14":"first","15":"instock","16":"sold-individually","17":"shipping-taxable","18":"purchasable","19":"product-type-simple"},"acf":[],"_links":{"self":[{"href":"https:\/\/cbscompany.com\/es\/wp-json\/wp\/v2\/product\/393840","targetHints":{"allow":["GET"]}}],"collection":[{"href":"https:\/\/cbscompany.com\/es\/wp-json\/wp\/v2\/product"}],"about":[{"href":"https:\/\/cbscompany.com\/es\/wp-json\/wp\/v2\/types\/product"}],"replies":[{"embeddable":true,"href":"https:\/\/cbscompany.com\/es\/wp-json\/wp\/v2\/comments?post=393840"}],"wp:featuredmedia":[{"embeddable":true,"href":"https:\/\/cbscompany.com\/es\/wp-json\/wp\/v2\/media\/393841"}],"wp:attachment":[{"href":"https:\/\/cbscompany.com\/es\/wp-json\/wp\/v2\/media?parent=393840"}],"wp:term":[{"taxonomy":"year-of-production","embeddable":true,"href":"https:\/\/cbscompany.com\/es\/wp-json\/wp\/v2\/year-of-production?post=393840"},{"taxonomy":"product_brand","embeddable":true,"href":"https:\/\/cbscompany.com\/es\/wp-json\/wp\/v2\/product_brand?post=393840"},{"taxonomy":"product_cat","embeddable":true,"href":"https:\/\/cbscompany.com\/es\/wp-json\/wp\/v2\/product_cat?post=393840"},{"taxonomy":"product_tag","embeddable":true,"href":"https:\/\/cbscompany.com\/es\/wp-json\/wp\/v2\/product_tag?post=393840"}],"curies":[{"name":"wp","href":"https:\/\/api.w.org\/{rel}","templated":true}]}}