{"id":393676,"date":"2026-04-08T15:17:45","date_gmt":"2026-04-08T14:17:45","guid":{"rendered":"https:\/\/cbscompany.com\/machines\/sin%20categor\u00eda\/fischer-krecke-maxima-31-con-wh-qms-992-ano-1980-con-impresora-en-linea-de-3-colores\/"},"modified":"2026-04-16T11:34:23","modified_gmt":"2026-04-16T10:34:23","slug":"fischer-krecke-maxima-31-con-wh-qms-992-ano-1980-con-impresora-en-linea-de-3-colores","status":"publish","type":"product","link":"https:\/\/cbscompany.com\/es\/machines\/maquinas-para-fabricar-bolsas-de-papel\/maquinas-para-fabricar-bolsas-de-papel-planas-y-tipo-satchel\/fischer-krecke-maxima-31-con-wh-qms-992-ano-1980-con-impresora-en-linea-de-3-colores\/","title":{"rendered":"Fischer &amp; Krecke Maxima 31 con impresora en l\u00ednea de 3 colores W&amp;H QMS 992 a\u00f1o alrededor de 1980"},"content":{"rendered":"<div class=\"wpb-content-wrapper\"><p>[vc_row content_placement=&#8221;top&#8221;][vc_column css=&#8221;.vc_custom_1532433256788{margin-right: 15px !important;}&#8221; offset=&#8221;vc_col-md-8&#8243;]\n\t\t<div id=\"wd-69d76fa9b724f\" class=\"title-wrapper wd-wpb wd-set-mb reset-last-child  wd-rs-69d76fa9b724f wd-title-color-default wd-title-style-default text-left vc_custom_1775726517517 wd-underline-colored\">\n\t\t\t\n\t\t\t<div class=\"liner-continer\">\n\t\t\t\t<h4 class=\"woodmart-title-container title  wd-font-weight-600 wd-fontsize-m\" >Fischer &amp; Krecke Maxima 31 con impresora en l\u00ednea de 3 colores W&amp;H QMS 992 a\u00f1o alrededor de 1980<br \/>\n<\/h4>\n\t\t\t\t\t\t\t<\/div>\n\t\t\t\n\t\t\t\n\t\t\t\n\t\t<\/div>\n\t\t\n\t\t[vc_row_inner css=&#8221;.vc_custom_1628672714565{margin-bottom: 35px !important;border-bottom-width: 0px !important;padding-bottom: 25px !important;border-bottom-color: rgba(129,129,129,0.2) !important;border-bottom-style: solid !important;}&#8221; row_reverse_mobile=&#8221;0&#8243; row_reverse_tablet=&#8221;0&#8243;][vc_column_inner width=&#8221;1\/2&#8243; css=&#8221;.vc_custom_1532346102929{padding-top: 0px !important;}&#8221;][vc_column_text css=&#8221;&#8221; woodmart_inline=&#8221;no&#8221; text_larger=&#8221;no&#8221;]<\/p>\n<ul>\n<li aria-level=\"1\"><b>Marca: <\/b><b>Fischer &amp; Krecke<\/b><\/li>\n<li aria-level=\"1\"><b>Modelo: Maxima 31<\/b><\/li>\n<li aria-level=\"1\"><b>A\u00f1o: alrededor de 1980 (sin placa de identificaci\u00f3n)<\/b><\/li>\n<li aria-level=\"1\"><b>Tipo de batidor  <\/b><\/li>\n<li aria-level=\"1\"><span style=\"font-weight: 400;\">Con impresora en l\u00ednea W&amp;H QMS 992 de 3 colores (2 colores funcionando)<\/span><\/li>\n<li aria-level=\"1\"><span style=\"font-weight: 400;\">Cilindros de impresi\u00f3n (12 en total) 1 x 32, 2 x 42, 3 x 46, 2 x 50, 2 x 54, 2 x 59  <\/span><\/li>\n<li aria-level=\"1\"><span style=\"font-weight: 400;\">Di\u00e1metro m\u00e1ximo de la bobina: 1000 mm<\/span><\/li>\n<li aria-level=\"1\"><span style=\"font-weight: 400;\">Anchura m\u00e1xima del papel: 850 mm<\/span><\/li>\n<\/ul>\n<p>[\/vc_column_text][\/vc_column_inner][vc_column_inner width=&#8221;1\/2&#8243; css=&#8221;.vc_custom_1532346106600{padding-top: 0px !important;}&#8221;][vc_column_text css=&#8221;&#8221; woodmart_inline=&#8221;no&#8221; text_larger=&#8221;no&#8221;]<\/p>\n<ul>\n<li style=\"font-weight: 400;\" aria-level=\"1\"><span style=\"font-weight: 400;\">Anchura m\u00edn.-m\u00e1x. de la bolsa: 73 &#8211; 310 mm (seg\u00fan las chapas conformadoras disponibles)<\/span><\/li>\n<li style=\"font-weight: 400;\" aria-level=\"1\"><span style=\"font-weight: 400;\">Placas formadoras de tubos (5 en total) 1 x 9, 1 x 16,5, 1 x 21, 1 x 23, 1 x 27,5<\/span><\/li>\n<li style=\"font-weight: 400;\" aria-level=\"1\"><span style=\"font-weight: 400;\">Longitud de corte m\u00edn.-m\u00e1x.: 135 &#8211; 720 mm<\/span><\/li>\n<li style=\"font-weight: 400;\" aria-level=\"1\"><span style=\"font-weight: 400;\">Velocidad m\u00e1xima: 350 bolsas\/min<\/span><\/li>\n<li style=\"font-weight: 400;\" aria-level=\"1\"><span style=\"font-weight: 400;\">Gramaje del papel: 30 &#8211; 90 g\/m<\/span><\/li>\n<li style=\"font-weight: 400;\" aria-level=\"1\"><span style=\"font-weight: 400;\">Detenido y conectado. Visible en producci\u00f3n en caso de inter\u00e9s serio. <\/span><\/li>\n<li style=\"font-weight: 400;\" aria-level=\"1\"><span style=\"font-weight: 400;\">Disponibilidad inmediata<\/span><\/li>\n<\/ul>\n<p>[\/vc_column_text][\/vc_column_inner][\/vc_row_inner][\/vc_column][vc_column offset=&#8221;vc_col-md-4&#8243;]\t\t\t<div class=\"info-box-wrapper\">\n\t\t\t\t<div id=\"wd-69d76fb880476\" class=\" wd-rs-69d76fb880476 wd-info-box wd-wpb text-left box-icon-align-left box-style-shadow color-scheme- wd-bg-none wd-off-anim wpb_animate_when_almost_visible wpb_bounceIn bounceIn wd-anim-name_bounceIn wd-items-top \">\n\t\t\t\t\t\t\t\t\t\t<div class=\"info-box-content\">\n\t\t\t\t\t\t<div class=\"info-box-subtitle subtitle-color-default wd-fontsize-xs subtitle-style-default\">Acerca de Fischer &amp; Krecke Maxima 31 con impresora en l\u00ednea de 3 colores W&amp;H QMS 992 del a\u00f1o 1980 aproximadamente<br \/>\n<\/div><h4 class=\"info-box-title title box-title-style-default wd-fontsize-m\">Informaci\u00f3n sobre la ubicaci\u00f3n<\/h4>\t\t\t\t\t\t<div class=\"info-box-inner reset-last-child\"><p>Disponible en la regi\u00f3n: <strong style=\"color: blue;\"><a href=\"https:\/\/cbscompany.com\/es\/mi-cuenta\/?redirect_to=%2Fes%2Fwp-json%2Fwp%2Fv2%2Fproduct%2F393676\" class=\"simplemodal-login\">Inicia sesi\u00f3n para ver la ubicaci\u00f3n<\/a><\/strong><\/p>\n<\/div>\n\n\t\t\t\t\t\t\t\t\t\t\t<\/div>\n\n\t\t\t\t\t\n\t\t\t\t\t<style>#wd-69d76fb880476 .info-box-icon {background-color:  !important;}<\/style>\t\t\t\t<\/div>\n\t\t\t<\/div>\n\t\t[\/vc_column][\/vc_row]<\/p>\n<\/div>","protected":false},"excerpt":{"rendered":"<p>Fischer &amp; Krecke Maxima 31 una m\u00e1quina para hacer bolsas planas y tipo satchel con impresora en l\u00ednea de 3 colores W&amp;H QMS 992 del a\u00f1o 1980 . La velocidad m\u00e1xima de la m\u00e1quina es de 350 bolsas por minuto. <\/p>\n","protected":false},"featured_media":393738,"comment_status":"closed","ping_status":"closed","template":"","meta":{"_acf_changed":false,"om_disable_all_campaigns":false},"year-of-production":[],"product_brand":[],"product_cat":[4026,4025],"product_tag":[5066,3772,5067,5069,4441,4297],"class_list":{"0":"post-393676","1":"product","2":"type-product","3":"status-publish","4":"has-post-thumbnail","6":"product_cat-maquinas-para-fabricar-bolsas-de-papel","7":"product_cat-maquinas-para-fabricar-bolsas-de-papel-planas-y-tipo-satchel","8":"product_tag-1980s","9":"product_tag-fk","10":"product_tag-fischer-y-krecke","11":"product_tag-maxima-31","12":"product_tag-sgc-992","13":"product_tag-tipo-de-batidor","15":"first","16":"instock","17":"sold-individually","18":"shipping-taxable","19":"purchasable","20":"product-type-simple"},"acf":[],"_links":{"self":[{"href":"https:\/\/cbscompany.com\/es\/wp-json\/wp\/v2\/product\/393676","targetHints":{"allow":["GET"]}}],"collection":[{"href":"https:\/\/cbscompany.com\/es\/wp-json\/wp\/v2\/product"}],"about":[{"href":"https:\/\/cbscompany.com\/es\/wp-json\/wp\/v2\/types\/product"}],"replies":[{"embeddable":true,"href":"https:\/\/cbscompany.com\/es\/wp-json\/wp\/v2\/comments?post=393676"}],"wp:featuredmedia":[{"embeddable":true,"href":"https:\/\/cbscompany.com\/es\/wp-json\/wp\/v2\/media\/393738"}],"wp:attachment":[{"href":"https:\/\/cbscompany.com\/es\/wp-json\/wp\/v2\/media?parent=393676"}],"wp:term":[{"taxonomy":"year-of-production","embeddable":true,"href":"https:\/\/cbscompany.com\/es\/wp-json\/wp\/v2\/year-of-production?post=393676"},{"taxonomy":"product_brand","embeddable":true,"href":"https:\/\/cbscompany.com\/es\/wp-json\/wp\/v2\/product_brand?post=393676"},{"taxonomy":"product_cat","embeddable":true,"href":"https:\/\/cbscompany.com\/es\/wp-json\/wp\/v2\/product_cat?post=393676"},{"taxonomy":"product_tag","embeddable":true,"href":"https:\/\/cbscompany.com\/es\/wp-json\/wp\/v2\/product_tag?post=393676"}],"curies":[{"name":"wp","href":"https:\/\/api.w.org\/{rel}","templated":true}]}}