{"id":388043,"date":"2026-01-28T15:04:59","date_gmt":"2026-01-28T14:04:59","guid":{"rendered":"https:\/\/cbscompany.com\/machines\/sin%20categor\u00eda\/la-meccanica-fumagalli-modelo-trgm-1650-ano-1999\/"},"modified":"2026-04-06T11:15:29","modified_gmt":"2026-04-06T10:15:29","slug":"la-meccanica-fumagalli-modelo-trgm-1650-ano-1999","status":"publish","type":"product","link":"https:\/\/cbscompany.com\/es\/machines\/cortadoras-y-laminadoras\/cortadoras-rebobinadoras\/la-meccanica-fumagalli-modelo-trgm-1650-ano-1999\/","title":{"rendered":"La Meccanica Fumagalli modelo TRGM 1650 a\u00f1o 1999"},"content":{"rendered":"<div class=\"wpb-content-wrapper\"><p>[vc_row content_placement=&#8221;top&#8221;][vc_column css=&#8221;.vc_custom_1532433256788{margin-right: 15px !important;}&#8221; offset=&#8221;vc_col-md-8&#8243;]\n\t\t<div id=\"wd-697a21071f19d\" class=\"title-wrapper wd-wpb wd-set-mb reset-last-child  wd-rs-697a21071f19d wd-title-color-default wd-title-style-default text-left vc_custom_1769611538452 wd-underline-colored\">\n\t\t\t\n\t\t\t<div class=\"liner-continer\">\n\t\t\t\t<h4 class=\"woodmart-title-container title  wd-font-weight-600 wd-fontsize-m\" >La Meccanica Fumagalli modelo TRGM 1650 a\u00f1o 1999<\/h4>\n\t\t\t\t\t\t\t<\/div>\n\t\t\t\n\t\t\t\n\t\t\t\n\t\t<\/div>\n\t\t\n\t\t[vc_row_inner css=&#8221;.vc_custom_1628672714565{margin-bottom: 35px !important;border-bottom-width: 0px !important;padding-bottom: 25px !important;border-bottom-color: rgba(129,129,129,0.2) !important;border-bottom-style: solid !important;}&#8221; row_reverse_mobile=&#8221;0&#8243; row_reverse_tablet=&#8221;0&#8243;][vc_column_inner width=&#8221;1\/2&#8243; css=&#8221;.vc_custom_1532346102929{padding-top: 0px !important;}&#8221;][vc_column_text css=&#8221;&#8221; woodmart_inline=&#8221;no&#8221; text_larger=&#8221;no&#8221;]<\/p>\n<ul>\n<li><b>B<\/b><b>rand: <\/b><b>La Meccanica Fumagalli<\/b><\/li>\n<li><b>Modelo: TRGM<\/b><\/li>\n<li><strong>Tipo: Plotter<\/strong><\/li>\n<li><b>A\u00f1o: 1999<\/b><\/li>\n<li><b>Bobinadora cortadora rebobinadora semiautom\u00e1tica de superficie para bobinas de papel<\/b><\/li>\n<li><span style=\"font-weight: 400;\">Anchura m\u00e1xima de trabajo: 1650 mm<\/span><\/li>\n<li><span style=\"font-weight: 400;\">Di\u00e1metro m\u00e1ximo en desbobinado 1270 mm<\/span><\/li>\n<li><span style=\"font-weight: 400;\">Di\u00e1metro m\u00e1ximo en rebobinado 350 mm<\/span><\/li>\n<li><span style=\"font-weight: 400;\">Di\u00e1metro m\u00ednimo de rebobinado: sin limitaciones<\/span><\/li>\n<li><span style=\"font-weight: 400;\">Di\u00e1metro interior m\u00ednimo de los tubos: 12 mm<\/span><\/li>\n<li><span style=\"font-weight: 400;\">Di\u00e1metro exterior m\u00ednimo de los tubos: 20 mm (con rodillo prensor superior est\u00e1ndar)  <\/span><\/li>\n<li><span style=\"font-weight: 400;\">Di\u00e1metro exterior m\u00e1ximo de los tubos: 84 mm<\/span><\/li>\n<li><span style=\"font-weight: 400;\">Anchura m\u00ednima de corte: 40 mm<\/span><\/li>\n<li style=\"list-style-type: none;\">\n<\/li>\n<\/ul>\n<p>[\/vc_column_text][\/vc_column_inner][vc_column_inner width=&#8221;1\/2&#8243; css=&#8221;.vc_custom_1532346106600{padding-top: 0px !important;}&#8221;][vc_column_text css=&#8221;&#8221; woodmart_inline=&#8221;no&#8221; text_larger=&#8221;no&#8221;]<\/p>\n<ul>\n<li style=\"font-weight: 400;\" aria-level=\"1\"><span style=\"font-weight: 400;\">2 contadores electr\u00f3nicos de metros individuales para deceleraci\u00f3n y parada autom\u00e1tica al final del ciclo<\/span><\/li>\n<li style=\"font-weight: 400;\" aria-level=\"1\"><span style=\"font-weight: 400;\">Expansi\u00f3n neum\u00e1tica del eje de desenrollado 1+1 para bloquear los n\u00facleos Di\u00e1metro interior: 76 mm y 152 mm<\/span><\/li>\n<li style=\"font-weight: 400;\" aria-level=\"1\"><span style=\"font-weight: 400;\">Mandriles de rebobinado 2+2+2+2 para n\u00facleos de 12-25-50 y 70 mm de di\u00e1metro interior<\/span><\/li>\n<li style=\"font-weight: 400;\" aria-level=\"1\"><span style=\"font-weight: 400;\">9 juegos de cuchillas superiores macho tipo cizalla 15 mm<\/span><\/li>\n<li style=\"font-weight: 400;\" aria-level=\"1\"><span style=\"font-weight: 400;\">Potencia m\u00e1x. del motor de CC 9  <\/span><\/li>\n<li style=\"font-weight: 400;\" aria-level=\"1\"><span style=\"font-weight: 400;\">Elevador neum\u00e1tico de rodillos para padres<\/span><\/li>\n<li style=\"font-weight: 400;\" aria-level=\"1\"><span style=\"font-weight: 400;\">Sistema de extracci\u00f3n de embellecedores no incluido<\/span><\/li>\n<li aria-level=\"1\"><span style=\"font-weight: 400;\">Gramaje del papel: 30 &#8211; 250 g<\/span><\/li>\n<li style=\"font-weight: 400;\" aria-level=\"1\"><span style=\"font-weight: 400;\">La m\u00e1quina funciona a 400 V  <\/span><\/li>\n<li style=\"font-weight: 400;\" aria-level=\"1\"><span style=\"font-weight: 400;\">Visible en producci\u00f3n<\/span><\/li>\n<li style=\"font-weight: 400;\" aria-level=\"1\"><span style=\"font-weight: 400;\">Disponibilidad inmediata<\/span><\/li>\n<\/ul>\n<p>[\/vc_column_text][\/vc_column_inner][\/vc_row_inner][\/vc_column][vc_column offset=&#8221;vc_col-md-4&#8243;]\t\t\t<div class=\"info-box-wrapper\">\n\t\t\t\t<div id=\"wd-697a1761a0331\" class=\" wd-rs-697a1761a0331 wd-info-box wd-wpb text-left box-icon-align-left box-style-shadow color-scheme- wd-bg-none wd-off-anim wpb_animate_when_almost_visible wpb_bounceIn bounceIn wd-anim-name_bounceIn wd-items-top \">\n\t\t\t\t\t\t\t\t\t\t<div class=\"info-box-content\">\n\t\t\t\t\t\t<div class=\"info-box-subtitle subtitle-color-default wd-fontsize-xs subtitle-style-default\">Acerca del Plotter La Meccanica Fumagalli modelo TRGM 1650 a\u00f1o 1999<\/div><h4 class=\"info-box-title title box-title-style-default wd-fontsize-m\">Informaci\u00f3n sobre la ubicaci\u00f3n<\/h4>\t\t\t\t\t\t<div class=\"info-box-inner reset-last-child\"><p>Disponible en la regi\u00f3n: <strong style=\"color: blue;\"><a href=\"https:\/\/cbscompany.com\/es\/mi-cuenta\/?redirect_to=%2Fes%2Fwp-json%2Fwp%2Fv2%2Fproduct%2F388043\" class=\"simplemodal-login\">Inicia sesi\u00f3n para ver la ubicaci\u00f3n<\/a><\/strong><\/p>\n<\/div>\n\n\t\t\t\t\t\t\t\t\t\t\t<\/div>\n\n\t\t\t\t\t\n\t\t\t\t\t<style>#wd-697a1761a0331 .info-box-icon {background-color:  !important;}<\/style>\t\t\t\t<\/div>\n\t\t\t<\/div>\n\t\t[\/vc_column][\/vc_row]<\/p>\n<\/div>","protected":false},"excerpt":{"rendered":"<p>M\u00e1quina semiautom\u00e1tica de bobinado superficial, corte y rebobinado de bobinas de papel, que tambi\u00e9n puede funcionar como plotter.<\/p>\n","protected":false},"featured_media":388086,"comment_status":"closed","ping_status":"closed","template":"","meta":{"_acf_changed":false,"om_disable_all_campaigns":false},"year-of-production":[],"product_brand":[],"product_cat":[4027,4028],"product_tag":[4104,4033,4557,4555,4558,4556],"class_list":{"0":"post-388043","1":"product","2":"type-product","3":"status-publish","4":"has-post-thumbnail","6":"product_cat-cortadoras-rebobinadoras","7":"product_cat-cortadoras-y-laminadoras","8":"product_tag-ano-1999","9":"product_tag-la-meccanica-fumagalli","10":"product_tag-lmf","11":"product_tag-plotter","12":"product_tag-semiautomatico-2","13":"product_tag-trgm","15":"first","16":"instock","17":"sold-individually","18":"shipping-taxable","19":"purchasable","20":"product-type-simple"},"acf":[],"_links":{"self":[{"href":"https:\/\/cbscompany.com\/es\/wp-json\/wp\/v2\/product\/388043","targetHints":{"allow":["GET"]}}],"collection":[{"href":"https:\/\/cbscompany.com\/es\/wp-json\/wp\/v2\/product"}],"about":[{"href":"https:\/\/cbscompany.com\/es\/wp-json\/wp\/v2\/types\/product"}],"replies":[{"embeddable":true,"href":"https:\/\/cbscompany.com\/es\/wp-json\/wp\/v2\/comments?post=388043"}],"wp:featuredmedia":[{"embeddable":true,"href":"https:\/\/cbscompany.com\/es\/wp-json\/wp\/v2\/media\/388086"}],"wp:attachment":[{"href":"https:\/\/cbscompany.com\/es\/wp-json\/wp\/v2\/media?parent=388043"}],"wp:term":[{"taxonomy":"year-of-production","embeddable":true,"href":"https:\/\/cbscompany.com\/es\/wp-json\/wp\/v2\/year-of-production?post=388043"},{"taxonomy":"product_brand","embeddable":true,"href":"https:\/\/cbscompany.com\/es\/wp-json\/wp\/v2\/product_brand?post=388043"},{"taxonomy":"product_cat","embeddable":true,"href":"https:\/\/cbscompany.com\/es\/wp-json\/wp\/v2\/product_cat?post=388043"},{"taxonomy":"product_tag","embeddable":true,"href":"https:\/\/cbscompany.com\/es\/wp-json\/wp\/v2\/product_tag?post=388043"}],"curies":[{"name":"wp","href":"https:\/\/api.w.org\/{rel}","templated":true}]}}