{"id":387962,"date":"2025-11-05T13:38:10","date_gmt":"2025-11-05T12:38:10","guid":{"rendered":"https:\/\/cbscompany.com\/machines\/sin%20categor\u00eda\/flexotecnica-4-col-c-i-2-col-tipo-pila-1-col-utilizada-para-encolar-papel-hdpe-ano-1990\/"},"modified":"2026-04-23T08:10:25","modified_gmt":"2026-04-23T07:10:25","slug":"flexotecnica-4-col-c-i-2-col-tipo-pila-1-col-utilizada-para-encolar-papel-hdpe-ano-1990","status":"publish","type":"product","link":"https:\/\/cbscompany.com\/es\/machines\/impresoras-flexograficas\/impresoras-flexograficas-c-i-para-papel\/flexotecnica-4-col-c-i-2-col-tipo-pila-1-col-utilizada-para-encolar-papel-hdpe-ano-1990\/","title":{"rendered":"Flexotecnica 4 col. C.I. + 2 col. tipo pila (1 col. utilizada para encolar papel + HDPE) a\u00f1o 1990"},"content":{"rendered":"<div class=\"wpb-content-wrapper\"><p>[vc_row content_placement=&#8221;top&#8221;][vc_column css=&#8221;.vc_custom_1532433256788{margin-right: 15px !important;}&#8221; offset=&#8221;vc_col-md-8&#8243;]\n\t\t<div id=\"wd-690b42b716611\" class=\"title-wrapper wd-wpb wd-set-mb reset-last-child  wd-rs-690b42b716611 wd-title-color-default wd-title-style-default text-left vc_custom_1762345663445 wd-underline-colored\">\n\t\t\t\n\t\t\t<div class=\"liner-continer\">\n\t\t\t\t<h4 class=\"woodmart-title-container title  wd-font-weight-600 wd-fontsize-m\" >Flexotecnica 4 col. C.I. + 2 col. tipo pila (1 col. utilizada para pegar papel + HDPE) a\u00f1o 1990<\/h4>\n\t\t\t\t\t\t\t<\/div>\n\t\t\t\n\t\t\t\n\t\t\t\n\t\t<\/div>\n\t\t\n\t\t[vc_row_inner css=&#8221;.vc_custom_1628672714565{margin-bottom: 35px !important;border-bottom-width: 0px !important;padding-bottom: 25px !important;border-bottom-color: rgba(129,129,129,0.2) !important;border-bottom-style: solid !important;}&#8221; row_reverse_mobile=&#8221;0&#8243; row_reverse_tablet=&#8221;0&#8243;][vc_column_inner width=&#8221;1\/2&#8243; css=&#8221;.vc_custom_1532346102929{padding-top: 0px !important;}&#8221;][vc_column_text css=&#8221;&#8221; woodmart_inline=&#8221;no&#8221; text_larger=&#8221;no&#8221;]<\/p>\n<ul>\n<li aria-level=\"1\"><b>Marca: Flexotecnica<\/b><\/li>\n<li aria-level=\"1\"><b>A\u00f1o: 1990<\/b><\/li>\n<li aria-level=\"1\"><b>4 colores C.I. + 2 colores tipo pila (1 color utilizado para pegar papel + HDPE)<\/b><\/li>\n<li aria-level=\"1\"><span style=\"font-weight: 400;\">Material<\/span><b> &#8211; <\/b><span style=\"font-weight: 400;\">papel: 25 &#8211; 120 g<\/span><\/li>\n<li aria-level=\"1\"><span style=\"font-weight: 400;\">Anchura m\u00e1xima de impresi\u00f3n 1500 mm <\/span><\/li>\n<li aria-level=\"1\"><span style=\"font-weight: 400;\">Repeticiones de impresi\u00f3n: 380 &#8211; 1200 mm<\/span><\/li>\n<li aria-level=\"1\"><span style=\"font-weight: 400;\">Di\u00e1metro m\u00e1ximo del desbobinador: 1200 mm<\/span><\/li>\n<li aria-level=\"1\"><span style=\"font-weight: 400;\">Di\u00e1metro m\u00e1ximo de la bobina: 1200 mm<\/span><\/li>\n<li aria-level=\"1\"><span style=\"font-weight: 400;\">Velocidad: 150 m\/min<\/span><\/li>\n<\/ul>\n<p>[\/vc_column_text][\/vc_column_inner][vc_column_inner width=&#8221;1\/2&#8243; css=&#8221;.vc_custom_1532346106600{padding-top: 0px !important;}&#8221;][vc_column_text css=&#8221;&#8221; woodmart_inline=&#8221;no&#8221; text_larger=&#8221;no&#8221;]<\/p>\n<ul>\n<li style=\"font-weight: 400;\" aria-level=\"1\"><span style=\"font-weight: 400;\">Cilindros de impresi\u00f3n: 6 x 380, 6 x 500, 6 x 800, 1 x 1200 mm<\/span><\/li>\n<li style=\"font-weight: 400;\" aria-level=\"1\"><span style=\"font-weight: 400;\">4 unidades de impresi\u00f3n en el tambor central, equipadas con anilox 120 l\u00edneas  <\/span><\/li>\n<li style=\"font-weight: 400;\" aria-level=\"1\"><span style=\"font-weight: 400;\">2 unidades de impresi\u00f3n apiladas equipadas con cilindro de caucho m\u00e1s cilindro cer\u00e1mico<\/span><\/li>\n<li style=\"font-weight: 400;\" aria-level=\"1\"><span style=\"font-weight: 400;\">4 Doctor Blades de c\u00e1mara abierta<\/span><\/li>\n<li style=\"font-weight: 400;\" aria-level=\"1\"><span style=\"font-weight: 400;\">Quemador de gas  <\/span><\/li>\n<li aria-level=\"1\"><span style=\"font-weight: 400;\">Dimensiones totales L x A x A: 16 x 4 x 5 m<\/span><\/li>\n<li style=\"font-weight: 400;\" aria-level=\"1\"><span style=\"font-weight: 400;\">Desconectado<\/span><\/li>\n<li style=\"font-weight: 400;\" aria-level=\"1\"><span style=\"font-weight: 400;\">Disponibilidad inmediata<\/span><\/li>\n<\/ul>\n<p>[\/vc_column_text][\/vc_column_inner][\/vc_row_inner][\/vc_column][vc_column offset=&#8221;vc_col-md-4&#8243;]\t\t\t<div class=\"info-box-wrapper\">\n\t\t\t\t<div id=\"wd-690b4303d37f7\" class=\" wd-rs-690b4303d37f7 wd-info-box wd-wpb text-left box-icon-align-left box-style-shadow color-scheme- wd-bg-none wd-off-anim wpb_animate_when_almost_visible wpb_bounceIn bounceIn wd-anim-name_bounceIn wd-items-top \">\n\t\t\t\t\t\t\t\t\t\t<div class=\"info-box-content\">\n\t\t\t\t\t\t<div class=\"info-box-subtitle subtitle-color-default wd-fontsize-xs subtitle-style-default\">Acerca de Flexotecnica 4 col. C.I. + 2 col. tipo pila (1 col. utilizada para pegar papel + HDPE) a\u00f1o 1990<\/div><h4 class=\"info-box-title title box-title-style-default wd-fontsize-m\">Informaci\u00f3n sobre la ubicaci\u00f3n<\/h4>\t\t\t\t\t\t<div class=\"info-box-inner reset-last-child\"><p>Disponible en la regi\u00f3n: <strong style=\"color: blue;\"><a href=\"https:\/\/cbscompany.com\/es\/mi-cuenta\/?redirect_to=%2Fes%2Fwp-json%2Fwp%2Fv2%2Fproduct%2F387962\" class=\"simplemodal-login\">Inicia sesi\u00f3n para ver la ubicaci\u00f3n<\/a><\/strong><\/p>\n<\/div>\n\n\t\t\t\t\t\t\t\t\t\t\t<\/div>\n\n\t\t\t\t\t\n\t\t\t\t\t<style>#wd-690b4303d37f7 .info-box-icon {background-color:  !important;}<\/style>\t\t\t\t<\/div>\n\t\t\t<\/div>\n\t\t[\/vc_column][\/vc_row]<\/p>\n<\/div>","protected":false},"excerpt":{"rendered":"<p>Flexotecnica es una impresora flexogr\u00e1fica de 4 col. C.I. + 2 col. tipo pila (1 col. para encolar papel + HDPE) dise\u00f1ada para papel. Puede trabajar con papel de 25 a 120 g. <\/p>\n","protected":false},"featured_media":388004,"comment_status":"closed","ping_status":"closed","template":"","meta":{"_acf_changed":false,"om_disable_all_campaigns":false},"year-of-production":[],"product_brand":[],"product_cat":[3766,3773],"product_tag":[4551,4550,4548,4402,4549,4552],"class_list":{"0":"post-387962","1":"product","2":"type-product","3":"status-publish","4":"has-post-thumbnail","6":"product_cat-impresoras-flexograficas","7":"product_cat-impresoras-flexograficas-c-i-para-papel","8":"product_tag-2-colores-tipo-pila","9":"product_tag-4-colores-c","10":"product_tag-anchura-maxima-de-impresion-1500-mm","11":"product_tag-ano-1990","12":"product_tag-flexotecnica","13":"product_tag-para-el-papeli","15":"first","16":"instock","17":"sold-individually","18":"shipping-taxable","19":"purchasable","20":"product-type-simple"},"acf":[],"_links":{"self":[{"href":"https:\/\/cbscompany.com\/es\/wp-json\/wp\/v2\/product\/387962","targetHints":{"allow":["GET"]}}],"collection":[{"href":"https:\/\/cbscompany.com\/es\/wp-json\/wp\/v2\/product"}],"about":[{"href":"https:\/\/cbscompany.com\/es\/wp-json\/wp\/v2\/types\/product"}],"replies":[{"embeddable":true,"href":"https:\/\/cbscompany.com\/es\/wp-json\/wp\/v2\/comments?post=387962"}],"wp:featuredmedia":[{"embeddable":true,"href":"https:\/\/cbscompany.com\/es\/wp-json\/wp\/v2\/media\/388004"}],"wp:attachment":[{"href":"https:\/\/cbscompany.com\/es\/wp-json\/wp\/v2\/media?parent=387962"}],"wp:term":[{"taxonomy":"year-of-production","embeddable":true,"href":"https:\/\/cbscompany.com\/es\/wp-json\/wp\/v2\/year-of-production?post=387962"},{"taxonomy":"product_brand","embeddable":true,"href":"https:\/\/cbscompany.com\/es\/wp-json\/wp\/v2\/product_brand?post=387962"},{"taxonomy":"product_cat","embeddable":true,"href":"https:\/\/cbscompany.com\/es\/wp-json\/wp\/v2\/product_cat?post=387962"},{"taxonomy":"product_tag","embeddable":true,"href":"https:\/\/cbscompany.com\/es\/wp-json\/wp\/v2\/product_tag?post=387962"}],"curies":[{"name":"wp","href":"https:\/\/api.w.org\/{rel}","templated":true}]}}