{"id":387944,"date":"2025-11-04T16:48:01","date_gmt":"2025-11-04T15:48:01","guid":{"rendered":"https:\/\/cbscompany.com\/machines\/sin%20categor\u00eda\/laminadora-de-bobinas-cavalleri-modelo-ct-15-electronico-ano-2004\/"},"modified":"2026-04-06T11:15:12","modified_gmt":"2026-04-06T10:15:12","slug":"laminadora-de-bobinas-cavalleri-modelo-ct-15-electronico-ano-2004","status":"publish","type":"product","link":"https:\/\/cbscompany.com\/es\/machines\/cortadoras-y-laminadoras\/hojas\/laminadora-de-bobinas-cavalleri-modelo-ct-15-electronico-ano-2004\/","title":{"rendered":"Laminadora de bobinas Cavalleri modelo CT 15 Electr\u00f3nico a\u00f1o 2004"},"content":{"rendered":"<div class=\"wpb-content-wrapper\"><p>[vc_row content_placement=&#8221;top&#8221;][vc_column css=&#8221;.vc_custom_1532433256788{margin-right: 15px !important;}&#8221; offset=&#8221;vc_col-md-8&#8243;]\n\t\t<div id=\"wd-690b24f6be1b7\" class=\"title-wrapper wd-wpb wd-set-mb reset-last-child  wd-rs-690b24f6be1b7 wd-title-color-default wd-title-style-default text-left vc_custom_1762338044725 wd-underline-colored\">\n\t\t\t\n\t\t\t<div class=\"liner-continer\">\n\t\t\t\t<h4 class=\"woodmart-title-container title  wd-font-weight-600 wd-fontsize-m\" >Laminadora de bobinas Cavalleri modelo CT 15 Electr\u00f3nico a\u00f1o 2004<\/h4>\n\t\t\t\t\t\t\t<\/div>\n\t\t\t\n\t\t\t\n\t\t\t\n\t\t<\/div>\n\t\t\n\t\t[vc_row_inner css=&#8221;.vc_custom_1628672714565{margin-bottom: 35px !important;border-bottom-width: 0px !important;padding-bottom: 25px !important;border-bottom-color: rgba(129,129,129,0.2) !important;border-bottom-style: solid !important;}&#8221; row_reverse_mobile=&#8221;0&#8243; row_reverse_tablet=&#8221;0&#8243;][vc_column_inner width=&#8221;1\/2&#8243; css=&#8221;.vc_custom_1532346102929{padding-top: 0px !important;}&#8221;][vc_column_text css=&#8221;&#8221; woodmart_inline=&#8221;no&#8221; text_larger=&#8221;no&#8221;]<\/p>\n<ul>\n<li aria-level=\"1\"><b>Marca: Cavalleri<\/b><\/li>\n<li aria-level=\"1\"><b>Modelo: CT 15 Electr\u00f3nico<\/b><\/li>\n<li aria-level=\"1\"><b>A\u00f1o: 2004<\/b><\/li>\n<li aria-level=\"1\"><span style=\"font-weight: 400;\">2 desbobinadores para cargar 2 bobinas<\/span><\/li>\n<li aria-level=\"1\"><span style=\"font-weight: 400;\">Anchura m\u00e1xima de la bobina: 1500 mm<\/span><\/li>\n<li aria-level=\"1\"><span style=\"font-weight: 400;\">Di\u00e1metro m\u00e1ximo de la bobina 1200 mm<\/span><\/li>\n<li aria-level=\"1\"><span style=\"font-weight: 400;\">Longitud m\u00edn.-m\u00e1x. de la hoja: 250 &#8211; 1010 mm<\/span><\/li>\n<li aria-level=\"1\"><span style=\"font-weight: 400;\">6 cuchillas circulares antes del corte transversal<\/span><\/li>\n<li aria-level=\"1\"><span style=\"font-weight: 400;\">Equipado con fotoc\u00e9lula para corte de registro<\/span><\/li>\n<li aria-level=\"1\"><span style=\"font-weight: 400;\">Sistema de alimentaci\u00f3n: Carga manual mediante un dispositivo de elevaci\u00f3n adecuado<\/span><\/li>\n<li aria-level=\"1\"><span style=\"font-weight: 400;\">Sistema de apilado: Autom\u00e1tico, mediante cintas transportadoras, cilindro de recogida <\/span><span style=\"font-weight: 400;\">carro de transporte y mesa de recogida con apilador de pila alta y vibradores laterales<\/span><\/li>\n<\/ul>\n<ul>\n<li style=\"list-style-type: none;\">\n<\/li>\n<\/ul>\n<p>[\/vc_column_text][\/vc_column_inner][vc_column_inner width=&#8221;1\/2&#8243; css=&#8221;.vc_custom_1532346106600{padding-top: 0px !important;}&#8221;][vc_column_text css=&#8221;&#8221; woodmart_inline=&#8221;no&#8221; text_larger=&#8221;no&#8221;]<\/p>\n<ul>\n<li style=\"font-weight: 400;\" aria-level=\"1\"><span style=\"font-weight: 400;\">Movimiento de la mesa de recogida:<\/span><\/li>\n<li style=\"font-weight: 400;\" aria-level=\"1\"><span style=\"font-weight: 400;\">Durante la recogida de la hoja (bajada): movimiento motorizado autom\u00e1tico con mando el\u00e9ctrico<\/span><\/li>\n<li style=\"font-weight: 400;\" aria-level=\"1\"><span style=\"font-weight: 400;\">Velocidad: 130 &#8211; 170 hojas\/min<\/span><\/li>\n<li style=\"font-weight: 400;\" aria-level=\"1\"><span style=\"font-weight: 400;\">Conformidad CE<\/span><\/li>\n<li style=\"font-weight: 400;\" aria-level=\"1\"><span style=\"font-weight: 400;\">Alimentaci\u00f3n el\u00e9ctrica: 400 V &#8211; 50 Hz &#8211; 25 A<\/span><\/li>\n<li style=\"font-weight: 400;\" aria-level=\"1\"><span style=\"font-weight: 400;\">Dimensiones totales L x A: 4650 mm (3700 mm sin desbobinador) x 2600 mm<\/span><\/li>\n<li style=\"font-weight: 400;\" aria-level=\"1\"><span style=\"font-weight: 400;\">Peso de la m\u00e1quina 4500 kg<\/span><\/li>\n<li style=\"font-weight: 400;\" aria-level=\"1\"><span style=\"font-weight: 400;\">Visible en producci\u00f3n<\/span><\/li>\n<li style=\"font-weight: 400;\" aria-level=\"1\"><span style=\"font-weight: 400;\">Disponibilidad inmediata<\/span><\/li>\n<\/ul>\n<p>[\/vc_column_text][\/vc_column_inner][\/vc_row_inner][\/vc_column][vc_column offset=&#8221;vc_col-md-4&#8243;]\t\t\t<div class=\"info-box-wrapper\">\n\t\t\t\t<div id=\"wd-690b3f3dea2dc\" class=\" wd-rs-690b3f3dea2dc wd-info-box wd-wpb text-left box-icon-align-left box-style-shadow color-scheme- wd-bg-none wd-off-anim wpb_animate_when_almost_visible wpb_bounceIn bounceIn wd-anim-name_bounceIn wd-items-top \">\n\t\t\t\t\t\t\t\t\t\t<div class=\"info-box-content\">\n\t\t\t\t\t\t<div class=\"info-box-subtitle subtitle-color-default wd-fontsize-xs subtitle-style-default\">Acerca de la cortadora de bobinas Cavalleri modelo CT 15 Electronic a\u00f1o 2004<\/div><h4 class=\"info-box-title title box-title-style-default wd-fontsize-m\">Informaci\u00f3n sobre la ubicaci\u00f3n<\/h4>\t\t\t\t\t\t<div class=\"info-box-inner reset-last-child\"><p>Disponible en la regi\u00f3n: <strong style=\"color: blue;\"><a href=\"https:\/\/cbscompany.com\/es\/mi-cuenta\/?redirect_to=%2Fes%2Fwp-json%2Fwp%2Fv2%2Fproduct%2F387944\" class=\"simplemodal-login\">Inicia sesi\u00f3n para ver la ubicaci\u00f3n<\/a><\/strong><\/p>\n<\/div>\n\n\t\t\t\t\t\t\t\t\t\t\t<\/div>\n\n\t\t\t\t\t\n\t\t\t\t\t<style>#wd-690b3f3dea2dc .info-box-icon {background-color:  !important;}<\/style>\t\t\t\t<\/div>\n\t\t\t<\/div>\n\t\t[\/vc_column][\/vc_row]<\/p>\n<\/div>","protected":false},"excerpt":{"rendered":"<p>Cavalleri CT 15 Electronic es una laminadora dise\u00f1ada para con formato en la longitud de  <span style=\"font-weight: 400;\">250 a 1010 mm. El di\u00e1metro m\u00e1ximo de bobina de las m\u00e1quinas es   <\/span><span style=\"font-weight: 400;\">1500 mm.<\/span><\/p>\n<p>&nbsp;<\/p>\n","protected":false},"featured_media":387959,"comment_status":"closed","ping_status":"closed","template":"","meta":{"_acf_changed":false,"om_disable_all_campaigns":false},"year-of-production":[],"product_brand":[],"product_cat":[4028,4399],"product_tag":[4543,4488,4459,4443,4400,4546],"class_list":{"0":"post-387944","1":"product","2":"type-product","3":"status-publish","4":"has-post-thumbnail","6":"product_cat-cortadoras-y-laminadoras","7":"product_cat-hojas","8":"product_tag-ano-2004","9":"product_tag-carrete-a-hoja","10":"product_tag-cavalleri","11":"product_tag-ct-15","12":"product_tag-laminadora-2","13":"product_tag-velocidad-130-170-hojas-min","15":"first","16":"instock","17":"sold-individually","18":"shipping-taxable","19":"purchasable","20":"product-type-simple"},"acf":[],"_links":{"self":[{"href":"https:\/\/cbscompany.com\/es\/wp-json\/wp\/v2\/product\/387944","targetHints":{"allow":["GET"]}}],"collection":[{"href":"https:\/\/cbscompany.com\/es\/wp-json\/wp\/v2\/product"}],"about":[{"href":"https:\/\/cbscompany.com\/es\/wp-json\/wp\/v2\/types\/product"}],"replies":[{"embeddable":true,"href":"https:\/\/cbscompany.com\/es\/wp-json\/wp\/v2\/comments?post=387944"}],"wp:featuredmedia":[{"embeddable":true,"href":"https:\/\/cbscompany.com\/es\/wp-json\/wp\/v2\/media\/387959"}],"wp:attachment":[{"href":"https:\/\/cbscompany.com\/es\/wp-json\/wp\/v2\/media?parent=387944"}],"wp:term":[{"taxonomy":"year-of-production","embeddable":true,"href":"https:\/\/cbscompany.com\/es\/wp-json\/wp\/v2\/year-of-production?post=387944"},{"taxonomy":"product_brand","embeddable":true,"href":"https:\/\/cbscompany.com\/es\/wp-json\/wp\/v2\/product_brand?post=387944"},{"taxonomy":"product_cat","embeddable":true,"href":"https:\/\/cbscompany.com\/es\/wp-json\/wp\/v2\/product_cat?post=387944"},{"taxonomy":"product_tag","embeddable":true,"href":"https:\/\/cbscompany.com\/es\/wp-json\/wp\/v2\/product_tag?post=387944"}],"curies":[{"name":"wp","href":"https:\/\/api.w.org\/{rel}","templated":true}]}}