{"id":387907,"date":"2025-12-10T13:48:37","date_gmt":"2025-12-10T12:48:37","guid":{"rendered":"https:\/\/cbscompany.com\/machines\/sin%20categor\u00eda\/linea-de-sacos-de-papel-multipliego-tuber-kochsiek-sm-61b-ano-2003-transystem-bottomer-kochsiek-bl-66-ano-2004-con-paletizador\/"},"modified":"2026-04-06T11:14:58","modified_gmt":"2026-04-06T10:14:58","slug":"linea-de-sacos-de-papel-multipliego-tuber-kochsiek-sm-61b-ano-2003-transystem-bottomer-kochsiek-bl-66-ano-2004-con-paletizador","status":"publish","type":"product","link":"https:\/\/cbscompany.com\/es\/machines\/lineas-de-sacos-industriales\/linea-de-sacos-de-papel-multipliego-tuber-kochsiek-sm-61b-ano-2003-transystem-bottomer-kochsiek-bl-66-ano-2004-con-paletizador\/","title":{"rendered":"L\u00ednea de sacos de papel multipliego Tuber Kochsiek SM 61B a\u00f1o 2003, Transystem, Bottomer Kochsiek BL 66 a\u00f1o 2004 con Paletizador"},"content":{"rendered":"<div class=\"wpb-content-wrapper\"><p>[vc_row content_placement=&#8221;top&#8221;][vc_column css=&#8221;.vc_custom_1532433256788{margin-right: 15px !important;}&#8221; offset=&#8221;vc_col-md-8&#8243;]\n\t\t<div id=\"wd-693966e0502ec\" class=\"title-wrapper wd-wpb wd-set-mb reset-last-child  wd-rs-693966e0502ec wd-title-color-default wd-title-style-default text-left vc_custom_1765369574969 wd-underline-colored\">\n\t\t\t\n\t\t\t<div class=\"liner-continer\">\n\t\t\t\t<h4 class=\"woodmart-title-container title  wd-font-weight-600 wd-fontsize-m\" >L\u00ednea de sacos de papel multipliego Tuber Kochsiek SM 61B a\u00f1o 2003, Transystem, Bottomer Kochsiek BL 66 a\u00f1o 2004 con Paletizador<\/h4>\n\t\t\t\t\t\t\t<\/div>\n\t\t\t\n\t\t\t\n\t\t\t\n\t\t<\/div>\n\t\t\n\t\t[vc_row_inner css=&#8221;.vc_custom_1628672714565{margin-bottom: 35px !important;border-bottom-width: 0px !important;padding-bottom: 25px !important;border-bottom-color: rgba(129,129,129,0.2) !important;border-bottom-style: solid !important;}&#8221; row_reverse_mobile=&#8221;0&#8243; row_reverse_tablet=&#8221;0&#8243;][vc_column_inner width=&#8221;1\/2&#8243; css=&#8221;.vc_custom_1532346102929{padding-top: 0px !important;}&#8221;][vc_column_text css=&#8221;&#8221; woodmart_inline=&#8221;no&#8221; text_larger=&#8221;no&#8221;]<\/p>\n<ul>\n<li aria-level=\"1\"><b>La l\u00ednea puede utilizarse para la producci\u00f3n de sacos de cemento y productos qu\u00edmicos, industria alimentaria y de semillas<\/b><\/li>\n<li aria-level=\"1\"><b>Tuber Kochsiek SM 61B a\u00f1o 2003<\/b><\/li>\n<li aria-level=\"1\"><b>Marca: Kochsiek<\/b><\/li>\n<li aria-level=\"1\"><b>Modelo: SM 61B<\/b><\/li>\n<li aria-level=\"1\"><b>A\u00f1o: 2003<\/b><\/li>\n<li aria-level=\"1\"><span style=\"font-weight: 400;\">Corte al ras<\/span><\/li>\n<li aria-level=\"1\"><b>Unidad de impresi\u00f3n de 4 colores<\/b><\/li>\n<li aria-level=\"1\"><span style=\"font-weight: 400;\">Ancho m\u00e1ximo de banda: 1450 mm<\/span><\/li>\n<li aria-level=\"1\"><span style=\"font-weight: 400;\">Anchura m\u00e1xima de impresi\u00f3n: 1350 mm<\/span><\/li>\n<li aria-level=\"1\"><span style=\"font-weight: 400;\">3 capas<\/span><\/li>\n<li aria-level=\"1\"><span style=\"font-weight: 400;\">Anchura m\u00edn.-m\u00e1x. del saco: 220 &#8211; 550 mm<\/span><\/li>\n<li aria-level=\"1\"><span style=\"font-weight: 400;\">Longitud m\u00edn.-m\u00e1x. del saco: 400 &#8211; 1050 mm<\/span><\/li>\n<li aria-level=\"1\"><span style=\"font-weight: 400;\">Di\u00e1metro m\u00e1ximo de la bobina: 1400 mm<\/span><\/li>\n<li aria-level=\"1\"><span style=\"font-weight: 400;\">Velocidad m\u00e1xima de producci\u00f3n: 400 piezas\/min<\/span><\/li>\n<li aria-level=\"1\"><span style=\"font-weight: 400;\">Unidad de encolado transversal para hasta 3 capas<\/span><\/li>\n<li aria-level=\"1\"><span style=\"font-weight: 400;\">Inyectores longitudinales digitales para 3 capas<\/span><\/li>\n<li aria-level=\"1\"><span style=\"font-weight: 400;\">Unidad de perforaci\u00f3n<\/span><\/li>\n<li aria-level=\"1\"><span style=\"font-weight: 400;\">Transistema entre tub\u00e9rculo y tub\u00e9rculo de fondo<\/span><\/li>\n<li aria-level=\"1\"><b>Bottomer Kochsiek BL 66<\/b><\/li>\n<li aria-level=\"1\"><b>Marca: Kochsiek<\/b><\/li>\n<li aria-level=\"1\"><b>Modelo: BL 66<\/b><\/li>\n<\/ul>\n<ul>\n<li style=\"list-style-type: none;\">\n<\/li>\n<\/ul>\n<p>[\/vc_column_text][\/vc_column_inner][vc_column_inner width=&#8221;1\/2&#8243; css=&#8221;.vc_custom_1532346106600{padding-top: 0px !important;}&#8221;][vc_column_text css=&#8221;&#8221; woodmart_inline=&#8221;no&#8221; text_larger=&#8221;no&#8221;]<\/p>\n<ul>\n<li aria-level=\"1\"><b>A\u00f1o: 2004<\/b><\/li>\n<li aria-level=\"1\"><span style=\"font-weight: 400;\">Longitud m\u00edn.-m\u00e1x. de la bolsa: 290 &#8211; 950 mm<\/span><\/li>\n<li aria-level=\"1\"><span style=\"font-weight: 400;\">Anchura m\u00edn.-m\u00e1x. de la bolsa: 220 &#8211; 550 mm<\/span><\/li>\n<li aria-level=\"1\"><span style=\"font-weight: 400;\">Anchura inferior m\u00edn.-m\u00e1x.: 70 &#8211; 160 mm<\/span><\/li>\n<li aria-level=\"1\"><span style=\"font-weight: 400;\">Distancia m\u00edn.-m\u00e1x. del centro inferior: 220 &#8211; 800 mm<\/span><\/li>\n<li aria-level=\"1\"><span style=\"font-weight: 400;\">Velocidad m\u00e1xima de producci\u00f3n: 280 piezas\/min<\/span><\/li>\n<li aria-level=\"1\"><b>Grupo de v\u00e1lvulas de papel:<\/b><\/li>\n<li aria-level=\"1\"><span style=\"font-weight: 400;\">2 desbobinadores<\/span><\/li>\n<li aria-level=\"1\"><span style=\"font-weight: 400;\">Longitud del pliegue en la v\u00e1lvula: 10 &#8211; 50 mm<\/span><\/li>\n<li aria-level=\"1\"><span style=\"font-weight: 400;\">Di\u00e1metro m\u00e1ximo del rollo (desbobinador inferior) 1300 mm<\/span><\/li>\n<li aria-level=\"1\"><span style=\"font-weight: 400;\">Di\u00e1metro m\u00e1ximo del rollo (desbobinador superior) 800 mm<\/span><\/li>\n<li aria-level=\"1\"><span style=\"font-weight: 400;\">Di\u00e1metro interior m\u00e1ximo del n\u00facleo: 76 mm<\/span><\/li>\n<li aria-level=\"1\"><b>Unidad de parche inferior para cada lado:<\/b><\/li>\n<li aria-level=\"1\"><span style=\"font-weight: 400;\">Anchura m\u00ednima m\u00e1xima: 60 &#8211; 200 mm<\/span><\/li>\n<li aria-level=\"1\"><span style=\"font-weight: 400;\">Di\u00e1metro m\u00e1ximo del rollo desbobinador 1300 mm<\/span><\/li>\n<li aria-level=\"1\"><span style=\"font-weight: 400;\">Di\u00e1metro interior m\u00e1ximo del n\u00facleo: 76 mm<\/span><\/li>\n<li aria-level=\"1\"><span style=\"font-weight: 400;\">Alimentador rotativo autom\u00e1tico<\/span><\/li>\n<li aria-level=\"1\"><span style=\"font-weight: 400;\">Unidad de doble v\u00e1lvula<\/span><\/li>\n<li aria-level=\"1\"><span style=\"font-weight: 400;\">Paletizador<\/span><\/li>\n<li aria-level=\"1\"><span style=\"font-weight: 400;\">Visible en producci\u00f3n<\/span><\/li>\n<li aria-level=\"1\"><span style=\"font-weight: 400;\">Disponibilidad: finales de 2026<\/span><\/li>\n<\/ul>\n<ul>\n<li style=\"list-style-type: none;\">\n<\/li>\n<\/ul>\n<ul>\n<li style=\"list-style-type: none;\">\n<\/li>\n<\/ul>\n<p>[\/vc_column_text][\/vc_column_inner][\/vc_row_inner][\/vc_column][vc_column offset=&#8221;vc_col-md-4&#8243;]\t\t\t<div class=\"info-box-wrapper\">\n\t\t\t\t<div id=\"wd-693968744b229\" class=\" wd-rs-693968744b229 wd-info-box wd-wpb text-left box-icon-align-left box-style-shadow color-scheme- wd-bg-none wd-off-anim wpb_animate_when_almost_visible wpb_bounceIn bounceIn wd-anim-name_bounceIn wd-items-top \">\n\t\t\t\t\t\t\t\t\t\t<div class=\"info-box-content\">\n\t\t\t\t\t\t<div class=\"info-box-subtitle subtitle-color-default wd-fontsize-xs subtitle-style-default\">Acerca de la l\u00ednea de sacos de papel multicapa Tuber Kochsiek SM 61B a\u00f1o 2003, Transystem, Bottomer Kochsiek BL 66 a\u00f1o 2004 con paletizador<\/div><h4 class=\"info-box-title title box-title-style-default wd-fontsize-m\">Informaci\u00f3n sobre la ubicaci\u00f3n<\/h4>\t\t\t\t\t\t<div class=\"info-box-inner reset-last-child\"><p>Disponible en la regi\u00f3n: <strong style=\"color: blue;\"><a href=\/my-account\/?redirect_to=\/es\/wp-json\/wp\/v2\/product\/387907 class=simplemodal-login>Log in to see location<\/a><\/strong><\/p>\n<\/div>\n\n\t\t\t\t\t\t\t\t\t\t\t<\/div>\n\n\t\t\t\t\t\n\t\t\t\t\t<style>#wd-693968744b229 .info-box-icon {background-color:  !important;}<\/style>\t\t\t\t<\/div>\n\t\t\t<\/div>\n\t\t[\/vc_column][\/vc_row]<\/p>\n<\/div>","protected":false},"excerpt":{"rendered":"<p>La l\u00ednea de sacos de papel multipared consta de Tuber Kochsiek SM 61B a\u00f1o 2003, Transystem, Bottomer Kochsiek BL 66 a\u00f1o 2004 y Paletizador. La l\u00ednea puede utilizarse para la producci\u00f3n de sacos de cemento y la industria qu\u00edmica, alimentaria y de semillas. <\/p>\n","protected":false},"featured_media":377160,"comment_status":"closed","ping_status":"closed","template":"","meta":{"_acf_changed":false,"om_disable_all_campaigns":false},"year-of-production":[],"product_brand":[],"product_cat":[4109],"product_tag":[4536,4251,4538,4537],"class_list":{"0":"post-387907","1":"product","2":"type-product","3":"status-publish","4":"has-post-thumbnail","6":"product_cat-lineas-de-sacos-industriales","7":"product_tag-bottomer-kochsiek-bl-66","8":"product_tag-sacos-de-cemento","9":"product_tag-sacos-quimicos-industria-alimentaria-y-de-semillas","10":"product_tag-tuber-kochsiek-sm-61b-ano-2003","12":"first","13":"instock","14":"sold-individually","15":"shipping-taxable","16":"purchasable","17":"product-type-simple"},"acf":[],"_links":{"self":[{"href":"https:\/\/cbscompany.com\/es\/wp-json\/wp\/v2\/product\/387907","targetHints":{"allow":["GET"]}}],"collection":[{"href":"https:\/\/cbscompany.com\/es\/wp-json\/wp\/v2\/product"}],"about":[{"href":"https:\/\/cbscompany.com\/es\/wp-json\/wp\/v2\/types\/product"}],"replies":[{"embeddable":true,"href":"https:\/\/cbscompany.com\/es\/wp-json\/wp\/v2\/comments?post=387907"}],"wp:featuredmedia":[{"embeddable":true,"href":"https:\/\/cbscompany.com\/es\/wp-json\/wp\/v2\/media\/377160"}],"wp:attachment":[{"href":"https:\/\/cbscompany.com\/es\/wp-json\/wp\/v2\/media?parent=387907"}],"wp:term":[{"taxonomy":"year-of-production","embeddable":true,"href":"https:\/\/cbscompany.com\/es\/wp-json\/wp\/v2\/year-of-production?post=387907"},{"taxonomy":"product_brand","embeddable":true,"href":"https:\/\/cbscompany.com\/es\/wp-json\/wp\/v2\/product_brand?post=387907"},{"taxonomy":"product_cat","embeddable":true,"href":"https:\/\/cbscompany.com\/es\/wp-json\/wp\/v2\/product_cat?post=387907"},{"taxonomy":"product_tag","embeddable":true,"href":"https:\/\/cbscompany.com\/es\/wp-json\/wp\/v2\/product_tag?post=387907"}],"curies":[{"name":"wp","href":"https:\/\/api.w.org\/{rel}","templated":true}]}}