{"id":387887,"date":"2025-12-18T14:23:38","date_gmt":"2025-12-18T13:23:38","guid":{"rendered":"https:\/\/cbscompany.com\/machines\/sin%20categor\u00eda\/holweg-modelo-rs2-p\/"},"modified":"2026-04-06T11:14:53","modified_gmt":"2026-04-06T10:14:53","slug":"holweg-modelo-rs2-p","status":"publish","type":"product","link":"https:\/\/cbscompany.com\/es\/machines\/maquinas-para-fabricar-bolsas-de-papel\/maquinas-para-fabricar-bolsas-de-papel-planas-y-tipo-satchel\/holweg-modelo-rs2-p\/","title":{"rendered":"Holweg modelo RS2-P"},"content":{"rendered":"<div class=\"wpb-content-wrapper\"><p>[vc_row content_placement=&#8221;top&#8221;][vc_column css=&#8221;.vc_custom_1532433256788{margin-right: 15px !important;}&#8221; offset=&#8221;vc_col-md-8&#8243;]\n\t\t<div id=\"wd-6943fcff5f8ef\" class=\"title-wrapper wd-wpb wd-set-mb reset-last-child  wd-rs-6943fcff5f8ef wd-title-color-default wd-title-style-default text-left vc_custom_1766063366920 wd-underline-colored\">\n\t\t\t\n\t\t\t<div class=\"liner-continer\">\n\t\t\t\t<h4 class=\"woodmart-title-container title  wd-font-weight-600 wd-fontsize-m\" >Holweg modelo RS2-P<\/h4>\n\t\t\t\t\t\t\t<\/div>\n\t\t\t\n\t\t\t\n\t\t\t\n\t\t<\/div>\n\t\t\n\t\t[vc_row_inner css=&#8221;.vc_custom_1628672714565{margin-bottom: 35px !important;border-bottom-width: 0px !important;padding-bottom: 25px !important;border-bottom-color: rgba(129,129,129,0.2) !important;border-bottom-style: solid !important;}&#8221; row_reverse_mobile=&#8221;0&#8243; row_reverse_tablet=&#8221;0&#8243;][vc_column_inner width=&#8221;1\/2&#8243; css=&#8221;.vc_custom_1532346102929{padding-top: 0px !important;}&#8221;][vc_column_text css=&#8221;&#8221; woodmart_inline=&#8221;no&#8221; text_larger=&#8221;no&#8221;]<\/p>\n<ul>\n<li aria-level=\"1\"><b>Marca: Holweg<\/b><\/li>\n<li aria-level=\"1\"><b>Modelo: RS2-P<\/b><\/li>\n<li aria-level=\"1\"><b>A\u00f1o: desconocido<\/b><\/li>\n<li aria-level=\"1\"><b>Para la fabricaci\u00f3n de bolsas de papel planas&amp;satchel con o sin unidad de ventana<\/b><\/li>\n<li aria-level=\"1\"><span style=\"font-weight: 400;\">Modernizaci\u00f3n completada con las siguientes mejoras: Sustituci\u00f3n del sistema principal de accionamiento y control por unidades modernas; El sistema de alimentaci\u00f3n de material se ha cambiado por el cl\u00e1sico (alimentaci\u00f3n tipo puente); Se ha a\u00f1adido una unidad de desbobinado para la producci\u00f3n de bolsas con una unidad de ventana transparente.<\/span><\/li>\n<li aria-level=\"1\"><span style=\"font-weight: 400;\">Tipo de perforaci\u00f3n<\/span><\/li>\n<li aria-level=\"1\"><span style=\"font-weight: 400;\">Con impresora en l\u00ednea de 4 colores (2 colores funcionando)<\/span><\/li>\n<li aria-level=\"1\"><span style=\"font-weight: 400;\">1 cilindro de impresi\u00f3n para clich\u00e9 de 2,84 mm con una longitud de impresi\u00f3n de 360 mm<\/span><\/li>\n<li aria-level=\"1\"><span style=\"font-weight: 400;\">Opciones: Con unidad de ventana<\/span><\/li>\n<li aria-level=\"1\"><span style=\"font-weight: 400;\">Di\u00e1metro m\u00e1ximo de la bobina de papel: 900 mm<\/span><\/li>\n<li aria-level=\"1\"><span style=\"font-weight: 400;\">Di\u00e1metro m\u00e1ximo de la bobina de pel\u00edcula: 600 mm<\/span><\/li>\n<li aria-level=\"1\"><span style=\"font-weight: 400;\">Anchura m\u00ednima &#8211; m\u00e1xima de la bolsa: 70 &#8211; 230 mm<\/span><\/li>\n<li aria-level=\"1\"><span style=\"font-weight: 400;\">Longitud de corte m\u00edn.-m\u00e1x.: 190 &#8211; 680 (la bolsa acabada ser\u00e1 8-10 mm m\u00e1s corta debido a la formaci\u00f3n del pliegue inferior).<\/span><\/li>\n<\/ul>\n<p>[\/vc_column_text][\/vc_column_inner][vc_column_inner width=&#8221;1\/2&#8243; css=&#8221;.vc_custom_1532346106600{padding-top: 0px !important;}&#8221;][vc_column_text css=&#8221;&#8221; woodmart_inline=&#8221;no&#8221; text_larger=&#8221;no&#8221;]<\/p>\n<ul>\n<li style=\"font-weight: 400;\" aria-level=\"1\"><span style=\"font-weight: 400;\">La m\u00e1quina es capaz de producir entre 50.000 y 60.000 bolsas impresas con una repetici\u00f3n (corte) de 360 mm en un turno de 8 horas<\/span><\/li>\n<li style=\"font-weight: 400;\" aria-level=\"1\"><span style=\"font-weight: 400;\">Sistema de entintado con rodillos anilox<\/span><\/li>\n<li style=\"font-weight: 400;\" aria-level=\"1\"><span style=\"font-weight: 400;\">Contador de bolsas<\/span><\/li>\n<li style=\"font-weight: 400;\" aria-level=\"1\"><span style=\"font-weight: 400;\">Sistema de eyecci\u00f3n neum\u00e1tica<\/span><\/li>\n<li style=\"font-weight: 400;\" aria-level=\"1\"><span style=\"font-weight: 400;\">Conexi\u00f3n mec\u00e1nica entre las secciones de la m\u00e1quina mediante \u00e1rboles card\u00e1n<\/span><\/li>\n<li style=\"font-weight: 400;\" aria-level=\"1\"><span style=\"font-weight: 400;\">Sistema de encolado: incluye una estaci\u00f3n de encolado termofusible para la aplicaci\u00f3n en ventanas y una estaci\u00f3n de encolado longitudinal al agua<\/span><\/li>\n<li style=\"font-weight: 400;\" aria-level=\"1\"><span style=\"font-weight: 400;\">Engranajes: 1 x 360, 1 x 380, 1 x 400, 1 x 420, 1 x 460, 1 x 500 mm + 1 x 480 mm sin impresi\u00f3n<\/span><\/li>\n<li style=\"font-weight: 400;\" aria-level=\"1\"><span style=\"font-weight: 400;\">Placas de conformado: 1 x 70, 1 x 90, 1 x 105, 1 x 205, 1 x 230 mm<\/span><\/li>\n<li style=\"font-weight: 400;\" aria-level=\"1\"><span style=\"font-weight: 400;\">Accionamiento principal: Motor AT132M4, 7,5 kW, 1450 rpm, 220\/380 V, 15\/8,6 A<\/span><\/li>\n<li><span style=\"font-weight: 400;\">Velocidad de producci\u00f3n: unas 150 bolsas\/min (con unidad de ventana e impresa)<\/span><\/li>\n<li style=\"font-weight: 400;\" aria-level=\"1\"><span style=\"font-weight: 400;\">Visible en producci\u00f3n<\/span><\/li>\n<li style=\"font-weight: 400;\" aria-level=\"1\"><span style=\"font-weight: 400;\">Disponibilidad inmediata<\/span><\/li>\n<\/ul>\n<p>[\/vc_column_text][\/vc_column_inner][\/vc_row_inner][\/vc_column][vc_column offset=&#8221;vc_col-md-4&#8243;]\t\t\t<div class=\"info-box-wrapper\">\n\t\t\t\t<div id=\"wd-6943fd705442e\" class=\" wd-rs-6943fd705442e wd-info-box wd-wpb text-left box-icon-align-left box-style-shadow color-scheme- wd-bg-none wd-off-anim wpb_animate_when_almost_visible wpb_bounceIn bounceIn wd-anim-name_bounceIn wd-items-top \">\n\t\t\t\t\t\t\t\t\t\t<div class=\"info-box-content\">\n\t\t\t\t\t\t<div class=\"info-box-subtitle subtitle-color-default wd-fontsize-xs subtitle-style-default\">Acerca del modelo RS2-P de Holweg<\/div><h4 class=\"info-box-title title box-title-style-default wd-fontsize-m\">Informaci\u00f3n sobre la ubicaci\u00f3n<\/h4>\t\t\t\t\t\t<div class=\"info-box-inner reset-last-child\"><p>Disponible en la regi\u00f3n: <strong style=\"color: blue;\"><a href=\"https:\/\/cbscompany.com\/es\/mi-cuenta\/?redirect_to=%2Fes%2Fwp-json%2Fwp%2Fv2%2Fproduct%2F387887\" class=\"simplemodal-login\">Inicia sesi\u00f3n para ver la ubicaci\u00f3n<\/a><\/strong><\/p>\n<\/div>\n\n\t\t\t\t\t\t\t\t\t\t\t<\/div>\n\n\t\t\t\t\t\n\t\t\t\t\t<style>#wd-6943fd705442e .info-box-icon {background-color:  !important;}<\/style>\t\t\t\t<\/div>\n\t\t\t<\/div>\n\t\t[\/vc_column][\/vc_row]<\/p>\n<\/div>","protected":false},"excerpt":{"rendered":"<p>El modelo RS2-P de Holweg es una m\u00e1quina de flet y satchel equipada con unidad de ventana. La m\u00e1quina se ha modernizado recientemente y es capaz de producir <span style=\"font-weight: 400;\">50.000-60.000 bolsas impresas con una repetici\u00f3n (corte) de 360 mm en un turno de 8 horas.<\/span> <\/p>\n","protected":false},"featured_media":387888,"comment_status":"closed","ping_status":"closed","template":"","meta":{"_acf_changed":false,"om_disable_all_campaigns":false},"year-of-production":[],"product_brand":[],"product_cat":[4026,4025],"product_tag":[4534,4032,4530,4532,4394],"class_list":{"0":"post-387887","1":"product","2":"type-product","3":"status-publish","4":"has-post-thumbnail","6":"product_cat-maquinas-para-fabricar-bolsas-de-papel","7":"product_cat-maquinas-para-fabricar-bolsas-de-papel-planas-y-tipo-satchel","8":"product_tag-alimentacion-tipo-puente","9":"product_tag-holweg","10":"product_tag-impresora-de-4-colores-en-linea","11":"product_tag-rs2-p","12":"product_tag-unidad-de-ventana","14":"first","15":"instock","16":"sold-individually","17":"shipping-taxable","18":"purchasable","19":"product-type-simple"},"acf":[],"_links":{"self":[{"href":"https:\/\/cbscompany.com\/es\/wp-json\/wp\/v2\/product\/387887","targetHints":{"allow":["GET"]}}],"collection":[{"href":"https:\/\/cbscompany.com\/es\/wp-json\/wp\/v2\/product"}],"about":[{"href":"https:\/\/cbscompany.com\/es\/wp-json\/wp\/v2\/types\/product"}],"replies":[{"embeddable":true,"href":"https:\/\/cbscompany.com\/es\/wp-json\/wp\/v2\/comments?post=387887"}],"wp:featuredmedia":[{"embeddable":true,"href":"https:\/\/cbscompany.com\/es\/wp-json\/wp\/v2\/media\/387888"}],"wp:attachment":[{"href":"https:\/\/cbscompany.com\/es\/wp-json\/wp\/v2\/media?parent=387887"}],"wp:term":[{"taxonomy":"year-of-production","embeddable":true,"href":"https:\/\/cbscompany.com\/es\/wp-json\/wp\/v2\/year-of-production?post=387887"},{"taxonomy":"product_brand","embeddable":true,"href":"https:\/\/cbscompany.com\/es\/wp-json\/wp\/v2\/product_brand?post=387887"},{"taxonomy":"product_cat","embeddable":true,"href":"https:\/\/cbscompany.com\/es\/wp-json\/wp\/v2\/product_cat?post=387887"},{"taxonomy":"product_tag","embeddable":true,"href":"https:\/\/cbscompany.com\/es\/wp-json\/wp\/v2\/product_tag?post=387887"}],"curies":[{"name":"wp","href":"https:\/\/api.w.org\/{rel}","templated":true}]}}