{"id":387847,"date":"2025-12-25T13:38:24","date_gmt":"2025-12-25T12:38:24","guid":{"rendered":"https:\/\/cbscompany.com\/machines\/sin%20categor\u00eda\/euromac-cortadora-rebobinadora-modelo-tb-6-06-ano-2009\/"},"modified":"2026-04-06T11:14:46","modified_gmt":"2026-04-06T10:14:46","slug":"euromac-cortadora-rebobinadora-modelo-tb-6-06-ano-2009","status":"publish","type":"product","link":"https:\/\/cbscompany.com\/es\/machines\/cortadoras-y-laminadoras\/cortadoras-rebobinadoras\/euromac-cortadora-rebobinadora-modelo-tb-6-06-ano-2009\/","title":{"rendered":"Euromac cortadora rebobinadora modelo TB 6.06 a\u00f1o 2009"},"content":{"rendered":"<div class=\"wpb-content-wrapper\"><p>[vc_row content_placement=&#8221;top&#8221;][vc_column css=&#8221;.vc_custom_1532433256788{margin-right: 15px !important;}&#8221; offset=&#8221;vc_col-md-8&#8243;]\n\t\t<div id=\"wd-694d19ca0f907\" class=\"title-wrapper wd-wpb wd-set-mb reset-last-child  wd-rs-694d19ca0f907 wd-title-color-default wd-title-style-default text-left vc_custom_1766660561062 wd-underline-colored\">\n\t\t\t\n\t\t\t<div class=\"liner-continer\">\n\t\t\t\t<h4 class=\"woodmart-title-container title  wd-font-weight-600 wd-fontsize-m\" >Euromac cortadora rebobinadora modelo TB 6.06 a\u00f1o 2009<\/h4>\n\t\t\t\t\t\t\t<\/div>\n\t\t\t\n\t\t\t\n\t\t\t\n\t\t<\/div>\n\t\t\n\t\t[vc_row_inner css=&#8221;.vc_custom_1628672714565{margin-bottom: 35px !important;border-bottom-width: 0px !important;padding-bottom: 25px !important;border-bottom-color: rgba(129,129,129,0.2) !important;border-bottom-style: solid !important;}&#8221; row_reverse_mobile=&#8221;0&#8243; row_reverse_tablet=&#8221;0&#8243;][vc_column_inner width=&#8221;1\/2&#8243; css=&#8221;.vc_custom_1532346102929{padding-top: 0px !important;}&#8221;][vc_column_text css=&#8221;&#8221; woodmart_inline=&#8221;no&#8221; text_larger=&#8221;no&#8221;]<\/p>\n<ul>\n<li><b>B<\/b><b>rand: Euromac <\/b> <\/li>\n<li><b>Modelo: TB 6.06<\/b><\/li>\n<li><b>A\u00f1o: 2009<\/b><\/li>\n<li><span style=\"font-weight: 400;\">Cortadora-rebobinadora con estaciones de bobinado individuales con control perif\u00e9rico central<\/span><\/li>\n<li><span style=\"font-weight: 400;\">Materiales: materiales de envasado flexibles de 25 a 180 micras<\/span><\/li>\n<li><span style=\"font-weight: 400;\">Anchura m\u00e1xima: 1400 mm<\/span><\/li>\n<li><span style=\"font-weight: 400;\">Di\u00e1metro m\u00e1ximo de la bobina madre: 1000 mm<\/span><\/li>\n<li><span style=\"font-weight: 400;\">Di\u00e1metro m\u00e1ximo de la bobina acabada: 600 mm<\/span><\/li>\n<li><span style=\"font-weight: 400;\">Di\u00e1metro interior del n\u00facleo desbobinador 152 mm<\/span><\/li>\n<li><span style=\"font-weight: 400;\">Di\u00e1metro interior del n\u00facleo rebobinador 70, 76 mm<\/span><\/li>\n<li><span style=\"font-weight: 400;\">Velocidad m\u00e1xima: 600 m\/min (seg\u00fan el material, la anchura de corte&#8230;)<\/span><\/li>\n<li><b>Sistema de rebobinado centro-perif\u00e9rico<\/b><\/li>\n<li><span style=\"font-weight: 400;\">Cada rollo se enrolla en una estaci\u00f3n independiente formada por uno o dos brazos oscilantes sobre su soporte.  <\/span><\/li>\n<li><span style=\"font-weight: 400;\">La tensi\u00f3n de bobinado se consigue mediante un sistema combinado de tracci\u00f3n central y perif\u00e9rica.<\/span><\/li>\n<li><span style=\"font-weight: 400;\">La tracci\u00f3n central se consigue mediante una transmisi\u00f3n con embrague de carga neum\u00e1tica y se regula mediante m\u00faltiples sistemas que permiten ajustar las caracter\u00edsticas del bobinado.<\/span><\/li>\n<li><span style=\"font-weight: 400;\">La tracci\u00f3n perif\u00e9rica se consigue mediante el contacto de los rodillos de enrollado con el tambor de soporte.<\/span><\/li>\n<li><span style=\"font-weight: 400;\">La presi\u00f3n de contacto se regula mediante cilindros neum\u00e1ticos que act\u00faan sobre los brazos con doble efecto: empujar y compensar el peso del rodillo formador.<\/span><\/li>\n<li><b>Desenrollador SV 3.10ML  <\/b><\/li>\n<li><span style=\"font-weight: 400;\">Manipulaci\u00f3n de rodillos sin eje<\/span><\/li>\n<li><span style=\"font-weight: 400;\">Dispositivo hidr\u00e1ulico de dos brazos para elevar el rollo madre desde el suelo hasta la posici\u00f3n de trabajo.<\/span><\/li>\n<li><span style=\"font-weight: 400;\">Los dos brazos de rodillo accionados hidr\u00e1ulicamente permiten elevar el rodillo madre desde el suelo hasta la posici\u00f3n de trabajo.<\/span><\/li>\n<li><span style=\"font-weight: 400;\">Los brazos son ajustables axialmente, lo que permite sujetar rollos madre de diferentes anchuras.  <\/span><\/li>\n<li><span style=\"font-weight: 400;\">La tensi\u00f3n del material durante el desenrollado se controla autom\u00e1ticamente mediante un rodillo bailar\u00edn de carga neum\u00e1tica. La se\u00f1al del bailar\u00edn act\u00faa sobre un motor de corriente alterna que garantiza una tracci\u00f3n constante. <\/span><\/li>\n<li><span style=\"font-weight: 400;\">Freno neum\u00e1tico para paradas de emergencia.<\/span><\/li>\n<li><span style=\"font-weight: 400;\">El primer rodillo tras el rodillo madre tiene un paralelismo variable, ajustable desde ambos extremos para compensar posibles desalineaciones de la banda.<\/span><\/li>\n<li><span style=\"font-weight: 400;\">El sentido de rotaci\u00f3n del rodillo desenrollador puede ser horario o antihorario.<\/span><\/li>\n<li><span style=\"font-weight: 400;\">Con gu\u00eda web<\/span><\/li>\n<li><b>Alineador autom\u00e1tico marca FIFE  <\/b><\/li>\n<li><span style=\"font-weight: 400;\">Dispositivo para el movimiento del desbobinador<\/span><\/li>\n<li><span style=\"font-weight: 400;\">Actuador electromec\u00e1nico para el movimiento del desbobinador.<\/span><\/li>\n<li><span style=\"font-weight: 400;\">Sensor fotoel\u00e9ctrico para la detecci\u00f3n de bordes y l\u00edneas impresas.<\/span><\/li>\n<li><span style=\"font-weight: 400;\">Soporte del sensor ajustable en toda la anchura de trabajo.<\/span><\/li>\n<li><span style=\"font-weight: 400;\">Unidad de control electr\u00f3nico.  <\/span><\/li>\n<li><span style=\"font-weight: 400;\">Panel de control.<\/span><\/li>\n<li><b>Puente elevado<\/b><span style=\"font-weight: 400;\"> &#8211; estructura de puente de soporte entre el desbobinador y la cortadora <\/span> <\/li>\n<li><b>Cortadora rebobinadora Mod. TB 6.06 <\/b><\/li>\n<li><span style=\"font-weight: 400;\">La m\u00e1quina consta de dos robustos bastidores laterales, unidos s\u00f3lidamente con tirantes, que llevan los siguientes componentes:<\/span><\/li>\n<\/ul>\n<ul>\n<li style=\"list-style-type: none;\">\n<\/li>\n<\/ul>\n<ul>\n<li style=\"list-style-type: none;\">\n<\/li>\n<\/ul>\n<ul>\n<li style=\"list-style-type: none;\">\n<\/li>\n<\/ul>\n<p>[\/vc_column_text][\/vc_column_inner][vc_column_inner width=&#8221;1\/2&#8243; css=&#8221;.vc_custom_1532346106600{padding-top: 0px !important;}&#8221;][vc_column_text css=&#8221;&#8221; woodmart_inline=&#8221;no&#8221; text_larger=&#8221;no&#8221;]<\/p>\n<ul>\n<li><span style=\"font-weight: 400;\">Rodillo de paralelismo variable antes del grupo de tracci\u00f3n, ajustable desde un lado.<\/span><\/li>\n<li><span style=\"font-weight: 400;\">Grupo de tracci\u00f3n con rodillo de acero accionado, superficie recubierta de goma.  <\/span><\/li>\n<li><span style=\"font-weight: 400;\">Rodillo de presi\u00f3n accionado neum\u00e1ticamente para el grupo de tracci\u00f3n.  <\/span><\/li>\n<li><span style=\"font-weight: 400;\">Serie de rodillos locos para el paso de la banda.  <\/span><\/li>\n<li><span style=\"font-weight: 400;\">2 tambores de soporte de acero, revestidos de goma, accionados por el motor principal, uno por cada lado del bobinado.<\/span><\/li>\n<li><span style=\"font-weight: 400;\">Velocidad entre la tracci\u00f3n principal y los rodillos secundarios ajustable para obtener la tensi\u00f3n correcta en la zona de corte.  <\/span><\/li>\n<li><span style=\"font-weight: 400;\">2 travesa\u00f1os para estaciones de bobinado, cada uno con eje y engranajes f\u00e1cilmente posicionables para accionar estaciones de bobinado individuales.<\/span><\/li>\n<li><span style=\"font-weight: 400;\">2 prensadores neum\u00e1ticos de barras para bloquear las bandas durante el cambio de rollo acabado<\/span><\/li>\n<li><b>Grupo de corte:<\/b><\/li>\n<li><span style=\"font-weight: 400;\">Grupo de corte monocuchilla con accionamiento neum\u00e1tico, compuesto por:<\/span><\/li>\n<li><span style=\"font-weight: 400;\">1 travesa\u00f1o con gu\u00eda para cuchillas simples<\/span><\/li>\n<li><span style=\"font-weight: 400;\">1 eje de contracuchillas expandible neum\u00e1ticamente con apertura manual del contrapunto para retirar las contracuchillas.  <\/span><\/li>\n<li><span style=\"font-weight: 400;\">1 juego de contracuchillas m\u00faltiples L=50 mm, paso 7+3 mm.  <\/span><\/li>\n<li><span style=\"font-weight: 400;\">16 cuchillas simples de inserci\u00f3n neum\u00e1tica.<\/span><\/li>\n<li><span style=\"font-weight: 400;\">Opci\u00f3n de insertar bridas portacuchillas intercambiables para el acoplamiento r\u00e1pido de bayoneta de las cuchillas simples neum\u00e1ticas.<\/span><\/li>\n<li><span style=\"font-weight: 400;\">13 bridas portacuchillas<\/span><\/li>\n<li><b>Tel\u00e9metro:<\/b><\/li>\n<li><span style=\"font-weight: 400;\">1 sistema con indicaci\u00f3n digital de la posici\u00f3n de cada cuchilla y contracuchilla para una preparaci\u00f3n f\u00e1cil y r\u00e1pida del corte<\/span><\/li>\n<li><b>Estaci\u00f3n de rebobinado:<\/b><\/li>\n<li><span style=\"font-weight: 400;\">15 puestos de bobinado modelo L\/1 con brazo \u00fanico  <\/span><\/li>\n<li><span style=\"font-weight: 400;\">Anchura de corte m\u00edn.-m\u00e1x.: 70 &#8211; 200 mm<\/span><\/li>\n<li><span style=\"font-weight: 400;\">Di\u00e1metro m\u00e1ximo del rollo acabado: 500 mm<\/span><\/li>\n<li><span style=\"font-weight: 400;\">15 marchas control estaci\u00f3n de bobinado<\/span><\/li>\n<li><b>Panel de control y regulaci\u00f3n:<\/b><\/li>\n<li><span style=\"font-weight: 400;\">Panel de control Siemens TP270 para visualizaci\u00f3n y almacenamiento de los par\u00e1metros de trabajo<\/span><\/li>\n<li><b>Dispositivos el\u00e9ctricos:  <\/b><\/li>\n<li><span style=\"font-weight: 400;\">1 motor de corriente alterna para controlar la tensi\u00f3n de desenrollado.  <\/span><\/li>\n<li><span style=\"font-weight: 400;\">1 motor de CA de cuatro cuadrantes para el accionamiento del grupo de tracci\u00f3n, el grupo de corte y los tambores de soporte, que permite la aceleraci\u00f3n desde cero hasta la velocidad m\u00e1xima sin escalones. 1 motor de CA para el accionamiento de las estaciones de bobinado con reducci\u00f3n autom\u00e1tica de la velocidad en funci\u00f3n del di\u00e1metro del rollo bobinado. <\/span><\/li>\n<li><span style=\"font-weight: 400;\">Armario met\u00e1lico que contiene equipos el\u00e9ctricos\/electr\u00f3nicos para el funcionamiento de la m\u00e1quina.<\/span><\/li>\n<li><span style=\"font-weight: 400;\">Controlador l\u00f3gico programable (PLC) para el control de funciones l\u00f3gicas y anal\u00f3gicas.<\/span><\/li>\n<li><span style=\"font-weight: 400;\">Motores de CA fabricados por Siemens.<\/span><\/li>\n<li><span style=\"font-weight: 400;\">Aire: 6 Bar<\/span><\/li>\n<li><span style=\"font-weight: 400;\">Certificado CE<\/span><\/li>\n<li><span style=\"font-weight: 400;\">Alimentaci\u00f3n el\u00e9ctrica: 400 V &#8211; 3 Ph 50 Hz<\/span><\/li>\n<li><span style=\"font-weight: 400;\">Visible en producci\u00f3n<\/span><\/li>\n<li><span style=\"font-weight: 400;\">Disponibilidad inmediata<\/span><\/li>\n<li style=\"list-style-type: none;\">\n<\/li>\n<\/ul>\n<ul>\n<li style=\"list-style-type: none;\">\n<\/li>\n<\/ul>\n<ul>\n<li style=\"list-style-type: none;\">\n<\/li>\n<\/ul>\n<ul>\n<li style=\"list-style-type: none;\">\n<\/li>\n<\/ul>\n<ul>\n<li style=\"list-style-type: none;\">\n<\/li>\n<\/ul>\n<p>[\/vc_column_text][\/vc_column_inner][\/vc_row_inner][\/vc_column][vc_column offset=&#8221;vc_col-md-4&#8243;]\t\t\t<div class=\"info-box-wrapper\">\n\t\t\t\t<div id=\"wd-694d1ac1cd357\" class=\" wd-rs-694d1ac1cd357 wd-info-box wd-wpb text-left box-icon-align-left box-style-shadow color-scheme- wd-bg-none wd-off-anim wpb_animate_when_almost_visible wpb_bounceIn bounceIn wd-anim-name_bounceIn wd-items-top \">\n\t\t\t\t\t\t\t\t\t\t<div class=\"info-box-content\">\n\t\t\t\t\t\t<div class=\"info-box-subtitle subtitle-color-default wd-fontsize-xs subtitle-style-default\">Sobre la cortadora rebobinadora Euromac modelo TB 6.06 a\u00f1o 2009<\/div><h4 class=\"info-box-title title box-title-style-default wd-fontsize-m\">Informaci\u00f3n sobre la ubicaci\u00f3n<\/h4>\t\t\t\t\t\t<div class=\"info-box-inner reset-last-child\"><p>Disponible en la regi\u00f3n: <strong style=\"color: blue;\"><a href=\"https:\/\/cbscompany.com\/es\/mi-cuenta\/?redirect_to=%2Fes%2Fwp-json%2Fwp%2Fv2%2Fproduct%2F387847\" class=\"simplemodal-login\">Inicia sesi\u00f3n para ver la ubicaci\u00f3n<\/a><\/strong><\/p>\n<\/div>\n\n\t\t\t\t\t\t\t\t\t\t\t<\/div>\n\n\t\t\t\t\t\n\t\t\t\t\t<style>#wd-694d1ac1cd357 .info-box-icon {background-color:  !important;}<\/style>\t\t\t\t<\/div>\n\t\t\t<\/div>\n\t\t[\/vc_column][\/vc_row]<\/p>\n<\/div>","protected":false},"excerpt":{"rendered":"<p><b>Euromac modelo TB 6.06 a\u00f1o 2009 es una cortadora rebobinadora dise\u00f1ada para pel\u00edcula  <\/b><\/p>\n","protected":false},"featured_media":387862,"comment_status":"closed","ping_status":"closed","template":"","meta":{"_acf_changed":false,"om_disable_all_campaigns":false},"year-of-production":[],"product_brand":[],"product_cat":[4028,4027],"product_tag":[4522,4031,4523,4526,4524],"class_list":{"0":"post-387847","1":"product","2":"type-product","3":"status-publish","4":"has-post-thumbnail","6":"product_cat-cortadoras-y-laminadoras","7":"product_cat-cortadoras-rebobinadoras","8":"product_tag-ano-2009","9":"product_tag-cortadora-rebobinadora","10":"product_tag-euromac","11":"product_tag-pelicula-y-laminado","12":"product_tag-tb-6-06","14":"first","15":"instock","16":"sold-individually","17":"shipping-taxable","18":"purchasable","19":"product-type-simple"},"acf":[],"_links":{"self":[{"href":"https:\/\/cbscompany.com\/es\/wp-json\/wp\/v2\/product\/387847","targetHints":{"allow":["GET"]}}],"collection":[{"href":"https:\/\/cbscompany.com\/es\/wp-json\/wp\/v2\/product"}],"about":[{"href":"https:\/\/cbscompany.com\/es\/wp-json\/wp\/v2\/types\/product"}],"replies":[{"embeddable":true,"href":"https:\/\/cbscompany.com\/es\/wp-json\/wp\/v2\/comments?post=387847"}],"wp:featuredmedia":[{"embeddable":true,"href":"https:\/\/cbscompany.com\/es\/wp-json\/wp\/v2\/media\/387862"}],"wp:attachment":[{"href":"https:\/\/cbscompany.com\/es\/wp-json\/wp\/v2\/media?parent=387847"}],"wp:term":[{"taxonomy":"year-of-production","embeddable":true,"href":"https:\/\/cbscompany.com\/es\/wp-json\/wp\/v2\/year-of-production?post=387847"},{"taxonomy":"product_brand","embeddable":true,"href":"https:\/\/cbscompany.com\/es\/wp-json\/wp\/v2\/product_brand?post=387847"},{"taxonomy":"product_cat","embeddable":true,"href":"https:\/\/cbscompany.com\/es\/wp-json\/wp\/v2\/product_cat?post=387847"},{"taxonomy":"product_tag","embeddable":true,"href":"https:\/\/cbscompany.com\/es\/wp-json\/wp\/v2\/product_tag?post=387847"}],"curies":[{"name":"wp","href":"https:\/\/api.w.org\/{rel}","templated":true}]}}