{"id":387816,"date":"2025-12-31T09:58:29","date_gmt":"2025-12-31T08:58:29","guid":{"rendered":"https:\/\/cbscompany.com\/machines\/sin%20categor\u00eda\/soma-optima-820-8-eg-ano-2015\/"},"modified":"2026-04-06T11:14:55","modified_gmt":"2026-04-06T10:14:55","slug":"soma-optima-820-8-eg-ano-2015","status":"publish","type":"product","link":"https:\/\/cbscompany.com\/es\/machines\/impresoras-flexograficas\/impresoras-flexograficas-c-i-para-film\/soma-optima-820-8-eg-ano-2015\/","title":{"rendered":"Soma Optima 820 8 EG a\u00f1o 2015"},"content":{"rendered":"<div class=\"wpb-content-wrapper\"><p>[vc_row content_placement=&#8221;top&#8221;][vc_column css=&#8221;.vc_custom_1532433256788{margin-right: 15px !important;}&#8221; offset=&#8221;vc_col-md-8&#8243;]\n\t\t<div id=\"wd-6954df48e8310\" class=\"title-wrapper wd-wpb wd-set-mb reset-last-child  wd-rs-6954df48e8310 wd-title-color-default wd-title-style-default text-left vc_custom_1767169874890 wd-underline-colored\">\n\t\t\t\n\t\t\t<div class=\"liner-continer\">\n\t\t\t\t<h4 class=\"woodmart-title-container title  wd-font-weight-600 wd-fontsize-m\" >Soma Optima 820 8 EG a\u00f1o 2015<\/h4>\n\t\t\t\t\t\t\t<\/div>\n\t\t\t\n\t\t\t\n\t\t\t\n\t\t<\/div>\n\t\t\n\t\t[vc_row_inner css=&#8221;.vc_custom_1628672714565{margin-bottom: 35px !important;border-bottom-width: 0px !important;padding-bottom: 25px !important;border-bottom-color: rgba(129,129,129,0.2) !important;border-bottom-style: solid !important;}&#8221; row_reverse_mobile=&#8221;0&#8243; row_reverse_tablet=&#8221;0&#8243;][vc_column_inner width=&#8221;1\/2&#8243; css=&#8221;.vc_custom_1532346102929{padding-top: 0px !important;}&#8221;][vc_column_text css=&#8221;&#8221; woodmart_inline=&#8221;no&#8221; text_larger=&#8221;no&#8221;]<\/p>\n<ul>\n<li aria-level=\"1\"><b>Marca: Soma<\/b><\/li>\n<li aria-level=\"1\"><b>Modelo 820 8 EG<\/b><\/li>\n<li aria-level=\"1\"><b>A\u00f1o: 2015<\/b><\/li>\n<li aria-level=\"1\"><b>8 colores<\/b><\/li>\n<li aria-level=\"1\"><b>Tambor central  <\/b><\/li>\n<li aria-level=\"1\"><span style=\"font-weight: 400;\">Material: LD PE 0,020-0,160, HD PE \/ OPP 0,010-0,150, CPP 0,020-0,070, BOPP 0,010-0,060, PET 0,012-0,050, OPA 0,015-0,050, Laminados 0,020-0,150 mm, papel 25 &#8211; 180 g\/m\u00b2.<\/span><\/li>\n<li aria-level=\"1\"><span style=\"font-weight: 400;\">Anchura m\u00e1xima de impresi\u00f3n: 820 mm<\/span><\/li>\n<li aria-level=\"1\"><span style=\"font-weight: 400;\">Anchura de banda m\u00edn. m\u00e1x.: 300 &#8211; 850 mm<\/span><\/li>\n<li aria-level=\"1\"><span style=\"font-weight: 400;\">Repetici\u00f3n de impresi\u00f3n m\u00edn.-m\u00e1x.: 250 &#8211; 600 mm<\/span><\/li>\n<li aria-level=\"1\"><span style=\"font-weight: 400;\">Velocidad mec\u00e1nica m\u00e1xima: 300 m\/min<\/span><\/li>\n<li aria-level=\"1\"><span style=\"font-weight: 400;\">Tensi\u00f3n de la banda de impresi\u00f3n: 10 &#8211; 400 N (sin cambio autom\u00e1tico) y 40 &#8211; 400 N (empalme volante sin interrupci\u00f3n)<\/span><\/li>\n<li aria-level=\"1\"><span style=\"font-weight: 400;\">Di\u00e1metro del rollo desbobinador y rebobinador: 1000 mm<\/span><\/li>\n<li aria-level=\"1\"><span style=\"font-weight: 400;\">Di\u00e1metro interior del n\u00facleo de la desbobinadora y rebobinadora: 76,2, 152,4 mm<\/span><\/li>\n<li aria-level=\"1\"><span style=\"font-weight: 400;\">Unidad de desbobinado sin eje<\/span><\/li>\n<li aria-level=\"1\"><span style=\"font-weight: 400;\">Sistema autom\u00e1tico de guiado de la banda<\/span><\/li>\n<li aria-level=\"1\"><span style=\"font-weight: 400;\">Sistema antiest\u00e1tico para la eliminaci\u00f3n de cambios electrost\u00e1ticos<\/span><\/li>\n<li aria-level=\"1\"><span style=\"font-weight: 400;\">Sensor para l\u00e1mina apilada<\/span><\/li>\n<li aria-level=\"1\"><span style=\"font-weight: 400;\">Carro de transporte hidr\u00e1ulico de accionamiento manual<\/span><\/li>\n<li aria-level=\"1\"><span style=\"font-weight: 400;\">Falcon II . Sistema inteligente de ajuste de trabajos (sistema autom\u00e1tico de ajuste de impresiones) <\/span><span style=\"font-weight: 400;\"> <\/span><\/li>\n<li aria-level=\"1\"><span style=\"font-weight: 400;\">8 cilindros de impresi\u00f3n para mandriles de fibra de carbono<\/span><\/li>\n<li aria-level=\"1\"><span style=\"font-weight: 400;\">Sistema autom\u00e1tico de lavado InkStorm para 8 cuerpos de impresi\u00f3n para tintas base disolvente\/agua<\/span><\/li>\n<li aria-level=\"1\"><span style=\"font-weight: 400;\">Control autom\u00e1tico de la viscosidad para 8 platos de impresi\u00f3n con 1 tinta de tipo disolvente espec principio ultras\u00f3nico<\/span><\/li>\n<li aria-level=\"1\"><span style=\"font-weight: 400;\">Sistema de guiado de la banda antes de la impresi\u00f3n  <\/span><\/li>\n<li aria-level=\"1\"><span style=\"font-weight: 400;\">SISTEMA &#8220;CDTS&#8221; (Estabilizaci\u00f3n T\u00e9rmica del Tambor Central)<\/span><\/li>\n<li aria-level=\"1\"><span style=\"font-weight: 400;\">FAST ADAPT &#8211; ajuste autoadaptativo de la presi\u00f3n de la c\u00e1mara de la rasqueta<\/span><\/li>\n<li aria-level=\"1\"><span style=\"font-weight: 400;\">8 mandriles de cilindro de impresi\u00f3n de material compuesto de alta resistencia: mayor estabilidad<\/span><\/li>\n<\/ul>\n<p>[\/vc_column_text][\/vc_column_inner][vc_column_inner width=&#8221;1\/2&#8243; css=&#8221;.vc_custom_1532346106600{padding-top: 0px !important;}&#8221;][vc_column_text css=&#8221;&#8221; woodmart_inline=&#8221;no&#8221; text_larger=&#8221;no&#8221;]<\/p>\n<ul>\n<li><span style=\"font-weight: 400;\">8 unidades de mandriles neum\u00e1ticos de acero de cilindros anilox, di\u00e1m. 105,158 mm <\/span><\/li>\n<li><span style=\"font-weight: 400;\">8 piezas de c\u00e1maras de rasqueta<\/span><\/li>\n<li><span style=\"font-weight: 400;\">8 unidades de bombeo de tinta<\/span><\/li>\n<li><span style=\"font-weight: 400;\">Sistema de secado con boquilla de dos bucles<\/span><\/li>\n<li><span style=\"font-weight: 400;\">Unidad de refrigeraci\u00f3n para material impreso<\/span><\/li>\n<li><span style=\"font-weight: 400;\">Sistema de guiado de la banda antes del rebobinado<\/span><\/li>\n<li><span style=\"font-weight: 400;\">C\u00e1mara BST SHS 4000<\/span><\/li>\n<li><span style=\"font-weight: 400;\">Configuraci\u00f3n del registro inteligente &#8220;arrastrar y soltar<\/span><\/li>\n<li><span style=\"font-weight: 400;\">Unidad de rebobinado &#8211; empalme volante &#8211; eje 1000<\/span><\/li>\n<li><span style=\"font-weight: 400;\">2 ejes neum\u00e1ticos para di\u00e1metro interior del n\u00facleo de 76 mm<\/span><\/li>\n<li><span style=\"font-weight: 400;\">2 pares de adaptadores para eje neum\u00e1tico de 76 mm<\/span><\/li>\n<li><span style=\"font-weight: 400;\">Paneles de control centrales<\/span><\/li>\n<li><span style=\"font-weight: 400;\">Aniloxes (27 en total): 2 x Apex C10 V10, 2 x Apex 650 V6, 5 x GTT 650 V3.5, 4 x Apex V8, 1 x 250 LPI V12, 1 x 450 LPI V9, 2 x 700 LPI V6.8, 1 x 350 LPI V11, 1 x GMX, 5 x 1000 LPI V3.8, 1 x 1000 LPI V3.6, 1 x 500 LPI V10, 1 x 400 LPI V9  <\/span><\/li>\n<li><span style=\"font-weight: 400;\">Fundas de impresi\u00f3n (105 en total) 16 x adaptador de fibra de carbono, 8&#215;400, 9&#215;410, 8&#215;420, 8&#215;440, 8&#215;470, 8&#215;480, 7&#215;500, 2&#215;515, 7&#215;540, 8&#215;560, 8&#215;570, 8&#215;600  <\/span><\/li>\n<li><span style=\"font-weight: 400;\">17 manguitos puente 420 &#8211; 620 mm<\/span><\/li>\n<li><span style=\"font-weight: 400;\">Rasquetas: de 35 x 0,2 a 35 x 0,25 mm<\/span><\/li>\n<li><b>Dispositivo de placa de montaje Flexmont S 850<\/b><\/li>\n<li><span style=\"font-weight: 400;\">Anchura m\u00e1xima de impresi\u00f3n: 850 mm<\/span><\/li>\n<li><span style=\"font-weight: 400;\">Repetici\u00f3n de impresi\u00f3n m\u00edn.-m\u00e1x.: 250 &#8211; 800 mm<\/span><\/li>\n<li><span style=\"font-weight: 400;\">Grosor m\u00edn.-m\u00e1x. de la plancha de impresi\u00f3n 0,76 &#8211; 6,5 mm<\/span><\/li>\n<li><span style=\"font-weight: 400;\">Dimensiones totales de la m\u00e1quina (ancho x largo x alto): 3500 x 10800 x 3550 mm<\/span><\/li>\n<li><span style=\"font-weight: 400;\">Peso de la m\u00e1quina: 27.000 kg  <\/span><\/li>\n<li><span style=\"font-weight: 400;\">Visible en producci\u00f3n<\/span><\/li>\n<li><span style=\"font-weight: 400;\">Disponibilidad inmediata<\/span><\/li>\n<li style=\"list-style-type: none;\">\n<\/li>\n<\/ul>\n<p>[\/vc_column_text][\/vc_column_inner][\/vc_row_inner][\/vc_column][vc_column offset=&#8221;vc_col-md-4&#8243;]\t\t\t<div class=\"info-box-wrapper\">\n\t\t\t\t<div id=\"wd-6954e35f0735c\" class=\" wd-rs-6954e35f0735c wd-info-box wd-wpb text-left box-icon-align-left box-style-shadow color-scheme- wd-bg-none wd-off-anim wpb_animate_when_almost_visible wpb_bounceIn bounceIn wd-anim-name_bounceIn wd-items-top \">\n\t\t\t\t\t\t\t\t\t\t<div class=\"info-box-content\">\n\t\t\t\t\t\t<div class=\"info-box-subtitle subtitle-color-default wd-fontsize-xs subtitle-style-default\">Acerca de Soma Optima 820 8 EG a\u00f1o 2015<\/div><h4 class=\"info-box-title title box-title-style-default wd-fontsize-m\">Informaci\u00f3n sobre la ubicaci\u00f3n<\/h4>\t\t\t\t\t\t<div class=\"info-box-inner reset-last-child\"><p>Disponible en la regi\u00f3n: <strong style=\"color: blue;\"><a href=\"https:\/\/cbscompany.com\/es\/mi-cuenta\/?redirect_to=%2Fes%2Fwp-json%2Fwp%2Fv2%2Fproduct%2F387816\" class=\"simplemodal-login\">Inicia sesi\u00f3n para ver la ubicaci\u00f3n<\/a><\/strong><\/p>\n<\/div>\n\n\t\t\t\t\t\t\t\t\t\t\t<\/div>\n\n\t\t\t\t\t\n\t\t\t\t\t<style>#wd-6954e35f0735c .info-box-icon {background-color:  !important;}<\/style>\t\t\t\t<\/div>\n\t\t\t<\/div>\n\t\t[\/vc_column][\/vc_row]<\/p>\n<\/div>","protected":false},"excerpt":{"rendered":"<p>La Soma Optima 820 8 EG del a\u00f1o 2015 es una impresora flexogr\u00e1fica dise\u00f1ada para trabajar con papel y film. Es una m\u00e1quina de tambor central y 8 colores. <\/p>\n","protected":false},"featured_media":387848,"comment_status":"closed","ping_status":"closed","template":"","meta":{"_acf_changed":false,"om_disable_all_campaigns":false},"year-of-production":[],"product_brand":[],"product_cat":[3766,3765,3773],"product_tag":[3767,4521,4506,4520,3770,4075],"class_list":{"0":"post-387816","1":"product","2":"type-product","3":"status-publish","4":"has-post-thumbnail","6":"product_cat-impresoras-flexograficas","7":"product_cat-impresoras-flexograficas-c-i-para-film","8":"product_cat-impresoras-flexograficas-c-i-para-papel","9":"product_tag-8-colores","10":"product_tag-anchura-maxima-de-impresion-820-mm","11":"product_tag-ano-2015","12":"product_tag-soma","13":"product_tag-tambor-central","14":"product_tag-velocidad-maxima-300-m-min","16":"first","17":"instock","18":"sold-individually","19":"shipping-taxable","20":"purchasable","21":"product-type-simple"},"acf":[],"_links":{"self":[{"href":"https:\/\/cbscompany.com\/es\/wp-json\/wp\/v2\/product\/387816","targetHints":{"allow":["GET"]}}],"collection":[{"href":"https:\/\/cbscompany.com\/es\/wp-json\/wp\/v2\/product"}],"about":[{"href":"https:\/\/cbscompany.com\/es\/wp-json\/wp\/v2\/types\/product"}],"replies":[{"embeddable":true,"href":"https:\/\/cbscompany.com\/es\/wp-json\/wp\/v2\/comments?post=387816"}],"wp:featuredmedia":[{"embeddable":true,"href":"https:\/\/cbscompany.com\/es\/wp-json\/wp\/v2\/media\/387848"}],"wp:attachment":[{"href":"https:\/\/cbscompany.com\/es\/wp-json\/wp\/v2\/media?parent=387816"}],"wp:term":[{"taxonomy":"year-of-production","embeddable":true,"href":"https:\/\/cbscompany.com\/es\/wp-json\/wp\/v2\/year-of-production?post=387816"},{"taxonomy":"product_brand","embeddable":true,"href":"https:\/\/cbscompany.com\/es\/wp-json\/wp\/v2\/product_brand?post=387816"},{"taxonomy":"product_cat","embeddable":true,"href":"https:\/\/cbscompany.com\/es\/wp-json\/wp\/v2\/product_cat?post=387816"},{"taxonomy":"product_tag","embeddable":true,"href":"https:\/\/cbscompany.com\/es\/wp-json\/wp\/v2\/product_tag?post=387816"}],"curies":[{"name":"wp","href":"https:\/\/api.w.org\/{rel}","templated":true}]}}