{"id":387815,"date":"2026-01-15T15:52:30","date_gmt":"2026-01-15T14:52:30","guid":{"rendered":"https:\/\/cbscompany.com\/machines\/sin%20categor\u00eda\/wh-triumph-3-anos-70-reformada-y-actualizada-en-perfecto-estado\/"},"modified":"2026-04-23T07:53:47","modified_gmt":"2026-04-23T06:53:47","slug":"wh-triumph-3-anos-70-reformada-y-actualizada-en-perfecto-estado","status":"publish","type":"product","link":"https:\/\/cbscompany.com\/es\/machines\/maquinas-para-fabricar-bolsas-de-papel\/maquinas-para-fabricar-bolsas-de-papel-sos\/wh-triumph-3-anos-70-reformada-y-actualizada-en-perfecto-estado\/","title":{"rendered":"W&amp;H Triumph 3 a\u00f1os 70 reformada y actualizada en perfecto estado"},"content":{"rendered":"<div class=\"wpb-content-wrapper\"><p>[vc_row content_placement=&#8221;top&#8221;][vc_column css=&#8221;.vc_custom_1532433256788{margin-right: 15px !important;}&#8221; offset=&#8221;vc_col-md-8&#8243;]\n\t\t<div id=\"wd-69847389e1c0b\" class=\"title-wrapper wd-wpb wd-set-mb reset-last-child  wd-rs-69847389e1c0b wd-title-color-default wd-title-style-default text-left vc_custom_1770288018064 wd-underline-colored\">\n\t\t\t\n\t\t\t<div class=\"liner-continer\">\n\t\t\t\t<h4 class=\"woodmart-title-container title  wd-font-weight-600 wd-fontsize-m\" >W&amp;H Triumph 3 a\u00f1os 70 reformada y actualizada en perfecto estado<\/h4>\n\t\t\t\t\t\t\t<\/div>\n\t\t\t\n\t\t\t\n\t\t\t\n\t\t<\/div>\n\t\t\n\t\t[vc_row_inner css=&#8221;.vc_custom_1628672714565{margin-bottom: 35px !important;border-bottom-width: 0px !important;padding-bottom: 25px !important;border-bottom-color: rgba(129,129,129,0.2) !important;border-bottom-style: solid !important;}&#8221; row_reverse_mobile=&#8221;0&#8243; row_reverse_tablet=&#8221;0&#8243;][vc_column_inner width=&#8221;1\/2&#8243; css=&#8221;.vc_custom_1532346102929{padding-top: 0px !important;}&#8221;][vc_column_text css=&#8221;&#8221; woodmart_inline=&#8221;no&#8221; text_larger=&#8221;no&#8221;]<\/p>\n<ul>\n<li aria-level=\"1\"><b>Marca: <\/b><b>W&amp;H<\/b><\/li>\n<li aria-level=\"1\"><b>Modelo: Triumph 3 S 1290<\/b><\/li>\n<li aria-level=\"1\"><b>A\u00f1o: alrededor de 1970<\/b><\/li>\n<li aria-level=\"1\"><span style=\"font-weight: 400;\">M\u00e1quina renovada con armario el\u00e9ctrico nuevo  <\/span><\/li>\n<li aria-level=\"1\"><span style=\"font-weight: 400;\">Bolsas de 2 pliegues<\/span><\/li>\n<li aria-level=\"1\"><span style=\"font-weight: 400;\">La m\u00e1quina funciona con 6 estaciones en el tambor inferior<\/span><\/li>\n<li aria-level=\"1\"><span style=\"font-weight: 400;\">Fotoc\u00e9lula para bobinas preimpresas<\/span><\/li>\n<li aria-level=\"1\"><span style=\"font-weight: 400;\">Anchura m\u00e1xima de la bobina: 1200 mm  <\/span><\/li>\n<li aria-level=\"1\"><span style=\"font-weight: 400;\">Anchura m\u00e1xima de paso del papel: 1020 mm<\/span><\/li>\n<li aria-level=\"1\"><span style=\"font-weight: 400;\">Velocidad m\u00e1x: 150 piezas\/min<\/span><\/li>\n<li aria-level=\"1\"><span style=\"font-weight: 400;\">Anchura de la bolsa: 120 &#8211; 260 mm<\/span><\/li>\n<li aria-level=\"1\"><span style=\"font-weight: 400;\">Longitud de corte m\u00edn-m\u00e1x: 250 &#8211; 900 mm<\/span><\/li>\n<li aria-level=\"1\"><span style=\"font-weight: 400;\">Fuelle m\u00edn.-m\u00e1x.: 70 &#8211; 180 mm<\/span><\/li>\n<\/ul>\n<ul>\n<li style=\"list-style-type: none;\">\n<\/li>\n<\/ul>\n<ul>\n<li style=\"list-style-type: none;\">\n<\/li>\n<\/ul>\n<p>[\/vc_column_text][\/vc_column_inner][vc_column_inner width=&#8221;1\/2&#8243; css=&#8221;.vc_custom_1532346106600{padding-top: 0px !important;}&#8221;][vc_column_text css=&#8221;&#8221; woodmart_inline=&#8221;no&#8221; text_larger=&#8221;no&#8221;]<\/p>\n<ul>\n<li style=\"font-weight: 400;\" aria-level=\"1\"><span style=\"font-weight: 400;\">Con fondo reforzado<\/span><\/li>\n<li style=\"font-weight: 400;\" aria-level=\"1\"><span style=\"font-weight: 400;\">Placas de conformaci\u00f3n incluidas: 12, 13, 13,5, 14, 15, 16, 17, 17,5 , 18, 18,5, 19, 19,5 (en tefl\u00f3n para aluminio, 20, 21,5, 24, 25, 26)<\/span><\/li>\n<li style=\"font-weight: 400;\" aria-level=\"1\"><span style=\"font-weight: 400;\">Marchas: 44, 45, 46, 47, 49, 50 (25 atr\u00e1s) 51, 53, 54 (27 atr\u00e1s ), 55, 56 (28 atr\u00e1s), 58, 60 (30 atr\u00e1s) , 64 (32 atr\u00e1s ), 65, 66 (33 atr\u00e1s), 68, 69, 70 (35 atr\u00e1s ), 71, 72, 74 (37 atr\u00e1s), 75, 76 (38 atr\u00e1s), 78, 79, 80, 82, 84 (42 atr\u00e1s), 86, 90  <\/span><\/li>\n<li style=\"font-weight: 400;\" aria-level=\"1\"><span style=\"font-weight: 400;\">Desbobinador con control autom\u00e1tico de la tensi\u00f3n  <\/span><\/li>\n<li style=\"font-weight: 400;\" aria-level=\"1\"><span style=\"font-weight: 400;\">Servomotor para accionamiento principal: 220\/380 V<\/span><\/li>\n<li style=\"font-weight: 400;\" aria-level=\"1\"><span style=\"font-weight: 400;\">Potencia: 17 kWh<\/span><\/li>\n<li style=\"font-weight: 400;\" aria-level=\"1\"><span style=\"font-weight: 400;\">Dimensiones totales: 12 x 4 x 2 m<\/span><\/li>\n<li style=\"font-weight: 400;\" aria-level=\"1\"><span style=\"font-weight: 400;\">Disponibilidad inmediata<\/span><\/li>\n<li style=\"font-weight: 400;\" aria-level=\"1\"><span style=\"font-weight: 400;\">Visible en producci\u00f3n  <\/span><\/li>\n<\/ul>\n<p>[\/vc_column_text][\/vc_column_inner][\/vc_row_inner][\/vc_column][vc_column offset=&#8221;vc_col-md-4&#8243;]\t\t\t<div class=\"info-box-wrapper\">\n\t\t\t\t<div id=\"wd-6968fb56da2dc\" class=\" wd-rs-6968fb56da2dc wd-info-box wd-wpb text-left box-icon-align-left box-style-shadow color-scheme- wd-bg-none wd-off-anim wpb_animate_when_almost_visible wpb_bounceIn bounceIn wd-anim-name_bounceIn wd-items-top \">\n\t\t\t\t\t\t\t\t\t\t<div class=\"info-box-content\">\n\t\t\t\t\t\t<div class=\"info-box-subtitle subtitle-color-default wd-fontsize-xs subtitle-style-default\">Acerca de W&amp;H Triumph 3 a\u00f1os 1970<\/div><h4 class=\"info-box-title title box-title-style-default wd-fontsize-m\">Informaci\u00f3n sobre la ubicaci\u00f3n<\/h4>\t\t\t\t\t\t<div class=\"info-box-inner reset-last-child\"><p>Disponible en la regi\u00f3n: <strong style=\"color: blue;\"><a href=\"https:\/\/cbscompany.com\/es\/mi-cuenta\/?redirect_to=%2Fes%2Fwp-json%2Fwp%2Fv2%2Fproduct%2F387815\" class=\"simplemodal-login\">Inicia sesi\u00f3n para ver la ubicaci\u00f3n<\/a><\/strong><\/p>\n<\/div>\n\n\t\t\t\t\t\t\t\t\t\t\t<\/div>\n\n\t\t\t\t\t\n\t\t\t\t\t<style>#wd-6968fb56da2dc .info-box-icon {background-color:  !important;}<\/style>\t\t\t\t<\/div>\n\t\t\t<\/div>\n\t\t[\/vc_column][\/vc_row]<\/p>\n<\/div>","protected":false},"excerpt":{"rendered":"<p>W&amp;H Triumph 3 a\u00f1os 70 es una m\u00e1quina SOS para fabricar bolsas de papel reformada y actualizada en perfecto estado desde los a\u00f1os 70. Es una m\u00e1quina de 2 pliegues equipada con fotoc\u00e9lula para bobinas preimpresas. <\/p>\n","protected":false},"featured_media":387846,"comment_status":"closed","ping_status":"closed","template":"","meta":{"_acf_changed":false,"om_disable_all_campaigns":false},"year-of-production":[],"product_brand":[],"product_cat":[4026,4041],"product_tag":[4480,4518,4517,4057,4165,4099,4096],"class_list":{"0":"post-387815","1":"product","2":"type-product","3":"status-publish","4":"has-post-thumbnail","6":"product_cat-maquinas-para-fabricar-bolsas-de-papel","7":"product_cat-maquinas-para-fabricar-bolsas-de-papel-sos","8":"product_tag-2-capas-2","9":"product_tag-ano-1970","10":"product_tag-reacondicionado","11":"product_tag-sos","12":"product_tag-triunfo-3","13":"product_tag-wh","14":"product_tag-windmoller-y-holscher","16":"first","17":"instock","18":"sold-individually","19":"shipping-taxable","20":"purchasable","21":"product-type-simple"},"acf":[],"_links":{"self":[{"href":"https:\/\/cbscompany.com\/es\/wp-json\/wp\/v2\/product\/387815","targetHints":{"allow":["GET"]}}],"collection":[{"href":"https:\/\/cbscompany.com\/es\/wp-json\/wp\/v2\/product"}],"about":[{"href":"https:\/\/cbscompany.com\/es\/wp-json\/wp\/v2\/types\/product"}],"replies":[{"embeddable":true,"href":"https:\/\/cbscompany.com\/es\/wp-json\/wp\/v2\/comments?post=387815"}],"wp:featuredmedia":[{"embeddable":true,"href":"https:\/\/cbscompany.com\/es\/wp-json\/wp\/v2\/media\/387846"}],"wp:attachment":[{"href":"https:\/\/cbscompany.com\/es\/wp-json\/wp\/v2\/media?parent=387815"}],"wp:term":[{"taxonomy":"year-of-production","embeddable":true,"href":"https:\/\/cbscompany.com\/es\/wp-json\/wp\/v2\/year-of-production?post=387815"},{"taxonomy":"product_brand","embeddable":true,"href":"https:\/\/cbscompany.com\/es\/wp-json\/wp\/v2\/product_brand?post=387815"},{"taxonomy":"product_cat","embeddable":true,"href":"https:\/\/cbscompany.com\/es\/wp-json\/wp\/v2\/product_cat?post=387815"},{"taxonomy":"product_tag","embeddable":true,"href":"https:\/\/cbscompany.com\/es\/wp-json\/wp\/v2\/product_tag?post=387815"}],"curies":[{"name":"wp","href":"https:\/\/api.w.org\/{rel}","templated":true}]}}