{"id":387806,"date":"2026-02-03T11:17:13","date_gmt":"2026-02-03T10:17:13","guid":{"rendered":"https:\/\/cbscompany.com\/machines\/sin%20categor\u00eda\/coextrusora-macchi-3-capas-ano-2005-2015\/"},"modified":"2026-04-06T11:14:41","modified_gmt":"2026-04-06T10:14:41","slug":"coextrusora-macchi-3-capas-ano-2005-2015","status":"publish","type":"product","link":"https:\/\/cbscompany.com\/es\/machines\/extrusoras\/extrusoras-de-pelicula-soplada\/coextrusora-macchi-3-capas-ano-2005-2015\/","title":{"rendered":"Coextrusora Macchi 3 capas, a\u00f1o 2005\/2015"},"content":{"rendered":"<div class=\"wpb-content-wrapper\"><p>[vc_row content_placement=&#8221;top&#8221;][vc_column css=&#8221;.vc_custom_1532433256788{margin-right: 15px !important;}&#8221; offset=&#8221;vc_col-md-8&#8243;]\n\t\t<div id=\"wd-6981c4d0ec3cc\" class=\"title-wrapper wd-wpb wd-set-mb reset-last-child  wd-rs-6981c4d0ec3cc wd-title-color-default wd-title-style-default text-left vc_custom_1770112216560 wd-underline-colored\">\n\t\t\t\n\t\t\t<div class=\"liner-continer\">\n\t\t\t\t<h4 class=\"woodmart-title-container title  wd-font-weight-600 wd-fontsize-m\" >Coextrusora Macchi 3 capas, a\u00f1o 2005\/2015<\/h4>\n\t\t\t\t\t\t\t<\/div>\n\t\t\t\n\t\t\t\n\t\t\t\n\t\t<\/div>\n\t\t\n\t\t[vc_row_inner css=&#8221;.vc_custom_1628672714565{margin-bottom: 35px !important;border-bottom-width: 0px !important;padding-bottom: 25px !important;border-bottom-color: rgba(129,129,129,0.2) !important;border-bottom-style: solid !important;}&#8221; row_reverse_mobile=&#8221;0&#8243; row_reverse_tablet=&#8221;0&#8243;][vc_column_inner width=&#8221;1\/2&#8243; css=&#8221;.vc_custom_1532346102929{padding-top: 0px !important;}&#8221;][vc_column_text css=&#8221;&#8221; woodmart_inline=&#8221;no&#8221; text_larger=&#8221;no&#8221;]<\/p>\n<ul>\n<li><b>Marca: Macchi<\/b><\/li>\n<li><b>A\u00f1o: 2005 (parte fr\u00eda)<\/b><\/li>\n<li><b>A\u00f1o: 2015 (parte caliente)<\/b><\/li>\n<li><span style=\"font-weight: 400;\">Parte caliente para la producci\u00f3n de la pel\u00edcula FFS pel\u00edcula de soplado equipada con :<\/span><\/li>\n<li><span style=\"font-weight: 400;\">N\u00ba 2 extrusoras Yeso 65\/30 D<\/span><\/li>\n<li><span style=\"font-weight: 400;\">N\u00ba 1 extrusora Yeso 90\/30 D y sistema gravim\u00e9trico<\/span><\/li>\n<li><span style=\"font-weight: 400;\">Tubular y monocapa<\/span><\/li>\n<li><span style=\"font-weight: 400;\">Materiales: LDPE, LLDPE, HDPE, MDPE, mLLDPE<\/span><\/li>\n<li><span style=\"font-weight: 400;\">Hueco del troquel y relacionado (medido en fr\u00edo)<\/span><span style=\"font-weight: 400;\">: 180 mm; 2,4 mm <\/span> <\/li>\n<li><span style=\"font-weight: 400;\">Espesor m\u00ednimo-m\u00e1ximo de la pel\u00edcula: 20-200 my<\/span><span style=\"font-weight: 400;\"> <\/span><\/li>\n<li><span style=\"font-weight: 400;\">Anchura m\u00edn.-m\u00e1x. de la l\u00e1mina (con BUR de 1,8 a 3): m\u00edn.L-330 mm \/ m\u00e1x.L1100 mm &#8211; cierre m\u00ednimo de la gu\u00eda de burbujas 330 mm<\/span><\/li>\n<li><span style=\"font-weight: 400;\">B<\/span><span style=\"font-weight: 400;\">Distribuci\u00f3n por capas<\/span><span style=\"font-weight: 400;\">: A 20%; B 60%; C 20%<\/span><\/li>\n<li><span style=\"font-weight: 400;\">Velocidad del tornillo de la extrusora: extrusora A 0 &#8211; 170 RPM; extrusora B 0 &#8211; 110 RPM; extrusora C 0 &#8211; 170 RPM<\/span><\/li>\n<li><span style=\"font-weight: 400;\">Anchura y grosor de referencia: 550 mm, 150 my  <\/span><\/li>\n<li><span style=\"font-weight: 400;\">N\u00ba 1 Unidad de coextrusi\u00f3n COEX flex espec\u00edfica para el FFS<\/span><\/li>\n<li><b>N\u00ba 2 Extrusora monohusillo de alto rendimiento tipo 65\/30D<\/b><\/li>\n<li><span style=\"font-weight: 400;\">Caracter\u00edsticas t\u00e9cnicas :  <\/span><\/li>\n<li><span style=\"font-weight: 400;\">Di\u00e1metro del husillo de extrusi\u00f3n 65 mm, relaci\u00f3n L\/D 30:1, velocidad del husillo 170 rpm, potencia del motor 86Kw, 4 zonas de calentamiento<\/span><\/li>\n<li><b>N\u00ba 2 Motores de CA  <\/b><span style=\"font-weight: 400;\">Kw 86 con convertidor de frecuencia digital. Ventaja: menor consumo de energ\u00eda, mantenimiento m\u00ednimo gracias a la ausencia de escobillas en el motor, sin necesidad de correcci\u00f3n del factor de potencia el\u00e9ctrica (COS \u03c6), reducci\u00f3n de los arm\u00f3nicos el\u00e9ctricos.   <\/span><\/li>\n<li><b>N\u00ba 2 Cambio de filtro y di\u00e1metro del yeso<\/b><span style=\"font-weight: 400;\">  65 mm . Movimiento hidr\u00e1ulico manual atornillado directamente a los terminales de la brida de la extrusora <\/span><\/li>\n<li><b>N\u00ba 1 Extrusora monohusillo de alto rendimiento tipo 90\/30D<\/b><\/li>\n<li><span style=\"font-weight: 400;\">Extrusora horizontal, con altura de husillo reducida desde el nivel del suelo y montada sobre ruedas para compensar la dilataci\u00f3n t\u00e9rmica  <\/span><\/li>\n<li><span style=\"font-weight: 400;\">Caracter\u00edsticas t\u00e9cnicas: Di\u00e1metro del husillo de extrusi\u00f3n 90 mm, relaci\u00f3n L\/D 30:1, velocidad del husillo 110 rpm, potencia del motor 145Kw, no. 5 zonas de calentamiento,<\/span><\/li>\n<li><b>N\u00ba 1 Motor CA Kw 120 <\/b><span style=\"font-weight: 400;\">completado<\/span> <span style=\"font-weight: 400;\">con convertidor de frecuencia digital, ventajas: menor consumo de energ\u00eda, mantenimiento m\u00ednimo al no haber escobillas en el motor. <\/span> <\/li>\n<li><b>N\u00ba 1 Cambiador de filtros de placas , di\u00e1. 90 mm, movimiento hidr\u00e1ulico manual <\/b><\/li>\n<li><b>N\u00ba 1 Coex flex TE502 IBC FFS 3 l<\/b><span style=\"font-weight: 400;\">cabezal coextrusor fijo ayer . La tecnolog\u00eda innovadora es el bajo volumen de material que contiene: aproximadamente un 40% menos, lo que hace que los cambios de material sean m\u00e1s r\u00e1pidos y el sistema m\u00e1s flexible. Completo con: di\u00e1metro de 180 mm, separaci\u00f3n entre matrices de 1,8 mm, calefacci\u00f3n dividida en zonas, todas ellas con bandas calefactoras cer\u00e1micas.     <\/span><\/li>\n<li><b>N\u00ba 1 Tipo de control de refrigeraci\u00f3n interna (CIB) <\/b><span style=\"font-weight: 400;\">JET 6 integrado en el panel de control principal comprende : no. 1 v\u00e1lvula + 1 sensor ultras\u00f3nico , 1 ventilador de aspiraci\u00f3n 11 kw, 1 ventilador de extracci\u00f3n 11 Kw, control de velocidad.<\/span><\/li>\n<li><b>Panel de control de coextrusi\u00f3n compacto n.\u00ba 1<\/b><span style=\"font-weight: 400;\"> completo con termostato digital de zona , n\u00ba 1 man\u00f3metro, n\u00ba 1 medidor de temperatura para cada extrusora , rel\u00e9s est\u00e1ticos<\/span><\/li>\n<li><b>Sensor ultras\u00f3nico n\u00ba 1 para la rotura de burbujas instalado en la gu\u00eda de burbujas  <\/b><\/li>\n<li><b>N\u00ba 1 Difusor progresivo IBC de alta eficiencia <\/b><span style=\"font-weight: 400;\">con tubo extralargo (antibloqueo) y salida de aire adicional en la parte superior<\/span><\/li>\n<li><b>N\u00ba 1 Recargo por 3 sensores adicionales para el sistema ultras\u00f3nico IBC<\/b><\/li>\n<li><b>N\u00ba 1 Temporizador para microinterrupciones<\/b><\/li>\n<li><b>N\u00ba 1 Unidad de refrigeraci\u00f3n independiente para Coex de 3 capas de tama\u00f1o medio<\/b><\/li>\n<li><b>No. 1 Gu\u00eda de burbujas sin marcas GSRC 1150\/8-5,<\/b><span style=\"font-weight: 400;\"> 5 niveles de 8 brazos sincronizados, con rodillos especiales, Apertura y cierre motorizados con mando a distancia, Ajuste de altura motorizado con mando a distancia, Sistema de aire acondicionado para <\/span> <\/li>\n<li><b>N\u00ba 1 enfriando el aire y el IBC. ABF DUE 40\/15.   <\/b><span style=\"font-weight: 400;\">Caracter\u00edsticas del sistema de refrigeraci\u00f3n: Capacidad de refrigeraci\u00f3n: 76.000 kcal\/h; Potencia absorbida: 17 kW, Caudal de aire m\u00edn.\/m\u00e1x.: 1.500 \/ 4.000 m\u00b3\/h, Temperatura ambiente m\u00e1x: 40\u00b0C, Humedad relativa m\u00e1xima: 60%, Rango de temperatura del aire de salida: 8-20\u00b0C, Agua de refrigeraci\u00f3n: m\u00ednimo 25-30\u00b0C; caudal 18 m\u00b3\/h<\/span><\/li>\n<li><b>N\u00ba 1 Aislamiento de tuber\u00edas: \u00d8 18 mm 210 y 150 mm para anillo e IBC <\/b><span style=\"font-weight: 400;\">Longitud m\u00e1xima 12+12 m<\/span><\/li>\n<\/ul>\n<p>[\/vc_column_text][\/vc_column_inner][vc_column_inner width=&#8221;1\/2&#8243; css=&#8221;.vc_custom_1532346106600{padding-top: 0px !important;}&#8221;][vc_column_text css=&#8221;&#8221; woodmart_inline=&#8221;no&#8221; text_larger=&#8221;no&#8221;]<\/p>\n<ul>\n<li style=\"font-weight: 400;\" aria-level=\"1\"><b>N\u00ba 3 Dosificador gravim\u00e9trico para lotes de 6 componentes &#8220;Grado&#8221; <\/b><span style=\"font-weight: 400;\">Incluido el ajuste de la extrusora, Unidad de dosificaci\u00f3n gravim\u00e9trica para lotes de 6 componentes:<\/span><\/li>\n<li style=\"font-weight: 400;\" aria-level=\"1\"><b>N\u00ba 1 Easy Control plus &#8211; m\u00f3dulo S3<\/b><\/li>\n<li style=\"font-weight: 400;\" aria-level=\"1\"><b>N\u00ba 1 Cojinete de rotaci\u00f3n &#8211; M\u00f3dulo S4 uo a dial. 1800 mm <\/b><\/li>\n<li style=\"font-weight: 400;\" aria-level=\"1\"><b>N\u00ba 1 KARAT COM 3 Anillo Autom\u00e1tico con Control de Perfil Integrado<\/b><\/li>\n<li style=\"font-weight: 400;\" aria-level=\"1\"><b>N\u00ba 1 Par de paneles especiales para ST 199 &#8211; 2400 &#8211; <\/b><span style=\"font-weight: 400;\">Paneles mixtos de aluminio y tefl\u00f3n, con posibilidad de insertar uno u otro.<\/span><\/li>\n<li style=\"font-weight: 400;\" aria-level=\"1\"><b>N\u00ba 1 Suplemento para cubrir los rodillos con calcet\u00edn t\u00e9rmico y para alta velocidad (2400 mm)  <\/b><\/li>\n<li style=\"font-weight: 400;\" aria-level=\"1\"><span style=\"font-weight: 400;\">Velocidad mec\u00e1nica de la bobinadora: de 7 a 110 m\/min<\/span><\/li>\n<li style=\"font-weight: 400;\" aria-level=\"1\"><span style=\"font-weight: 400;\">Anchura m\u00e1xima de paso de la pel\u00edcula en las bobinadoras 1150 mm<\/span><\/li>\n<li style=\"font-weight: 400;\" aria-level=\"1\"><span style=\"font-weight: 400;\">N\u00facleos de cart\u00f3n para bobinas: di\u00e1metros interiores 76 mm y 152 mm<\/span><\/li>\n<li style=\"font-weight: 400;\" aria-level=\"1\"><span style=\"font-weight: 400;\">Altura total de la planta 12 m (recomendado)<\/span><\/li>\n<li style=\"font-weight: 400;\" aria-level=\"1\"><span style=\"font-weight: 400;\">Tensi\u00f3n el\u00e9ctrica: 400 V trif\u00e1sica + neutro<\/span><\/li>\n<li style=\"font-weight: 400;\" aria-level=\"1\"><span style=\"font-weight: 400;\">Potencia instalada: 230 kW<\/span><\/li>\n<li style=\"font-weight: 400;\" aria-level=\"1\"><span style=\"font-weight: 400;\">Consumo de agua de refrigeraci\u00f3n 48 l\/min<\/span><\/li>\n<li style=\"font-weight: 400;\" aria-level=\"1\"><span style=\"font-weight: 400;\">Presi\u00f3n del aire comprimido: 6 bar<\/span><\/li>\n<li style=\"font-weight: 400;\" aria-level=\"1\"><b>N\u00ba 1 ST 199 ROTO-1200 Unidad de planchado oscilante- Anchura del cilindro 1200 mm , Anchura del paso de la pel\u00edcula: 1100 mm  <\/b><\/li>\n<li style=\"font-weight: 400;\" aria-level=\"1\"><span style=\"font-weight: 400;\">Rotaci\u00f3n de 360\u00b0 de la unidad de planchado con velocidad variable, con barras direccionales compuestas por: 2 cilindros locos de \u00e1ngulo variable, 2 cilindros fijos de \u00e1ngulo variable recubiertos de tefl\u00f3n con lapeado de aire para reducir la fricci\u00f3n de la pel\u00edcula, conectados por una sola unidad de sincronizaci\u00f3n. Posicionamiento cero autom\u00e1tico para facilitar la introducci\u00f3n de la pel\u00edcula. Todos los cilindros est\u00e1n equilibrados din\u00e1micamente hasta una velocidad de 170 m\/min.  <\/span><\/li>\n<li style=\"font-weight: 400;\" aria-level=\"1\"><b>N\u00ba 1 Par de paneles Para ST 199-1200, rodillos de aluminio de marcha libre sobre cojinetes<\/b><\/li>\n<li style=\"font-weight: 400;\" aria-level=\"1\"><b>N\u00ba 1 Suplemento Para Rodillos Recubiertos Con Funda T\u00e9rmica <\/b><span style=\"font-weight: 400;\">y para alta velocidad &#8211; (mesa de 1200 mm)<\/span><\/li>\n<li style=\"font-weight: 400;\" aria-level=\"1\"><b>Tri\u00e1ngulos laterales de madera est\u00e1ndar n\u00ba 1  <\/b><span style=\"font-weight: 400;\">Altura 1500 mm para guiado de la pel\u00edcula y cartelas. Completa con soportes de fundici\u00f3n ajustables en 2 direcciones. <\/span><\/li>\n<li style=\"font-weight: 400;\" aria-level=\"1\"><span style=\"font-weight: 400;\">N\u00ba 1 Gu\u00eda de burbujas &#8211; versi\u00f3n no marcadora GSRC1150\/8-5-1500 , 5 niveles de 8 brazos sincronizados , con rodillos especiales , apertura y cierre motorizados con mando a distancia.<\/span><\/li>\n<li style=\"font-weight: 400;\" aria-level=\"1\"><b>N\u00ba 1 N\u00ba 1 BO PLUS\/D 1200 enrolladora doble autom\u00e1tica con 2 estaciones<\/b><\/li>\n<li style=\"font-weight: 400;\" aria-level=\"1\"><span style=\"font-weight: 400;\">Cambio autom\u00e1tico de bobina al alcanzar la longitud predeterminada Descarga hidr\u00e1ulica de bobinas acabadas Di\u00e1metro m\u00e1ximo de la bobina: 1200 mm en relaci\u00f3n con su peso Control de la presi\u00f3n de contacto ajustable y constante mediante LPC neum\u00e1tico con movimiento lineal &#8211; Control electr\u00f3nico de la tensi\u00f3n de bobinado con c\u00e9lulas de carga &#8211; Almac\u00e9n para carga autom\u00e1tica de hasta: 4 ejes expansibles, DE 76 mm o (precio aparte) 4 ejes expansibles, DE 150 mm &#8211;<\/span><\/li>\n<li style=\"font-weight: 400;\" aria-level=\"1\"><b>N\u00ba 1 versi\u00f3n especial BO-PLUS para rollo jumbo de di\u00e1metro 1500<\/b><\/li>\n<li style=\"font-weight: 400;\" aria-level=\"1\"><b>N\u00ba 2 Sistema de carga EASY LOAD  <\/b><span style=\"font-weight: 400;\">Para cargar el eje de bobinado. Este sistema permite la colocaci\u00f3n autom\u00e1tica de ejes completos con n\u00facleos de cart\u00f3n preencolados en el almac\u00e9n.El equipo no incluye el elevador de ejes, los ejes, que se ofrecer\u00e1n por separado. <\/span><\/li>\n<li style=\"font-weight: 400;\" aria-level=\"1\"><b>Aplicaci\u00f3n de la c\u00e9lula de carga n\u00ba 1 antes de la calandria  <\/b><\/li>\n<li style=\"font-weight: 400;\" aria-level=\"1\"><b>Embellecedor anular n\u00ba 1 SISTEMA DE EVACUACI\u00d3N (s\u00f3lo piezas gu\u00eda del embellecedor)<\/b><\/li>\n<li style=\"font-weight: 400;\" aria-level=\"1\"><b>Eje expansible neum\u00e1tico n.\u00ba 1, di\u00e1m. 76 para BO PLUS 1200, aluminio <\/b><\/li>\n<li style=\"font-weight: 400;\" aria-level=\"1\"><span style=\"font-weight: 400;\">No<\/span><b>. 1 eje expansible neum\u00e1tico, di\u00e1m. 152 para BO PLUS 1200 de aluminio <\/b><\/li>\n<li style=\"font-weight: 400;\" aria-level=\"1\"><b>N\u00ba 1 tratamiento corona 1200 incluido generador (electrodos de 10 mm) ep-Stop gen. 10 kW<\/b><\/li>\n<li style=\"font-weight: 400;\" aria-level=\"1\"><b>N\u00ba 1 gu\u00eda autom\u00e1tica BST Web &#8211; 1200  <\/b><span style=\"font-weight: 400;\">Estructura de guiado de la banda con motor paso a paso controlado por dos sensores ultras\u00f3nicos y un amplificador. Opci\u00f3n de guiado por el borde derecho\/izquierdo\/medio <\/span><\/li>\n<li style=\"font-weight: 400;\" aria-level=\"1\"><b>Sistema de aire acondicionado dual n\u00ba 1 AC40\/15PW &#8211; M\u00e1x. 35&#8243; <\/b><span style=\"font-weight: 400;\">  Unidad de torre refrigerada por agua. El agua de refrigeraci\u00f3n no est\u00e1 incluida (se necesita una unidad adicional). <\/span><\/li>\n<li style=\"font-weight: 400;\" aria-level=\"1\"><span style=\"font-weight: 400;\">N\u00ba 1 aislamiento de tubos di\u00e1m. 210 y 150 mm para anillo e IBC longitud m\u00e1x. 12+12 metros    <\/span><\/li>\n<li style=\"font-weight: 400;\" aria-level=\"1\"><span style=\"font-weight: 400;\">Predisposici\u00f3n gravim\u00e9trica n\u00ba 1  <\/span><\/li>\n<li style=\"font-weight: 400;\" aria-level=\"1\"><span style=\"font-weight: 400;\">Peso aprox.: 30 toneladas<\/span><\/li>\n<li style=\"font-weight: 400;\" aria-level=\"1\"><b>Torre excluida<\/b><\/li>\n<li style=\"font-weight: 400;\" aria-level=\"1\"><span style=\"font-weight: 400;\">Visible en producci\u00f3n<\/span><\/li>\n<li style=\"font-weight: 400;\" aria-level=\"1\"><span style=\"font-weight: 400;\">Disponibilidad inmediata<\/span><\/li>\n<\/ul>\n<p>[\/vc_column_text][\/vc_column_inner][\/vc_row_inner][\/vc_column][vc_column offset=&#8221;vc_col-md-4&#8243;]\t\t\t<div class=\"info-box-wrapper\">\n\t\t\t\t<div id=\"wd-6981c4dc4dfb7\" class=\" wd-rs-6981c4dc4dfb7 wd-info-box wd-wpb text-left box-icon-align-left box-style-shadow color-scheme- wd-bg-none wd-off-anim wpb_animate_when_almost_visible wpb_bounceIn bounceIn wd-anim-name_bounceIn wd-items-top \">\n\t\t\t\t\t\t\t\t\t\t<div class=\"info-box-content\">\n\t\t\t\t\t\t<div class=\"info-box-subtitle subtitle-color-default wd-fontsize-xs subtitle-style-default\">Acerca de la coextrusora Macchi de 3 capas, a\u00f1o 2005\/2015<\/div><h4 class=\"info-box-title title box-title-style-default wd-fontsize-m\">Informaci\u00f3n sobre la ubicaci\u00f3n<\/h4>\t\t\t\t\t\t<div class=\"info-box-inner reset-last-child\"><p>Disponible en la regi\u00f3n: <strong style=\"color: blue;\"><a href=\"https:\/\/cbscompany.com\/es\/mi-cuenta\/?redirect_to=%2Fes%2Fwp-json%2Fwp%2Fv2%2Fproduct%2F387806\" class=\"simplemodal-login\">Inicia sesi\u00f3n para ver la ubicaci\u00f3n<\/a><\/strong><\/p>\n<\/div>\n\n\t\t\t\t\t\t\t\t\t\t\t<\/div>\n\n\t\t\t\t\t\n\t\t\t\t\t<style>#wd-6981c4dc4dfb7 .info-box-icon {background-color:  !important;}<\/style>\t\t\t\t<\/div>\n\t\t\t<\/div>\n\t\t[\/vc_column][\/vc_row]<\/p>\n<\/div>","protected":false},"excerpt":{"rendered":"<p>Macchi a\u00f1o 2005 parte fr\u00eda y 2015 par caliente es una coextrusora de 3 capas est\u00e1 dise\u00f1ada para trabajar con  <span style=\"font-weight: 400;\">Materiales LDPE, LLDPE, HDPE, MDPE, mLLDPE, espesores de 20 a 200 my. Est\u00e1 equipada con una bobinadora autom\u00e1tica doble BO PLUS\/D 1200 de 2 estaciones.  Visible en producci\u00f3n y disponible inmediatamente<\/span><\/p>\n","protected":false},"featured_media":387809,"comment_status":"closed","ping_status":"closed","template":"","meta":{"_acf_changed":false,"om_disable_all_campaigns":false},"year-of-production":[],"product_brand":[],"product_cat":[4187,4240],"product_tag":[4513,4055,4506,4509,4415,4150,4504,4242,4505,4511,4244],"class_list":{"0":"post-387806","1":"product","2":"type-product","3":"status-publish","4":"has-post-thumbnail","6":"product_cat-extrusoras","7":"product_cat-extrusoras-de-pelicula-soplada","8":"product_tag-3-leyes","9":"product_tag-ano-2005","10":"product_tag-ano-2015","11":"product_tag-coextrusora","12":"product_tag-hdpe","13":"product_tag-ldpe","14":"product_tag-lldpe","15":"product_tag-macchi","16":"product_tag-mdpe","17":"product_tag-mlldpe","18":"product_tag-pelicula-soplada","20":"first","21":"instock","22":"sold-individually","23":"shipping-taxable","24":"purchasable","25":"product-type-simple"},"acf":[],"_links":{"self":[{"href":"https:\/\/cbscompany.com\/es\/wp-json\/wp\/v2\/product\/387806","targetHints":{"allow":["GET"]}}],"collection":[{"href":"https:\/\/cbscompany.com\/es\/wp-json\/wp\/v2\/product"}],"about":[{"href":"https:\/\/cbscompany.com\/es\/wp-json\/wp\/v2\/types\/product"}],"replies":[{"embeddable":true,"href":"https:\/\/cbscompany.com\/es\/wp-json\/wp\/v2\/comments?post=387806"}],"wp:featuredmedia":[{"embeddable":true,"href":"https:\/\/cbscompany.com\/es\/wp-json\/wp\/v2\/media\/387809"}],"wp:attachment":[{"href":"https:\/\/cbscompany.com\/es\/wp-json\/wp\/v2\/media?parent=387806"}],"wp:term":[{"taxonomy":"year-of-production","embeddable":true,"href":"https:\/\/cbscompany.com\/es\/wp-json\/wp\/v2\/year-of-production?post=387806"},{"taxonomy":"product_brand","embeddable":true,"href":"https:\/\/cbscompany.com\/es\/wp-json\/wp\/v2\/product_brand?post=387806"},{"taxonomy":"product_cat","embeddable":true,"href":"https:\/\/cbscompany.com\/es\/wp-json\/wp\/v2\/product_cat?post=387806"},{"taxonomy":"product_tag","embeddable":true,"href":"https:\/\/cbscompany.com\/es\/wp-json\/wp\/v2\/product_tag?post=387806"}],"curies":[{"name":"wp","href":"https:\/\/api.w.org\/{rel}","templated":true}]}}