{"id":387736,"date":"2026-01-27T13:57:05","date_gmt":"2026-01-27T12:57:05","guid":{"rendered":"https:\/\/cbscompany.com\/machines\/sin%20categor\u00eda\/scae-dimatic-471-cpu-66-ano-2008\/"},"modified":"2026-04-06T11:14:21","modified_gmt":"2026-04-06T10:14:21","slug":"scae-dimatic-471-cpu-66-ano-2008","status":"publish","type":"product","link":"https:\/\/cbscompany.com\/es\/machines\/soldadoras-de-plastico\/scae-dimatic-471-cpu-66-ano-2008\/","title":{"rendered":"Scae Dimatic 471 CPU 66 a\u00f1o 2008"},"content":{"rendered":"<div class=\"wpb-content-wrapper\"><p>[vc_row content_placement=&#8221;top&#8221;][vc_column css=&#8221;.vc_custom_1532433256788{margin-right: 15px !important;}&#8221; offset=&#8221;vc_col-md-8&#8243;]\n\t\t<div id=\"wd-6978b4440b811\" class=\"title-wrapper wd-wpb wd-set-mb reset-last-child  wd-rs-6978b4440b811 wd-title-color-default wd-title-style-default text-left vc_custom_1769518155131 wd-underline-colored\">\n\t\t\t\n\t\t\t<div class=\"liner-continer\">\n\t\t\t\t<h4 class=\"woodmart-title-container title  wd-font-weight-600 wd-fontsize-m\" >Scae Dimatic 471 CPU 66 a\u00f1o 2008<\/h4>\n\t\t\t\t\t\t\t<\/div>\n\t\t\t\n\t\t\t\n\t\t\t\n\t\t<\/div>\n\t\t\n\t\t[vc_row_inner css=&#8221;.vc_custom_1628672714565{margin-bottom: 35px !important;border-bottom-width: 0px !important;padding-bottom: 25px !important;border-bottom-color: rgba(129,129,129,0.2) !important;border-bottom-style: solid !important;}&#8221; row_reverse_mobile=&#8221;0&#8243; row_reverse_tablet=&#8221;0&#8243;][vc_column_inner width=&#8221;1\/2&#8243; css=&#8221;.vc_custom_1532346102929{padding-top: 0px !important;}&#8221;][vc_column_text css=&#8221;&#8221; woodmart_inline=&#8221;no&#8221; text_larger=&#8221;no&#8221;]<\/p>\n<ul>\n<li aria-level=\"1\"><b>Marca: Scae<\/b><\/li>\n<li aria-level=\"1\"><b>Modelo: Dimatic 471 CPU 66<\/b><\/li>\n<li aria-level=\"1\"><b>A\u00f1o: 2008<\/b><\/li>\n<li aria-level=\"1\"><span style=\"font-weight: 400;\">Para la fabricaci\u00f3n de bolsas de pan y bolsas con agujeros en el fuelle, tambi\u00e9n con asa en la parte superior<\/span><\/li>\n<li aria-level=\"1\"><span style=\"font-weight: 400;\">Materiales: LDPE, CPP<\/span><\/li>\n<li aria-level=\"1\"><span style=\"font-weight: 400;\">Anchura m\u00e1xima de la bolsa: 600 mm<\/span><\/li>\n<li aria-level=\"1\"><span style=\"font-weight: 400;\">Longitud m\u00ednima &#8211; m\u00e1xima de la bolsa: (100) 120 &#8211; 350 mm<\/span><\/li>\n<li aria-level=\"1\"><span style=\"font-weight: 400;\">Control por PLC: CPU central Robox, 5 servomotores para 5 ejes principales (barra de sellado, molinete, rodillo de tracci\u00f3n principal, rodillo de tracci\u00f3n auxiliar, apilador)<\/span><\/li>\n<li aria-level=\"1\"><span style=\"font-weight: 400;\">Barra de sellado: 660 mm  <\/span><\/li>\n<li aria-level=\"1\"><span style=\"font-weight: 400;\">Disponibilidad de dos barras de sellado puente completo y perfil de sellado f\u00e1cil cambio, tambi\u00e9n un perfil de sellado de repuesto, s\u00f3lo metal. El propietario produce LDPE30-60\u03bcm y CPP30-60\u03bcm una barra de cada material. <\/span><\/li>\n<li aria-level=\"1\"><span style=\"font-weight: 400;\">Control motorizado de la tensi\u00f3n en el desbobinador, control de la tensi\u00f3n de la pel\u00edcula en la m\u00e1quina principal con motores servoaccionados, f\u00e1cilmente ajustables desde la HMI. Con gu\u00eda de banda FIFE <\/span><\/li>\n<li aria-level=\"1\"><span style=\"font-weight: 400;\">Plegado en V con movimiento motorizado desde el panel de control<\/span><\/li>\n<li aria-level=\"1\"><span style=\"font-weight: 400;\">Gusseter con placa y rueda<\/span><\/li>\n<\/ul>\n<p>[\/vc_column_text][\/vc_column_inner][vc_column_inner width=&#8221;1\/2&#8243; css=&#8221;.vc_custom_1532346106600{padding-top: 0px !important;}&#8221;][vc_column_text css=&#8221;&#8221; woodmart_inline=&#8221;no&#8221; text_larger=&#8221;no&#8221;]<\/p>\n<ul>\n<li style=\"font-weight: 400;\" aria-level=\"1\"><span style=\"font-weight: 400;\">Perforaci\u00f3n longitudinal<\/span><\/li>\n<li style=\"font-weight: 400;\" aria-level=\"1\"><span style=\"font-weight: 400;\">Perforadora con punz\u00f3n de seguridad<\/span><\/li>\n<li style=\"font-weight: 400;\" aria-level=\"1\"><span style=\"font-weight: 400;\">Contador de bolsas  <\/span><\/li>\n<li style=\"font-weight: 400;\" aria-level=\"1\"><span style=\"font-weight: 400;\">Elevaci\u00f3n hidr\u00e1ulica de rodillos<\/span><\/li>\n<li style=\"font-weight: 400;\" aria-level=\"1\"><span style=\"font-weight: 400;\">Presealer<\/span><\/li>\n<li style=\"font-weight: 400;\" aria-level=\"1\"><span style=\"font-weight: 400;\">Bloque para agujeros en fuelle<\/span><\/li>\n<li style=\"font-weight: 400;\" aria-level=\"1\"><span style=\"font-weight: 400;\">4 barras antiest\u00e1ticas simco<\/span><\/li>\n<li style=\"font-weight: 400;\" aria-level=\"1\"><span style=\"font-weight: 400;\">F\u00e1cil apertura de la barra de sellado para su mantenimiento y limpieza<\/span><\/li>\n<li style=\"font-weight: 400;\" aria-level=\"1\"><span style=\"font-weight: 400;\">Sistema MooG del motor de accionamiento<\/span><\/li>\n<li style=\"font-weight: 400;\" aria-level=\"1\"><span style=\"font-weight: 400;\">Bomba de vac\u00edo para molino de viento  <\/span><\/li>\n<li style=\"font-weight: 400;\" aria-level=\"1\"><span style=\"font-weight: 400;\">Recolector de chatarra  <\/span><\/li>\n<li style=\"font-weight: 400;\" aria-level=\"1\"><span style=\"font-weight: 400;\">Unidad enfriadora no disponible (el propietario utiliza un sistema central de refrigeraci\u00f3n por agua), el comprador necesita instalar una unidad enfriadora de agua de 1-2 KW  <\/span><\/li>\n<li style=\"font-weight: 400;\" aria-level=\"1\"><span style=\"font-weight: 400;\">Velocidad m\u00e1xima de producci\u00f3n: 300 ciclos\/minuto (para las bolsas de pan el cliente utiliza una velocidad de 220 ciclos\/minuto)<\/span><\/li>\n<li style=\"font-weight: 400;\" aria-level=\"1\"><span style=\"font-weight: 400;\">Visible en producci\u00f3n<\/span><\/li>\n<li style=\"font-weight: 400;\" aria-level=\"1\"><span style=\"font-weight: 400;\">Disponibilidad inmediata<\/span><\/li>\n<\/ul>\n<p>[\/vc_column_text][\/vc_column_inner][\/vc_row_inner][\/vc_column][vc_column offset=&#8221;vc_col-md-4&#8243;]\t\t\t<div class=\"info-box-wrapper\">\n\t\t\t\t<div id=\"wd-6978b456de8a2\" class=\" wd-rs-6978b456de8a2 wd-info-box wd-wpb text-left box-icon-align-left box-style-shadow color-scheme- wd-bg-none wd-off-anim wpb_animate_when_almost_visible wpb_bounceIn bounceIn wd-anim-name_bounceIn wd-items-top \">\n\t\t\t\t\t\t\t\t\t\t<div class=\"info-box-content\">\n\t\t\t\t\t\t<div class=\"info-box-subtitle subtitle-color-default wd-fontsize-xs subtitle-style-default\">Acerca de Scae Dimatic 471 CPU 66 a\u00f1o 2008<\/div><h4 class=\"info-box-title title box-title-style-default wd-fontsize-m\">Informaci\u00f3n sobre la ubicaci\u00f3n<\/h4>\t\t\t\t\t\t<div class=\"info-box-inner reset-last-child\"><p>Disponible en la regi\u00f3n: <strong style=\"color: blue;\"><a href=\"https:\/\/cbscompany.com\/es\/mi-cuenta\/?redirect_to=%2Fes%2Fwp-json%2Fwp%2Fv2%2Fproduct%2F387736\" class=\"simplemodal-login\">Inicia sesi\u00f3n para ver la ubicaci\u00f3n<\/a><\/strong><\/p>\n<\/div>\n\n\t\t\t\t\t\t\t\t\t\t\t<\/div>\n\n\t\t\t\t\t\n\t\t\t\t\t<style>#wd-6978b456de8a2 .info-box-icon {background-color:  !important;}<\/style>\t\t\t\t<\/div>\n\t\t\t<\/div>\n\t\t[\/vc_column][\/vc_row]<\/p>\n<\/div>","protected":false},"excerpt":{"rendered":"<p>Scae Dimatic 471 CPU 66 a\u00f1o 2008 es una m\u00e1quina de soldadura de pl\u00e1stico para la producci\u00f3n de las bolsas de pan y bolsas con agujeros en el fuelle. La m\u00e1quina trabaja con LDPE y CPP. <\/p>\n","protected":false},"featured_media":387761,"comment_status":"closed","ping_status":"closed","template":"","meta":{"_acf_changed":false,"om_disable_all_campaigns":false},"year-of-production":[],"product_brand":[],"product_cat":[4082],"product_tag":[4171,4152,4499,4150,4498,4500],"class_list":{"0":"post-387736","1":"product","2":"type-product","3":"status-publish","4":"has-post-thumbnail","6":"product_cat-soldadoras-de-plastico","7":"product_tag-ano-2008","8":"product_tag-cpp","9":"product_tag-dimatic-471-cpu-66","10":"product_tag-ldpe","11":"product_tag-maquina-de-soldadura-plastica","12":"product_tag-s-c-a-e","14":"first","15":"instock","16":"sold-individually","17":"shipping-taxable","18":"purchasable","19":"product-type-simple"},"acf":[],"_links":{"self":[{"href":"https:\/\/cbscompany.com\/es\/wp-json\/wp\/v2\/product\/387736","targetHints":{"allow":["GET"]}}],"collection":[{"href":"https:\/\/cbscompany.com\/es\/wp-json\/wp\/v2\/product"}],"about":[{"href":"https:\/\/cbscompany.com\/es\/wp-json\/wp\/v2\/types\/product"}],"replies":[{"embeddable":true,"href":"https:\/\/cbscompany.com\/es\/wp-json\/wp\/v2\/comments?post=387736"}],"wp:featuredmedia":[{"embeddable":true,"href":"https:\/\/cbscompany.com\/es\/wp-json\/wp\/v2\/media\/387761"}],"wp:attachment":[{"href":"https:\/\/cbscompany.com\/es\/wp-json\/wp\/v2\/media?parent=387736"}],"wp:term":[{"taxonomy":"year-of-production","embeddable":true,"href":"https:\/\/cbscompany.com\/es\/wp-json\/wp\/v2\/year-of-production?post=387736"},{"taxonomy":"product_brand","embeddable":true,"href":"https:\/\/cbscompany.com\/es\/wp-json\/wp\/v2\/product_brand?post=387736"},{"taxonomy":"product_cat","embeddable":true,"href":"https:\/\/cbscompany.com\/es\/wp-json\/wp\/v2\/product_cat?post=387736"},{"taxonomy":"product_tag","embeddable":true,"href":"https:\/\/cbscompany.com\/es\/wp-json\/wp\/v2\/product_tag?post=387736"}],"curies":[{"name":"wp","href":"https:\/\/api.w.org\/{rel}","templated":true}]}}