{"id":387735,"date":"2026-01-20T15:48:34","date_gmt":"2026-01-20T14:48:34","guid":{"rendered":"https:\/\/cbscompany.com\/machines\/sin%20categor\u00eda\/la-meccanica-fumagalli-cortadora-rebobinadora-modelo-trm-sl-ano-2007\/"},"modified":"2026-04-06T11:14:16","modified_gmt":"2026-04-06T10:14:16","slug":"la-meccanica-fumagalli-cortadora-rebobinadora-modelo-trm-sl-ano-2007","status":"publish","type":"product","link":"https:\/\/cbscompany.com\/es\/machines\/cortadoras-y-laminadoras\/cortadoras-rebobinadoras\/la-meccanica-fumagalli-cortadora-rebobinadora-modelo-trm-sl-ano-2007\/","title":{"rendered":"La Meccanica Fumagalli cortadora rebobinadora modelo TRM SL a\u00f1o 2007"},"content":{"rendered":"<div class=\"wpb-content-wrapper\"><p>[vc_row content_placement=&#8221;top&#8221;][vc_column css=&#8221;.vc_custom_1532433256788{margin-right: 15px !important;}&#8221; offset=&#8221;vc_col-md-8&#8243;]\n\t\t<div id=\"wd-696f93d4bb6d6\" class=\"title-wrapper wd-wpb wd-set-mb reset-last-child  wd-rs-696f93d4bb6d6 wd-title-color-default wd-title-style-default text-left vc_custom_1768920026469 wd-underline-colored\">\n\t\t\t\n\t\t\t<div class=\"liner-continer\">\n\t\t\t\t<h4 class=\"woodmart-title-container title  wd-font-weight-600 wd-fontsize-m\" >La Meccanica Fumagalli cortadora rebobinadora modelo TRM SL a\u00f1o 2007<\/h4>\n\t\t\t\t\t\t\t<\/div>\n\t\t\t\n\t\t\t\n\t\t\t\n\t\t<\/div>\n\t\t\n\t\t[vc_row_inner css=&#8221;.vc_custom_1628672714565{margin-bottom: 35px !important;border-bottom-width: 0px !important;padding-bottom: 25px !important;border-bottom-color: rgba(129,129,129,0.2) !important;border-bottom-style: solid !important;}&#8221; row_reverse_mobile=&#8221;0&#8243; row_reverse_tablet=&#8221;0&#8243;][vc_column_inner width=&#8221;1\/2&#8243; css=&#8221;.vc_custom_1532346102929{padding-top: 0px !important;}&#8221;][vc_column_text css=&#8221;&#8221; woodmart_inline=&#8221;no&#8221; text_larger=&#8221;no&#8221;]<\/p>\n<ul>\n<li><b>B<\/b><b>rand: <\/b><b>La Meccanica Fumagalli<\/b><\/li>\n<li><b>Modelo: TRM SL<\/b><\/li>\n<li><b>A\u00f1o: 2007<\/b><\/li>\n<li><strong>Ejes<\/strong><\/li>\n<li><span style=\"font-weight: 400;\">Anchura de trabajo: 1650 mm  <\/span><\/li>\n<li><span style=\"font-weight: 400;\">Desbobinador de di\u00e1metro 1700 mm<\/span><\/li>\n<li><span style=\"font-weight: 400;\">Anchura m\u00ednima de corte: 25 mm  <\/span><\/li>\n<li><span style=\"font-weight: 400;\">Di\u00e1metro bobina acabada: 1500 mm  <\/span><\/li>\n<li style=\"list-style-type: none;\">\n<\/li>\n<\/ul>\n<p>[\/vc_column_text][\/vc_column_inner][vc_column_inner width=&#8221;1\/2&#8243; css=&#8221;.vc_custom_1532346106600{padding-top: 0px !important;}&#8221;][vc_column_text css=&#8221;&#8221; woodmart_inline=&#8221;no&#8221; text_larger=&#8221;no&#8221;]<\/p>\n<ul>\n<li style=\"font-weight: 400;\" aria-level=\"1\"><span style=\"font-weight: 400;\">Sistema de corte: cuchillas circulares; cuchillas inferiores y superiores<\/span><\/li>\n<li style=\"font-weight: 400;\" aria-level=\"1\"><span style=\"font-weight: 400;\">Material: papel<\/span><span style=\"font-weight: 400;\"> cart\u00f3n gris, oestliner, all-liners, coreboard<\/span><\/li>\n<li style=\"font-weight: 400;\" aria-level=\"1\"><span style=\"font-weight: 400;\">Gramaje del papel: 30-1000 g\/m  <\/span><\/li>\n<li style=\"font-weight: 400;\" aria-level=\"1\"><span style=\"font-weight: 400;\">Velocidad m\u00e1xima: 1000 m\/min  <\/span><\/li>\n<li style=\"font-weight: 400;\" aria-level=\"1\"><span style=\"font-weight: 400;\">Velocidad normal: 600 m\/min (se pueden conseguir 700 m\/min)<\/span><\/li>\n<li style=\"font-weight: 400;\" aria-level=\"1\"><span style=\"font-weight: 400;\">Visible en producci\u00f3n<\/span><\/li>\n<li style=\"font-weight: 400;\" aria-level=\"1\"><span style=\"font-weight: 400;\">Plazo de entrega: a confirmar en unos 4 meses desde el pedido  <\/span><\/li>\n<\/ul>\n<p>[\/vc_column_text][\/vc_column_inner][\/vc_row_inner][\/vc_column][vc_column offset=&#8221;vc_col-md-4&#8243;]\t\t\t<div class=\"info-box-wrapper\">\n\t\t\t\t<div id=\"wd-696f93dcce785\" class=\" wd-rs-696f93dcce785 wd-info-box wd-wpb text-left box-icon-align-left box-style-shadow color-scheme- wd-bg-none wd-off-anim wpb_animate_when_almost_visible wpb_bounceIn bounceIn wd-anim-name_bounceIn wd-items-top \">\n\t\t\t\t\t\t\t\t\t\t<div class=\"info-box-content\">\n\t\t\t\t\t\t<div class=\"info-box-subtitle subtitle-color-default wd-fontsize-xs subtitle-style-default\">Acerca de La Meccanica Fumagalli cortadora rebobinadora modelo TRM SL a\u00f1o 2007<\/div><h4 class=\"info-box-title title box-title-style-default wd-fontsize-m\">Informaci\u00f3n sobre la ubicaci\u00f3n<\/h4>\t\t\t\t\t\t<div class=\"info-box-inner reset-last-child\"><p>Disponible en la regi\u00f3n: <strong style=\"color: blue;\"><a href=\"https:\/\/cbscompany.com\/es\/mi-cuenta\/?redirect_to=%2Fes%2Fwp-json%2Fwp%2Fv2%2Fproduct%2F387735\" class=\"simplemodal-login\">Inicia sesi\u00f3n para ver la ubicaci\u00f3n<\/a><\/strong><\/p>\n<\/div>\n\n\t\t\t\t\t\t\t\t\t\t\t<\/div>\n\n\t\t\t\t\t\n\t\t\t\t\t<style>#wd-696f93dcce785 .info-box-icon {background-color:  !important;}<\/style>\t\t\t\t<\/div>\n\t\t\t<\/div>\n\t\t[\/vc_column][\/vc_row]<\/p>\n<\/div>","protected":false},"excerpt":{"rendered":"<p>La Meccanica Fumagalli TRM SL es una cortadora rebobinadora dise\u00f1ada para trabajar con papel, cart\u00f3n gris, oestliner, all-liners, coreboard. Su velocidad m\u00e1xima es de 1000 m\/minuto. <\/p>\n","protected":false},"featured_media":387737,"comment_status":"closed","ping_status":"closed","template":"","meta":{"_acf_changed":false,"om_disable_all_campaigns":false},"year-of-production":[],"product_brand":[],"product_cat":[4027,4028],"product_tag":[4497,4267,4031,4496,4033,4495],"class_list":{"0":"post-387735","1":"product","2":"type-product","3":"status-publish","4":"has-post-thumbnail","6":"product_cat-cortadoras-rebobinadoras","7":"product_cat-cortadoras-y-laminadoras","8":"product_tag-anchura-de-trabajo-1650-mm","9":"product_tag-ano-2007","10":"product_tag-cortadora-rebobinadora","11":"product_tag-gramaje-del-papel-30-1000-m-min","12":"product_tag-la-meccanica-fumagalli","13":"product_tag-velocidad-maxima-1000-m-min","15":"first","16":"instock","17":"sold-individually","18":"shipping-taxable","19":"purchasable","20":"product-type-simple"},"acf":[],"_links":{"self":[{"href":"https:\/\/cbscompany.com\/es\/wp-json\/wp\/v2\/product\/387735","targetHints":{"allow":["GET"]}}],"collection":[{"href":"https:\/\/cbscompany.com\/es\/wp-json\/wp\/v2\/product"}],"about":[{"href":"https:\/\/cbscompany.com\/es\/wp-json\/wp\/v2\/types\/product"}],"replies":[{"embeddable":true,"href":"https:\/\/cbscompany.com\/es\/wp-json\/wp\/v2\/comments?post=387735"}],"wp:featuredmedia":[{"embeddable":true,"href":"https:\/\/cbscompany.com\/es\/wp-json\/wp\/v2\/media\/387737"}],"wp:attachment":[{"href":"https:\/\/cbscompany.com\/es\/wp-json\/wp\/v2\/media?parent=387735"}],"wp:term":[{"taxonomy":"year-of-production","embeddable":true,"href":"https:\/\/cbscompany.com\/es\/wp-json\/wp\/v2\/year-of-production?post=387735"},{"taxonomy":"product_brand","embeddable":true,"href":"https:\/\/cbscompany.com\/es\/wp-json\/wp\/v2\/product_brand?post=387735"},{"taxonomy":"product_cat","embeddable":true,"href":"https:\/\/cbscompany.com\/es\/wp-json\/wp\/v2\/product_cat?post=387735"},{"taxonomy":"product_tag","embeddable":true,"href":"https:\/\/cbscompany.com\/es\/wp-json\/wp\/v2\/product_tag?post=387735"}],"curies":[{"name":"wp","href":"https:\/\/api.w.org\/{rel}","templated":true}]}}