{"id":387658,"date":"2026-02-05T10:20:06","date_gmt":"2026-02-05T09:20:06","guid":{"rendered":"https:\/\/cbscompany.com\/machines\/sin%20categor\u00eda\/garant-maschinen-triumph-5-f6-ano-2022\/"},"modified":"2026-04-06T11:14:04","modified_gmt":"2026-04-06T10:14:04","slug":"garant-maschinen-triumph-5-f6-ano-2022","status":"publish","type":"product","link":"https:\/\/cbscompany.com\/es\/machines\/maquinas-para-fabricar-bolsas-de-papel\/maquinas-para-fabricar-bolsas-de-papel-sos\/garant-maschinen-triumph-5-f6-ano-2022\/","title":{"rendered":"Garant Maschinen Triumph 5-F6 a\u00f1o 2022"},"content":{"rendered":"<div class=\"wpb-content-wrapper\"><p>[vc_row content_placement=&#8221;top&#8221;][vc_column css=&#8221;.vc_custom_1532433256788{margin-right: 15px !important;}&#8221; offset=&#8221;vc_col-md-8&#8243;]\n\t\t<div id=\"wd-69845dffb9a63\" class=\"title-wrapper wd-wpb wd-set-mb reset-last-child  wd-rs-69845dffb9a63 wd-title-color-default wd-title-style-default text-left vc_custom_1770282526185 wd-underline-colored\">\n\t\t\t\n\t\t\t<div class=\"liner-continer\">\n\t\t\t\t<h4 class=\"woodmart-title-container title  wd-font-weight-600 wd-fontsize-m\" >Garant Maschinen Triumph 5-F6 a\u00f1o 2022<\/h4>\n\t\t\t\t\t\t\t<\/div>\n\t\t\t\n\t\t\t\n\t\t\t\n\t\t<\/div>\n\t\t\n\t\t[vc_row_inner css=&#8221;.vc_custom_1628672714565{margin-bottom: 35px !important;border-bottom-width: 0px !important;padding-bottom: 25px !important;border-bottom-color: rgba(129,129,129,0.2) !important;border-bottom-style: solid !important;}&#8221; row_reverse_mobile=&#8221;0&#8243; row_reverse_tablet=&#8221;0&#8243;][vc_column_inner width=&#8221;1\/2&#8243; css=&#8221;.vc_custom_1532346102929{padding-top: 0px !important;}&#8221;][vc_column_text css=&#8221;&#8221; woodmart_inline=&#8221;no&#8221; text_larger=&#8221;no&#8221;]<\/p>\n<ul>\n<li aria-level=\"1\"><b>Marca: Garant Maschinen<\/b><\/li>\n<li aria-level=\"1\"><b>Modelo: Triumph 5-F6<\/b><\/li>\n<li aria-level=\"1\"><b>A\u00f1o: 2022<\/b><\/li>\n<li aria-level=\"1\"><b>Con empu\u00f1adura plana<\/b><\/li>\n<li aria-level=\"1\"><b>Para la producci\u00f3n de bolsas de fondo cuadrado y bolsas port\u00e1tiles de tama\u00f1o mediano y grande<\/b><\/li>\n<li aria-level=\"1\"><b>1 capa<\/b><\/li>\n<li aria-level=\"1\"><b>Servotecnolog\u00eda<\/b><\/li>\n<li aria-level=\"1\"><span style=\"font-weight: 400;\">Anchura m\u00e1xima del papel: 1450 mm<\/span><\/li>\n<\/ul>\n<ul>\n<li style=\"list-style-type: none;\">\n<\/li>\n<\/ul>\n<p>[\/vc_column_text][\/vc_column_inner][vc_column_inner width=&#8221;1\/2&#8243; css=&#8221;.vc_custom_1532346106600{padding-top: 0px !important;}&#8221;][vc_column_text css=&#8221;&#8221; woodmart_inline=&#8221;no&#8221; text_larger=&#8221;no&#8221;]<\/p>\n<ul>\n<li style=\"font-weight: 400;\" aria-level=\"1\"><span style=\"font-weight: 400;\">Anchura m\u00ednima &#8211; m\u00e1xima de la bolsa: 180 &#8211; 460 mm<\/span><\/li>\n<li style=\"font-weight: 400;\" aria-level=\"1\"><span style=\"font-weight: 400;\">Profundidad m\u00edn.-m\u00e1x. del fuelle: 70 &#8211; 255 mm<\/span><\/li>\n<li style=\"font-weight: 400;\" aria-level=\"1\"><span style=\"font-weight: 400;\">Longitud de corte m\u00edn.-m\u00e1x.: 320 &#8211; 770 mm<\/span><\/li>\n<li style=\"font-weight: 400;\" aria-level=\"1\"><span style=\"font-weight: 400;\">Tama\u00f1o del parche: 60 &#8211; 80 mm<\/span><\/li>\n<li style=\"font-weight: 400;\" aria-level=\"1\"><span style=\"font-weight: 400;\">Di\u00e1metro m\u00e1ximo del rollo: 1300 mm<\/span><\/li>\n<li style=\"font-weight: 400;\" aria-level=\"1\"><span style=\"font-weight: 400;\">Tiempo de cambio reducido<\/span><\/li>\n<li aria-level=\"1\"><span style=\"font-weight: 400;\">Certificado CE  <\/span><\/li>\n<li style=\"font-weight: 400;\" aria-level=\"1\"><span style=\"font-weight: 400;\">Detenido<\/span><\/li>\n<li style=\"font-weight: 400;\" aria-level=\"1\"><span style=\"font-weight: 400;\">Disponibilidad inmediata<\/span><\/li>\n<\/ul>\n<p>[\/vc_column_text][\/vc_column_inner][\/vc_row_inner][\/vc_column][vc_column offset=&#8221;vc_col-md-4&#8243;]\t\t\t<div class=\"info-box-wrapper\">\n\t\t\t\t<div id=\"wd-69845ee2cf271\" class=\" wd-rs-69845ee2cf271 wd-info-box wd-wpb text-left box-icon-align-left box-style-shadow color-scheme- wd-bg-none wd-off-anim wpb_animate_when_almost_visible wpb_bounceIn bounceIn wd-anim-name_bounceIn wd-items-top \">\n\t\t\t\t\t\t\t\t\t\t<div class=\"info-box-content\">\n\t\t\t\t\t\t<div class=\"info-box-subtitle subtitle-color-default wd-fontsize-xs subtitle-style-default\">Acerca de Garant Maschinen Triumph 5-F6 a\u00f1o 2022<\/div><h4 class=\"info-box-title title box-title-style-default wd-fontsize-m\">Informaci\u00f3n sobre la ubicaci\u00f3n<\/h4>\t\t\t\t\t\t<div class=\"info-box-inner reset-last-child\"><p>Disponible en la regi\u00f3n: <strong style=\"color: blue;\"><a href=\/my-account\/?redirect_to=\/es\/wp-json\/wp\/v2\/product\/387658 class=simplemodal-login>Log in to see location<\/a><\/strong><\/p>\n<\/div>\n\n\t\t\t\t\t\t\t\t\t\t\t<\/div>\n\n\t\t\t\t\t\n\t\t\t\t\t<style>#wd-69845ee2cf271 .info-box-icon {background-color:  !important;}<\/style>\t\t\t\t<\/div>\n\t\t\t<\/div>\n\t\t[\/vc_column][\/vc_row]<\/p>\n<\/div>","protected":false},"excerpt":{"rendered":"<p>La Garant Maschinen Triumph 5-F6 del a\u00f1o 2022 es una m\u00e1quina de fabricaci\u00f3n de bolsas SOS de 1 capa. Est\u00e1 equipada con una unidad de asa plana. <\/p>\n","protected":false},"featured_media":387660,"comment_status":"closed","ping_status":"closed","template":"","meta":{"_acf_changed":false,"om_disable_all_campaigns":false},"year-of-production":[],"product_brand":[],"product_cat":[4026,4041],"product_tag":[4095,4484,4060,4485,4486],"class_list":{"0":"post-387658","1":"product","2":"type-product","3":"status-publish","4":"has-post-thumbnail","6":"product_cat-maquinas-para-fabricar-bolsas-de-papel","7":"product_cat-maquinas-para-fabricar-bolsas-de-papel-sos","8":"product_tag-1-capa","9":"product_tag-ano-2022","10":"product_tag-garant","11":"product_tag-mango-plano","12":"product_tag-triumph-5-f6","14":"first","15":"instock","16":"sold-individually","17":"shipping-taxable","18":"purchasable","19":"product-type-simple"},"acf":[],"_links":{"self":[{"href":"https:\/\/cbscompany.com\/es\/wp-json\/wp\/v2\/product\/387658","targetHints":{"allow":["GET"]}}],"collection":[{"href":"https:\/\/cbscompany.com\/es\/wp-json\/wp\/v2\/product"}],"about":[{"href":"https:\/\/cbscompany.com\/es\/wp-json\/wp\/v2\/types\/product"}],"replies":[{"embeddable":true,"href":"https:\/\/cbscompany.com\/es\/wp-json\/wp\/v2\/comments?post=387658"}],"wp:featuredmedia":[{"embeddable":true,"href":"https:\/\/cbscompany.com\/es\/wp-json\/wp\/v2\/media\/387660"}],"wp:attachment":[{"href":"https:\/\/cbscompany.com\/es\/wp-json\/wp\/v2\/media?parent=387658"}],"wp:term":[{"taxonomy":"year-of-production","embeddable":true,"href":"https:\/\/cbscompany.com\/es\/wp-json\/wp\/v2\/year-of-production?post=387658"},{"taxonomy":"product_brand","embeddable":true,"href":"https:\/\/cbscompany.com\/es\/wp-json\/wp\/v2\/product_brand?post=387658"},{"taxonomy":"product_cat","embeddable":true,"href":"https:\/\/cbscompany.com\/es\/wp-json\/wp\/v2\/product_cat?post=387658"},{"taxonomy":"product_tag","embeddable":true,"href":"https:\/\/cbscompany.com\/es\/wp-json\/wp\/v2\/product_tag?post=387658"}],"curies":[{"name":"wp","href":"https:\/\/api.w.org\/{rel}","templated":true}]}}