{"id":387637,"date":"2025-06-05T09:04:36","date_gmt":"2025-06-05T08:04:36","guid":{"rendered":"https:\/\/cbscompany.com\/machines\/sin%20categor\u00eda\/nodriza-wh-am-2180-ano-1982-y-fondeadora-wh-ad-2360-22-ano-1981-con-paletizador-arcomat\/"},"modified":"2026-04-28T11:21:19","modified_gmt":"2026-04-28T10:21:19","slug":"nodriza-wh-am-2180-ano-1982-y-fondeadora-wh-ad-2360-22-ano-1981-con-paletizador-arcomat","status":"publish","type":"product","link":"https:\/\/cbscompany.com\/es\/machines\/lineas-de-sacos-industriales\/lineas-completas-de-sacos-de-papel\/nodriza-wh-am-2180-ano-1982-y-fondeadora-wh-ad-2360-22-ano-1981-con-paletizador-arcomat\/","title":{"rendered":"W&amp;H Tuber AM 2180 a\u00f1o 1982 y W&amp;H Bottomer AD 2360\/22 a\u00f1o 1981 con paletizador Arcomat"},"content":{"rendered":"<div class=\"wpb-content-wrapper\"><p>[vc_row content_placement=&#8221;top&#8221;][vc_column css=&#8221;.vc_custom_1532433256788{margin-right: 15px !important;}&#8221; offset=&#8221;vc_col-md-8&#8243;]\n\t\t<div id=\"wd-69e5f4b65439f\" class=\"title-wrapper wd-wpb wd-set-mb reset-last-child  wd-rs-69e5f4b65439f wd-title-color-default wd-title-style-default text-left vc_custom_1776678078022 wd-underline-colored\">\n\t\t\t\n\t\t\t<div class=\"liner-continer\">\n\t\t\t\t<h4 class=\"woodmart-title-container title  wd-font-weight-600 wd-fontsize-m\" >W&amp;H Tuber AM 2180 a\u00f1o 1982 y W&amp;H Bottomer AD 2360\/22 a\u00f1o 1981 con paletizador Arcomat<\/h4>\n\t\t\t\t\t\t\t<\/div>\n\t\t\t\n\t\t\t\n\t\t\t\n\t\t<\/div>\n\t\t\n\t\t[vc_row_inner css=&#8221;.vc_custom_1628672714565{margin-bottom: 35px !important;border-bottom-width: 0px !important;padding-bottom: 25px !important;border-bottom-color: rgba(129,129,129,0.2) !important;border-bottom-style: solid !important;}&#8221; row_reverse_mobile=&#8221;0&#8243; row_reverse_tablet=&#8221;0&#8243;][vc_column_inner width=&#8221;1\/2&#8243; css=&#8221;.vc_custom_1532346102929{padding-top: 0px !important;}&#8221;][vc_column_text css=&#8221;&#8221; woodmart_inline=&#8221;no&#8221; text_larger=&#8221;no&#8221;]<\/p>\n<ul>\n<li aria-level=\"1\"><b>W&amp;H Tuber AM 2180<\/b><\/li>\n<li aria-level=\"1\"><b>Marca: Windmoller &amp; Holscher<\/b><\/li>\n<li aria-level=\"1\"><b>Modelo: AM 2180<\/b><\/li>\n<li aria-level=\"1\"><b>A\u00f1o: 1982<\/b><\/li>\n<li aria-level=\"1\"><b>5 capas<\/b><\/li>\n<li aria-level=\"1\"><b>Extremo escalonado y corte al ras<\/b><\/li>\n<li aria-level=\"1\"><b>Impresora en l\u00ednea de 2 colores<\/b><\/li>\n<li aria-level=\"1\"><span style=\"font-weight: 400;\">Anchura m\u00edn.-m\u00e1x. del tubo: 300 &#8211; 700 mm<\/span><\/li>\n<li aria-level=\"1\"><span style=\"font-weight: 400;\">Longitud m\u00edn.-m\u00e1x. del tubo (corte a ras) 450 &#8211; 1650 mm<\/span><\/li>\n<li aria-level=\"1\"><span style=\"font-weight: 400;\">Longitud m\u00edn.-m\u00e1x. del tubo (extremo escalonado) 450 &#8211; 1350 mm<\/span><\/li>\n<li aria-level=\"1\"><span style=\"font-weight: 400;\">Profundidad de plegado lateral: 130 mm  <\/span><\/li>\n<li aria-level=\"1\"><span style=\"font-weight: 400;\">Anchura m\u00e1xima del rollo de papel: 1430 mm<\/span><\/li>\n<li aria-level=\"1\"><span style=\"font-weight: 400;\">Di\u00e1metro m\u00e1ximo del rollo de papel: 1300 mm<\/span><\/li>\n<li style=\"font-weight: 400;\" aria-level=\"1\"><span style=\"font-weight: 400;\">Velocidad mec\u00e1nica m\u00e1xima: 400 piezas\/min (la velocidad del tub\u00e9rculo de hormig\u00f3n es menor)<\/span><\/li>\n<li style=\"font-weight: 400;\" aria-level=\"1\"><span style=\"font-weight: 400;\">Con fotoc\u00e9lula para trabajar bobinas preimpresas<\/span><\/li>\n<li aria-level=\"1\"><span style=\"font-weight: 400;\">Con caja de cambios PIV  <\/span><\/li>\n<li aria-level=\"1\"><span style=\"font-weight: 400;\">5 estaciones de desenrollado (4 x papel y 1 x pel\u00edcula libre)<\/span><\/li>\n<li aria-level=\"1\"><span style=\"font-weight: 400;\">Controlador neum\u00e1tico, hidr\u00e1ulico, marca FIFE (sin el accesorio necesario)<\/span><\/li>\n<li aria-level=\"1\"><span style=\"font-weight: 400;\">Control longitudinal de la banda exterior de papel  <\/span><\/li>\n<li aria-level=\"1\"><span style=\"font-weight: 400;\">Encolado longitudinal con contrarrodillos ranurados<\/span><\/li>\n<li aria-level=\"1\"><span style=\"font-weight: 400;\">Estaci\u00f3n de formaci\u00f3n de paquetes con mesa de ca\u00edda<\/span><\/li>\n<li aria-level=\"1\"><span style=\"font-weight: 400;\">Dispositivo de cambio de rollos, de accionamiento manual<\/span><\/li>\n<li aria-level=\"1\"><span style=\"font-weight: 400;\">Sistema de control de corte<\/span><\/li>\n<li aria-level=\"1\"><span style=\"font-weight: 400;\">1 juego de rodillos de aguja montados delante del alimentador de bucle<\/span><\/li>\n<li aria-level=\"1\"><span style=\"font-weight: 400;\">Placas separadoras en el tiro principal<\/span><\/li>\n<li aria-level=\"1\"><span style=\"font-weight: 400;\">Bombas de cola para encolado longitudinal y transversal<\/span><\/li>\n<li aria-level=\"1\"><span style=\"font-weight: 400;\">Potencia nominal aproximada 51 kw<\/span><\/li>\n<li aria-level=\"1\"><span style=\"font-weight: 400;\">N\u00famero de tubos por paquete: aproximadamente 60<\/span><\/li>\n<li aria-level=\"1\"><span style=\"font-weight: 400;\">Altura m\u00e1xima del paquete: 200 mm<\/span><\/li>\n<li aria-level=\"1\"><span style=\"font-weight: 400;\">No hay TRANSISTEMA entre el tub\u00e9rculo y la base<\/span><\/li>\n<\/ul>\n<p>[\/vc_column_text][\/vc_column_inner][vc_column_inner width=&#8221;1\/2&#8243; css=&#8221;.vc_custom_1532346106600{padding-top: 0px !important;}&#8221;][vc_column_text css=&#8221;&#8221; woodmart_inline=&#8221;no&#8221; text_larger=&#8221;no&#8221;]<\/p>\n<ul>\n<li aria-level=\"1\"><b>W&amp;H Bottomer AD 2360\/22<\/b><\/li>\n<li aria-level=\"1\"><b>Marca: Windmoller &amp; Holscher<\/b><\/li>\n<li aria-level=\"1\"><b>Modelo: AD 2360\/22<\/b><\/li>\n<li aria-level=\"1\"><b>A\u00f1o: 1981<\/b><\/li>\n<li aria-level=\"1\"><span style=\"font-weight: 400;\">Impresi\u00f3n en el parche inferior: 1 color por cada lado<\/span><\/li>\n<li aria-level=\"1\"><span style=\"font-weight: 400;\">Anchura m\u00edn.-m\u00e1x. del tubo: 350 &#8211; 700 mm<\/span><\/li>\n<li aria-level=\"1\"><span style=\"font-weight: 400;\">Longitud m\u00edn.-m\u00e1x. del saco (corte al ras y extremo escalonado 435 &#8211; 1370 mm)<\/span><\/li>\n<li aria-level=\"1\"><span style=\"font-weight: 400;\">Anchura inferior m\u00edn.-m\u00e1x. (corte a ras): 75 -220 mm<\/span><\/li>\n<li aria-level=\"1\"><span style=\"font-weight: 400;\">Anchura m\u00edn.-m\u00e1x. del fondo (sacos con extremos escalonados) 75 -210 mm<\/span><\/li>\n<li aria-level=\"1\"><span style=\"font-weight: 400;\">Longitud m\u00edn.-m\u00e1x. del tubo con anchura m\u00ednima del fondo: 560 &#8211; 1500 mm<\/span><\/li>\n<li aria-level=\"1\"><span style=\"font-weight: 400;\">Longitud m\u00edn.-m\u00e1x. del tubo con anchura m\u00e1xima del fondo: 870 &#8211; 1640 mm<\/span><\/li>\n<li aria-level=\"1\"><span style=\"font-weight: 400;\">Distancia m\u00edn.\/m\u00e1x. del centro inferior 360 &#8211; 1300 mm<\/span><\/li>\n<li aria-level=\"1\"><span style=\"font-weight: 400;\">Dimensiones del fondo abierto: 200 &#8211; 480 mm<\/span><\/li>\n<li aria-level=\"1\"><span style=\"font-weight: 400;\">Longitud m\u00edn.-m\u00e1x. de la v\u00e1lvula sin plegar: 90 &#8211; 240 mm<\/span><\/li>\n<li aria-level=\"1\"><span style=\"font-weight: 400;\">Longitud m\u00edn.-m\u00e1x. de la v\u00e1lvula con plegado: 130 &#8211; 290 mm  <\/span><\/li>\n<li aria-level=\"1\"><span style=\"font-weight: 400;\">Longitud del pliegue de la v\u00e1lvula: 10 -60 mm<\/span><\/li>\n<li aria-level=\"1\"><span style=\"font-weight: 400;\">V\u00e1lvula tubular prefabricada: 90 &#8211; 180 mm<\/span><\/li>\n<li aria-level=\"1\"><span style=\"font-weight: 400;\">Longitud de corte seleccionable en pasos de 3,3 mm  <\/span><\/li>\n<li aria-level=\"1\"><span style=\"font-weight: 400;\">Anchura del rollo: 110 &#8211; 460 mm<\/span><\/li>\n<li aria-level=\"1\"><span style=\"font-weight: 400;\">Di\u00e1metro m\u00e1ximo del rollo: 1300 mm<\/span><\/li>\n<li aria-level=\"1\"><b>Dise\u00f1o especial para v\u00e1lvula de poli:<\/b><\/li>\n<li aria-level=\"1\"><span style=\"font-weight: 400;\">Dispositivo de escalonamiento: 45 \u00f3 62 mm<\/span><\/li>\n<li aria-level=\"1\"><span style=\"font-weight: 400;\">Longitud de la v\u00e1lvula: 120 &#8211; 190 mm<\/span><\/li>\n<li aria-level=\"1\"><span style=\"font-weight: 400;\">Di\u00e1metro m\u00e1ximo del rollo de polietileno 1300 mm<\/span><\/li>\n<li aria-level=\"1\"><b>V\u00e1lvula con flecos:<\/b><\/li>\n<li aria-level=\"1\"><span style=\"font-weight: 400;\">Distancia entre cortes: 5, 10 y 20 mm<\/span><\/li>\n<li aria-level=\"1\"><span style=\"font-weight: 400;\">Longitud de corte: m\u00e1x. la mitad de la longitud de la v\u00e1lvula <\/span><\/li>\n<li aria-level=\"1\"><b>Con elevador y paletizador Arcomat<\/b><\/li>\n<li aria-level=\"1\"><span style=\"font-weight: 400;\">Visible en funcionamiento<\/span><\/li>\n<li aria-level=\"1\"><span style=\"font-weight: 400;\">Plazo de entrega: Agosto de 2026<\/span><\/li>\n<\/ul>\n<ul>\n<li style=\"list-style-type: none;\">\n<\/li>\n<\/ul>\n<p>[\/vc_column_text][\/vc_column_inner][\/vc_row_inner][\/vc_column][vc_column offset=&#8221;vc_col-md-4&#8243;]\t\t\t<div class=\"info-box-wrapper\">\n\t\t\t\t<div id=\"wd-67f67fc848341\" class=\" wd-rs-67f67fc848341 wd-info-box wd-wpb text-left box-icon-align-left box-style-shadow color-scheme- wd-bg-none wd-off-anim wpb_animate_when_almost_visible wpb_bounceIn bounceIn wd-anim-name_bounceIn wd-items-top \">\n\t\t\t\t\t\t\t\t\t\t<div class=\"info-box-content\">\n\t\t\t\t\t\t<div class=\"info-box-subtitle subtitle-color-default wd-fontsize-xs subtitle-style-default\">Sobre el tub\u00e9rculo W&amp;H AM 2180 del a\u00f1o 1982 y la fondera W&amp;H AD 2360\/22 del a\u00f1o 1981<\/div><h4 class=\"info-box-title title box-title-style-default wd-fontsize-m\">Informaci\u00f3n sobre la ubicaci\u00f3n<\/h4>\t\t\t\t\t\t<div class=\"info-box-inner reset-last-child\"><p>Disponible en la regi\u00f3n: <strong style=\"color: blue;\"><a href=\"https:\/\/cbscompany.com\/es\/mi-cuenta\/?redirect_to=%2Fes%2Fwp-json%2Fwp%2Fv2%2Fproduct%2F387637\" class=\"simplemodal-login\">Inicia sesi\u00f3n para ver la ubicaci\u00f3n<\/a><\/strong><\/p>\n<\/div>\n\n\t\t\t\t\t\t\t\t\t\t\t<\/div>\n\n\t\t\t\t\t\n\t\t\t\t\t<style>#wd-67f67fc848341 .info-box-icon {background-color:  !important;}<\/style>\t\t\t\t<\/div>\n\t\t\t<\/div>\n\t\t[\/vc_column][\/vc_row]<\/p>\n<\/div>","protected":false},"excerpt":{"rendered":"<p>La l\u00ednea est\u00e1 formada por la Tuber AM 2180 de W&amp;H del a\u00f1o 1982, la Bottomer AD 2360\/22 de W&amp;H del a\u00f1o 1981 y el paletizador Arcomat. El di\u00e1metro de la bobina de papel para el tub\u00e9rculo es de 1300 mm. <\/p>\n","protected":false},"featured_media":364770,"comment_status":"closed","ping_status":"closed","template":"","meta":{"_acf_changed":false,"om_disable_all_campaigns":false},"year-of-production":[],"product_brand":[],"product_cat":[4141,4109],"product_tag":[4479,4477,4478],"class_list":{"0":"post-387637","1":"product","2":"type-product","3":"status-publish","4":"has-post-thumbnail","6":"product_cat-lineas-completas-de-sacos-de-papel","7":"product_cat-lineas-de-sacos-industriales","8":"product_tag-5-capas","9":"product_tag-fondeadora-wh-ad-2360-22","10":"product_tag-tuberculo-wh-2180","12":"first","13":"instock","14":"sold-individually","15":"shipping-taxable","16":"purchasable","17":"product-type-simple"},"acf":[],"_links":{"self":[{"href":"https:\/\/cbscompany.com\/es\/wp-json\/wp\/v2\/product\/387637","targetHints":{"allow":["GET"]}}],"collection":[{"href":"https:\/\/cbscompany.com\/es\/wp-json\/wp\/v2\/product"}],"about":[{"href":"https:\/\/cbscompany.com\/es\/wp-json\/wp\/v2\/types\/product"}],"replies":[{"embeddable":true,"href":"https:\/\/cbscompany.com\/es\/wp-json\/wp\/v2\/comments?post=387637"}],"wp:featuredmedia":[{"embeddable":true,"href":"https:\/\/cbscompany.com\/es\/wp-json\/wp\/v2\/media\/364770"}],"wp:attachment":[{"href":"https:\/\/cbscompany.com\/es\/wp-json\/wp\/v2\/media?parent=387637"}],"wp:term":[{"taxonomy":"year-of-production","embeddable":true,"href":"https:\/\/cbscompany.com\/es\/wp-json\/wp\/v2\/year-of-production?post=387637"},{"taxonomy":"product_brand","embeddable":true,"href":"https:\/\/cbscompany.com\/es\/wp-json\/wp\/v2\/product_brand?post=387637"},{"taxonomy":"product_cat","embeddable":true,"href":"https:\/\/cbscompany.com\/es\/wp-json\/wp\/v2\/product_cat?post=387637"},{"taxonomy":"product_tag","embeddable":true,"href":"https:\/\/cbscompany.com\/es\/wp-json\/wp\/v2\/product_tag?post=387637"}],"curies":[{"name":"wp","href":"https:\/\/api.w.org\/{rel}","templated":true}]}}