{"id":387613,"date":"2025-06-05T09:04:37","date_gmt":"2025-06-05T08:04:37","guid":{"rendered":"https:\/\/cbscompany.com\/machines\/sin%20categor\u00eda\/bobinadora-moller-modelo-trw-1000-ano-2002\/"},"modified":"2026-04-28T11:20:28","modified_gmt":"2026-04-28T10:20:28","slug":"bobinadora-moller-modelo-trw-1000-ano-2002","status":"publish","type":"product","link":"https:\/\/cbscompany.com\/es\/machines\/otras-maquinas\/bobinadora-moller-modelo-trw-1000-ano-2002\/","title":{"rendered":"Bobinadora M\u00f6ller modelo TRW 1000 a\u00f1o 2002"},"content":{"rendered":"<div class=\"wpb-content-wrapper\"><p>[vc_row content_placement=&#8221;top&#8221;][vc_column css=&#8221;.vc_custom_1532433256788{margin-right: 15px !important;}&#8221; offset=&#8221;vc_col-md-8&#8243;]\n\t\t<div id=\"wd-6810c885d911e\" class=\"title-wrapper wd-wpb wd-set-mb reset-last-child  wd-rs-6810c885d911e wd-title-color-default wd-title-style-default text-left vc_custom_1745930292511 wd-underline-colored\">\n\t\t\t\n\t\t\t<div class=\"liner-continer\">\n\t\t\t\t<h4 class=\"woodmart-title-container title  wd-font-weight-600 wd-fontsize-m\" >Bobinadora M\u00f6ller modelo TRW 1000 a\u00f1o 2002<\/h4>\n\t\t\t\t\t\t\t<\/div>\n\t\t\t\n\t\t\t\n\t\t\t\n\t\t<\/div>\n\t\t\n\t\t[vc_row_inner css=&#8221;.vc_custom_1628672714565{margin-bottom: 35px !important;border-bottom-width: 0px !important;padding-bottom: 25px !important;border-bottom-color: rgba(129,129,129,0.2) !important;border-bottom-style: solid !important;}&#8221; row_reverse_mobile=&#8221;0&#8243; row_reverse_tablet=&#8221;0&#8243;][vc_column_inner width=&#8221;1\/2&#8243; css=&#8221;.vc_custom_1532346102929{padding-top: 0px !important;}&#8221;][vc_column_text css=&#8221;&#8221; woodmart_inline=&#8221;no&#8221; text_larger=&#8221;no&#8221;]<\/p>\n<ul>\n<li aria-level=\"1\"><b>Marca: M\u00f6ller<\/b><\/li>\n<\/ul>\n<ul>\n<li aria-level=\"1\"><b>Modelo: TRW 1000<\/b><\/li>\n<li aria-level=\"1\"><b>A\u00f1o: 2002<\/b><\/li>\n<li aria-level=\"1\"><span style=\"font-weight: 400;\">Para la producci\u00f3n de rollos de tejido no tejido, papel y pl\u00e1stico<\/span><\/li>\n<li aria-level=\"1\">La m\u00e1quina puede producir tanto rollos grandes (por ejemplo, de 100 m) como m\u00e1s peque\u00f1os (como de 10 m), pero s\u00f3lo con un n\u00facleo.<\/li>\n<li aria-level=\"1\"><span style=\"font-weight: 400;\">Ancho de banda: 1200 mm<\/span><\/li>\n<li aria-level=\"1\"><span style=\"font-weight: 400;\">Di\u00e1metro m\u00e1ximo de la bobina: 1000 mm<\/span><\/li>\n<li aria-level=\"1\"><span style=\"font-weight: 400;\">Sistemas autom\u00e1ticos de alimentaci\u00f3n de los n\u00facleos de papel  <\/span><\/li>\n<li aria-level=\"1\"><span style=\"font-weight: 400;\">Ejes neum\u00e1ticos para diferentes tama\u00f1os  <\/span><\/li>\n<li aria-level=\"1\"><span style=\"font-weight: 400;\">Con carrete superior para carretes sin n\u00facleo<\/span><\/li>\n<li><span style=\"font-weight: 400;\">PLC<\/span><\/li>\n<\/ul>\n<p>[\/vc_column_text][\/vc_column_inner][vc_column_inner width=&#8221;1\/2&#8243; css=&#8221;.vc_custom_1532346106600{padding-top: 0px !important;}&#8221;][vc_column_text css=&#8221;&#8221; woodmart_inline=&#8221;no&#8221; text_larger=&#8221;no&#8221;]<\/p>\n<ul>\n<li><span style=\"font-weight: 400;\">Gu\u00eda web<\/span><\/li>\n<li><span style=\"font-weight: 400;\">Parada de emergencia  <\/span><\/li>\n<li><span style=\"font-weight: 400;\">Sistema de envasado transparente con sistema de retractilado y sellado  <\/span><\/li>\n<li><span style=\"font-weight: 400;\">Temporizador del horno<\/span><\/li>\n<li style=\"font-weight: 400;\" aria-level=\"1\"><span style=\"font-weight: 400;\">Grosor TNT: 60 g\/m\u00b2, pero tambi\u00e9n puede procesar menos grosor<\/span><\/li>\n<li style=\"font-weight: 400;\" aria-level=\"1\"><span style=\"font-weight: 400;\">Velocidad: 250 m\/min<\/span><\/li>\n<li><span style=\"font-weight: 400;\">Con manual , esquemas el\u00e9ctricos  <\/span><\/li>\n<li><span style=\"font-weight: 400;\">Certificado CE<\/span><\/li>\n<li><span style=\"font-weight: 400;\">Visible para la prueba<\/span><\/li>\n<li><span style=\"font-weight: 400;\">Disponibilidad inmediata<\/span><\/li>\n<li style=\"list-style-type: none;\">\n<\/li>\n<\/ul>\n<p>[\/vc_column_text][\/vc_column_inner][\/vc_row_inner][\/vc_column][vc_column offset=&#8221;vc_col-md-4&#8243;]\t\t\t<div class=\"info-box-wrapper\">\n\t\t\t\t<div id=\"wd-6810cc7c32ca8\" class=\" wd-rs-6810cc7c32ca8 wd-info-box wd-wpb text-left box-icon-align-left box-style-shadow color-scheme- wd-bg-none wd-off-anim wpb_animate_when_almost_visible wpb_bounceIn bounceIn wd-anim-name_bounceIn wd-items-top \">\n\t\t\t\t\t\t\t\t\t\t<div class=\"info-box-content\">\n\t\t\t\t\t\t<div class=\"info-box-subtitle subtitle-color-default wd-fontsize-xs subtitle-style-default\">Acerca de la bobinadora M\u00f6ller modelo TRW 1000 a\u00f1o 2002<\/div><h4 class=\"info-box-title title box-title-style-default wd-fontsize-m\">Informaci\u00f3n sobre la ubicaci\u00f3n<\/h4>\t\t\t\t\t\t<div class=\"info-box-inner reset-last-child\"><p>Disponible en la regi\u00f3n: <strong style=\"color: blue;\"><a href=\"https:\/\/cbscompany.com\/es\/mi-cuenta\/?redirect_to=%2Fes%2Fwp-json%2Fwp%2Fv2%2Fproduct%2F387613\" class=\"simplemodal-login\">Inicia sesi\u00f3n para ver la ubicaci\u00f3n<\/a><\/strong><\/p>\n<\/div>\n\n\t\t\t\t\t\t\t\t\t\t\t<\/div>\n\n\t\t\t\t\t\n\t\t\t\t\t<style>#wd-6810cc7c32ca8 .info-box-icon {background-color:  !important;}<\/style>\t\t\t\t<\/div>\n\t\t\t<\/div>\n\t\t[\/vc_column][\/vc_row]<\/p>\n<\/div>","protected":false},"excerpt":{"rendered":"<p>La M\u00f6ller TRW 1000 del a\u00f1o 2002 es una bobinadora dise\u00f1ada para la <span style=\"font-weight: 400;\">producci\u00f3n de rollos de tejido no tejido, papel y pl\u00e1stico.<\/span><\/p>\n","protected":false},"featured_media":387625,"comment_status":"closed","ping_status":"closed","template":"","meta":{"_acf_changed":false,"om_disable_all_campaigns":false},"year-of-production":[],"product_brand":[],"product_cat":[4021],"product_tag":[4474,4119,4471,4462,4473],"class_list":{"0":"post-387613","1":"product","2":"type-product","3":"status-publish","4":"has-post-thumbnail","6":"product_cat-otras-maquinas","7":"product_tag-ancho-de-banda-1200-mm","8":"product_tag-ano-2002","9":"product_tag-ce","10":"product_tag-moller","11":"product_tag-trw-1000","13":"first","14":"instock","15":"sold-individually","16":"shipping-taxable","17":"purchasable","18":"product-type-simple"},"acf":[],"_links":{"self":[{"href":"https:\/\/cbscompany.com\/es\/wp-json\/wp\/v2\/product\/387613","targetHints":{"allow":["GET"]}}],"collection":[{"href":"https:\/\/cbscompany.com\/es\/wp-json\/wp\/v2\/product"}],"about":[{"href":"https:\/\/cbscompany.com\/es\/wp-json\/wp\/v2\/types\/product"}],"replies":[{"embeddable":true,"href":"https:\/\/cbscompany.com\/es\/wp-json\/wp\/v2\/comments?post=387613"}],"wp:featuredmedia":[{"embeddable":true,"href":"https:\/\/cbscompany.com\/es\/wp-json\/wp\/v2\/media\/387625"}],"wp:attachment":[{"href":"https:\/\/cbscompany.com\/es\/wp-json\/wp\/v2\/media?parent=387613"}],"wp:term":[{"taxonomy":"year-of-production","embeddable":true,"href":"https:\/\/cbscompany.com\/es\/wp-json\/wp\/v2\/year-of-production?post=387613"},{"taxonomy":"product_brand","embeddable":true,"href":"https:\/\/cbscompany.com\/es\/wp-json\/wp\/v2\/product_brand?post=387613"},{"taxonomy":"product_cat","embeddable":true,"href":"https:\/\/cbscompany.com\/es\/wp-json\/wp\/v2\/product_cat?post=387613"},{"taxonomy":"product_tag","embeddable":true,"href":"https:\/\/cbscompany.com\/es\/wp-json\/wp\/v2\/product_tag?post=387613"}],"curies":[{"name":"wp","href":"https:\/\/api.w.org\/{rel}","templated":true}]}}