{"id":387532,"date":"2025-06-05T09:04:57","date_gmt":"2025-06-05T08:04:57","guid":{"rendered":"https:\/\/cbscompany.com\/machines\/sin%20categor\u00eda\/la-meccanica-fumagalli-modelo-trla-d-1100-ano-1998\/"},"modified":"2026-04-06T11:13:38","modified_gmt":"2026-04-06T10:13:38","slug":"la-meccanica-fumagalli-modelo-trla-d-1100-ano-1998","status":"publish","type":"product","link":"https:\/\/cbscompany.com\/es\/machines\/rebobinadoras-cortadoras-de-rollos\/la-meccanica-fumagalli-modelo-trla-d-1100-ano-1998\/","title":{"rendered":"La Meccanica Fumagalli modelo TRLA-D-1100 a\u00f1o 1998"},"content":{"rendered":"<div class=\"wpb-content-wrapper\"><p>[vc_row content_placement=&#8221;top&#8221;][vc_column css=&#8221;.vc_custom_1532433256788{margin-right: 15px !important;}&#8221; offset=&#8221;vc_col-md-8&#8243;]\n\t\t<div id=\"wd-681df2cee46eb\" class=\"title-wrapper wd-wpb wd-set-mb reset-last-child  wd-rs-681df2cee46eb wd-title-color-default wd-title-style-default text-left vc_custom_1746793074756 wd-underline-colored\">\n\t\t\t\n\t\t\t<div class=\"liner-continer\">\n\t\t\t\t<h4 class=\"woodmart-title-container title  wd-font-weight-600 wd-fontsize-m\" >La Meccanica Fumagalli modelo TRLA-D-1100 a\u00f1o 1998<\/h4>\n\t\t\t\t\t\t\t<\/div>\n\t\t\t\n\t\t\t\n\t\t\t\n\t\t<\/div>\n\t\t\n\t\t[vc_row_inner css=&#8221;.vc_custom_1628672714565{margin-bottom: 35px !important;border-bottom-width: 0px !important;padding-bottom: 25px !important;border-bottom-color: rgba(129,129,129,0.2) !important;border-bottom-style: solid !important;}&#8221; row_reverse_mobile=&#8221;0&#8243; row_reverse_tablet=&#8221;0&#8243;][vc_column_inner width=&#8221;1\/2&#8243; css=&#8221;.vc_custom_1532346102929{padding-top: 0px !important;}&#8221;][vc_column_text css=&#8221;&#8221; woodmart_inline=&#8221;no&#8221; text_larger=&#8221;no&#8221;]<\/p>\n<ul>\n<li aria-level=\"1\"><b>Marca: La Meccanica Fumagalli<\/b><\/li>\n<li aria-level=\"1\"><b>Modelo: TRLA-D-1100<\/b><\/li>\n<li aria-level=\"1\"><b>A\u00f1o: 1998<\/b><\/li>\n<li aria-level=\"1\"><b>Semiautom\u00e1tico<\/b><\/li>\n<li aria-level=\"1\"><span style=\"font-weight: 400;\">2 desbobinadores \/ 2 rodillos de pliegues<\/span><\/li>\n<li aria-level=\"1\"><span style=\"font-weight: 400;\">2 colores de impresi\u00f3n con 2 rasquetas de c\u00e1mara cerrada y registro de impresi\u00f3n<\/span><\/li>\n<li aria-level=\"1\"><span style=\"font-weight: 400;\">Freno autom\u00e1tico<\/span><\/li>\n<li aria-level=\"1\"><span style=\"font-weight: 400;\">Anchura m\u00e1xima de trabajo: 1100 mm<\/span><\/li>\n<li aria-level=\"1\"><span style=\"font-weight: 400;\">Anchura m\u00ednima de corte: 25 mm<\/span><\/li>\n<li aria-level=\"1\"><span style=\"font-weight: 400;\">El di\u00e1metro m\u00e1ximo producible es de aproximadamente 280 mm.<\/span><\/li>\n<li aria-level=\"1\"><span style=\"font-weight: 400;\">Un rollo de caja de 400 metros, suponiendo un n\u00facleo de 25 mm y un papel est\u00e1ndar de 55 g\/m\u00b2, dar\u00eda como resultado un di\u00e1metro de aproximadamente 180 mm.<\/span><\/li>\n<li aria-level=\"1\"><span style=\"font-weight: 400;\">Con sistema de envasado con horno para un envasado perfecto termorretr\u00e1ctil<\/span><\/li>\n<\/ul>\n<ul>\n<li style=\"list-style-type: none;\">\n<\/li>\n<\/ul>\n<ul>\n<li style=\"list-style-type: none;\">\n<\/li>\n<\/ul>\n<p>[\/vc_column_text][\/vc_column_inner][vc_column_inner width=&#8221;1\/2&#8243; css=&#8221;.vc_custom_1532346106600{padding-top: 0px !important;}&#8221;][vc_column_text css=&#8221;&#8221; woodmart_inline=&#8221;no&#8221; text_larger=&#8221;no&#8221;]<\/p>\n<ul>\n<li style=\"font-weight: 400;\" aria-level=\"1\"><span style=\"font-weight: 400;\">Mandriles: 1 x 12, 1 x 18, 1 x 25, 1 x 38, 1 x 40 mm  <\/span><\/li>\n<li style=\"font-weight: 400;\" aria-level=\"1\"><span style=\"font-weight: 400;\">Cilindros de impresi\u00f3n: 7 en total<\/span><\/li>\n<li style=\"font-weight: 400;\" aria-level=\"1\"><span style=\"font-weight: 400;\">Ejes de aire: 2 x 70, 2 x 76 mm<\/span><\/li>\n<li style=\"font-weight: 400;\" aria-level=\"1\"><span style=\"font-weight: 400;\">Contrahojas (4 en total) 1 x 52, 1 x 57, 1 x 59,5, 1 x 62 mm<\/span><\/li>\n<li style=\"font-weight: 400;\" aria-level=\"1\"><span style=\"font-weight: 400;\">Sistema de elevaci\u00f3n del soplador<\/span><\/li>\n<li style=\"font-weight: 400;\" aria-level=\"1\"><span style=\"font-weight: 400;\">Cargador de tubo vibratorio<\/span><\/li>\n<li style=\"font-weight: 400;\" aria-level=\"1\"><span style=\"font-weight: 400;\">1 rodillo motor de goma nuevo<\/span><\/li>\n<li style=\"font-weight: 400;\" aria-level=\"1\"><span style=\"font-weight: 400;\">Capacidad del polipasto de elevaci\u00f3n de bobinas 15 q<\/span><span style=\"font-weight: 400;\">uintal<\/span><\/li>\n<li style=\"font-weight: 400;\" aria-level=\"1\"><span style=\"font-weight: 400;\">Dimensiones totales LxAnxAl: 5200 x 3000 x 2000 (altura con polipasto el\u00e9ctrico 3900 mm)<\/span><\/li>\n<li style=\"font-weight: 400;\" aria-level=\"1\"><span style=\"font-weight: 400;\">Dimensiones del armario el\u00e9ctrico L x A: 1200 x 500 mm  <\/span><\/li>\n<li style=\"font-weight: 400;\" aria-level=\"1\"><span style=\"font-weight: 400;\">Visible en producci\u00f3n<\/span><\/li>\n<li style=\"font-weight: 400;\" aria-level=\"1\"><span style=\"font-weight: 400;\">Disponibilidad: Febrero-marzo de 2026<\/span><\/li>\n<\/ul>\n<p>[\/vc_column_text][\/vc_column_inner][\/vc_row_inner][\/vc_column][vc_column offset=&#8221;vc_col-md-4&#8243;]\t\t\t<div class=\"info-box-wrapper\">\n\t\t\t\t<div id=\"wd-681df3047ce30\" class=\" wd-rs-681df3047ce30 wd-info-box wd-wpb text-left box-icon-align-left box-style-shadow color-scheme- wd-bg-none wd-off-anim wpb_animate_when_almost_visible wpb_bounceIn bounceIn wd-anim-name_bounceIn wd-items-top \">\n\t\t\t\t\t\t\t\t\t\t<div class=\"info-box-content\">\n\t\t\t\t\t\t<div class=\"info-box-subtitle subtitle-color-default wd-fontsize-xs subtitle-style-default\">Sobre La Meccanica Fumagalli modelo TRLA-D-1100 a\u00f1o 1998<\/div><h4 class=\"info-box-title title box-title-style-default wd-fontsize-m\">Informaci\u00f3n sobre la ubicaci\u00f3n<\/h4>\t\t\t\t\t\t<div class=\"info-box-inner reset-last-child\"><p>Disponible en la regi\u00f3n: <strong style=\"color: blue;\"><a href=\/my-account\/?redirect_to=\/es\/wp-json\/wp\/v2\/product\/387532 class=simplemodal-login>Log in to see location<\/a><\/strong><\/p>\n<\/div>\n\n\t\t\t\t\t\t\t\t\t\t\t<\/div>\n\n\t\t\t\t\t\n\t\t\t\t\t<style>#wd-681df3047ce30 .info-box-icon {background-color:  !important;}<\/style>\t\t\t\t<\/div>\n\t\t\t<\/div>\n\t\t[\/vc_column][\/vc_row]<\/p>\n<\/div>","protected":false},"excerpt":{"rendered":"<p>La Meccanica Fumagalli modelo TRLA-D-1100 del a\u00f1o 1998 es una m\u00e1quina semiautom\u00e1tica. Su anchura m\u00ednima de corte es de 25 mm. <\/p>\n","protected":false},"featured_media":387533,"comment_status":"closed","ping_status":"closed","template":"","meta":{"_acf_changed":false,"om_disable_all_campaigns":false},"year-of-production":[],"product_brand":[],"product_cat":[4091],"product_tag":[4458,4457,4367,4033,4170,4456],"class_list":{"0":"post-387532","1":"product","2":"type-product","3":"status-publish","4":"has-post-thumbnail","6":"product_cat-rebobinadoras-cortadoras-de-rollos","7":"product_tag-2-colores-de-impresion","8":"product_tag-anchura-maxima-de-trabajo1100-mm","9":"product_tag-ano-1998","10":"product_tag-la-meccanica-fumagalli","11":"product_tag-semiautomatico","12":"product_tag-trla_d-1100","14":"first","15":"instock","16":"sold-individually","17":"shipping-taxable","18":"purchasable","19":"product-type-simple"},"acf":[],"_links":{"self":[{"href":"https:\/\/cbscompany.com\/es\/wp-json\/wp\/v2\/product\/387532","targetHints":{"allow":["GET"]}}],"collection":[{"href":"https:\/\/cbscompany.com\/es\/wp-json\/wp\/v2\/product"}],"about":[{"href":"https:\/\/cbscompany.com\/es\/wp-json\/wp\/v2\/types\/product"}],"replies":[{"embeddable":true,"href":"https:\/\/cbscompany.com\/es\/wp-json\/wp\/v2\/comments?post=387532"}],"wp:featuredmedia":[{"embeddable":true,"href":"https:\/\/cbscompany.com\/es\/wp-json\/wp\/v2\/media\/387533"}],"wp:attachment":[{"href":"https:\/\/cbscompany.com\/es\/wp-json\/wp\/v2\/media?parent=387532"}],"wp:term":[{"taxonomy":"year-of-production","embeddable":true,"href":"https:\/\/cbscompany.com\/es\/wp-json\/wp\/v2\/year-of-production?post=387532"},{"taxonomy":"product_brand","embeddable":true,"href":"https:\/\/cbscompany.com\/es\/wp-json\/wp\/v2\/product_brand?post=387532"},{"taxonomy":"product_cat","embeddable":true,"href":"https:\/\/cbscompany.com\/es\/wp-json\/wp\/v2\/product_cat?post=387532"},{"taxonomy":"product_tag","embeddable":true,"href":"https:\/\/cbscompany.com\/es\/wp-json\/wp\/v2\/product_tag?post=387532"}],"curies":[{"name":"wp","href":"https:\/\/api.w.org\/{rel}","templated":true}]}}