{"id":387437,"date":"2025-06-05T08:46:39","date_gmt":"2025-06-05T07:46:39","guid":{"rendered":"https:\/\/cbscompany.com\/machines\/sin%20categor\u00eda\/uteco-onyx-876-modelo-140-ano-2006\/"},"modified":"2026-04-06T11:12:23","modified_gmt":"2026-04-06T10:12:23","slug":"uteco-onyx-876-modelo-140-ano-2006","status":"publish","type":"product","link":"https:\/\/cbscompany.com\/es\/machines\/impresoras-flexograficas\/impresoras-flexograficas-c-i-para-film\/uteco-onyx-876-modelo-140-ano-2006\/","title":{"rendered":"Uteco Onyx 876 modelo 140 a\u00f1o 2006"},"content":{"rendered":"<div class=\"wpb-content-wrapper\"><p>[vc_row content_placement=&#8221;top&#8221;][vc_column css=&#8221;.vc_custom_1532433256788{margin-right: 15px !important;}&#8221; offset=&#8221;vc_col-md-8&#8243;]\n\t\t<div id=\"wd-65b3cdd970c8f\" class=\"title-wrapper wd-wpb wd-set-mb reset-last-child  wd-rs-65b3cdd970c8f wd-title-color-default wd-title-style-default text-left vc_custom_1706282458852 wd-underline-colored\">\n\t\t\t\n\t\t\t<div class=\"liner-continer\">\n\t\t\t\t<h4 class=\"woodmart-title-container title  wd-font-weight-600 wd-fontsize-m\" >Uteco Onyx 876 modelo 140 a\u00f1o 2006<\/h4>\n\t\t\t\t\t\t\t<\/div>\n\t\t\t\n\t\t\t\n\t\t\t\n\t\t<\/div>\n\t\t\n\t\t[vc_row_inner css=&#8221;.vc_custom_1628672714565{margin-bottom: 35px !important;border-bottom-width: 0px !important;padding-bottom: 25px !important;border-bottom-color: rgba(129,129,129,0.2) !important;border-bottom-style: solid !important;}&#8221; row_reverse_mobile=&#8221;0&#8243; row_reverse_tablet=&#8221;0&#8243;][vc_column_inner width=&#8221;1\/2&#8243; css=&#8221;.vc_custom_1532346102929{padding-top: 0px !important;}&#8221;][vc_column_text woodmart_inline=&#8221;no&#8221; text_larger=&#8221;no&#8221;]<\/p>\n<ul>\n<li><strong>Marca: Uteco<\/strong><\/li>\n<li><strong>Tipo: Onyx 876 modelo 140<\/strong><\/li>\n<li><strong>A\u00f1o: 2006<\/strong><\/li>\n<li><strong>Tambor central<\/strong><\/li>\n<li><strong>Sin engranajes<\/strong><\/li>\n<li><strong>8 colores<\/strong><\/li>\n<li>Anchura m\u00e1xima del material: 1450 mm<\/li>\n<li>Anchura m\u00e1xima de impresi\u00f3n: 1410 mm<\/li>\n<li>Repeticiones de impresi\u00f3n m\u00edn-m\u00e1x: 380-800 mm<\/li>\n<li>Velocidad mec\u00e1nica: 365 m\/min<\/li>\n<li>Rebobinador y desbobinador &#8220;TAR 800&#8221;<\/li>\n<li>Sistema de control autom\u00e1tico con 2 telec\u00e1maras<\/li>\n<li>Sistema autom\u00e1tico de lavado de tambor central<\/li>\n<li>Limpieza autom\u00e1tica de las unidades de impresi\u00f3n<\/li>\n<\/ul>\n<p>[\/vc_column_text][\/vc_column_inner][vc_column_inner width=&#8221;1\/2&#8243; css=&#8221;.vc_custom_1532346106600{padding-top: 0px !important;}&#8221;][vc_column_text css=&#8221;&#8221; woodmart_inline=&#8221;no&#8221; text_larger=&#8221;no&#8221;]<\/p>\n<ul>\n<li>Material arrancado: 2-28 kg<\/li>\n<li>Anilox 19: 1&#215;80, 3&#215;100, 2&#215;120, 1&#215;140, 2&#215;160, 1&#215;180, 1&#215;200, 1&#215;260, 1&#215;320, 2&#215;420, 4&#215;475<\/li>\n<li>Fundas 255: 16&#215;380, 8&#215;400, 9&#215;410, 8&#215;420, 10&#215;430, 8&#215;450, 8&#215;470, 9&#215;490, 8&#215;500, 16&#215;510, 8&#215;520, 16&#215;530, 10&#215;550, 16&#215;570, 7&#215;580, 8&#215;600, 16&#215;620, 4&#215;630, 7&#215;640, 7&#215;650, 9&#215;660, 8&#215;670, 7&#215;690, 8&#215;700, 8&#215;750, 8&#215;790, 8&#215;800<\/li>\n<li>Dep\u00f3sitos de tinta: 14<\/li>\n<li>Adaptadores: 10<\/li>\n<li>Doctor cuchillas: 14<\/li>\n<li>Conductos de tinta: 8<\/li>\n<li>Viscos\u00edmetros<\/li>\n<li>Sistema de secado por quemadores de gas<\/li>\n<li>Visible en producci\u00f3n<\/li>\n<li><span style=\"font-weight: 400;\">Disponibilidad inmediata<\/span><\/li>\n<\/ul>\n<p>[\/vc_column_text][\/vc_column_inner][\/vc_row_inner][\/vc_column][vc_column offset=&#8221;vc_col-md-4&#8243;]\t\t\t<div class=\"info-box-wrapper\">\n\t\t\t\t<div id=\"wd-65b3cdf2309a3\" class=\" wd-rs-65b3cdf2309a3 wd-info-box wd-wpb text-left box-icon-align-left box-style-shadow color-scheme- wd-bg-none wd-off-anim wpb_animate_when_almost_visible wpb_bounceIn bounceIn wd-anim-name_bounceIn wd-items-top \">\n\t\t\t\t\t\t\t\t\t\t<div class=\"info-box-content\">\n\t\t\t\t\t\t<div class=\"info-box-subtitle subtitle-color-default wd-fontsize-xs subtitle-style-default\">Acerca de Uteco Onyx 876 modelo 140 a\u00f1o 2006<\/div><h4 class=\"info-box-title title box-title-style-default wd-fontsize-m\">Informaci\u00f3n sobre la ubicaci\u00f3n<\/h4>\t\t\t\t\t\t<div class=\"info-box-inner reset-last-child\"><p>Disponible en la regi\u00f3n: <strong style=\"color: blue;\"><a href=\"https:\/\/cbscompany.com\/es\/mi-cuenta\/?redirect_to=%2Fes%2Fwp-json%2Fwp%2Fv2%2Fproduct%2F387437\" class=\"simplemodal-login\">Inicia sesi\u00f3n para ver la ubicaci\u00f3n<\/a><\/strong><\/p>\n<\/div>\n\n\t\t\t\t\t\t\t\t\t\t\t<\/div>\n\n\t\t\t\t\t\n\t\t\t\t\t<style>#wd-65b3cdf2309a3 .info-box-icon {background-color:  !important;}<\/style>\t\t\t\t<\/div>\n\t\t\t<\/div>\n\t\t[\/vc_column][\/vc_row]<\/p>\n<\/div>","protected":false},"excerpt":{"rendered":"<p>La Uteco Onyx 876 modelo 140 del a\u00f1o 2006 es una impresora flexogr\u00e1fica sin engranajes de 8 colores con tambor central para imprimir sobre pel\u00edcula. Equipada con muchos anilox y camisas, sistema de secado, viscos\u00edmetros. La velocidad mec\u00e1nica es de 365 m\/min. Visible en producci\u00f3n. Disponible a finales de marzo de 2024.    <\/p>\n","protected":false},"featured_media":387447,"comment_status":"closed","ping_status":"closed","template":"","meta":{"_acf_changed":false,"om_disable_all_campaigns":false},"year-of-production":[],"product_brand":[],"product_cat":[3766,3765],"product_tag":[3767,4067,4429,4430,4106,3769,3770,4144],"class_list":{"0":"post-387437","1":"product","2":"type-product","3":"status-publish","4":"has-post-thumbnail","6":"product_cat-impresoras-flexograficas","7":"product_cat-impresoras-flexograficas-c-i-para-film","8":"product_tag-8-colores","9":"product_tag-ano-2006","10":"product_tag-modelo-140","11":"product_tag-onice-876","12":"product_tag-para-cine","13":"product_tag-sin-engranajes","14":"product_tag-tambor-central","15":"product_tag-uteco","17":"first","18":"instock","19":"sold-individually","20":"shipping-taxable","21":"purchasable","22":"product-type-simple"},"acf":[],"_links":{"self":[{"href":"https:\/\/cbscompany.com\/es\/wp-json\/wp\/v2\/product\/387437","targetHints":{"allow":["GET"]}}],"collection":[{"href":"https:\/\/cbscompany.com\/es\/wp-json\/wp\/v2\/product"}],"about":[{"href":"https:\/\/cbscompany.com\/es\/wp-json\/wp\/v2\/types\/product"}],"replies":[{"embeddable":true,"href":"https:\/\/cbscompany.com\/es\/wp-json\/wp\/v2\/comments?post=387437"}],"wp:featuredmedia":[{"embeddable":true,"href":"https:\/\/cbscompany.com\/es\/wp-json\/wp\/v2\/media\/387447"}],"wp:attachment":[{"href":"https:\/\/cbscompany.com\/es\/wp-json\/wp\/v2\/media?parent=387437"}],"wp:term":[{"taxonomy":"year-of-production","embeddable":true,"href":"https:\/\/cbscompany.com\/es\/wp-json\/wp\/v2\/year-of-production?post=387437"},{"taxonomy":"product_brand","embeddable":true,"href":"https:\/\/cbscompany.com\/es\/wp-json\/wp\/v2\/product_brand?post=387437"},{"taxonomy":"product_cat","embeddable":true,"href":"https:\/\/cbscompany.com\/es\/wp-json\/wp\/v2\/product_cat?post=387437"},{"taxonomy":"product_tag","embeddable":true,"href":"https:\/\/cbscompany.com\/es\/wp-json\/wp\/v2\/product_tag?post=387437"}],"curies":[{"name":"wp","href":"https:\/\/api.w.org\/{rel}","templated":true}]}}