{"id":387395,"date":"2025-06-05T08:46:40","date_gmt":"2025-06-05T07:46:40","guid":{"rendered":"https:\/\/cbscompany.com\/machines\/sin%20categor\u00eda\/biagioni-64-con-impresora-en-linea-biagioni-de-3-colores\/"},"modified":"2026-04-06T11:12:18","modified_gmt":"2026-04-06T10:12:18","slug":"biagioni-64-con-impresora-en-linea-biagioni-de-3-colores","status":"publish","type":"product","link":"https:\/\/cbscompany.com\/es\/machines\/maquinas-para-fabricar-bolsas-de-papel\/maquinas-para-fabricar-bolsas-de-papel-planas-y-tipo-satchel\/biagioni-64-con-impresora-en-linea-biagioni-de-3-colores\/","title":{"rendered":"Biagioni 64 con impresora en l\u00ednea Biagioni de 3 colores"},"content":{"rendered":"<div class=\"wpb-content-wrapper\"><p>[vc_row content_placement=&#8221;top&#8221;][vc_column css=&#8221;.vc_custom_1532433256788{margin-right: 15px !important;}&#8221; offset=&#8221;vc_col-md-8&#8243;]\n\t\t<div id=\"wd-65df509e71405\" class=\"title-wrapper wd-wpb wd-set-mb reset-last-child  wd-rs-65df509e71405 wd-title-color-default wd-title-style-default text-left vc_custom_1709133948671 wd-underline-colored\">\n\t\t\t\n\t\t\t<div class=\"liner-continer\">\n\t\t\t\t<h4 class=\"woodmart-title-container title  wd-font-weight-600 wd-fontsize-m\" >Biagioni 64 con impresora en l\u00ednea Biagioni de 3 colores<\/h4>\n\t\t\t\t\t\t\t<\/div>\n\t\t\t\n\t\t\t\n\t\t\t\n\t\t<\/div>\n\t\t\n\t\t[vc_row_inner css=&#8221;.vc_custom_1628672714565{margin-bottom: 35px !important;border-bottom-width: 0px !important;padding-bottom: 25px !important;border-bottom-color: rgba(129,129,129,0.2) !important;border-bottom-style: solid !important;}&#8221; row_reverse_mobile=&#8221;0&#8243; row_reverse_tablet=&#8221;0&#8243;][vc_column_inner width=&#8221;1\/2&#8243; css=&#8221;.vc_custom_1532346102929{padding-top: 0px !important;}&#8221;][vc_column_text woodmart_inline=&#8221;no&#8221; text_larger=&#8221;no&#8221;]<\/p>\n<ul>\n<li><strong>Marca: Biagioni<\/strong><\/li>\n<li><b>Modelo: 64<\/b><\/li>\n<li><b>Tipo de batidor<\/b><\/li>\n<li style=\"font-weight: 400;\" aria-level=\"1\"><span style=\"font-weight: 400;\">Anchura m\u00edn.-m\u00e1x. de la bolsa: 100 &#8211; 320 mm<\/span><\/li>\n<li><span style=\"font-weight: 400;\">Longitud m\u00edn.-m\u00e1x. de la bolsa: 200-650 mm<\/span><\/li>\n<li><span style=\"font-weight: 400;\">Anchura del papel: 1050 mm<\/span><\/li>\n<li><span style=\"font-weight: 400;\">Gramaje del papel: 40 &#8211; 60 gr<\/span><\/li>\n<li><b>Con impresora en l\u00ednea Biagioni de 3 colores (desconectada)<\/b><\/li>\n<li><span style=\"font-weight: 400;\">Anchura de impresi\u00f3n: 800 mm<\/span><\/li>\n<\/ul>\n<p>[\/vc_column_text][\/vc_column_inner][vc_column_inner width=&#8221;1\/2&#8243; css=&#8221;.vc_custom_1532346106600{padding-top: 0px !important;}&#8221;][vc_column_text woodmart_inline=&#8221;no&#8221; text_larger=&#8221;no&#8221;]<\/p>\n<ul>\n<li style=\"font-weight: 400;\" aria-level=\"1\"><span style=\"font-weight: 400;\">Anchura del papel: 900 mm<\/span><\/li>\n<li style=\"font-weight: 400;\" aria-level=\"1\"><span style=\"font-weight: 400;\">3 anilox cer\u00e1micos<\/span><\/li>\n<li style=\"font-weight: 400;\" aria-level=\"1\"><span style=\"font-weight: 400;\">Cilindros de impresi\u00f3n: 3&#215;400, 3&#215;440, 3&#215;480, 3&#215;560, 3&#215;600 mm<\/span><\/li>\n<li style=\"font-weight: 400;\" aria-level=\"1\"><span style=\"font-weight: 400;\">Opciones de placas formadoras: 2&#215;9, 1&#215;10, 2&#215;12, 1&#215;13, 1&#215;14, 2&#215;15, 1&#215;17, 2&#215;19, 1&#215;20, 1&#215;23, 1&#215;27 (esta cantidad se repartir\u00e1 entre dos m\u00e1quinas Biagioni que el propietario tiene en venta)<\/span><\/li>\n<li style=\"font-weight: 400;\" aria-level=\"1\"><span style=\"font-weight: 400;\">No visible en funcionamiento<\/span><\/li>\n<li style=\"font-weight: 400;\" aria-level=\"1\"><span style=\"font-weight: 400;\">Disponibilidad inmediata<\/span><\/li>\n<\/ul>\n<p>[\/vc_column_text][\/vc_column_inner][\/vc_row_inner][\/vc_column][vc_column offset=&#8221;vc_col-md-4&#8243;]\t\t\t<div class=\"info-box-wrapper\">\n\t\t\t\t<div id=\"wd-65df50a804e06\" class=\" wd-rs-65df50a804e06 wd-info-box wd-wpb text-left box-icon-align-left box-style-shadow color-scheme- wd-bg-none wd-off-anim wpb_animate_when_almost_visible wpb_bounceIn bounceIn wd-anim-name_bounceIn wd-items-top \">\n\t\t\t\t\t\t\t\t\t\t<div class=\"info-box-content\">\n\t\t\t\t\t\t<div class=\"info-box-subtitle subtitle-color-default wd-fontsize-xs subtitle-style-default\">Acerca de Biagioni 64 con impresora en l\u00ednea Biagioni de 3 colores<\/div><h4 class=\"info-box-title title box-title-style-default wd-fontsize-m\">Informaci\u00f3n sobre la ubicaci\u00f3n<\/h4>\t\t\t\t\t\t<div class=\"info-box-inner reset-last-child\"><p>Disponible en la regi\u00f3n: <strong style=\"color: blue;\"><a href=\"https:\/\/cbscompany.com\/es\/mi-cuenta\/?redirect_to=%2Fes%2Fwp-json%2Fwp%2Fv2%2Fproduct%2F387395\" class=\"simplemodal-login\">Inicia sesi\u00f3n para ver la ubicaci\u00f3n<\/a><\/strong><\/p>\n<\/div>\n\n\t\t\t\t\t\t\t\t\t\t\t<\/div>\n\n\t\t\t\t\t\n\t\t\t\t\t<style>#wd-65df50a804e06 .info-box-icon {background-color:  !important;}<\/style>\t\t\t\t<\/div>\n\t\t\t<\/div>\n\t\t[\/vc_column][\/vc_row]<\/p>\n<\/div>","protected":false},"excerpt":{"rendered":"<p>Biagioni 64 es una m\u00e1quina de confecci\u00f3n de bolsas planas y carteras con impresora en l\u00ednea Biagioni de 3 colores (desconectada), de tipo batidor. No visible en funcionamiento.  Disponibilidad inmediata<\/p>\n","protected":false},"featured_media":387406,"comment_status":"closed","ping_status":"closed","template":"","meta":{"_acf_changed":false,"om_disable_all_campaigns":false},"year-of-production":[],"product_brand":[],"product_cat":[4026,4025],"product_tag":[4406,4137,4408,4297],"class_list":{"0":"post-387395","1":"product","2":"type-product","3":"status-publish","4":"has-post-thumbnail","6":"product_cat-maquinas-para-fabricar-bolsas-de-papel","7":"product_cat-maquinas-para-fabricar-bolsas-de-papel-planas-y-tipo-satchel","8":"product_tag-biagioni-64","9":"product_tag-bolsa-de-papel","10":"product_tag-con-impresora-en-linea-biagioni3-color","11":"product_tag-tipo-de-batidor","13":"first","14":"instock","15":"sold-individually","16":"shipping-taxable","17":"purchasable","18":"product-type-simple"},"acf":[],"_links":{"self":[{"href":"https:\/\/cbscompany.com\/es\/wp-json\/wp\/v2\/product\/387395","targetHints":{"allow":["GET"]}}],"collection":[{"href":"https:\/\/cbscompany.com\/es\/wp-json\/wp\/v2\/product"}],"about":[{"href":"https:\/\/cbscompany.com\/es\/wp-json\/wp\/v2\/types\/product"}],"replies":[{"embeddable":true,"href":"https:\/\/cbscompany.com\/es\/wp-json\/wp\/v2\/comments?post=387395"}],"wp:featuredmedia":[{"embeddable":true,"href":"https:\/\/cbscompany.com\/es\/wp-json\/wp\/v2\/media\/387406"}],"wp:attachment":[{"href":"https:\/\/cbscompany.com\/es\/wp-json\/wp\/v2\/media?parent=387395"}],"wp:term":[{"taxonomy":"year-of-production","embeddable":true,"href":"https:\/\/cbscompany.com\/es\/wp-json\/wp\/v2\/year-of-production?post=387395"},{"taxonomy":"product_brand","embeddable":true,"href":"https:\/\/cbscompany.com\/es\/wp-json\/wp\/v2\/product_brand?post=387395"},{"taxonomy":"product_cat","embeddable":true,"href":"https:\/\/cbscompany.com\/es\/wp-json\/wp\/v2\/product_cat?post=387395"},{"taxonomy":"product_tag","embeddable":true,"href":"https:\/\/cbscompany.com\/es\/wp-json\/wp\/v2\/product_tag?post=387395"}],"curies":[{"name":"wp","href":"https:\/\/api.w.org\/{rel}","templated":true}]}}