{"id":387377,"date":"2025-06-05T08:46:41","date_gmt":"2025-06-05T07:46:41","guid":{"rendered":"https:\/\/cbscompany.com\/machines\/sin%20categor\u00eda\/laminadora-tipo-9210-de-wh-con-impresora-en-linea-de-3-colores-qms-de-wh\/"},"modified":"2026-04-16T11:31:11","modified_gmt":"2026-04-16T10:31:11","slug":"laminadora-tipo-9210-de-wh-con-impresora-en-linea-de-3-colores-qms-de-wh","status":"publish","type":"product","link":"https:\/\/cbscompany.com\/es\/machines\/cortadoras-y-laminadoras\/hojas\/laminadora-tipo-9210-de-wh-con-impresora-en-linea-de-3-colores-qms-de-wh\/","title":{"rendered":"Laminadora tipo 9210 de W&amp;H con impresora en l\u00ednea de 3 colores QMS de W&amp;H"},"content":{"rendered":"<div class=\"wpb-content-wrapper\"><p>[vc_row content_placement=&#8221;top&#8221;][vc_column css=&#8221;.vc_custom_1532433256788{margin-right: 15px !important;}&#8221; offset=&#8221;vc_col-md-8&#8243;]\n\t\t<div id=\"wd-65e0482953c0c\" class=\"title-wrapper wd-wpb wd-set-mb reset-last-child  wd-rs-65e0482953c0c wd-title-color-default wd-title-style-default text-left vc_custom_1709197319780 wd-underline-colored\">\n\t\t\t\n\t\t\t<div class=\"liner-continer\">\n\t\t\t\t<h4 class=\"woodmart-title-container title  wd-font-weight-600 wd-fontsize-m\" >Laminadora tipo 9210 de W&amp;H con impresora en l\u00ednea de 3 colores QMS de W&amp;H<\/h4>\n\t\t\t\t\t\t\t<\/div>\n\t\t\t\n\t\t\t\n\t\t\t\n\t\t<\/div>\n\t\t\n\t\t[vc_row_inner css=&#8221;.vc_custom_1628672714565{margin-bottom: 35px !important;border-bottom-width: 0px !important;padding-bottom: 25px !important;border-bottom-color: rgba(129,129,129,0.2) !important;border-bottom-style: solid !important;}&#8221; row_reverse_mobile=&#8221;0&#8243; row_reverse_tablet=&#8221;0&#8243;][vc_column_inner width=&#8221;1\/2&#8243; css=&#8221;.vc_custom_1532346102929{padding-top: 0px !important;}&#8221;][vc_column_text woodmart_inline=&#8221;no&#8221; text_larger=&#8221;no&#8221;]<\/p>\n<ul>\n<li><strong>Marca: W&amp;H<\/strong><\/li>\n<li><strong>Tipo: 9210<\/strong><\/li>\n<li><strong>Con impresora en l\u00ednea de 3 colores QMS de W&amp;H (desconectada)<\/strong><\/li>\n<li>Ancho de impresi\u00f3n 800 mm<\/li>\n<li>Anchura del papel: 830 mm<\/li>\n<li>Longitud m\u00e1xima de corte: 640 mm<\/li>\n<\/ul>\n<p>[\/vc_column_text][\/vc_column_inner][vc_column_inner width=&#8221;1\/2&#8243; css=&#8221;.vc_custom_1532346106600{padding-top: 0px !important;}&#8221;][vc_column_text woodmart_inline=&#8221;no&#8221; text_larger=&#8221;no&#8221;]<\/p>\n<ul>\n<li>Paso de impresi\u00f3n: 10 mm<\/li>\n<li>Gramaje del papel: 40 &#8211; 70 grs<\/li>\n<li>1 rodillo anilox cer\u00e1mico<\/li>\n<li>N\u00ba de cilindros de impresi\u00f3n y tama\u00f1os: por determinar <\/li>\n<li>No visible en producci\u00f3n<\/li>\n<li>Disponibilidad inmediata<\/li>\n<\/ul>\n<p>[\/vc_column_text][\/vc_column_inner][\/vc_row_inner][\/vc_column][vc_column offset=&#8221;vc_col-md-4&#8243;]\t\t\t<div class=\"info-box-wrapper\">\n\t\t\t\t<div id=\"wd-65e04832af47a\" class=\" wd-rs-65e04832af47a wd-info-box wd-wpb text-left box-icon-align-left box-style-shadow color-scheme- wd-bg-none wd-off-anim wpb_animate_when_almost_visible wpb_bounceIn bounceIn wd-anim-name_bounceIn wd-items-top \">\n\t\t\t\t\t\t\t\t\t\t<div class=\"info-box-content\">\n\t\t\t\t\t\t<div class=\"info-box-subtitle subtitle-color-default wd-fontsize-xs subtitle-style-default\">Acerca de la cortadora tipo 9210 de W&amp;H con impresora en l\u00ednea de 3 colores QMS de W&amp;H<\/div><h4 class=\"info-box-title title box-title-style-default wd-fontsize-m\">Informaci\u00f3n sobre la ubicaci\u00f3n<\/h4>\t\t\t\t\t\t<div class=\"info-box-inner reset-last-child\"><p>Disponible en la regi\u00f3n: <strong style=\"color: blue;\"><a href=\"https:\/\/cbscompany.com\/es\/mi-cuenta\/?redirect_to=%2Fes%2Fwp-json%2Fwp%2Fv2%2Fproduct%2F387377\" class=\"simplemodal-login\">Inicia sesi\u00f3n para ver la ubicaci\u00f3n<\/a><\/strong><\/p>\n<\/div>\n\n\t\t\t\t\t\t\t\t\t\t\t<\/div>\n\n\t\t\t\t\t\n\t\t\t\t\t<style>#wd-65e04832af47a .info-box-icon {background-color:  !important;}<\/style>\t\t\t\t<\/div>\n\t\t\t<\/div>\n\t\t[\/vc_column][\/vc_row]<\/p>\n<\/div>","protected":false},"excerpt":{"rendered":"<p>Cortadora tipo 9210 de W&amp;H con impresora en l\u00ednea de 3 colores QMS de W&amp;H (desconectada). Longitud m\u00e1xima de corte: 640 mm. Gramaje del papel: 40 &#8211; 70 grs. No visible en producci\u00f3n.    Disponibilidad inmediata<\/p>\n","protected":false},"featured_media":387396,"comment_status":"closed","ping_status":"closed","template":"","meta":{"_acf_changed":false,"om_disable_all_campaigns":false},"year-of-production":[],"product_brand":[],"product_cat":[4028,4399],"product_tag":[4403,4400,4401,4099,4164],"class_list":{"0":"post-387377","1":"product","2":"type-product","3":"status-publish","4":"has-post-thumbnail","6":"product_cat-cortadoras-y-laminadoras","7":"product_cat-hojas","8":"product_tag-con-impresora-en-linea-de-3-colores-wh-qms","9":"product_tag-laminadora-2","10":"product_tag-tipo-9210","11":"product_tag-wh","12":"product_tag-windmollerholscher","14":"first","15":"instock","16":"sold-individually","17":"shipping-taxable","18":"purchasable","19":"product-type-simple"},"acf":[],"_links":{"self":[{"href":"https:\/\/cbscompany.com\/es\/wp-json\/wp\/v2\/product\/387377","targetHints":{"allow":["GET"]}}],"collection":[{"href":"https:\/\/cbscompany.com\/es\/wp-json\/wp\/v2\/product"}],"about":[{"href":"https:\/\/cbscompany.com\/es\/wp-json\/wp\/v2\/types\/product"}],"replies":[{"embeddable":true,"href":"https:\/\/cbscompany.com\/es\/wp-json\/wp\/v2\/comments?post=387377"}],"wp:featuredmedia":[{"embeddable":true,"href":"https:\/\/cbscompany.com\/es\/wp-json\/wp\/v2\/media\/387396"}],"wp:attachment":[{"href":"https:\/\/cbscompany.com\/es\/wp-json\/wp\/v2\/media?parent=387377"}],"wp:term":[{"taxonomy":"year-of-production","embeddable":true,"href":"https:\/\/cbscompany.com\/es\/wp-json\/wp\/v2\/year-of-production?post=387377"},{"taxonomy":"product_brand","embeddable":true,"href":"https:\/\/cbscompany.com\/es\/wp-json\/wp\/v2\/product_brand?post=387377"},{"taxonomy":"product_cat","embeddable":true,"href":"https:\/\/cbscompany.com\/es\/wp-json\/wp\/v2\/product_cat?post=387377"},{"taxonomy":"product_tag","embeddable":true,"href":"https:\/\/cbscompany.com\/es\/wp-json\/wp\/v2\/product_tag?post=387377"}],"curies":[{"name":"wp","href":"https:\/\/api.w.org\/{rel}","templated":true}]}}